{"id":3520,"date":"2025-09-23T07:48:54","date_gmt":"2025-09-23T04:48:54","guid":{"rendered":"https:\/\/kartaltipmerkezi.com\/it\/?page_id=3520"},"modified":"2025-09-23T07:50:03","modified_gmt":"2025-09-23T04:50:03","slug":"fuad-hamid-md","status":"publish","type":"page","link":"https:\/\/kartaltipmerkezi.com\/it\/fuad-hamid-md","title":{"rendered":"Fuad HAM\u0130D, MD"},"content":{"rendered":"\t\t<div data-elementor-type=\"wp-page\" data-elementor-id=\"3520\" class=\"elementor elementor-3520\" data-elementor-post-type=\"page\">\n\t\t\t\t<div class=\"elementor-element elementor-element-2f443ef4 e-flex e-con-boxed e-con e-parent\" data-id=\"2f443ef4\" data-element_type=\"container\" data-settings=\"{&quot;background_background&quot;:&quot;classic&quot;,&quot;content_width&quot;:&quot;boxed&quot;}\" data-core-v316-plus=\"true\">\n\t\t\t\t\t<div class=\"e-con-inner\">\n\t\t<div class=\"elementor-element elementor-element-463e7f0b e-con-full e-flex e-con e-child\" data-id=\"463e7f0b\" data-element_type=\"container\" data-settings=\"{&quot;content_width&quot;:&quot;full&quot;}\">\n\t\t\t\t<div class=\"elementor-element elementor-element-f8e4876 elementor-invisible elementor-widget elementor-widget-heading\" data-id=\"f8e4876\" data-element_type=\"widget\" data-settings=\"{&quot;_animation&quot;:&quot;fadeInDown&quot;,&quot;_animation_delay&quot;:100}\" data-widget_type=\"heading.default\">\n\t\t\t\t<div class=\"elementor-widget-container\">\n\t\t\t<style>\/*! elementor - v3.19.0 - 07-02-2024 *\/\n.elementor-heading-title{padding:0;margin:0;line-height:1}.elementor-widget-heading .elementor-heading-title[class*=elementor-size-]>a{color:inherit;font-size:inherit;line-height:inherit}.elementor-widget-heading .elementor-heading-title.elementor-size-small{font-size:15px}.elementor-widget-heading .elementor-heading-title.elementor-size-medium{font-size:19px}.elementor-widget-heading .elementor-heading-title.elementor-size-large{font-size:29px}.elementor-widget-heading .elementor-heading-title.elementor-size-xl{font-size:39px}.elementor-widget-heading .elementor-heading-title.elementor-size-xxl{font-size:59px}<\/style><h1 class=\"elementor-heading-title elementor-size-default\">Fuad HAM\u0130D, MD<\/h1>\t\t<\/div>\n\t\t\t\t<\/div>\n\t\t\t\t<\/div>\n\t\t<div class=\"elementor-element elementor-element-dff9554 e-con-full e-flex e-con e-child\" data-id=\"dff9554\" data-element_type=\"container\" data-settings=\"{&quot;content_width&quot;:&quot;full&quot;}\">\n\t\t\t\t<div class=\"elementor-element elementor-element-c0b0636 elementor-icon-list--layout-inline elementor-align-center elementor-mobile-align-left elementor-list-item-link-full_width elementor-invisible elementor-widget elementor-widget-icon-list\" data-id=\"c0b0636\" data-element_type=\"widget\" data-settings=\"{&quot;_animation&quot;:&quot;fadeInDown&quot;}\" data-widget_type=\"icon-list.default\">\n\t\t\t\t<div class=\"elementor-widget-container\">\n\t\t\t<link rel=\"stylesheet\" href=\"https:\/\/kartaltipmerkezi.com\/en\/wp-content\/plugins\/elementor\/assets\/css\/widget-icon-list.min.css\">\t\t<ul class=\"elementor-icon-list-items elementor-inline-items\">\n\t\t\t\t\t\t\t<li class=\"elementor-icon-list-item elementor-inline-item\">\n\t\t\t\t\t\t\t\t\t\t\t<a href=\"https:\/\/kartaltipmerkezi.com\/it\">\n\n\t\t\t\t\t\t\t\t\t\t\t\t<span class=\"elementor-icon-list-icon\">\n\t\t\t\t\t\t\t<i aria-hidden=\"true\" class=\"icon icon-home2\"><\/i>\t\t\t\t\t\t<\/span>\n\t\t\t\t\t\t\t\t\t\t<span class=\"elementor-icon-list-text\">Home<\/span>\n\t\t\t\t\t\t\t\t\t\t\t<\/a>\n\t\t\t\t\t\t\t\t\t<\/li>\n\t\t\t\t\t\t\t\t<li class=\"elementor-icon-list-item elementor-inline-item\">\n\t\t\t\t\t\t\t\t\t\t\t<a href=\"https:\/\/kartaltipmerkezi.com\/it\/fuad-hamid-md\">\n\n\t\t\t\t\t\t\t\t\t\t\t\t<span class=\"elementor-icon-list-icon\">\n\t\t\t\t\t\t\t<i aria-hidden=\"true\" class=\" arrow_carrot-right\"><\/i>\t\t\t\t\t\t<\/span>\n\t\t\t\t\t\t\t\t\t\t<span class=\"elementor-icon-list-text\">Fuad HAM\u0130D, MD<\/span>\n\t\t\t\t\t\t\t\t\t\t\t<\/a>\n\t\t\t\t\t\t\t\t\t<\/li>\n\t\t\t\t\t\t<\/ul>\n\t\t\t\t<\/div>\n\t\t\t\t<\/div>\n\t\t\t\t<\/div>\n\t\t\t\t\t<\/div>\n\t\t\t\t<\/div>\n\t\t<div class=\"elementor-element elementor-element-9cca655 e-flex e-con-boxed e-con e-parent\" data-id=\"9cca655\" data-element_type=\"container\" data-settings=\"{&quot;content_width&quot;:&quot;boxed&quot;}\" data-core-v316-plus=\"true\">\n\t\t\t\t\t<div class=\"e-con-inner\">\n\t\t<div class=\"elementor-element elementor-element-73f9209 e-con-full e-flex e-con e-child\" data-id=\"73f9209\" data-element_type=\"container\" data-settings=\"{&quot;content_width&quot;:&quot;full&quot;,&quot;background_background&quot;:&quot;classic&quot;}\">\n\t\t\t\t<div class=\"elementor-element elementor-element-8bd5c2c elementor-widget elementor-widget-image\" data-id=\"8bd5c2c\" data-element_type=\"widget\" data-widget_type=\"image.default\">\n\t\t\t\t<div class=\"elementor-widget-container\">\n\t\t\t<style>\/*! elementor - v3.19.0 - 07-02-2024 *\/\n.elementor-widget-image{text-align:center}.elementor-widget-image a{display:inline-block}.elementor-widget-image a img[src$=\".svg\"]{width:48px}.elementor-widget-image img{vertical-align:middle;display:inline-block}<\/style>\t\t\t\t\t\t\t\t\t\t<img fetchpriority=\"high\" decoding=\"async\" width=\"700\" height=\"800\" src=\"https:\/\/kartaltipmerkezi.com\/it\/wp-content\/uploads\/2025\/09\/fuad_hamid.jpg\" class=\"attachment-full size-full wp-image-3497\" alt=\"\" srcset=\"https:\/\/kartaltipmerkezi.com\/it\/wp-content\/uploads\/2025\/09\/fuad_hamid.jpg 700w, https:\/\/kartaltipmerkezi.com\/it\/wp-content\/uploads\/2025\/09\/fuad_hamid-263x300.jpg 263w\" sizes=\"(max-width: 700px) 100vw, 700px\" \/>\t\t\t\t\t\t\t\t\t\t\t\t\t<\/div>\n\t\t\t\t<\/div>\n\t\t\t\t<div class=\"elementor-element elementor-element-1c6147c elementor-widget elementor-widget-page-title\" data-id=\"1c6147c\" data-element_type=\"widget\" data-settings=\"{&quot;align&quot;:&quot;center&quot;}\" data-widget_type=\"page-title.default\">\n\t\t\t\t<div class=\"elementor-widget-container\">\n\t\t\t\t\t\n\t\t<div class=\"hfe-page-title hfe-page-title-wrapper elementor-widget-heading\">\n\n\t\t\t\t\t\t\t\t<h2 class=\"elementor-heading-title elementor-size-default\">\n\t\t\t\t\t\t\t\t\n\t\t\t\tFuad HAM\u0130D, MD  \n\t\t\t<\/h2 > \n\t\t\t\t\t<\/div>\n\t\t\t\t<\/div>\n\t\t\t\t<\/div>\n\t\t\t\t<\/div>\n\t\t<div class=\"elementor-element elementor-element-94aef80 e-con-full e-flex elementor-invisible e-con e-child\" data-id=\"94aef80\" data-element_type=\"container\" data-settings=\"{&quot;content_width&quot;:&quot;full&quot;,&quot;animation&quot;:&quot;fadeInDown&quot;}\">\n\t\t\t\t<div class=\"elementor-element elementor-element-ff7028e elementor-widget elementor-widget-text-editor\" data-id=\"ff7028e\" data-element_type=\"widget\" data-widget_type=\"text-editor.default\">\n\t\t\t\t<div class=\"elementor-widget-container\">\n\t\t\t<style>\/*! elementor - v3.19.0 - 07-02-2024 *\/\n.elementor-widget-text-editor.elementor-drop-cap-view-stacked .elementor-drop-cap{background-color:#69727d;color:#fff}.elementor-widget-text-editor.elementor-drop-cap-view-framed .elementor-drop-cap{color:#69727d;border:3px solid;background-color:transparent}.elementor-widget-text-editor:not(.elementor-drop-cap-view-default) .elementor-drop-cap{margin-top:8px}.elementor-widget-text-editor:not(.elementor-drop-cap-view-default) .elementor-drop-cap-letter{width:1em;height:1em}.elementor-widget-text-editor .elementor-drop-cap{float:left;text-align:center;line-height:1;font-size:50px}.elementor-widget-text-editor .elementor-drop-cap-letter{display:inline-block}<\/style>\t\t\t\t<h5><strong>Formation et expertise<\/strong><\/h5>\nFacult\u00e9 de m\u00e9decine dentaire de l&#8217;universit\u00e9 Yeditepe\n<h5><strong>Affiliations professionnelles<\/strong><\/h5>\nOrdre des m\u00e9decins turcs<br>\n \nChambre des dentistes d&#8217;Istanbul\n<h5><strong>Domaines d&#8217;int\u00e9r\u00eat<\/strong><\/h5>\nTraitements implantaires All on Four, All on Six (All on X)<br>\nTraitements implantaires \u00e0 mise en charge imm\u00e9diate<br>\nChirurgie buccale et maxillo-faciale<br>\nTraitements dentaires esth\u00e9tiques mini-invasifs<br>\nImplants et proth\u00e8ses sur implants<br>\nProth\u00e8ses fixes (couronnes en zircone\/couronnes Empress)<br>\nOp\u00e9rations de r\u00e9section kystique et apicale<br>\nOp\u00e9rations sur dents incluses\nApplications proth\u00e9tiques\t\t\t\t\t\t<\/div>\n\t\t\t\t<\/div>\n\t\t\t\t<\/div>\n\t\t\t\t\t<\/div>\n\t\t\t\t<\/div>\n\t\t\t\t<\/div>\n\t\t","protected":false},"excerpt":{"rendered":"<p>Fuad HAM\u0130D, MD Home Fuad HAM\u0130D, MD Formation et expertise Facult\u00e9 de m\u00e9decine dentaire de l&#8217;universit\u00e9 Yeditepe Affiliations professionnelles Ordre des m\u00e9decins turcs Chambre des dentistes d&#8217;Istanbul Domaines d&#8217;int\u00e9r\u00eat Traitements implantaires All on Four, All on Six (All on X) Traitements implantaires \u00e0 mise en charge imm\u00e9diate Chirurgie buccale et maxillo-faciale Traitements dentaires esth\u00e9tiques mini-invasifs [&hellip;]<\/p>\n","protected":false},"author":1,"featured_media":0,"parent":0,"menu_order":0,"comment_status":"closed","ping_status":"closed","template":"elementor_header_footer","meta":{"om_disable_all_campaigns":false,"_monsterinsights_skip_tracking":false,"_monsterinsights_sitenote_active":false,"_monsterinsights_sitenote_note":"","_monsterinsights_sitenote_category":0,"footnotes":""},"class_list":["post-3520","page","type-page","status-publish","hentry"],"aioseo_notices":[],"_links":{"self":[{"href":"https:\/\/kartaltipmerkezi.com\/it\/wp-json\/wp\/v2\/pages\/3520","targetHints":{"allow":["GET"]}}],"collection":[{"href":"https:\/\/kartaltipmerkezi.com\/it\/wp-json\/wp\/v2\/pages"}],"about":[{"href":"https:\/\/kartaltipmerkezi.com\/it\/wp-json\/wp\/v2\/types\/page"}],"author":[{"embeddable":true,"href":"https:\/\/kartaltipmerkezi.com\/it\/wp-json\/wp\/v2\/users\/1"}],"replies":[{"embeddable":true,"href":"https:\/\/kartaltipmerkezi.com\/it\/wp-json\/wp\/v2\/comments?post=3520"}],"version-history":[{"count":4,"href":"https:\/\/kartaltipmerkezi.com\/it\/wp-json\/wp\/v2\/pages\/3520\/revisions"}],"predecessor-version":[{"id":3525,"href":"https:\/\/kartaltipmerkezi.com\/it\/wp-json\/wp\/v2\/pages\/3520\/revisions\/3525"}],"wp:attachment":[{"href":"https:\/\/kartaltipmerkezi.com\/it\/wp-json\/wp\/v2\/media?parent=3520"}],"curies":[{"name":"wp","href":"https:\/\/api.w.org\/{rel}","templated":true}]}}