{"id":2398,"date":"2024-07-29T17:35:02","date_gmt":"2024-07-29T14:35:02","guid":{"rendered":"https:\/\/kartaltipmerkezi.com\/it\/?page_id=2398"},"modified":"2025-05-06T17:04:51","modified_gmt":"2025-05-06T14:04:51","slug":"trapianto-di-capelli-fue","status":"publish","type":"page","link":"https:\/\/kartaltipmerkezi.com\/it\/salute-e-bellezza\/trapianto-di-capelli-fue","title":{"rendered":"Trapianto di capelli FUE"},"content":{"rendered":"\t\t<div data-elementor-type=\"wp-page\" data-elementor-id=\"2398\" class=\"elementor elementor-2398\" data-elementor-post-type=\"page\">\n\t\t\t\t<div class=\"elementor-element elementor-element-2f443ef4 e-flex e-con-boxed e-con e-parent\" data-id=\"2f443ef4\" data-element_type=\"container\" data-settings=\"{&quot;background_background&quot;:&quot;classic&quot;,&quot;content_width&quot;:&quot;boxed&quot;}\" data-core-v316-plus=\"true\">\n\t\t\t\t\t<div class=\"e-con-inner\">\n\t\t<div class=\"elementor-element elementor-element-463e7f0b e-con-full e-flex e-con e-child\" data-id=\"463e7f0b\" data-element_type=\"container\" data-settings=\"{&quot;content_width&quot;:&quot;full&quot;}\">\n\t\t\t\t<div class=\"elementor-element elementor-element-2c5f91b0 elementor-icon-list--layout-inline elementor-align-center elementor-mobile-align-left elementor-list-item-link-full_width elementor-invisible elementor-widget elementor-widget-icon-list\" data-id=\"2c5f91b0\" data-element_type=\"widget\" data-settings=\"{&quot;_animation&quot;:&quot;fadeInDown&quot;}\" data-widget_type=\"icon-list.default\">\n\t\t\t\t<div class=\"elementor-widget-container\">\n\t\t\t<link rel=\"stylesheet\" href=\"https:\/\/kartaltipmerkezi.com\/en\/wp-content\/plugins\/elementor\/assets\/css\/widget-icon-list.min.css\">\t\t<ul class=\"elementor-icon-list-items elementor-inline-items\">\n\t\t\t\t\t\t\t<li class=\"elementor-icon-list-item elementor-inline-item\">\n\t\t\t\t\t\t\t\t\t\t\t<a href=\"https:\/\/kartaltipmerkezi.com\/it\">\n\n\t\t\t\t\t\t\t\t\t\t\t\t<span class=\"elementor-icon-list-icon\">\n\t\t\t\t\t\t\t<i aria-hidden=\"true\" class=\"icon icon-home2\"><\/i>\t\t\t\t\t\t<\/span>\n\t\t\t\t\t\t\t\t\t\t<span class=\"elementor-icon-list-text\">Casa<\/span>\n\t\t\t\t\t\t\t\t\t\t\t<\/a>\n\t\t\t\t\t\t\t\t\t<\/li>\n\t\t\t\t\t\t\t\t<li class=\"elementor-icon-list-item elementor-inline-item\">\n\t\t\t\t\t\t\t\t\t\t\t<a href=\"https:\/\/kartaltipmerkezi.com\/it\/salute-e-bellezza\">\n\n\t\t\t\t\t\t\t\t\t\t\t\t<span class=\"elementor-icon-list-icon\">\n\t\t\t\t\t\t\t<i aria-hidden=\"true\" class=\" arrow_carrot-right\"><\/i>\t\t\t\t\t\t<\/span>\n\t\t\t\t\t\t\t\t\t\t<span class=\"elementor-icon-list-text\">Salute e bellezza<\/span>\n\t\t\t\t\t\t\t\t\t\t\t<\/a>\n\t\t\t\t\t\t\t\t\t<\/li>\n\t\t\t\t\t\t\t\t<li class=\"elementor-icon-list-item elementor-inline-item\">\n\t\t\t\t\t\t\t\t\t\t\t<a href=\"https:\/\/kartaltipmerkezi.com\/it\/salute-e-bellezza\/trapianto-di-capelli-fue\">\n\n\t\t\t\t\t\t\t\t\t\t\t\t<span class=\"elementor-icon-list-icon\">\n\t\t\t\t\t\t\t<i aria-hidden=\"true\" class=\" arrow_carrot-right\"><\/i>\t\t\t\t\t\t<\/span>\n\t\t\t\t\t\t\t\t\t\t<span class=\"elementor-icon-list-text\">Trapianto di capelli FUE<\/span>\n\t\t\t\t\t\t\t\t\t\t\t<\/a>\n\t\t\t\t\t\t\t\t\t<\/li>\n\t\t\t\t\t\t<\/ul>\n\t\t\t\t<\/div>\n\t\t\t\t<\/div>\n\t\t\t\t<div class=\"elementor-element elementor-element-f8e4876 elementor-invisible elementor-widget elementor-widget-heading\" data-id=\"f8e4876\" data-element_type=\"widget\" data-settings=\"{&quot;_animation&quot;:&quot;fadeInDown&quot;,&quot;_animation_delay&quot;:100}\" data-widget_type=\"heading.default\">\n\t\t\t\t<div class=\"elementor-widget-container\">\n\t\t\t<style>\/*! elementor - v3.19.0 - 07-02-2024 *\/\n.elementor-heading-title{padding:0;margin:0;line-height:1}.elementor-widget-heading .elementor-heading-title[class*=elementor-size-]>a{color:inherit;font-size:inherit;line-height:inherit}.elementor-widget-heading .elementor-heading-title.elementor-size-small{font-size:15px}.elementor-widget-heading .elementor-heading-title.elementor-size-medium{font-size:19px}.elementor-widget-heading .elementor-heading-title.elementor-size-large{font-size:29px}.elementor-widget-heading .elementor-heading-title.elementor-size-xl{font-size:39px}.elementor-widget-heading .elementor-heading-title.elementor-size-xxl{font-size:59px}<\/style><h1 class=\"elementor-heading-title elementor-size-default\">Trapianto di capelli FUE<\/h1>\t\t<\/div>\n\t\t\t\t<\/div>\n\t\t\t\t<div class=\"elementor-element elementor-element-4907608 elementor-invisible elementor-widget elementor-widget-heading\" data-id=\"4907608\" data-element_type=\"widget\" data-settings=\"{&quot;_animation&quot;:&quot;fadeInDown&quot;,&quot;_animation_delay&quot;:100}\" data-widget_type=\"heading.default\">\n\t\t\t\t<div class=\"elementor-widget-container\">\n\t\t\t<p class=\"elementor-heading-title elementor-size-default\">La FUE (Follicular Unit Extraction) \u00e8 uno dei primi metodi che vengono in mente quando si parla di trapianto di capelli. La caratteristica del metodo FUE \u00e8 che non viene praticata alcuna incisione sul cuoio capelluto, il che rappresenta un vantaggio sia durante l'operazione che durante il processo di guarigione. Inoltre, il fatto che non ci siano cicatrici e incisioni dopo l'intervento aumenta la preferenza dei pazienti.\n\n<\/p>\t\t<\/div>\n\t\t\t\t<\/div>\n\t\t\t\t<\/div>\n\t\t\t\t\t<\/div>\n\t\t\t\t<\/div>\n\t\t<div class=\"elementor-element elementor-element-4815fea4 e-flex e-con-boxed e-con e-parent\" data-id=\"4815fea4\" data-element_type=\"container\" data-settings=\"{&quot;content_width&quot;:&quot;boxed&quot;}\" data-core-v316-plus=\"true\">\n\t\t\t\t\t<div class=\"e-con-inner\">\n\t\t<div class=\"elementor-element elementor-element-5c597a4b e-con-full e-flex e-con e-child\" data-id=\"5c597a4b\" data-element_type=\"container\" data-settings=\"{&quot;content_width&quot;:&quot;full&quot;}\">\n\t\t\t\t<div class=\"elementor-element elementor-element-6bd7f454 elementor-widget elementor-widget-text-editor\" data-id=\"6bd7f454\" data-element_type=\"widget\" data-widget_type=\"text-editor.default\">\n\t\t\t\t<div class=\"elementor-widget-container\">\n\t\t\t<style>\/*! elementor - v3.19.0 - 07-02-2024 *\/\n.elementor-widget-text-editor.elementor-drop-cap-view-stacked .elementor-drop-cap{background-color:#69727d;color:#fff}.elementor-widget-text-editor.elementor-drop-cap-view-framed .elementor-drop-cap{color:#69727d;border:3px solid;background-color:transparent}.elementor-widget-text-editor:not(.elementor-drop-cap-view-default) .elementor-drop-cap{margin-top:8px}.elementor-widget-text-editor:not(.elementor-drop-cap-view-default) .elementor-drop-cap-letter{width:1em;height:1em}.elementor-widget-text-editor .elementor-drop-cap{float:left;text-align:center;line-height:1;font-size:50px}.elementor-widget-text-editor .elementor-drop-cap-letter{display:inline-block}<\/style>\t\t\t\t<p class=\"\" data-start=\"49\" data-end=\"87\"><strong data-start=\"49\" data-end=\"87\">Quali sono le fasi del metodo FUE?<\/strong><\/p><p class=\"\" data-start=\"89\" data-end=\"749\">La procedura viene eseguita in anestesia locale. Dopo aver preparato l\u2019area da cui verranno prelevati i capelli da trapiantare, i follicoli piliferi in buone condizioni vengono raccolti uno per uno. Il prelievo delle radici viene effettuato tramite un micromotore FUE con punte di incisione inferiori a 1 mm (tra 0,6 mm e 0,8 mm). I follicoli ricevuti (innesti) contengono 2-3 capelli ciascuno. \u00c8 molto importante che le radici non vengano danneggiate durante questo processo. Poich\u00e9 durante il trapianto verranno prelevate migliaia di radici dall\u2019area donatrice, la dimensione ridotta della punta utilizzata influisce positivamente sul processo di guarigione.<\/p><p class=\"\" data-start=\"751\" data-end=\"988\">Dopo aver raccolto tutte le radici, si procede alla fase di impianto. Per l\u2019inserimento, \u00e8 necessario aprire dei canali con grande attenzione. L\u2019apertura dei canali richiede la stessa precisione ed esperienza della raccolta delle radici.<\/p><p class=\"\" data-start=\"990\" data-end=\"1405\">Il metodo a lama laterale (lateral slit), preferito recentemente al posto del sistema a punzone per l\u2019apertura dei canali, consente di realizzare incisioni che si adattano alla struttura del capello e apre canali conformi alla dimensione e lunghezza del follicolo pilifero del paziente. La corretta dimensione e profondit\u00e0 dei canali influiscono direttamente sulla percentuale di ricrescita dei capelli trapiantati.<\/p><p class=\"\" data-start=\"1407\" data-end=\"1881\">Un altro aspetto importante \u00e8 l\u2019angolazione del canale in cui verr\u00e0 inserito il follicolo. L\u2019angolazione, fondamentale per ottenere un aspetto naturale, deve essere adattata a ciascuna area del cuoio capelluto. Altrimenti, i capelli non avranno la forma desiderata. Un altro fattore per ottenere un risultato naturale \u00e8 la corretta determinazione della linea frontale. L\u2019area della fronte e la zona di attaccatura dei capelli devono essere calcolate in proporzione corretta.<\/p><p class=\"\" data-start=\"1883\" data-end=\"1935\"><strong data-start=\"1883\" data-end=\"1935\">Come viene eseguito il trapianto di capelli FUE?<\/strong><\/p><p class=\"\" data-start=\"1937\" data-end=\"2161\">I follicoli piliferi vengono prelevati dalla nuca, vengono aperti dei canali nell\u2019area ricevente e i follicoli vengono trapiantati in questi canali. In sintesi, il trapianto di capelli con tecnica FUE avviene in questo modo.<\/p><p class=\"\" data-start=\"2163\" data-end=\"2394\">Tuttavia, la pianificazione del trapianto viene effettuata in modo personalizzato. A seconda del tipo di caduta, dell\u2019ampiezza dell\u2019area da trattare e della zona del cuoio capelluto coinvolta, la pianificazione del trapianto varia.<\/p><p class=\"\" data-start=\"2396\" data-end=\"2588\">Il trapianto di capelli FUE viene eseguito secondo un piano personalizzato, tenendo conto di molti parametri come il tipo e la causa della caduta, l\u2019et\u00e0, il tipo di capello e il tipo di pelle.<\/p><p class=\"\" data-start=\"2590\" data-end=\"2992\">In base al numero di innesti da prelevare dall\u2019area donatrice e ai canali da aprire nella zona ricevente, alcuni dettagli possono cambiare durante le fasi dell\u2019applicazione del trapianto FUE. Ad esempio, la tendenza generale \u00e8 quella di raccogliere prima gli innesti dall\u2019area donatrice, ma per ridurre il tempo di permanenza dei follicoli al di fuori del corpo, si pu\u00f2 preferire aprire prima i canali.<\/p><p class=\"\" data-start=\"2994\" data-end=\"3357\">Con la tecnica FUE, gli innesti prelevati vengono raggruppati secondo lo spessore e il numero di radici prima dell\u2019impianto. Questa fase \u00e8 la pi\u00f9 importante e delicata della tecnica FUE. Si monitora il tempo in cui ogni innesto rimane all\u2019esterno per evitare la morte dei follicoli. Ci sono accortezze come il trapiantare per primi i follicoli raccolti per primi.<\/p><p class=\"\" data-start=\"3359\" data-end=\"3409\"><strong data-start=\"3359\" data-end=\"3409\">Sono un candidato idoneo per il trapianto FUE?<\/strong><\/p><p class=\"\" data-start=\"3411\" data-end=\"4107\">Se i capelli e i follicoli dell\u2019area donatrice sono deboli, anche se si \u00e8 idonei al trapianto FUE, potrebbe non essere possibile ottenere capelli densi come previsto. Poich\u00e9 la perdita di capelli causata da stress o squilibri ormonali pu\u00f2 iniziare in giovane et\u00e0, il trapianto di capelli si effettua generalmente tra i 20 e i 60 anni. Gli effetti psicologici negativi della caduta spesso ne aumentano l\u2019intensit\u00e0. Il modo pi\u00f9 rapido per uscire da questo circolo vizioso \u00e8 rivolgersi a esperti del settore e ricevere le giuste informazioni sul trapianto, senza aspettare di diventare completamente calvi. Il trapianto FUE \u00e8 la tecnica di maggiore successo, adatta a uomini e donne di tutte le et\u00e0.<\/p><p class=\"\" data-start=\"4109\" data-end=\"4134\"><strong data-start=\"4109\" data-end=\"4134\">Dopo il trapianto FUE<\/strong><\/p><p class=\"\" data-start=\"4136\" data-end=\"4329\">Il trapianto FUE \u00e8 un\u2019operazione lunga, che pu\u00f2 durare 6-8 ore. Dopo l\u2019anestesia locale, il paziente vive un intervento molto confortevole. Tuttavia, la lunga inattivit\u00e0 pu\u00f2 causare stanchezza.<\/p>\t\t\t\t\t\t<\/div>\n\t\t\t\t<\/div>\n\t\t\t\t<\/div>\n\t\t<div class=\"elementor-element elementor-element-1f8f862b e-con-full e-flex e-con e-child\" data-id=\"1f8f862b\" data-element_type=\"container\" data-settings=\"{&quot;content_width&quot;:&quot;full&quot;,&quot;background_background&quot;:&quot;classic&quot;}\">\n\t\t<div class=\"elementor-element elementor-element-d4639b8 e-con-full e-flex elementor-invisible e-con e-child\" data-id=\"d4639b8\" data-element_type=\"container\" data-settings=\"{&quot;background_background&quot;:&quot;classic&quot;,&quot;content_width&quot;:&quot;full&quot;,&quot;animation&quot;:&quot;fadeInDown&quot;,&quot;sticky&quot;:&quot;top&quot;,&quot;sticky_parent&quot;:&quot;yes&quot;,&quot;sticky_on&quot;:[&quot;desktop&quot;,&quot;tablet&quot;,&quot;mobile&quot;],&quot;sticky_offset&quot;:0,&quot;sticky_effects_offset&quot;:0}\">\n\t\t\t\t<div class=\"elementor-element elementor-element-08167e1 elementor-invisible elementor-widget elementor-widget-heading\" data-id=\"08167e1\" data-element_type=\"widget\" data-settings=\"{&quot;_animation&quot;:&quot;fadeInDown&quot;,&quot;_animation_delay&quot;:100}\" data-widget_type=\"heading.default\">\n\t\t\t\t<div class=\"elementor-widget-container\">\n\t\t\t<div class=\"elementor-heading-title elementor-size-default\">Appuntamento<\/div>\t\t<\/div>\n\t\t\t\t<\/div>\n\t\t\t\t<div class=\"elementor-element elementor-element-b94c2a8 elementor-widget elementor-widget-elementskit-contact-form7\" data-id=\"b94c2a8\" data-element_type=\"widget\" data-widget_type=\"elementskit-contact-form7.default\">\n\t\t\t\t<div class=\"elementor-widget-container\">\n\t\t\t<div class=\"ekit-wid-con\" ><div class=\"ekit-form\">\n<div class=\"wpcf7 no-js\" id=\"wpcf7-f414-o1\" lang=\"tr-TR\" dir=\"ltr\">\n<div class=\"screen-reader-response\"><p role=\"status\" aria-live=\"polite\" aria-atomic=\"true\"><\/p> <ul><\/ul><\/div>\n<form action=\"\/it\/wp-json\/wp\/v2\/pages\/2398#wpcf7-f414-o1\" method=\"post\" class=\"wpcf7-form init\" aria-label=\"Contact form\" novalidate=\"novalidate\" data-status=\"init\">\n<div style=\"display: none;\">\n<input type=\"hidden\" name=\"_wpcf7\" value=\"414\" \/>\n<input type=\"hidden\" name=\"_wpcf7_version\" value=\"5.9.3\" \/>\n<input type=\"hidden\" name=\"_wpcf7_locale\" value=\"tr_TR\" \/>\n<input type=\"hidden\" name=\"_wpcf7_unit_tag\" value=\"wpcf7-f414-o1\" \/>\n<input type=\"hidden\" name=\"_wpcf7_container_post\" value=\"0\" \/>\n<input type=\"hidden\" name=\"_wpcf7_posted_data_hash\" value=\"\" \/>\n<\/div>\n<p><span class=\"wpcf7-form-control-wrap\" data-name=\"adi\"><input size=\"40\" class=\"wpcf7-form-control wpcf7-text wpcf7-validates-as-required\" aria-required=\"true\" aria-invalid=\"false\" placeholder=\"Il tuo nome\" value=\"\" type=\"text\" name=\"adi\" \/><\/span><br \/>\n<span class=\"wpcf7-form-control-wrap\" data-name=\"tel\"><input size=\"40\" class=\"wpcf7-form-control wpcf7-tel wpcf7-validates-as-required wpcf7-text wpcf7-validates-as-tel\" aria-required=\"true\" aria-invalid=\"false\" placeholder=\"Il vostro telefono\" value=\"\" type=\"tel\" name=\"tel\" \/><\/span><br \/>\n<span class=\"wpcf7-form-control-wrap\" data-name=\"mail\"><input size=\"40\" class=\"wpcf7-form-control wpcf7-email wpcf7-text wpcf7-validates-as-email\" aria-invalid=\"false\" placeholder=\"E-Mail\" value=\"\" type=\"email\" name=\"mail\" \/><\/span><br \/>\n<span class=\"wpcf7-form-control-wrap\" data-name=\"mesaj\"><textarea cols=\"40\" rows=\"10\" class=\"wpcf7-form-control wpcf7-textarea\" aria-invalid=\"false\" placeholder=\"Il vostro messaggio\" name=\"mesaj\"><\/textarea><\/span><br \/>\n<span class=\"wpcf7-form-control-wrap\" data-name=\"guvenlik\"><label><span class=\"wpcf7-quiz-label\">2 + 2= ?<\/span> <input size=\"40\" class=\"wpcf7-form-control wpcf7-quiz\" autocomplete=\"off\" aria-required=\"true\" aria-invalid=\"false\" type=\"text\" name=\"guvenlik\" \/><\/label><input type=\"hidden\" name=\"_wpcf7_quiz_answer_guvenlik\" value=\"7c415c6b6889823efac7ef851a2cd710\" \/><\/span><br \/>\n<input class=\"wpcf7-form-control wpcf7-submit has-spinner\" type=\"submit\" value=\"Invia il modulo\" \/>\n<\/p><div class=\"wpcf7-response-output\" aria-hidden=\"true\"><\/div>\n<\/form>\n<\/div>\n<\/div><\/div>\t\t<\/div>\n\t\t\t\t<\/div>\n\t\t\t\t<\/div>\n\t\t\t\t<\/div>\n\t\t\t\t\t<\/div>\n\t\t\t\t<\/div>\n\t\t\t\t<\/div>\n\t\t","protected":false},"excerpt":{"rendered":"<p>Casa Salute e bellezza Trapianto di capelli FUE La FUE (Follicular Unit Extraction) \u00e8 uno dei primi metodi che vengono in mente quando si parla di trapianto di capelli. La caratteristica del metodo FUE \u00e8 che non viene praticata alcuna incisione sul cuoio capelluto, il che rappresenta un vantaggio sia durante l&#8217;operazione che durante il [&hellip;]<\/p>\n","protected":false},"author":1,"featured_media":0,"parent":2270,"menu_order":0,"comment_status":"closed","ping_status":"closed","template":"elementor_header_footer","meta":{"om_disable_all_campaigns":false,"_monsterinsights_skip_tracking":false,"_monsterinsights_sitenote_active":false,"_monsterinsights_sitenote_note":"","_monsterinsights_sitenote_category":0,"footnotes":""},"class_list":["post-2398","page","type-page","status-publish","hentry"],"aioseo_notices":[],"_links":{"self":[{"href":"https:\/\/kartaltipmerkezi.com\/it\/wp-json\/wp\/v2\/pages\/2398","targetHints":{"allow":["GET"]}}],"collection":[{"href":"https:\/\/kartaltipmerkezi.com\/it\/wp-json\/wp\/v2\/pages"}],"about":[{"href":"https:\/\/kartaltipmerkezi.com\/it\/wp-json\/wp\/v2\/types\/page"}],"author":[{"embeddable":true,"href":"https:\/\/kartaltipmerkezi.com\/it\/wp-json\/wp\/v2\/users\/1"}],"replies":[{"embeddable":true,"href":"https:\/\/kartaltipmerkezi.com\/it\/wp-json\/wp\/v2\/comments?post=2398"}],"version-history":[{"count":8,"href":"https:\/\/kartaltipmerkezi.com\/it\/wp-json\/wp\/v2\/pages\/2398\/revisions"}],"predecessor-version":[{"id":3281,"href":"https:\/\/kartaltipmerkezi.com\/it\/wp-json\/wp\/v2\/pages\/2398\/revisions\/3281"}],"up":[{"embeddable":true,"href":"https:\/\/kartaltipmerkezi.com\/it\/wp-json\/wp\/v2\/pages\/2270"}],"wp:attachment":[{"href":"https:\/\/kartaltipmerkezi.com\/it\/wp-json\/wp\/v2\/media?parent=2398"}],"curies":[{"name":"wp","href":"https:\/\/api.w.org\/{rel}","templated":true}]}}