{"id":2305,"date":"2024-07-29T15:17:51","date_gmt":"2024-07-29T12:17:51","guid":{"rendered":"https:\/\/kartaltipmerkezi.com\/it\/?page_id=2305"},"modified":"2025-05-05T11:09:22","modified_gmt":"2025-05-05T08:09:22","slug":"estetica-dellorecchio","status":"publish","type":"page","link":"https:\/\/kartaltipmerkezi.com\/it\/salute-e-bellezza\/estetica-dellorecchio","title":{"rendered":"Estetica dell&#8217;orecchio"},"content":{"rendered":"\t\t<div data-elementor-type=\"wp-page\" data-elementor-id=\"2305\" class=\"elementor elementor-2305\" data-elementor-post-type=\"page\">\n\t\t\t\t<div class=\"elementor-element elementor-element-2f443ef4 e-flex e-con-boxed e-con e-parent\" data-id=\"2f443ef4\" data-element_type=\"container\" data-settings=\"{&quot;background_background&quot;:&quot;classic&quot;,&quot;content_width&quot;:&quot;boxed&quot;}\" data-core-v316-plus=\"true\">\n\t\t\t\t\t<div class=\"e-con-inner\">\n\t\t<div class=\"elementor-element elementor-element-463e7f0b e-con-full e-flex e-con e-child\" data-id=\"463e7f0b\" data-element_type=\"container\" data-settings=\"{&quot;content_width&quot;:&quot;full&quot;}\">\n\t\t\t\t<div class=\"elementor-element elementor-element-2c5f91b0 elementor-icon-list--layout-inline elementor-align-center elementor-mobile-align-left elementor-list-item-link-full_width elementor-invisible elementor-widget elementor-widget-icon-list\" data-id=\"2c5f91b0\" data-element_type=\"widget\" data-settings=\"{&quot;_animation&quot;:&quot;fadeInDown&quot;}\" data-widget_type=\"icon-list.default\">\n\t\t\t\t<div class=\"elementor-widget-container\">\n\t\t\t<link rel=\"stylesheet\" href=\"https:\/\/kartaltipmerkezi.com\/en\/wp-content\/plugins\/elementor\/assets\/css\/widget-icon-list.min.css\">\t\t<ul class=\"elementor-icon-list-items elementor-inline-items\">\n\t\t\t\t\t\t\t<li class=\"elementor-icon-list-item elementor-inline-item\">\n\t\t\t\t\t\t\t\t\t\t\t<a href=\"https:\/\/kartaltipmerkezi.com\/it\">\n\n\t\t\t\t\t\t\t\t\t\t\t\t<span class=\"elementor-icon-list-icon\">\n\t\t\t\t\t\t\t<i aria-hidden=\"true\" class=\"icon icon-home2\"><\/i>\t\t\t\t\t\t<\/span>\n\t\t\t\t\t\t\t\t\t\t<span class=\"elementor-icon-list-text\">Casa<\/span>\n\t\t\t\t\t\t\t\t\t\t\t<\/a>\n\t\t\t\t\t\t\t\t\t<\/li>\n\t\t\t\t\t\t\t\t<li class=\"elementor-icon-list-item elementor-inline-item\">\n\t\t\t\t\t\t\t\t\t\t\t<a href=\"https:\/\/kartaltipmerkezi.com\/it\/salute-e-bellezza\">\n\n\t\t\t\t\t\t\t\t\t\t\t\t<span class=\"elementor-icon-list-icon\">\n\t\t\t\t\t\t\t<i aria-hidden=\"true\" class=\" arrow_carrot-right\"><\/i>\t\t\t\t\t\t<\/span>\n\t\t\t\t\t\t\t\t\t\t<span class=\"elementor-icon-list-text\">Salute e bellezza<\/span>\n\t\t\t\t\t\t\t\t\t\t\t<\/a>\n\t\t\t\t\t\t\t\t\t<\/li>\n\t\t\t\t\t\t\t\t<li class=\"elementor-icon-list-item elementor-inline-item\">\n\t\t\t\t\t\t\t\t\t\t\t<a href=\"https:\/\/kartaltipmerkezi.com\/it\/salute-e-bellezza\/estetica-dellorecchio\">\n\n\t\t\t\t\t\t\t\t\t\t\t\t<span class=\"elementor-icon-list-icon\">\n\t\t\t\t\t\t\t<i aria-hidden=\"true\" class=\" arrow_carrot-right\"><\/i>\t\t\t\t\t\t<\/span>\n\t\t\t\t\t\t\t\t\t\t<span class=\"elementor-icon-list-text\">Estetica dell&#8217;orecchio<\/span>\n\t\t\t\t\t\t\t\t\t\t\t<\/a>\n\t\t\t\t\t\t\t\t\t<\/li>\n\t\t\t\t\t\t<\/ul>\n\t\t\t\t<\/div>\n\t\t\t\t<\/div>\n\t\t\t\t<div class=\"elementor-element elementor-element-f8e4876 elementor-invisible elementor-widget elementor-widget-heading\" data-id=\"f8e4876\" data-element_type=\"widget\" data-settings=\"{&quot;_animation&quot;:&quot;fadeInDown&quot;,&quot;_animation_delay&quot;:100}\" data-widget_type=\"heading.default\">\n\t\t\t\t<div class=\"elementor-widget-container\">\n\t\t\t<style>\/*! elementor - v3.19.0 - 07-02-2024 *\/\n.elementor-heading-title{padding:0;margin:0;line-height:1}.elementor-widget-heading .elementor-heading-title[class*=elementor-size-]>a{color:inherit;font-size:inherit;line-height:inherit}.elementor-widget-heading .elementor-heading-title.elementor-size-small{font-size:15px}.elementor-widget-heading .elementor-heading-title.elementor-size-medium{font-size:19px}.elementor-widget-heading .elementor-heading-title.elementor-size-large{font-size:29px}.elementor-widget-heading .elementor-heading-title.elementor-size-xl{font-size:39px}.elementor-widget-heading .elementor-heading-title.elementor-size-xxl{font-size:59px}<\/style><h1 class=\"elementor-heading-title elementor-size-default\">Estetica dell'orecchio<\/h1>\t\t<\/div>\n\t\t\t\t<\/div>\n\t\t\t\t<div class=\"elementor-element elementor-element-4907608 elementor-invisible elementor-widget elementor-widget-heading\" data-id=\"4907608\" data-element_type=\"widget\" data-settings=\"{&quot;_animation&quot;:&quot;fadeInDown&quot;,&quot;_animation_delay&quot;:100}\" data-widget_type=\"heading.default\">\n\t\t\t\t<div class=\"elementor-widget-container\">\n\t\t\t<p class=\"elementor-heading-title elementor-size-default\">Esistono deformazioni dell'orecchio che richiedono un intervento di chirurgia estetica dell'orecchio. Nell'orecchio prominente, il problema \u00e8 che l'angolo dell'orecchio con la testa \u00e8 pi\u00f9 alto del normale. In altre parole, appaiono pi\u00f9 in avanti e pi\u00f9 evidenti del normale. In questo caso, pu\u00f2 portare a significativi problemi psicosociali, comportamentali ed emotivi, soprattutto nei bambini. Nell'estetica dell'orecchio prominente si interviene solo sulla parte esterna dell'orecchio.<\/p>\t\t<\/div>\n\t\t\t\t<\/div>\n\t\t\t\t<\/div>\n\t\t\t\t\t<\/div>\n\t\t\t\t<\/div>\n\t\t<div class=\"elementor-element elementor-element-4815fea4 e-flex e-con-boxed e-con e-parent\" data-id=\"4815fea4\" data-element_type=\"container\" data-settings=\"{&quot;content_width&quot;:&quot;boxed&quot;}\" data-core-v316-plus=\"true\">\n\t\t\t\t\t<div class=\"e-con-inner\">\n\t\t<div class=\"elementor-element elementor-element-5c597a4b e-con-full e-flex e-con e-child\" data-id=\"5c597a4b\" data-element_type=\"container\" data-settings=\"{&quot;content_width&quot;:&quot;full&quot;}\">\n\t\t\t\t<div class=\"elementor-element elementor-element-6bd7f454 elementor-widget elementor-widget-text-editor\" data-id=\"6bd7f454\" data-element_type=\"widget\" data-widget_type=\"text-editor.default\">\n\t\t\t\t<div class=\"elementor-widget-container\">\n\t\t\t<style>\/*! elementor - v3.19.0 - 07-02-2024 *\/\n.elementor-widget-text-editor.elementor-drop-cap-view-stacked .elementor-drop-cap{background-color:#69727d;color:#fff}.elementor-widget-text-editor.elementor-drop-cap-view-framed .elementor-drop-cap{color:#69727d;border:3px solid;background-color:transparent}.elementor-widget-text-editor:not(.elementor-drop-cap-view-default) .elementor-drop-cap{margin-top:8px}.elementor-widget-text-editor:not(.elementor-drop-cap-view-default) .elementor-drop-cap-letter{width:1em;height:1em}.elementor-widget-text-editor .elementor-drop-cap{float:left;text-align:center;line-height:1;font-size:50px}.elementor-widget-text-editor .elementor-drop-cap-letter{display:inline-block}<\/style>\t\t\t\t<p>L&#8217;intervento di chirurgia dell&#8217;orecchio a sventola \u00e8 un&#8217;operazione molto sicura. Per questo motivo, non causer\u00e0 alcun problema all&#8217;udito. Poich\u00e9 lo sviluppo dell&#8217;orecchio si completa fino a 5-6 anni di et\u00e0, si raccomanda di correggere l&#8217;orecchio con un intervento di chirurgia dell&#8217;orecchio prominente a queste et\u00e0. La chirurgia dell&#8217;orecchio prominente (otoplastica) viene eseguita in anestesia generale nei bambini. In et\u00e0 pi\u00f9 avanzata, pu\u00f2 essere eseguita anche in anestesia locale, cio\u00e8 anestetizzando l&#8217;orecchio, senza anestesia generale. Poich\u00e9 la chirurgia dell&#8217;orecchio prominente viene eseguita sul retro dell&#8217;orecchio, non ci saranno cicatrici.<\/p>\n<p><strong>Per quale et\u00e0 \u00e8 pi\u00f9 indicata la chirurgia dell&#8217;orecchio sporgente?<\/strong><\/p>\n<p>La chirurgia dell&#8217;orecchio prominente \u00e8 una procedura adatta a tutte le et\u00e0. Tuttavia, l&#8217;et\u00e0 pi\u00f9 adatta per questo intervento \u00e8 quella prescolare. I bambini che vanno a scuola con le orecchie sporgenti si scontrano con i pensieri negativi dei compagni e questo influisce sullo stato mentale del bambino. Per questo motivo, prima dell&#8217;intervento alle orecchie sporgenti, \u00e8 necessario spiegare al bambino questa situazione in modo che possa comprenderla e l&#8217;intervento deve essere eseguito per sua volont\u00e0. Se il bambino lo desidera, l&#8217;intervento verr\u00e0 eseguito.<\/p>\n<p><strong>A cosa devo prestare attenzione prima dell&#8217;intervento all&#8217;orecchio?<\/strong><\/p>\n<p>Come per tutti gli interventi chirurgici, \u00e8 necessario sospendere l&#8217;uso di aspirina 2-3 settimane prima dell&#8217;intervento e smettere di fumare in caso di intervento all&#8217;orecchio prominente. Nell&#8217;ultima settimana prima dell&#8217;intervento \u00e8 necessario non utilizzare farmaci che diluiscono il sangue e sostanze simili.<\/p>\n<p><strong>Ci saranno cicatrici sull&#8217;orecchio dopo l&#8217;intervento all&#8217;orecchio prominente?<\/strong><\/p>\n<p>\u00c8 molto normale vedere una sottile linea bianca dietro l&#8217;orecchio dopo l&#8217;intervento. Poich\u00e9 questa sottile cicatrice rimarr\u00e0 nella sezione dietro l&#8217;orecchio, non sar\u00e0 sicuramente visibile dall&#8217;esterno. Poich\u00e9 nell&#8217;intervento vengono utilizzati punti di sutura autodissolventi, non sar\u00e0 necessario rimuovere i punti dopo l&#8217;intervento e non rimarranno cicatrici.<\/p>\n<p><strong>Provo dolore durante la chirurgia dell&#8217;orecchio sporgente?<\/strong><\/p>\n<p>Se l&#8217;intervento all&#8217;orecchio sporgente viene eseguito in anestesia generale, non si sente dolore. Anche se viene eseguito in anestesia locale, si sentir\u00e0 solo il dolore degli aghi per l&#8217;anestesia. Non sentirete dolore durante l&#8217;operazione. Non sentirete dolore per 12 ore dopo l&#8217;intervento a causa dell&#8217;anestesia. Dopo questa fase, non si avvertir\u00e0 pi\u00f9 un dolore grave.<\/p>\n<p><strong>Cosa prover\u00f2 dopo l&#8217;intervento all&#8217;orecchio prominente? \u00c8 necessario indossare una fascia?<\/strong><\/p>\n<p>Dopo l&#8217;intervento all&#8217;orecchio sporgente, viene avvolto un bendaggio elastico intorno alla persona. I pazienti vengono poi mandati a casa. Due giorni dopo l&#8217;intervento, le bende vengono aperte, le ferite vengono esaminate e al paziente viene applicata una fascia per coprire le orecchie. Lo scopo di indossare il nastro \u00e8 quello di proteggere completamente il paziente. Due giorni dopo l&#8217;intervento, i pazienti possono tranquillamente fare il bagno. Il nastro deve essere usato regolarmente per una settimana. Il paziente pu\u00f2 facilmente tornare al lavoro il giorno successivo all&#8217;intervento alle orecchie. Nelle prime tre settimane dopo l&#8217;intervento, il paziente deve fare attenzione a proteggere le orecchie dagli urti.<\/p>\t\t\t\t\t\t<\/div>\n\t\t\t\t<\/div>\n\t\t\t\t<\/div>\n\t\t<div class=\"elementor-element elementor-element-1f8f862b e-con-full e-flex e-con e-child\" data-id=\"1f8f862b\" data-element_type=\"container\" data-settings=\"{&quot;content_width&quot;:&quot;full&quot;,&quot;background_background&quot;:&quot;classic&quot;}\">\n\t\t<div class=\"elementor-element elementor-element-d4639b8 e-con-full e-flex elementor-invisible e-con e-child\" data-id=\"d4639b8\" data-element_type=\"container\" data-settings=\"{&quot;background_background&quot;:&quot;classic&quot;,&quot;content_width&quot;:&quot;full&quot;,&quot;animation&quot;:&quot;fadeInDown&quot;,&quot;sticky&quot;:&quot;top&quot;,&quot;sticky_parent&quot;:&quot;yes&quot;,&quot;sticky_on&quot;:[&quot;desktop&quot;,&quot;tablet&quot;,&quot;mobile&quot;],&quot;sticky_offset&quot;:0,&quot;sticky_effects_offset&quot;:0}\">\n\t\t\t\t<div class=\"elementor-element elementor-element-08167e1 elementor-invisible elementor-widget elementor-widget-heading\" data-id=\"08167e1\" data-element_type=\"widget\" data-settings=\"{&quot;_animation&quot;:&quot;fadeInDown&quot;,&quot;_animation_delay&quot;:100}\" data-widget_type=\"heading.default\">\n\t\t\t\t<div class=\"elementor-widget-container\">\n\t\t\t<div class=\"elementor-heading-title elementor-size-default\">Appuntamento<\/div>\t\t<\/div>\n\t\t\t\t<\/div>\n\t\t\t\t<div class=\"elementor-element elementor-element-b94c2a8 elementor-widget elementor-widget-elementskit-contact-form7\" data-id=\"b94c2a8\" data-element_type=\"widget\" data-widget_type=\"elementskit-contact-form7.default\">\n\t\t\t\t<div class=\"elementor-widget-container\">\n\t\t\t<div class=\"ekit-wid-con\" ><div class=\"ekit-form\">\n<div class=\"wpcf7 no-js\" id=\"wpcf7-f414-o1\" lang=\"tr-TR\" dir=\"ltr\">\n<div class=\"screen-reader-response\"><p role=\"status\" aria-live=\"polite\" aria-atomic=\"true\"><\/p> <ul><\/ul><\/div>\n<form action=\"\/it\/wp-json\/wp\/v2\/pages\/2305#wpcf7-f414-o1\" method=\"post\" class=\"wpcf7-form init\" aria-label=\"Contact form\" novalidate=\"novalidate\" data-status=\"init\">\n<div style=\"display: none;\">\n<input type=\"hidden\" name=\"_wpcf7\" value=\"414\" \/>\n<input type=\"hidden\" name=\"_wpcf7_version\" value=\"5.9.3\" \/>\n<input type=\"hidden\" name=\"_wpcf7_locale\" value=\"tr_TR\" \/>\n<input type=\"hidden\" name=\"_wpcf7_unit_tag\" value=\"wpcf7-f414-o1\" \/>\n<input type=\"hidden\" name=\"_wpcf7_container_post\" value=\"0\" \/>\n<input type=\"hidden\" name=\"_wpcf7_posted_data_hash\" value=\"\" \/>\n<\/div>\n<p><span class=\"wpcf7-form-control-wrap\" data-name=\"adi\"><input size=\"40\" class=\"wpcf7-form-control wpcf7-text wpcf7-validates-as-required\" aria-required=\"true\" aria-invalid=\"false\" placeholder=\"Il tuo nome\" value=\"\" type=\"text\" name=\"adi\" \/><\/span><br \/>\n<span class=\"wpcf7-form-control-wrap\" data-name=\"tel\"><input size=\"40\" class=\"wpcf7-form-control wpcf7-tel wpcf7-validates-as-required wpcf7-text wpcf7-validates-as-tel\" aria-required=\"true\" aria-invalid=\"false\" placeholder=\"Il vostro telefono\" value=\"\" type=\"tel\" name=\"tel\" \/><\/span><br \/>\n<span class=\"wpcf7-form-control-wrap\" data-name=\"mail\"><input size=\"40\" class=\"wpcf7-form-control wpcf7-email wpcf7-text wpcf7-validates-as-email\" aria-invalid=\"false\" placeholder=\"E-Mail\" value=\"\" type=\"email\" name=\"mail\" \/><\/span><br \/>\n<span class=\"wpcf7-form-control-wrap\" data-name=\"mesaj\"><textarea cols=\"40\" rows=\"10\" class=\"wpcf7-form-control wpcf7-textarea\" aria-invalid=\"false\" placeholder=\"Il vostro messaggio\" name=\"mesaj\"><\/textarea><\/span><br \/>\n<span class=\"wpcf7-form-control-wrap\" data-name=\"guvenlik\"><label><span class=\"wpcf7-quiz-label\">2 + 2= ?<\/span> <input size=\"40\" class=\"wpcf7-form-control wpcf7-quiz\" autocomplete=\"off\" aria-required=\"true\" aria-invalid=\"false\" type=\"text\" name=\"guvenlik\" \/><\/label><input type=\"hidden\" name=\"_wpcf7_quiz_answer_guvenlik\" value=\"7c415c6b6889823efac7ef851a2cd710\" \/><\/span><br \/>\n<input class=\"wpcf7-form-control wpcf7-submit has-spinner\" type=\"submit\" value=\"Invia il modulo\" \/>\n<\/p><div class=\"wpcf7-response-output\" aria-hidden=\"true\"><\/div>\n<\/form>\n<\/div>\n<\/div><\/div>\t\t<\/div>\n\t\t\t\t<\/div>\n\t\t\t\t<\/div>\n\t\t\t\t<\/div>\n\t\t\t\t\t<\/div>\n\t\t\t\t<\/div>\n\t\t\t\t<\/div>\n\t\t","protected":false},"excerpt":{"rendered":"<p>Casa Salute e bellezza Estetica dell&#8217;orecchio Esistono deformazioni dell&#8217;orecchio che richiedono un intervento di chirurgia estetica dell&#8217;orecchio. Nell&#8217;orecchio prominente, il problema \u00e8 che l&#8217;angolo dell&#8217;orecchio con la testa \u00e8 pi\u00f9 alto del normale. In altre parole, appaiono pi\u00f9 in avanti e pi\u00f9 evidenti del normale. In questo caso, pu\u00f2 portare a significativi problemi psicosociali, comportamentali [&hellip;]<\/p>\n","protected":false},"author":1,"featured_media":0,"parent":2270,"menu_order":0,"comment_status":"closed","ping_status":"closed","template":"elementor_header_footer","meta":{"om_disable_all_campaigns":false,"_monsterinsights_skip_tracking":false,"_monsterinsights_sitenote_active":false,"_monsterinsights_sitenote_note":"","_monsterinsights_sitenote_category":0,"footnotes":""},"class_list":["post-2305","page","type-page","status-publish","hentry"],"aioseo_notices":[],"_links":{"self":[{"href":"https:\/\/kartaltipmerkezi.com\/it\/wp-json\/wp\/v2\/pages\/2305","targetHints":{"allow":["GET"]}}],"collection":[{"href":"https:\/\/kartaltipmerkezi.com\/it\/wp-json\/wp\/v2\/pages"}],"about":[{"href":"https:\/\/kartaltipmerkezi.com\/it\/wp-json\/wp\/v2\/types\/page"}],"author":[{"embeddable":true,"href":"https:\/\/kartaltipmerkezi.com\/it\/wp-json\/wp\/v2\/users\/1"}],"replies":[{"embeddable":true,"href":"https:\/\/kartaltipmerkezi.com\/it\/wp-json\/wp\/v2\/comments?post=2305"}],"version-history":[{"count":11,"href":"https:\/\/kartaltipmerkezi.com\/it\/wp-json\/wp\/v2\/pages\/2305\/revisions"}],"predecessor-version":[{"id":3205,"href":"https:\/\/kartaltipmerkezi.com\/it\/wp-json\/wp\/v2\/pages\/2305\/revisions\/3205"}],"up":[{"embeddable":true,"href":"https:\/\/kartaltipmerkezi.com\/it\/wp-json\/wp\/v2\/pages\/2270"}],"wp:attachment":[{"href":"https:\/\/kartaltipmerkezi.com\/it\/wp-json\/wp\/v2\/media?parent=2305"}],"curies":[{"name":"wp","href":"https:\/\/api.w.org\/{rel}","templated":true}]}}