{"id":3416,"date":"2024-09-26T15:09:45","date_gmt":"2024-09-26T12:09:45","guid":{"rendered":"https:\/\/kartaltipmerkezi.com\/fr\/?page_id=3416"},"modified":"2024-12-14T11:31:04","modified_gmt":"2024-12-14T08:31:04","slug":"specialiste-yildiz-yigit-md","status":"publish","type":"page","link":"https:\/\/kartaltipmerkezi.com\/fr\/specialiste-yildiz-yigit-md","title":{"rendered":"Sp\u00e9cialiste Y\u0131ld\u0131z Y\u0130\u011e\u0130T, MD"},"content":{"rendered":"\t\t<div data-elementor-type=\"wp-page\" data-elementor-id=\"3416\" class=\"elementor elementor-3416\" data-elementor-post-type=\"page\">\n\t\t\t\t<div class=\"elementor-element elementor-element-2f443ef4 e-flex e-con-boxed e-con e-parent\" data-id=\"2f443ef4\" data-element_type=\"container\" data-settings=\"{&quot;background_background&quot;:&quot;classic&quot;,&quot;content_width&quot;:&quot;boxed&quot;}\" data-core-v316-plus=\"true\">\n\t\t\t\t\t<div class=\"e-con-inner\">\n\t\t<div class=\"elementor-element elementor-element-463e7f0b e-con-full e-flex e-con e-child\" data-id=\"463e7f0b\" data-element_type=\"container\" data-settings=\"{&quot;content_width&quot;:&quot;full&quot;}\">\n\t\t\t\t<div class=\"elementor-element elementor-element-f8e4876 elementor-invisible elementor-widget elementor-widget-heading\" data-id=\"f8e4876\" data-element_type=\"widget\" data-settings=\"{&quot;_animation&quot;:&quot;fadeInDown&quot;,&quot;_animation_delay&quot;:100}\" data-widget_type=\"heading.default\">\n\t\t\t\t<div class=\"elementor-widget-container\">\n\t\t\t<style>\/*! elementor - v3.19.0 - 07-02-2024 *\/\n.elementor-heading-title{padding:0;margin:0;line-height:1}.elementor-widget-heading .elementor-heading-title[class*=elementor-size-]>a{color:inherit;font-size:inherit;line-height:inherit}.elementor-widget-heading .elementor-heading-title.elementor-size-small{font-size:15px}.elementor-widget-heading .elementor-heading-title.elementor-size-medium{font-size:19px}.elementor-widget-heading .elementor-heading-title.elementor-size-large{font-size:29px}.elementor-widget-heading .elementor-heading-title.elementor-size-xl{font-size:39px}.elementor-widget-heading .elementor-heading-title.elementor-size-xxl{font-size:59px}<\/style><h1 class=\"elementor-heading-title elementor-size-default\">Sp\u00e9cialiste Y\u0131ld\u0131z Y\u0130\u011e\u0130T, MD<\/h1>\t\t<\/div>\n\t\t\t\t<\/div>\n\t\t\t\t<\/div>\n\t\t<div class=\"elementor-element elementor-element-dff9554 e-con-full e-flex e-con e-child\" data-id=\"dff9554\" data-element_type=\"container\" data-settings=\"{&quot;content_width&quot;:&quot;full&quot;}\">\n\t\t\t\t<div class=\"elementor-element elementor-element-c0b0636 elementor-icon-list--layout-inline elementor-align-center elementor-mobile-align-left elementor-list-item-link-full_width elementor-invisible elementor-widget elementor-widget-icon-list\" data-id=\"c0b0636\" data-element_type=\"widget\" data-settings=\"{&quot;_animation&quot;:&quot;fadeInDown&quot;}\" data-widget_type=\"icon-list.default\">\n\t\t\t\t<div class=\"elementor-widget-container\">\n\t\t\t<link rel=\"stylesheet\" href=\"https:\/\/kartaltipmerkezi.com\/en\/wp-content\/plugins\/elementor\/assets\/css\/widget-icon-list.min.css\">\t\t<ul class=\"elementor-icon-list-items elementor-inline-items\">\n\t\t\t\t\t\t\t<li class=\"elementor-icon-list-item elementor-inline-item\">\n\t\t\t\t\t\t\t\t\t\t\t<a href=\"https:\/\/kartaltipmerkezi.com\/fr\">\n\n\t\t\t\t\t\t\t\t\t\t\t\t<span class=\"elementor-icon-list-icon\">\n\t\t\t\t\t\t\t<i aria-hidden=\"true\" class=\"icon icon-home2\"><\/i>\t\t\t\t\t\t<\/span>\n\t\t\t\t\t\t\t\t\t\t<span class=\"elementor-icon-list-text\">Home<\/span>\n\t\t\t\t\t\t\t\t\t\t\t<\/a>\n\t\t\t\t\t\t\t\t\t<\/li>\n\t\t\t\t\t\t\t\t<li class=\"elementor-icon-list-item elementor-inline-item\">\n\t\t\t\t\t\t\t\t\t\t\t<a href=\"https:\/\/kartaltipmerkezi.com\/fr\/specialiste-yildiz-yigit-md\">\n\n\t\t\t\t\t\t\t\t\t\t\t\t<span class=\"elementor-icon-list-icon\">\n\t\t\t\t\t\t\t<i aria-hidden=\"true\" class=\" arrow_carrot-right\"><\/i>\t\t\t\t\t\t<\/span>\n\t\t\t\t\t\t\t\t\t\t<span class=\"elementor-icon-list-text\">Sp\u00e9cialiste Y\u0131ld\u0131z Y\u0130\u011e\u0130T, MD<\/span>\n\t\t\t\t\t\t\t\t\t\t\t<\/a>\n\t\t\t\t\t\t\t\t\t<\/li>\n\t\t\t\t\t\t<\/ul>\n\t\t\t\t<\/div>\n\t\t\t\t<\/div>\n\t\t\t\t<\/div>\n\t\t\t\t\t<\/div>\n\t\t\t\t<\/div>\n\t\t<div class=\"elementor-element elementor-element-d9cfc8b e-flex e-con-boxed e-con e-parent\" data-id=\"d9cfc8b\" data-element_type=\"container\" data-settings=\"{&quot;content_width&quot;:&quot;boxed&quot;}\" data-core-v316-plus=\"true\">\n\t\t\t\t\t<div class=\"e-con-inner\">\n\t\t<div class=\"elementor-element elementor-element-12b9851 e-con-full e-flex e-con e-child\" data-id=\"12b9851\" data-element_type=\"container\" data-settings=\"{&quot;content_width&quot;:&quot;full&quot;,&quot;background_background&quot;:&quot;classic&quot;}\">\n\t\t\t\t<div class=\"elementor-element elementor-element-f413887 elementor-widget elementor-widget-image\" data-id=\"f413887\" data-element_type=\"widget\" data-widget_type=\"image.default\">\n\t\t\t\t<div class=\"elementor-widget-container\">\n\t\t\t<style>\/*! elementor - v3.19.0 - 07-02-2024 *\/\n.elementor-widget-image{text-align:center}.elementor-widget-image a{display:inline-block}.elementor-widget-image a img[src$=\".svg\"]{width:48px}.elementor-widget-image img{vertical-align:middle;display:inline-block}<\/style>\t\t\t\t\t\t\t\t\t\t<img fetchpriority=\"high\" decoding=\"async\" width=\"700\" height=\"800\" src=\"https:\/\/kartaltipmerkezi.com\/fr\/wp-content\/uploads\/2024\/08\/dr-yildiz-1.jpg\" class=\"attachment-full size-full wp-image-3586\" alt=\"\" srcset=\"https:\/\/kartaltipmerkezi.com\/fr\/wp-content\/uploads\/2024\/08\/dr-yildiz-1.jpg 700w, https:\/\/kartaltipmerkezi.com\/fr\/wp-content\/uploads\/2024\/08\/dr-yildiz-1-263x300.jpg 263w\" sizes=\"(max-width: 700px) 100vw, 700px\" \/>\t\t\t\t\t\t\t\t\t\t\t\t\t<\/div>\n\t\t\t\t<\/div>\n\t\t\t\t<div class=\"elementor-element elementor-element-120583e elementor-widget elementor-widget-page-title\" data-id=\"120583e\" data-element_type=\"widget\" data-settings=\"{&quot;align&quot;:&quot;center&quot;}\" data-widget_type=\"page-title.default\">\n\t\t\t\t<div class=\"elementor-widget-container\">\n\t\t\t\t\t\n\t\t<div class=\"hfe-page-title hfe-page-title-wrapper elementor-widget-heading\">\n\n\t\t\t\t\t\t\t\t<h2 class=\"elementor-heading-title elementor-size-default\">\n\t\t\t\t\t\t\t\t\n\t\t\t\tSp\u00e9cialiste Y\u0131ld\u0131z Y\u0130\u011e\u0130T, MD  \n\t\t\t<\/h2 > \n\t\t\t\t\t<\/div>\n\t\t\t\t<\/div>\n\t\t\t\t<\/div>\n\t\t\t\t<\/div>\n\t\t<div class=\"elementor-element elementor-element-5517b36 e-con-full e-flex elementor-invisible e-con e-child\" data-id=\"5517b36\" data-element_type=\"container\" data-settings=\"{&quot;content_width&quot;:&quot;full&quot;,&quot;animation&quot;:&quot;fadeInDown&quot;}\">\n\t\t\t\t<div class=\"elementor-element elementor-element-9434d7a elementor-widget elementor-widget-text-editor\" data-id=\"9434d7a\" data-element_type=\"widget\" data-widget_type=\"text-editor.default\">\n\t\t\t\t<div class=\"elementor-widget-container\">\n\t\t\t<style>\/*! elementor - v3.19.0 - 07-02-2024 *\/\n.elementor-widget-text-editor.elementor-drop-cap-view-stacked .elementor-drop-cap{background-color:#69727d;color:#fff}.elementor-widget-text-editor.elementor-drop-cap-view-framed .elementor-drop-cap{color:#69727d;border:3px solid;background-color:transparent}.elementor-widget-text-editor:not(.elementor-drop-cap-view-default) .elementor-drop-cap{margin-top:8px}.elementor-widget-text-editor:not(.elementor-drop-cap-view-default) .elementor-drop-cap-letter{width:1em;height:1em}.elementor-widget-text-editor .elementor-drop-cap{float:left;text-align:center;line-height:1;font-size:50px}.elementor-widget-text-editor .elementor-drop-cap-letter{display:inline-block}<\/style>\t\t\t\t<h5><strong><span style=\"font-size: 16px;\">Sp\u00e9cialiste en anesth\u00e9siologie et r\u00e9animation<\/span>\u00a0 \u00a0 \u00a0 \u00a0 \u00a0 \u00a0 \u00a0 \u00a0 \u00a0 \u00a0 \u00a0 \u00a0<\/strong><\/h5><h5><strong>Domaines d&#8217;int\u00e9r\u00eat<\/strong><\/h5><ul><li>Anesth\u00e9sie g\u00e9n\u00e9rale<\/li><li>Anesth\u00e9sie en chirurgie cardiovasculaire<\/li><li>Anesth\u00e9sie r\u00e9gionale<\/li><li>Soins intensifs<\/li><\/ul><h5><strong>Formation et expertise<\/strong><\/h5><ul><li>Facult\u00e9 de m\u00e9decine de l&#8217;universit\u00e9 d&#8217;Erciyes<\/li><li>H\u00f4pital de formation et de recherche Haydarpasa Numune, Anesth\u00e9sie et r\u00e9animation<\/li><\/ul><h5><strong>Exp\u00e9rience<\/strong><\/h5><ul><li>H\u00f4pital d&#8217;\u00c9tat de Mersin<\/li><li>H\u00f4pital de formation et de recherche en chirurgie thoracique et cardiovasculaire Dr Siyami Ersek<\/li><li>H\u00f4pital de formation et de recherche Fatih Sultan Mehmet<\/li><li>H\u00f4pital priv\u00e9 Emsey<\/li><\/ul><h5><strong>Certificats<\/strong><\/h5><p>Projet d&#8217;assistance technique pour le d\u00e9veloppement du syst\u00e8me de gestion de la transfusion sanguine en Turquie, formation au module de soins intensifs pour la gestion du sang des patients, minist\u00e8re de la sant\u00e9 de la Turquie, 2021<\/p><p>Certificat d&#8217;utilisation d&#8217;animaux de laboratoire, Eth\u0131c Comm\u0131ttee For An\u0131mal Research HADYEK, 2021<\/p><p>Atelier de laboratoire sur le monitorage et la fluidoth\u00e9rapie dans les situations critiques,Universit\u00e9 Ac\u0131badem,Laboratoire CASE,2018.<\/p><p>Capnographie d&#8217;hier \u00e0 aujourd&#8217;hui,Medtronic,2017<\/p><p>Cours de base d&#8217;anesth\u00e9sie r\u00e9gionale, Association d&#8217;anesth\u00e9sie r\u00e9gionale, 2013<\/p><p>Techniques de base appliqu\u00e9es \u00e0 la culture cellulaire, Facult\u00e9 de m\u00e9decine de SDU, 2003<\/p><p>Soci\u00e9t\u00e9 turque d&#8217;anesth\u00e9siologie et de r\u00e9animation, 55e congr\u00e8s national, 2021<\/p><p>Soci\u00e9t\u00e9 turque de soins intensifs, 17e et 19e congr\u00e8s national de soins intensifs, 2014\/2018<\/p><h5><strong>Affiliations professionnelles<\/strong><\/h5><p>Association turque des soins intensifs<\/p><p>Soci\u00e9t\u00e9 de nutrition parent\u00e9rale ent\u00e9rale clinique<\/p><h5><strong>Publications scientifiques<\/strong><\/h5><p><a href=\"https:\/\/scholar.google.com\/citations?view_op=view_citation&amp;hl=tr&amp;user=6fGVDmAAAAAJ&amp;authuser=1&amp;citation_for_view=6fGVDmAAAAAJ:8k81kl-MbHgC\">\u00c9valuation de l&#8217;\u00e9tat nutritionnel des patients COVID-19 trait\u00e9s dans l&#8217;unit\u00e9 de soins intensifs.<\/a><\/p><p>A Y\u0131ld\u0131r\u0131m Ar, \u00d6 Demiroluk, Y Yi\u011fit, HA Bat\u0131rel<\/p><p>Haydarpasa Numune Medical Journal 64 (2) 2024<\/p><p><a href=\"https:\/\/scholar.google.com\/citations?view_op=view_citation&amp;hl=tr&amp;user=6fGVDmAAAAAJ&amp;authuser=1&amp;citation_for_view=6fGVDmAAAAAJ:3fE2CSJIrl8C\">\u00c9valuation r\u00e9trospective des patients trait\u00e9s dans l&#8217;unit\u00e9 de soins intensifs \u00e0 la suite d&#8217;un accident de la route<\/a><\/p><p>Y Yi\u011fit, NE Bulut, AY Ar<\/p><p>Acta Medica Alanya 7 (3), 219-225 2023<\/p><p><a href=\"https:\/\/scholar.google.com\/citations?view_op=view_citation&amp;hl=tr&amp;user=6fGVDmAAAAAJ&amp;authuser=1&amp;citation_for_view=6fGVDmAAAAAJ:UebtZRa9Y70C\">\u00c9valuation r\u00e9trospective des escarres dans l&#8217;unit\u00e9 de soins intensifs<\/a><\/p><p>Y Yi\u011fit, \u00d6 Demiroluk, S Ba\u015fdelio\u011flu, \u00d6G \u0130llez, AY Ar<\/p><p>Haydarpa\u015fa Numune Med\u0131cal Journal 63 (4), 471-478 2023<\/p><p><a href=\"https:\/\/scholar.google.com\/citations?view_op=view_citation&amp;hl=tr&amp;user=6fGVDmAAAAAJ&amp;authuser=1&amp;citation_for_view=6fGVDmAAAAAJ:kNdYIx-mwKoC\">Traitement et suivi des victimes du tremblement de terre dans l&#8217;unit\u00e9 de soins intensifs.<\/a><\/p><p>AY Ar, Y Yigit<\/p><p>Cam ve Sakura Medical Journal 3 (3), 19-25 2023<\/p><p><a href=\"https:\/\/scholar.google.com\/citations?view_op=view_citation&amp;hl=tr&amp;user=6fGVDmAAAAAJ&amp;authuser=1&amp;citation_for_view=6fGVDmAAAAAJ:0EnyYjriUFMC\">L&#8217;effet du mode de vie sur l&#8217;\u00e9volution de l&#8217;infection par COVID-19<\/a><\/p><p>Y Yigit, N Esen Bulut, C Naziko\u011flu<\/p><p>Annals of Clinical and Analytical Medicine 13 (10), 1075-1079 2022<\/p><p><a href=\"https:\/\/scholar.google.com\/citations?view_op=view_citation&amp;hl=tr&amp;user=6fGVDmAAAAAJ&amp;authuser=1&amp;citation_for_view=6fGVDmAAAAAJ:WF5omc3nYNoC\">L&#8217;ASSOCIATION ENTRE LE RISQUE NUTRITIONNEL MODIFI\u00c9 DANS LE SCORE DE L&#8217;\u00c9TAT CRITIQUE ET LA MORTALIT\u00c9 CHEZ LES PATIENTS G\u00c9RIATRIQUES.<\/a><\/p><p>A YILDIRIM AR, \u00d6 DEMI\u0307ROLUK, Y YI\u0307\u011eI\u0307T KUPLAY, Y MERI\u0307\u00c7, G TURAN<\/p><p>Turkish Journal Of Geriatrics\/T\u00fcrk Geriatri Dergisi 22 (1<a href=\"https:\/\/scholar.google.com\/scholar?oi=bibs&amp;hl=tr&amp;authuser=1&amp;cites=11859433434167734203\">)1<\/a> 2019<\/p><p><a href=\"https:\/\/scholar.google.com\/citations?view_op=view_citation&amp;hl=tr&amp;user=6fGVDmAAAAAJ&amp;authuser=1&amp;citation_for_view=6fGVDmAAAAAJ:u5HHmVD_uO8C\">Bloc du plan transversal de l&#8217;abdomen guid\u00e9 par \u00e9chographie chez les patients subissant une chol\u00e9cystectomie laparoscopique : comparaison de l&#8217;efficacit\u00e9 de la bupivaca\u00efne et de la l\u00e9vobupivaca\u00efne sur&#8230;.<\/a><\/p><p>A Y\u0131ld\u0131r\u0131m Ar, D Erdo\u011fan Ar\u0131, Y Yi\u011fit Kuplay, Y \u0130\u015fcan, F Karado\u011fan, &#8230;<\/p><p>Revista brasileira de anestesiologia 68, <a href=\"https:\/\/scholar.google.com\/scholar?oi=bibs&amp;hl=tr&amp;authuser=1&amp;cites=1514989260013535731\">455-46110<\/a> 2018<\/p><p><a href=\"https:\/\/scholar.google.com\/citations?view_op=view_citation&amp;hl=tr&amp;user=6fGVDmAAAAAJ&amp;authuser=1&amp;citation_for_view=6fGVDmAAAAAJ:_FxGoFyzp5QC\">Indice d&#8217;analg\u00e9sie et de nociception pour la surveillance p\u00e9riop\u00e9ratoire de l&#8217;analg\u00e9sie en chirurgie rachidienne<\/a><\/p><p>G Turan, AY Ar, YY Kuplay, O Demiroluk, M Gazi, N Akgun, E Celikoglu<\/p><p>Revista brasileira de anestesiologia 67 (4), <a href=\"https:\/\/scholar.google.com\/scholar?oi=bibs&amp;hl=tr&amp;authuser=1&amp;cites=4707044385733247146\">370-37528<\/a> 2017<\/p><p><a href=\"https:\/\/scholar.google.com\/citations?view_op=view_citation&amp;hl=tr&amp;user=6fGVDmAAAAAJ&amp;authuser=1&amp;citation_for_view=6fGVDmAAAAAJ:IjCSPb-OGe4C\">LE SEVRAGE CHEZ LES PATIENTS G\u00c9RIATRIQUES : UNE \u00c9TUDE CLINIQUE R\u00c9TROSPECTIVE.<\/a><\/p><p>G TURAN, A YILDIRIM AR, YY KUPLAY, S ABI\u0307TA\u011eAO\u011eLU, C\u015e KARI\u0307P, &#8230;<\/p><p>Journal turc de g\u00e9riatrie\/T\u00fcrk Geriatri Dergisi 20 (4<a href=\"https:\/\/scholar.google.com\/scholar?oi=bibs&amp;hl=tr&amp;authuser=1&amp;cites=11708821953054200547\">)2<\/a> 2017<\/p><p><a href=\"https:\/\/scholar.google.com\/citations?view_op=view_citation&amp;hl=tr&amp;user=6fGVDmAAAAAJ&amp;authuser=1&amp;citation_for_view=6fGVDmAAAAAJ:Tyk-4Ss8FVUC\">Index pulmonaire int\u00e9gr\u00e9 : une nouvelle strat\u00e9gie pour l&#8217;\u00e9valuation des patients respiratoires<\/a><\/p><p>G Turan, Y Kuplay, C Karip, C Koksal, C Ak\u0131n, N Akgun<\/p><p>Int J Anesthetic Anesthesiol 3 (1), <a href=\"https:\/\/scholar.google.com\/scholar?oi=bibs&amp;hl=tr&amp;authuser=1&amp;cites=13609962620509913657\">04210<\/a> 2016<\/p><p><a href=\"https:\/\/scholar.google.com\/citations?view_op=view_citation&amp;hl=tr&amp;user=6fGVDmAAAAAJ&amp;cstart=20&amp;pagesize=80&amp;authuser=1&amp;citation_for_view=6fGVDmAAAAAJ:UeHWp8X0CEIC\">Effets du fentanyl et de la morphine combin\u00e9s \u00e0 la l\u00e9vobupivaca\u00efne intrath\u00e9cale dans les c\u00e9sariennes \u00e9lectives<\/a><\/p><p>YY Kuplay, D Suba\u015f\u0131, A Y\u0131ld\u0131r\u0131m, G Turan<\/p><p>Bosphorus Medical Journal 4 (2), 68-76 2015<\/p>\t\t\t\t\t\t<\/div>\n\t\t\t\t<\/div>\n\t\t\t\t<\/div>\n\t\t\t\t\t<\/div>\n\t\t\t\t<\/div>\n\t\t\t\t<\/div>\n\t\t","protected":false},"excerpt":{"rendered":"<p>Sp\u00e9cialiste Y\u0131ld\u0131z Y\u0130\u011e\u0130T, MD Home Sp\u00e9cialiste Y\u0131ld\u0131z Y\u0130\u011e\u0130T, MD Sp\u00e9cialiste en anesth\u00e9siologie et r\u00e9animation\u00a0 \u00a0 \u00a0 \u00a0 \u00a0 \u00a0 \u00a0 \u00a0 \u00a0 \u00a0 \u00a0 \u00a0 Domaines d&#8217;int\u00e9r\u00eat Anesth\u00e9sie g\u00e9n\u00e9rale Anesth\u00e9sie en chirurgie cardiovasculaire Anesth\u00e9sie r\u00e9gionale Soins intensifs Formation et expertise Facult\u00e9 de m\u00e9decine de l&#8217;universit\u00e9 d&#8217;Erciyes H\u00f4pital de formation et de recherche Haydarpasa Numune, Anesth\u00e9sie [&hellip;]<\/p>\n","protected":false},"author":1,"featured_media":0,"parent":0,"menu_order":0,"comment_status":"closed","ping_status":"closed","template":"elementor_header_footer","meta":{"om_disable_all_campaigns":false,"_monsterinsights_skip_tracking":false,"_monsterinsights_sitenote_active":false,"_monsterinsights_sitenote_note":"","_monsterinsights_sitenote_category":0,"footnotes":""},"class_list":["post-3416","page","type-page","status-publish","hentry"],"aioseo_notices":[],"_links":{"self":[{"href":"https:\/\/kartaltipmerkezi.com\/fr\/wp-json\/wp\/v2\/pages\/3416","targetHints":{"allow":["GET"]}}],"collection":[{"href":"https:\/\/kartaltipmerkezi.com\/fr\/wp-json\/wp\/v2\/pages"}],"about":[{"href":"https:\/\/kartaltipmerkezi.com\/fr\/wp-json\/wp\/v2\/types\/page"}],"author":[{"embeddable":true,"href":"https:\/\/kartaltipmerkezi.com\/fr\/wp-json\/wp\/v2\/users\/1"}],"replies":[{"embeddable":true,"href":"https:\/\/kartaltipmerkezi.com\/fr\/wp-json\/wp\/v2\/comments?post=3416"}],"version-history":[{"count":10,"href":"https:\/\/kartaltipmerkezi.com\/fr\/wp-json\/wp\/v2\/pages\/3416\/revisions"}],"predecessor-version":[{"id":3589,"href":"https:\/\/kartaltipmerkezi.com\/fr\/wp-json\/wp\/v2\/pages\/3416\/revisions\/3589"}],"wp:attachment":[{"href":"https:\/\/kartaltipmerkezi.com\/fr\/wp-json\/wp\/v2\/media?parent=3416"}],"curies":[{"name":"wp","href":"https:\/\/api.w.org\/{rel}","templated":true}]}}