{"id":2413,"date":"2024-08-05T16:22:42","date_gmt":"2024-08-05T13:22:42","guid":{"rendered":"https:\/\/kartaltipmerkezi.com\/fr\/?page_id=2413"},"modified":"2024-08-21T15:31:10","modified_gmt":"2024-08-21T12:31:10","slug":"revetement-de-zirconium","status":"publish","type":"page","link":"https:\/\/kartaltipmerkezi.com\/fr\/sante-et-beaute\/revetement-de-zirconium","title":{"rendered":"Rev\u00eatement de zirconium"},"content":{"rendered":"\t\t<div data-elementor-type=\"wp-page\" data-elementor-id=\"2413\" class=\"elementor elementor-2413\" data-elementor-post-type=\"page\">\n\t\t\t\t<div class=\"elementor-element elementor-element-2f443ef4 e-flex e-con-boxed e-con e-parent\" data-id=\"2f443ef4\" data-element_type=\"container\" data-settings=\"{&quot;background_background&quot;:&quot;classic&quot;,&quot;content_width&quot;:&quot;boxed&quot;}\" data-core-v316-plus=\"true\">\n\t\t\t\t\t<div class=\"e-con-inner\">\n\t\t<div class=\"elementor-element elementor-element-463e7f0b e-con-full e-flex e-con e-child\" data-id=\"463e7f0b\" data-element_type=\"container\" data-settings=\"{&quot;content_width&quot;:&quot;full&quot;}\">\n\t\t\t\t<div class=\"elementor-element elementor-element-00865ca elementor-icon-list--layout-inline elementor-align-center elementor-mobile-align-left elementor-list-item-link-full_width elementor-invisible elementor-widget elementor-widget-icon-list\" data-id=\"00865ca\" data-element_type=\"widget\" data-settings=\"{&quot;_animation&quot;:&quot;fadeInDown&quot;}\" data-widget_type=\"icon-list.default\">\n\t\t\t\t<div class=\"elementor-widget-container\">\n\t\t\t<link rel=\"stylesheet\" href=\"https:\/\/kartaltipmerkezi.com\/en\/wp-content\/plugins\/elementor\/assets\/css\/widget-icon-list.min.css\">\t\t<ul class=\"elementor-icon-list-items elementor-inline-items\">\n\t\t\t\t\t\t\t<li class=\"elementor-icon-list-item elementor-inline-item\">\n\t\t\t\t\t\t\t\t\t\t\t<a href=\"https:\/\/kartaltipmerkezi.com\/fr\">\n\n\t\t\t\t\t\t\t\t\t\t\t\t<span class=\"elementor-icon-list-icon\">\n\t\t\t\t\t\t\t<i aria-hidden=\"true\" class=\"icon icon-home2\"><\/i>\t\t\t\t\t\t<\/span>\n\t\t\t\t\t\t\t\t\t\t<span class=\"elementor-icon-list-text\">Accueil<\/span>\n\t\t\t\t\t\t\t\t\t\t\t<\/a>\n\t\t\t\t\t\t\t\t\t<\/li>\n\t\t\t\t\t\t\t\t<li class=\"elementor-icon-list-item elementor-inline-item\">\n\t\t\t\t\t\t\t\t\t\t\t<a href=\"https:\/\/kartaltipmerkezi.com\/fr\/sante-et-beaute\">\n\n\t\t\t\t\t\t\t\t\t\t\t\t<span class=\"elementor-icon-list-icon\">\n\t\t\t\t\t\t\t<i aria-hidden=\"true\" class=\" arrow_carrot-right\"><\/i>\t\t\t\t\t\t<\/span>\n\t\t\t\t\t\t\t\t\t\t<span class=\"elementor-icon-list-text\">Sant\u00e9 et beaut\u00e9<\/span>\n\t\t\t\t\t\t\t\t\t\t\t<\/a>\n\t\t\t\t\t\t\t\t\t<\/li>\n\t\t\t\t\t\t\t\t<li class=\"elementor-icon-list-item elementor-inline-item\">\n\t\t\t\t\t\t\t\t\t\t\t<a href=\"https:\/\/kartaltipmerkezi.com\/fr\/sante-et-beaute\/revetement-de-zirconium\">\n\n\t\t\t\t\t\t\t\t\t\t\t\t<span class=\"elementor-icon-list-icon\">\n\t\t\t\t\t\t\t<i aria-hidden=\"true\" class=\" arrow_carrot-right\"><\/i>\t\t\t\t\t\t<\/span>\n\t\t\t\t\t\t\t\t\t\t<span class=\"elementor-icon-list-text\">Rev\u00eatement de zirconium<\/span>\n\t\t\t\t\t\t\t\t\t\t\t<\/a>\n\t\t\t\t\t\t\t\t\t<\/li>\n\t\t\t\t\t\t<\/ul>\n\t\t\t\t<\/div>\n\t\t\t\t<\/div>\n\t\t\t\t<div class=\"elementor-element elementor-element-f8e4876 elementor-invisible elementor-widget elementor-widget-heading\" data-id=\"f8e4876\" data-element_type=\"widget\" data-settings=\"{&quot;_animation&quot;:&quot;fadeInDown&quot;,&quot;_animation_delay&quot;:100}\" data-widget_type=\"heading.default\">\n\t\t\t\t<div class=\"elementor-widget-container\">\n\t\t\t<style>\/*! elementor - v3.19.0 - 07-02-2024 *\/\n.elementor-heading-title{padding:0;margin:0;line-height:1}.elementor-widget-heading .elementor-heading-title[class*=elementor-size-]>a{color:inherit;font-size:inherit;line-height:inherit}.elementor-widget-heading .elementor-heading-title.elementor-size-small{font-size:15px}.elementor-widget-heading .elementor-heading-title.elementor-size-medium{font-size:19px}.elementor-widget-heading .elementor-heading-title.elementor-size-large{font-size:29px}.elementor-widget-heading .elementor-heading-title.elementor-size-xl{font-size:39px}.elementor-widget-heading .elementor-heading-title.elementor-size-xxl{font-size:59px}<\/style><h1 class=\"elementor-heading-title elementor-size-default\">Rev\u00eatement de zirconium<\/h1>\t\t<\/div>\n\t\t\t\t<\/div>\n\t\t\t\t<div class=\"elementor-element elementor-element-4907608 elementor-invisible elementor-widget elementor-widget-heading\" data-id=\"4907608\" data-element_type=\"widget\" data-settings=\"{&quot;_animation&quot;:&quot;fadeInDown&quot;,&quot;_animation_delay&quot;:100}\" data-widget_type=\"heading.default\">\n\t\t\t\t<div class=\"elementor-widget-container\">\n\t\t\t<p class=\"elementor-heading-title elementor-size-default\">La facette en zirconium est une m\u00e9thode de facette dentaire que les dentistes ont r\u00e9cemment recommand\u00e9e pour obtenir une apparence plus esth\u00e9tique et rendre les fonctions bucco-dentaires plus fonctionnelles. Les dents en zirconium se sont toujours manifest\u00e9es sous la forme de facettes en porcelaine.<\/p>\t\t<\/div>\n\t\t\t\t<\/div>\n\t\t\t\t<\/div>\n\t\t\t\t\t<\/div>\n\t\t\t\t<\/div>\n\t\t<div class=\"elementor-element elementor-element-4815fea4 e-flex e-con-boxed e-con e-parent\" data-id=\"4815fea4\" data-element_type=\"container\" data-settings=\"{&quot;content_width&quot;:&quot;boxed&quot;}\" data-core-v316-plus=\"true\">\n\t\t\t\t\t<div class=\"e-con-inner\">\n\t\t<div class=\"elementor-element elementor-element-5c597a4b e-con-full e-flex e-con e-child\" data-id=\"5c597a4b\" data-element_type=\"container\" data-settings=\"{&quot;content_width&quot;:&quot;full&quot;}\">\n\t\t\t\t<div class=\"elementor-element elementor-element-6bd7f454 elementor-widget elementor-widget-text-editor\" data-id=\"6bd7f454\" data-element_type=\"widget\" data-widget_type=\"text-editor.default\">\n\t\t\t\t<div class=\"elementor-widget-container\">\n\t\t\t<style>\/*! elementor - v3.19.0 - 07-02-2024 *\/\n.elementor-widget-text-editor.elementor-drop-cap-view-stacked .elementor-drop-cap{background-color:#69727d;color:#fff}.elementor-widget-text-editor.elementor-drop-cap-view-framed .elementor-drop-cap{color:#69727d;border:3px solid;background-color:transparent}.elementor-widget-text-editor:not(.elementor-drop-cap-view-default) .elementor-drop-cap{margin-top:8px}.elementor-widget-text-editor:not(.elementor-drop-cap-view-default) .elementor-drop-cap-letter{width:1em;height:1em}.elementor-widget-text-editor .elementor-drop-cap{float:left;text-align:center;line-height:1;font-size:50px}.elementor-widget-text-editor .elementor-drop-cap-letter{display:inline-block}<\/style>\t\t\t\t<p>Les dents en porcelaine, qui sont appliqu\u00e9es de deux mani\u00e8res diff\u00e9rentes, \u00e0 savoir le &#8220;rev\u00eatement de la dent sur support m\u00e9tallique&#8221; et le &#8220;rev\u00eatement de la dent sans m\u00e9tal&#8221;, ont commenc\u00e9 \u00e0 produire des m\u00e9thodes de rev\u00eatement diff\u00e9rentes en raison de la perception accrue de l&#8217;esth\u00e9tique au fil du temps. La facette dentaire en zirconium est l&#8217;une d&#8217;entre elles et c&#8217;est la m\u00e9thode de facette dentaire la plus pr\u00e9f\u00e9r\u00e9e ces derni\u00e8res ann\u00e9es.<\/p>\n<p>La facette dentaire en zirconium est pr\u00e9f\u00e9r\u00e9e parce qu&#8217;il s&#8217;agit d&#8217;une m\u00e9thode de traitement tr\u00e8s efficace en termes de sant\u00e9 et d&#8217;apparence esth\u00e9tique.<\/p>\n<p>Les dents en zirconium sont principalement utilis\u00e9es dans le domaine dentaire parce qu&#8217;elles ne se corrodent pas, qu&#8217;elles n&#8217;ont pas de propri\u00e9t\u00e9s allergiques et qu&#8217;il s&#8217;agit d&#8217;un mat\u00e9riau blanc et perm\u00e9able \u00e0 la lumi\u00e8re. Toutefois, il convient de mentionner qu&#8217;il existe \u00e9galement d&#8217;autres utilisations.<\/p>\n<p>Comme les dents en porcelaine appliqu\u00e9es dans les p\u00e9riodes pr\u00e9c\u00e9dentes laissaient g\u00e9n\u00e9ralement un go\u00fbt diff\u00e9rent dans la bouche et changeaient de couleur, l&#8217;esth\u00e9tique \u00e9tait un peu plus \u00e0 l&#8217;arri\u00e8re-plan. Toutefois, gr\u00e2ce aux progr\u00e8s de la technologie m\u00e9dicale actuelle, ces probl\u00e8mes ont \u00e9t\u00e9 \u00e9limin\u00e9s gr\u00e2ce \u00e0 de nouvelles \u00e9tudes dans le domaine de la sant\u00e9 bucco-dentaire. La facette dentaire en zirconium est un type de dent plus durable que les autres types de dents, qui ne laisse pas de go\u00fbt de m\u00e9tal dans la bouche et qui est blanche et perm\u00e9able \u00e0 la lumi\u00e8re.<\/p>\n<p><strong>Combien de temps dure le traitement de la facette dentaire en zirconium ?<\/strong><\/p>\n<p>La caract\u00e9ristique la plus importante du traitement \u00e0 la c\u00e9ramique de zirconium, qui le distingue des autres m\u00e9thodes de traitement, est qu&#8217;il est r\u00e9alis\u00e9 en peu de temps. Les dentistes experts estiment que 5 jours suffisent pour un traitement c\u00e9ramique \u00e0 la zircone en g\u00e9n\u00e9ral. En d&#8217;autres termes, il n&#8217;est pas n\u00e9cessaire d&#8217;attendre longtemps pour avoir un sourire esth\u00e9tique.<\/p>\n<p><strong>Quels sont les avantages de la couronne en zircone ?<\/strong><\/p>\n<p>Les rev\u00eatements \u00e0 base de m\u00e9tal ont une tr\u00e8s faible transmission de la lumi\u00e8re, ce qui provoque \u00e0 la longue une coloration fonc\u00e9e de la gencive. La dent en zirconium, qui a \u00e9t\u00e9 d\u00e9velopp\u00e9e et introduite dans le monde de la sant\u00e9 bucco-dentaire, ne provoque pas d&#8217;assombrissement des gencives au fil du temps en raison de sa plus grande transmission de la lumi\u00e8re et de sa couleur blanche.<\/p>\n<p>L&#8217;esth\u00e9tique n&#8217;est pas tr\u00e8s recherch\u00e9e dans les facettes dentaires \u00e0 support m\u00e9tallique. Les dents en zirconium, au contraire, n&#8217;entra\u00eenent pas l&#8217;aspect terne que peuvent prendre les dents avec le temps, gr\u00e2ce \u00e0 leur capacit\u00e9 \u00e0 transmettre la lumi\u00e8re. Les dents sont plus proches de leur \u00e9tat d&#8217;origine ; elles sont plus saines, plus transparentes et plus naturelles.<\/p>\t\t\t\t\t\t<\/div>\n\t\t\t\t<\/div>\n\t\t\t\t<\/div>\n\t\t<div class=\"elementor-element elementor-element-1f8f862b e-con-full e-flex e-con e-child\" data-id=\"1f8f862b\" data-element_type=\"container\" data-settings=\"{&quot;content_width&quot;:&quot;full&quot;,&quot;background_background&quot;:&quot;classic&quot;}\">\n\t\t<div class=\"elementor-element elementor-element-d4639b8 e-con-full e-flex elementor-invisible e-con e-child\" data-id=\"d4639b8\" data-element_type=\"container\" data-settings=\"{&quot;background_background&quot;:&quot;classic&quot;,&quot;content_width&quot;:&quot;full&quot;,&quot;animation&quot;:&quot;fadeInDown&quot;,&quot;sticky&quot;:&quot;top&quot;,&quot;sticky_parent&quot;:&quot;yes&quot;,&quot;sticky_on&quot;:[&quot;desktop&quot;,&quot;tablet&quot;,&quot;mobile&quot;],&quot;sticky_offset&quot;:0,&quot;sticky_effects_offset&quot;:0}\">\n\t\t\t\t<div class=\"elementor-element elementor-element-08167e1 elementor-invisible elementor-widget elementor-widget-heading\" data-id=\"08167e1\" data-element_type=\"widget\" data-settings=\"{&quot;_animation&quot;:&quot;fadeInDown&quot;,&quot;_animation_delay&quot;:100}\" data-widget_type=\"heading.default\">\n\t\t\t\t<div class=\"elementor-widget-container\">\n\t\t\t<div class=\"elementor-heading-title elementor-size-default\">Consultation gratuite<\/div>\t\t<\/div>\n\t\t\t\t<\/div>\n\t\t\t\t<div class=\"elementor-element elementor-element-b94c2a8 elementor-widget elementor-widget-elementskit-contact-form7\" data-id=\"b94c2a8\" data-element_type=\"widget\" data-widget_type=\"elementskit-contact-form7.default\">\n\t\t\t\t<div class=\"elementor-widget-container\">\n\t\t\t<div class=\"ekit-wid-con\" ><div class=\"ekit-form\">\n<div class=\"wpcf7 no-js\" id=\"wpcf7-f414-o1\" lang=\"tr-TR\" dir=\"ltr\">\n<div class=\"screen-reader-response\"><p role=\"status\" aria-live=\"polite\" aria-atomic=\"true\"><\/p> <ul><\/ul><\/div>\n<form action=\"\/fr\/wp-json\/wp\/v2\/pages\/2413#wpcf7-f414-o1\" method=\"post\" class=\"wpcf7-form init\" aria-label=\"Contact form\" novalidate=\"novalidate\" data-status=\"init\">\n<div style=\"display: none;\">\n<input type=\"hidden\" name=\"_wpcf7\" value=\"414\" \/>\n<input type=\"hidden\" name=\"_wpcf7_version\" value=\"5.9.3\" \/>\n<input type=\"hidden\" name=\"_wpcf7_locale\" value=\"tr_TR\" \/>\n<input type=\"hidden\" name=\"_wpcf7_unit_tag\" value=\"wpcf7-f414-o1\" \/>\n<input type=\"hidden\" name=\"_wpcf7_container_post\" value=\"0\" \/>\n<input type=\"hidden\" name=\"_wpcf7_posted_data_hash\" value=\"\" \/>\n<\/div>\n<p><span class=\"wpcf7-form-control-wrap\" data-name=\"adi\"><input size=\"40\" class=\"wpcf7-form-control wpcf7-text wpcf7-validates-as-required\" aria-required=\"true\" aria-invalid=\"false\" placeholder=\"Votre nom\" value=\"\" type=\"text\" name=\"adi\" \/><\/span><br \/>\n<span class=\"wpcf7-form-control-wrap\" data-name=\"tel\"><input size=\"40\" class=\"wpcf7-form-control wpcf7-tel wpcf7-validates-as-required wpcf7-text wpcf7-validates-as-tel\" aria-required=\"true\" aria-invalid=\"false\" placeholder=\"Votre t\u00e9l\u00e9phone\" value=\"\" type=\"tel\" name=\"tel\" \/><\/span><br \/>\n<span class=\"wpcf7-form-control-wrap\" data-name=\"mail\"><input size=\"40\" class=\"wpcf7-form-control wpcf7-email wpcf7-text wpcf7-validates-as-email\" aria-invalid=\"false\" placeholder=\"E-Mail\" value=\"\" type=\"email\" name=\"mail\" \/><\/span><br \/>\n<span class=\"wpcf7-form-control-wrap\" data-name=\"mesaj\"><textarea cols=\"40\" rows=\"10\" class=\"wpcf7-form-control wpcf7-textarea\" aria-invalid=\"false\" placeholder=\"Votre message\" name=\"mesaj\"><\/textarea><\/span><br \/>\n<span class=\"wpcf7-form-control-wrap\" data-name=\"guvenlik\"><label><span class=\"wpcf7-quiz-label\">2 + 2= ?<\/span> <input size=\"40\" class=\"wpcf7-form-control wpcf7-quiz\" autocomplete=\"off\" aria-required=\"true\" aria-invalid=\"false\" type=\"text\" name=\"guvenlik\" \/><\/label><input type=\"hidden\" name=\"_wpcf7_quiz_answer_guvenlik\" value=\"7c415c6b6889823efac7ef851a2cd710\" \/><\/span><br \/>\n<input class=\"wpcf7-form-control wpcf7-submit has-spinner\" type=\"submit\" value=\"Submit Form\" \/>\n<\/p><div class=\"wpcf7-response-output\" aria-hidden=\"true\"><\/div>\n<\/form>\n<\/div>\n<\/div><\/div>\t\t<\/div>\n\t\t\t\t<\/div>\n\t\t\t\t<\/div>\n\t\t\t\t<\/div>\n\t\t\t\t\t<\/div>\n\t\t\t\t<\/div>\n\t\t\t\t<\/div>\n\t\t","protected":false},"excerpt":{"rendered":"<p>Accueil Sant\u00e9 et beaut\u00e9 Rev\u00eatement de zirconium La facette en zirconium est une m\u00e9thode de facette dentaire que les dentistes ont r\u00e9cemment recommand\u00e9e pour obtenir une apparence plus esth\u00e9tique et rendre les fonctions bucco-dentaires plus fonctionnelles. Les dents en zirconium se sont toujours manifest\u00e9es sous la forme de facettes en porcelaine. Les dents en porcelaine, [&hellip;]<\/p>\n","protected":false},"author":1,"featured_media":0,"parent":2270,"menu_order":0,"comment_status":"closed","ping_status":"closed","template":"elementor_header_footer","meta":{"om_disable_all_campaigns":false,"_monsterinsights_skip_tracking":false,"_monsterinsights_sitenote_active":false,"_monsterinsights_sitenote_note":"","_monsterinsights_sitenote_category":0,"footnotes":""},"class_list":["post-2413","page","type-page","status-publish","hentry"],"aioseo_notices":[],"_links":{"self":[{"href":"https:\/\/kartaltipmerkezi.com\/fr\/wp-json\/wp\/v2\/pages\/2413","targetHints":{"allow":["GET"]}}],"collection":[{"href":"https:\/\/kartaltipmerkezi.com\/fr\/wp-json\/wp\/v2\/pages"}],"about":[{"href":"https:\/\/kartaltipmerkezi.com\/fr\/wp-json\/wp\/v2\/types\/page"}],"author":[{"embeddable":true,"href":"https:\/\/kartaltipmerkezi.com\/fr\/wp-json\/wp\/v2\/users\/1"}],"replies":[{"embeddable":true,"href":"https:\/\/kartaltipmerkezi.com\/fr\/wp-json\/wp\/v2\/comments?post=2413"}],"version-history":[{"count":8,"href":"https:\/\/kartaltipmerkezi.com\/fr\/wp-json\/wp\/v2\/pages\/2413\/revisions"}],"predecessor-version":[{"id":2972,"href":"https:\/\/kartaltipmerkezi.com\/fr\/wp-json\/wp\/v2\/pages\/2413\/revisions\/2972"}],"up":[{"embeddable":true,"href":"https:\/\/kartaltipmerkezi.com\/fr\/wp-json\/wp\/v2\/pages\/2270"}],"wp:attachment":[{"href":"https:\/\/kartaltipmerkezi.com\/fr\/wp-json\/wp\/v2\/media?parent=2413"}],"curies":[{"name":"wp","href":"https:\/\/api.w.org\/{rel}","templated":true}]}}