{"id":2411,"date":"2024-08-05T10:59:46","date_gmt":"2024-08-05T07:59:46","guid":{"rendered":"https:\/\/kartaltipmerkezi.com\/fr\/?page_id=2411"},"modified":"2024-08-21T16:48:57","modified_gmt":"2024-08-21T13:48:57","slug":"transplantation-de-barbe-et-de-moustache","status":"publish","type":"page","link":"https:\/\/kartaltipmerkezi.com\/fr\/sante-et-beaute\/transplantation-de-barbe-et-de-moustache","title":{"rendered":"Transplantation de barbe et de moustache"},"content":{"rendered":"\t\t<div data-elementor-type=\"wp-page\" data-elementor-id=\"2411\" class=\"elementor elementor-2411\" data-elementor-post-type=\"page\">\n\t\t\t\t<div class=\"elementor-element elementor-element-2f443ef4 e-flex e-con-boxed e-con e-parent\" data-id=\"2f443ef4\" data-element_type=\"container\" data-settings=\"{&quot;background_background&quot;:&quot;classic&quot;,&quot;content_width&quot;:&quot;boxed&quot;}\" data-core-v316-plus=\"true\">\n\t\t\t\t\t<div class=\"e-con-inner\">\n\t\t<div class=\"elementor-element elementor-element-463e7f0b e-con-full e-flex e-con e-child\" data-id=\"463e7f0b\" data-element_type=\"container\" data-settings=\"{&quot;content_width&quot;:&quot;full&quot;}\">\n\t\t\t\t<div class=\"elementor-element elementor-element-5455798 elementor-icon-list--layout-inline elementor-align-center elementor-mobile-align-left elementor-list-item-link-full_width elementor-invisible elementor-widget elementor-widget-icon-list\" data-id=\"5455798\" data-element_type=\"widget\" data-settings=\"{&quot;_animation&quot;:&quot;fadeInDown&quot;}\" data-widget_type=\"icon-list.default\">\n\t\t\t\t<div class=\"elementor-widget-container\">\n\t\t\t<link rel=\"stylesheet\" href=\"https:\/\/kartaltipmerkezi.com\/en\/wp-content\/plugins\/elementor\/assets\/css\/widget-icon-list.min.css\">\t\t<ul class=\"elementor-icon-list-items elementor-inline-items\">\n\t\t\t\t\t\t\t<li class=\"elementor-icon-list-item elementor-inline-item\">\n\t\t\t\t\t\t\t\t\t\t\t<a href=\"https:\/\/kartaltipmerkezi.com\/fr\">\n\n\t\t\t\t\t\t\t\t\t\t\t\t<span class=\"elementor-icon-list-icon\">\n\t\t\t\t\t\t\t<i aria-hidden=\"true\" class=\"icon icon-home2\"><\/i>\t\t\t\t\t\t<\/span>\n\t\t\t\t\t\t\t\t\t\t<span class=\"elementor-icon-list-text\">Accueil<\/span>\n\t\t\t\t\t\t\t\t\t\t\t<\/a>\n\t\t\t\t\t\t\t\t\t<\/li>\n\t\t\t\t\t\t\t\t<li class=\"elementor-icon-list-item elementor-inline-item\">\n\t\t\t\t\t\t\t\t\t\t\t<a href=\"https:\/\/kartaltipmerkezi.com\/fr\/sante-et-beaute\">\n\n\t\t\t\t\t\t\t\t\t\t\t\t<span class=\"elementor-icon-list-icon\">\n\t\t\t\t\t\t\t<i aria-hidden=\"true\" class=\" arrow_carrot-right\"><\/i>\t\t\t\t\t\t<\/span>\n\t\t\t\t\t\t\t\t\t\t<span class=\"elementor-icon-list-text\">Sant\u00e9 et beaut\u00e9<\/span>\n\t\t\t\t\t\t\t\t\t\t\t<\/a>\n\t\t\t\t\t\t\t\t\t<\/li>\n\t\t\t\t\t\t\t\t<li class=\"elementor-icon-list-item elementor-inline-item\">\n\t\t\t\t\t\t\t\t\t\t\t<a href=\"https:\/\/kartaltipmerkezi.com\/fr\/sante-et-beaute\/transplantation-de-barbe-et-de-moustache\">\n\n\t\t\t\t\t\t\t\t\t\t\t\t<span class=\"elementor-icon-list-icon\">\n\t\t\t\t\t\t\t<i aria-hidden=\"true\" class=\" arrow_carrot-right\"><\/i>\t\t\t\t\t\t<\/span>\n\t\t\t\t\t\t\t\t\t\t<span class=\"elementor-icon-list-text\">Transplantation de barbe et de moustache<\/span>\n\t\t\t\t\t\t\t\t\t\t\t<\/a>\n\t\t\t\t\t\t\t\t\t<\/li>\n\t\t\t\t\t\t<\/ul>\n\t\t\t\t<\/div>\n\t\t\t\t<\/div>\n\t\t\t\t<div class=\"elementor-element elementor-element-f8e4876 elementor-invisible elementor-widget elementor-widget-heading\" data-id=\"f8e4876\" data-element_type=\"widget\" data-settings=\"{&quot;_animation&quot;:&quot;fadeInDown&quot;,&quot;_animation_delay&quot;:100}\" data-widget_type=\"heading.default\">\n\t\t\t\t<div class=\"elementor-widget-container\">\n\t\t\t<style>\/*! elementor - v3.19.0 - 07-02-2024 *\/\n.elementor-heading-title{padding:0;margin:0;line-height:1}.elementor-widget-heading .elementor-heading-title[class*=elementor-size-]>a{color:inherit;font-size:inherit;line-height:inherit}.elementor-widget-heading .elementor-heading-title.elementor-size-small{font-size:15px}.elementor-widget-heading .elementor-heading-title.elementor-size-medium{font-size:19px}.elementor-widget-heading .elementor-heading-title.elementor-size-large{font-size:29px}.elementor-widget-heading .elementor-heading-title.elementor-size-xl{font-size:39px}.elementor-widget-heading .elementor-heading-title.elementor-size-xxl{font-size:59px}<\/style><h1 class=\"elementor-heading-title elementor-size-default\">Transplantation de barbe et de moustache<\/h1>\t\t<\/div>\n\t\t\t\t<\/div>\n\t\t\t\t<div class=\"elementor-element elementor-element-4907608 elementor-invisible elementor-widget elementor-widget-heading\" data-id=\"4907608\" data-element_type=\"widget\" data-settings=\"{&quot;_animation&quot;:&quot;fadeInDown&quot;,&quot;_animation_delay&quot;:100}\" data-widget_type=\"heading.default\">\n\t\t\t\t<div class=\"elementor-widget-container\">\n\t\t\t<p class=\"elementor-heading-title elementor-size-default\">Les jeunes barbus ont \u00e9t\u00e9 au premier plan dans les films et les s\u00e9ries t\u00e9l\u00e9vis\u00e9es r\u00e9cemment, ce qui a mis la transplantation de barbe et de moustache sur le devant de la sc\u00e8ne. Cette culture, tr\u00e8s populaire non seulement chez les hommes turcs mais aussi chez les hommes arabes, peut \u00eatre divis\u00e9e en trois groupes : la barbe, la moustache et les favoris.<\/p>\t\t<\/div>\n\t\t\t\t<\/div>\n\t\t\t\t<\/div>\n\t\t\t\t\t<\/div>\n\t\t\t\t<\/div>\n\t\t<div class=\"elementor-element elementor-element-4815fea4 e-flex e-con-boxed e-con e-parent\" data-id=\"4815fea4\" data-element_type=\"container\" data-settings=\"{&quot;content_width&quot;:&quot;boxed&quot;}\" data-core-v316-plus=\"true\">\n\t\t\t\t\t<div class=\"e-con-inner\">\n\t\t<div class=\"elementor-element elementor-element-5c597a4b e-con-full e-flex e-con e-child\" data-id=\"5c597a4b\" data-element_type=\"container\" data-settings=\"{&quot;content_width&quot;:&quot;full&quot;}\">\n\t\t\t\t<div class=\"elementor-element elementor-element-6bd7f454 elementor-widget elementor-widget-text-editor\" data-id=\"6bd7f454\" data-element_type=\"widget\" data-widget_type=\"text-editor.default\">\n\t\t\t\t<div class=\"elementor-widget-container\">\n\t\t\t<style>\/*! elementor - v3.19.0 - 07-02-2024 *\/\n.elementor-widget-text-editor.elementor-drop-cap-view-stacked .elementor-drop-cap{background-color:#69727d;color:#fff}.elementor-widget-text-editor.elementor-drop-cap-view-framed .elementor-drop-cap{color:#69727d;border:3px solid;background-color:transparent}.elementor-widget-text-editor:not(.elementor-drop-cap-view-default) .elementor-drop-cap{margin-top:8px}.elementor-widget-text-editor:not(.elementor-drop-cap-view-default) .elementor-drop-cap-letter{width:1em;height:1em}.elementor-widget-text-editor .elementor-drop-cap{float:left;text-align:center;line-height:1;font-size:50px}.elementor-widget-text-editor .elementor-drop-cap-letter{display:inline-block}<\/style>\t\t\t\t<p>Dans la zone de la barbe et de la moustache des hommes, les follicules pileux pr\u00e9lev\u00e9s sur le cuir chevelu sont transplant\u00e9s dans les zones o\u00f9 il n&#8217;y a pas de poils ou o\u00f9 ils sont tr\u00e8s rares. Il est \u00e0 noter que les cheveux de la r\u00e9gion de la nuque sont utilis\u00e9s comme donneurs dans les greffes de barbe et de moustache. Comme les cheveux, les moustaches ont aussi des directions de sortie. Les moustaches ont des courbes. Dans la barbe, il y a des virages dans la r\u00e9gion m\u00e9diane et des courbes dans la r\u00e9gion lat\u00e9rale. C&#8217;est pourquoi il est n\u00e9cessaire de pr\u00eater attention aux aspects et aux angles de chaque lieu de plantation. Comme pour la transplantation des sourcils, les canaux doivent \u00eatre ouverts \u00e0 certains angles de 5 \u00e0 10 degr\u00e9s.<\/p>\n<p><strong>Peut-on l&#8217;appliquer aux hommes qui ont un coin ?<\/strong><\/p>\n<p>La transplantation de barbe et de moustache est une m\u00e9thode qui peut \u00eatre appliqu\u00e9e aux patients dont le visage est d\u00e9pourvu de barbe et de moustache, ce que l&#8217;on appelle un coin. Ainsi, la transplantation de cheveux et de moustaches a \u00e9t\u00e9 appliqu\u00e9e avec succ\u00e8s \u00e0 de nombreux patients arabes et d&#8217;Extr\u00eame-Orient qui sont venus dans notre clinique.<\/p>\n<p>Cependant, le fait que le patient \u00e0 greffer soit brun ou blond n&#8217;affecte en rien le processus de traitement. Il est \u00e9galement n\u00e9cessaire d&#8217;analyser les patients dont les cheveux et la barbe sont de couleurs diff\u00e9rentes. Il est utile d&#8217;avertir le patient du r\u00e9sultat possible \u00e0 l&#8217;avance.<\/p>\n<p><strong>Comment transplanter la barbe et la moustache ?<\/strong><\/p>\n<p>La transplantation de barbe et de moustache se fait en une seule s\u00e9ance, sous anesth\u00e9sie locale. Il s&#8217;agit d&#8217;une intervention indolore qui dure environ 4 \u00e0 5 heures. Le lendemain de l&#8217;intervention, de petites cro\u00fbtes peuvent \u00eatre observ\u00e9es dans la zone transplant\u00e9e. Ces cro\u00fbtes disparaissent rapidement. Les poils situ\u00e9s \u00e0 l&#8217;extr\u00e9mit\u00e9 des racines transplant\u00e9es tombent au bout de 15 jours. Il s&#8217;agit d&#8217;un processus normal. Apr\u00e8s trois mois, les cheveux commencent \u00e0 repousser. Au bout de 6 \u00e0 8 mois, le patient aura la barbe et la moustache souhait\u00e9es.<\/p>\n<p><strong>La transplantation de barbe se fait-elle en m\u00eame temps que la transplantation de cheveux ?<\/strong><\/p>\n<p>Si la personne qui subit une greffe de barbe subit \u00e9galement une greffe de cheveux, le patient doit faire l&#8217;objet d&#8217;une \u00e9valuation m\u00e9ticuleuse. Les follicules pileux de la zone donneuse doivent \u00eatre examin\u00e9s en d\u00e9tail. Il convient de calculer que les follicules pileux pr\u00e9lev\u00e9s dans cette zone seront utilis\u00e9s \u00e0 la fois pour les cheveux et la barbe, et d&#8217;\u00e9tablir une planification appropri\u00e9e. L&#8217;ensemencement doit \u00eatre effectu\u00e9 sans endommager les racines des cheveux et sans les gaspiller. En outre, les follicules pileux adapt\u00e9s \u00e0 la barbe doivent \u00eatre utilis\u00e9s pour la transplantation de barbe, et ceux destin\u00e9s aux cheveux doivent \u00eatre utilis\u00e9s pour la transplantation de cheveux. La transplantation de cheveux et de barbe peut \u00eatre effectu\u00e9e en m\u00eame temps en s\u00e9parant correctement les couleurs des follicules pileux.<\/p>\n<p><strong>Combien de racines sont utilis\u00e9es pour la transplantation de barbe ?<\/strong><\/p>\n<p>Le nombre de racines \u00e0 utiliser peut varier d&#8217;une personne \u00e0 l&#8217;autre. La densit\u00e9 de la barbe que l&#8217;on souhaite cr\u00e9er ou le nombre de racines n\u00e9cessaires pour la fermer si elle est manquante sont d\u00e9terminants. En g\u00e9n\u00e9ral, 250 \u00e0 700 racines sont n\u00e9cessaires pour la zone des joues, entre 150 et 250 pour la zone des favoris et entre 550 et 700 pour la zone du menton.<\/p>\n<p><strong>Combien de temps dure une greffe de barbe ?<\/strong><\/p>\n<p>Cette situation peut \u00e9galement varier en fonction de la taille et de la raret\u00e9 de la zone \u00e0 transplanter sur le visage de la personne, de la densit\u00e9 \u00e0 atteindre et de la densit\u00e9 du follicule pileux qui peut \u00eatre pr\u00e9lev\u00e9 sur la zone donneuse. Mais en g\u00e9n\u00e9ral, les temps de pose varient entre 2 et 5 heures.<\/p>\t\t\t\t\t\t<\/div>\n\t\t\t\t<\/div>\n\t\t\t\t<\/div>\n\t\t<div class=\"elementor-element elementor-element-1f8f862b e-con-full e-flex e-con e-child\" data-id=\"1f8f862b\" data-element_type=\"container\" data-settings=\"{&quot;content_width&quot;:&quot;full&quot;,&quot;background_background&quot;:&quot;classic&quot;}\">\n\t\t<div class=\"elementor-element elementor-element-d4639b8 e-con-full e-flex elementor-invisible e-con e-child\" data-id=\"d4639b8\" data-element_type=\"container\" data-settings=\"{&quot;background_background&quot;:&quot;classic&quot;,&quot;content_width&quot;:&quot;full&quot;,&quot;animation&quot;:&quot;fadeInDown&quot;,&quot;sticky&quot;:&quot;top&quot;,&quot;sticky_parent&quot;:&quot;yes&quot;,&quot;sticky_on&quot;:[&quot;desktop&quot;,&quot;tablet&quot;,&quot;mobile&quot;],&quot;sticky_offset&quot;:0,&quot;sticky_effects_offset&quot;:0}\">\n\t\t\t\t<div class=\"elementor-element elementor-element-08167e1 elementor-invisible elementor-widget elementor-widget-heading\" data-id=\"08167e1\" data-element_type=\"widget\" data-settings=\"{&quot;_animation&quot;:&quot;fadeInDown&quot;,&quot;_animation_delay&quot;:100}\" data-widget_type=\"heading.default\">\n\t\t\t\t<div class=\"elementor-widget-container\">\n\t\t\t<div class=\"elementor-heading-title elementor-size-default\">Consultation gratuite<\/div>\t\t<\/div>\n\t\t\t\t<\/div>\n\t\t\t\t<div class=\"elementor-element elementor-element-b94c2a8 elementor-widget elementor-widget-elementskit-contact-form7\" data-id=\"b94c2a8\" data-element_type=\"widget\" data-widget_type=\"elementskit-contact-form7.default\">\n\t\t\t\t<div class=\"elementor-widget-container\">\n\t\t\t<div class=\"ekit-wid-con\" ><div class=\"ekit-form\">\n<div class=\"wpcf7 no-js\" id=\"wpcf7-f414-o1\" lang=\"tr-TR\" dir=\"ltr\">\n<div class=\"screen-reader-response\"><p role=\"status\" aria-live=\"polite\" aria-atomic=\"true\"><\/p> <ul><\/ul><\/div>\n<form action=\"\/fr\/wp-json\/wp\/v2\/pages\/2411#wpcf7-f414-o1\" method=\"post\" class=\"wpcf7-form init\" aria-label=\"Contact form\" novalidate=\"novalidate\" data-status=\"init\">\n<div style=\"display: none;\">\n<input type=\"hidden\" name=\"_wpcf7\" value=\"414\" \/>\n<input type=\"hidden\" name=\"_wpcf7_version\" value=\"5.9.3\" \/>\n<input type=\"hidden\" name=\"_wpcf7_locale\" value=\"tr_TR\" \/>\n<input type=\"hidden\" name=\"_wpcf7_unit_tag\" value=\"wpcf7-f414-o1\" \/>\n<input type=\"hidden\" name=\"_wpcf7_container_post\" value=\"0\" \/>\n<input type=\"hidden\" name=\"_wpcf7_posted_data_hash\" value=\"\" \/>\n<\/div>\n<p><span class=\"wpcf7-form-control-wrap\" data-name=\"adi\"><input size=\"40\" class=\"wpcf7-form-control wpcf7-text wpcf7-validates-as-required\" aria-required=\"true\" aria-invalid=\"false\" placeholder=\"Votre nom\" value=\"\" type=\"text\" name=\"adi\" \/><\/span><br \/>\n<span class=\"wpcf7-form-control-wrap\" data-name=\"tel\"><input size=\"40\" class=\"wpcf7-form-control wpcf7-tel wpcf7-validates-as-required wpcf7-text wpcf7-validates-as-tel\" aria-required=\"true\" aria-invalid=\"false\" placeholder=\"Votre t\u00e9l\u00e9phone\" value=\"\" type=\"tel\" name=\"tel\" \/><\/span><br \/>\n<span class=\"wpcf7-form-control-wrap\" data-name=\"mail\"><input size=\"40\" class=\"wpcf7-form-control wpcf7-email wpcf7-text wpcf7-validates-as-email\" aria-invalid=\"false\" placeholder=\"E-Mail\" value=\"\" type=\"email\" name=\"mail\" \/><\/span><br \/>\n<span class=\"wpcf7-form-control-wrap\" data-name=\"mesaj\"><textarea cols=\"40\" rows=\"10\" class=\"wpcf7-form-control wpcf7-textarea\" aria-invalid=\"false\" placeholder=\"Votre message\" name=\"mesaj\"><\/textarea><\/span><br \/>\n<span class=\"wpcf7-form-control-wrap\" data-name=\"guvenlik\"><label><span class=\"wpcf7-quiz-label\">2 + 2= ?<\/span> <input size=\"40\" class=\"wpcf7-form-control wpcf7-quiz\" autocomplete=\"off\" aria-required=\"true\" aria-invalid=\"false\" type=\"text\" name=\"guvenlik\" \/><\/label><input type=\"hidden\" name=\"_wpcf7_quiz_answer_guvenlik\" value=\"7c415c6b6889823efac7ef851a2cd710\" \/><\/span><br \/>\n<input class=\"wpcf7-form-control wpcf7-submit has-spinner\" type=\"submit\" value=\"Submit Form\" \/>\n<\/p><div class=\"wpcf7-response-output\" aria-hidden=\"true\"><\/div>\n<\/form>\n<\/div>\n<\/div><\/div>\t\t<\/div>\n\t\t\t\t<\/div>\n\t\t\t\t<\/div>\n\t\t\t\t<\/div>\n\t\t\t\t\t<\/div>\n\t\t\t\t<\/div>\n\t\t\t\t<\/div>\n\t\t","protected":false},"excerpt":{"rendered":"<p>Accueil Sant\u00e9 et beaut\u00e9 Transplantation de barbe et de moustache Les jeunes barbus ont \u00e9t\u00e9 au premier plan dans les films et les s\u00e9ries t\u00e9l\u00e9vis\u00e9es r\u00e9cemment, ce qui a mis la transplantation de barbe et de moustache sur le devant de la sc\u00e8ne. Cette culture, tr\u00e8s populaire non seulement chez les hommes turcs mais aussi [&hellip;]<\/p>\n","protected":false},"author":1,"featured_media":0,"parent":2270,"menu_order":0,"comment_status":"closed","ping_status":"closed","template":"elementor_header_footer","meta":{"om_disable_all_campaigns":false,"_monsterinsights_skip_tracking":false,"_monsterinsights_sitenote_active":false,"_monsterinsights_sitenote_note":"","_monsterinsights_sitenote_category":0,"footnotes":""},"class_list":["post-2411","page","type-page","status-publish","hentry"],"aioseo_notices":[],"_links":{"self":[{"href":"https:\/\/kartaltipmerkezi.com\/fr\/wp-json\/wp\/v2\/pages\/2411","targetHints":{"allow":["GET"]}}],"collection":[{"href":"https:\/\/kartaltipmerkezi.com\/fr\/wp-json\/wp\/v2\/pages"}],"about":[{"href":"https:\/\/kartaltipmerkezi.com\/fr\/wp-json\/wp\/v2\/types\/page"}],"author":[{"embeddable":true,"href":"https:\/\/kartaltipmerkezi.com\/fr\/wp-json\/wp\/v2\/users\/1"}],"replies":[{"embeddable":true,"href":"https:\/\/kartaltipmerkezi.com\/fr\/wp-json\/wp\/v2\/comments?post=2411"}],"version-history":[{"count":11,"href":"https:\/\/kartaltipmerkezi.com\/fr\/wp-json\/wp\/v2\/pages\/2411\/revisions"}],"predecessor-version":[{"id":3025,"href":"https:\/\/kartaltipmerkezi.com\/fr\/wp-json\/wp\/v2\/pages\/2411\/revisions\/3025"}],"up":[{"embeddable":true,"href":"https:\/\/kartaltipmerkezi.com\/fr\/wp-json\/wp\/v2\/pages\/2270"}],"wp:attachment":[{"href":"https:\/\/kartaltipmerkezi.com\/fr\/wp-json\/wp\/v2\/media?parent=2411"}],"curies":[{"name":"wp","href":"https:\/\/api.w.org\/{rel}","templated":true}]}}