{"id":2405,"date":"2024-08-06T10:06:15","date_gmt":"2024-08-06T07:06:15","guid":{"rendered":"https:\/\/kartaltipmerkezi.com\/fr\/?page_id=2405"},"modified":"2024-08-21T15:17:12","modified_gmt":"2024-08-21T12:17:12","slug":"mini-bypass-gastrique","status":"publish","type":"page","link":"https:\/\/kartaltipmerkezi.com\/fr\/sante-et-beaute\/mini-bypass-gastrique","title":{"rendered":"Mini Bypass gastrique"},"content":{"rendered":"\t\t<div data-elementor-type=\"wp-page\" data-elementor-id=\"2405\" class=\"elementor elementor-2405\" data-elementor-post-type=\"page\">\n\t\t\t\t<div class=\"elementor-element elementor-element-2f443ef4 e-flex e-con-boxed e-con e-parent\" data-id=\"2f443ef4\" data-element_type=\"container\" data-settings=\"{&quot;background_background&quot;:&quot;classic&quot;,&quot;content_width&quot;:&quot;boxed&quot;}\" data-core-v316-plus=\"true\">\n\t\t\t\t\t<div class=\"e-con-inner\">\n\t\t<div class=\"elementor-element elementor-element-463e7f0b e-con-full e-flex e-con e-child\" data-id=\"463e7f0b\" data-element_type=\"container\" data-settings=\"{&quot;content_width&quot;:&quot;full&quot;}\">\n\t\t\t\t<div class=\"elementor-element elementor-element-693e399 elementor-icon-list--layout-inline elementor-align-center elementor-mobile-align-left elementor-list-item-link-full_width elementor-invisible elementor-widget elementor-widget-icon-list\" data-id=\"693e399\" data-element_type=\"widget\" data-settings=\"{&quot;_animation&quot;:&quot;fadeInDown&quot;}\" data-widget_type=\"icon-list.default\">\n\t\t\t\t<div class=\"elementor-widget-container\">\n\t\t\t<link rel=\"stylesheet\" href=\"https:\/\/kartaltipmerkezi.com\/en\/wp-content\/plugins\/elementor\/assets\/css\/widget-icon-list.min.css\">\t\t<ul class=\"elementor-icon-list-items elementor-inline-items\">\n\t\t\t\t\t\t\t<li class=\"elementor-icon-list-item elementor-inline-item\">\n\t\t\t\t\t\t\t\t\t\t\t<a href=\"https:\/\/kartaltipmerkezi.com\/fr\">\n\n\t\t\t\t\t\t\t\t\t\t\t\t<span class=\"elementor-icon-list-icon\">\n\t\t\t\t\t\t\t<i aria-hidden=\"true\" class=\"icon icon-home2\"><\/i>\t\t\t\t\t\t<\/span>\n\t\t\t\t\t\t\t\t\t\t<span class=\"elementor-icon-list-text\">Accueil<\/span>\n\t\t\t\t\t\t\t\t\t\t\t<\/a>\n\t\t\t\t\t\t\t\t\t<\/li>\n\t\t\t\t\t\t\t\t<li class=\"elementor-icon-list-item elementor-inline-item\">\n\t\t\t\t\t\t\t\t\t\t\t<a href=\"https:\/\/kartaltipmerkezi.com\/fr\/sante-et-beaute\">\n\n\t\t\t\t\t\t\t\t\t\t\t\t<span class=\"elementor-icon-list-icon\">\n\t\t\t\t\t\t\t<i aria-hidden=\"true\" class=\" arrow_carrot-right\"><\/i>\t\t\t\t\t\t<\/span>\n\t\t\t\t\t\t\t\t\t\t<span class=\"elementor-icon-list-text\">Sant\u00e9 et beaut\u00e9<\/span>\n\t\t\t\t\t\t\t\t\t\t\t<\/a>\n\t\t\t\t\t\t\t\t\t<\/li>\n\t\t\t\t\t\t\t\t<li class=\"elementor-icon-list-item elementor-inline-item\">\n\t\t\t\t\t\t\t\t\t\t\t<a href=\"https:\/\/kartaltipmerkezi.com\/fr\/sante-et-beaute\/mini-bypass-gastrique\">\n\n\t\t\t\t\t\t\t\t\t\t\t\t<span class=\"elementor-icon-list-icon\">\n\t\t\t\t\t\t\t<i aria-hidden=\"true\" class=\" arrow_carrot-right\"><\/i>\t\t\t\t\t\t<\/span>\n\t\t\t\t\t\t\t\t\t\t<span class=\"elementor-icon-list-text\">Mini Bypass gastrique<\/span>\n\t\t\t\t\t\t\t\t\t\t\t<\/a>\n\t\t\t\t\t\t\t\t\t<\/li>\n\t\t\t\t\t\t<\/ul>\n\t\t\t\t<\/div>\n\t\t\t\t<\/div>\n\t\t\t\t<div class=\"elementor-element elementor-element-f8e4876 elementor-invisible elementor-widget elementor-widget-heading\" data-id=\"f8e4876\" data-element_type=\"widget\" data-settings=\"{&quot;_animation&quot;:&quot;fadeInDown&quot;,&quot;_animation_delay&quot;:100}\" data-widget_type=\"heading.default\">\n\t\t\t\t<div class=\"elementor-widget-container\">\n\t\t\t<style>\/*! elementor - v3.19.0 - 07-02-2024 *\/\n.elementor-heading-title{padding:0;margin:0;line-height:1}.elementor-widget-heading .elementor-heading-title[class*=elementor-size-]>a{color:inherit;font-size:inherit;line-height:inherit}.elementor-widget-heading .elementor-heading-title.elementor-size-small{font-size:15px}.elementor-widget-heading .elementor-heading-title.elementor-size-medium{font-size:19px}.elementor-widget-heading .elementor-heading-title.elementor-size-large{font-size:29px}.elementor-widget-heading .elementor-heading-title.elementor-size-xl{font-size:39px}.elementor-widget-heading .elementor-heading-title.elementor-size-xxl{font-size:59px}<\/style><h1 class=\"elementor-heading-title elementor-size-default\">Mini Bypass gastrique<\/h1>\t\t<\/div>\n\t\t\t\t<\/div>\n\t\t\t\t<div class=\"elementor-element elementor-element-4907608 elementor-invisible elementor-widget elementor-widget-heading\" data-id=\"4907608\" data-element_type=\"widget\" data-settings=\"{&quot;_animation&quot;:&quot;fadeInDown&quot;,&quot;_animation_delay&quot;:100}\" data-widget_type=\"heading.default\">\n\t\t\t\t<div class=\"elementor-widget-container\">\n\t\t\t<p class=\"elementor-heading-title elementor-size-default\">Le mini bypass gastrique est l'op\u00e9ration la plus facile, la plus courte et la plus \u00e9conomique parmi les op\u00e9rations de chirurgie bariatrique. Le mini bypass gastrique permet de perdre autant de poids que les autres op\u00e9rations de bypass. Elle permet de contr\u00f4ler des affections telles que le diab\u00e8te de type 2, le diab\u00e8te, l'hyperlipid\u00e9mie et l'hypertension, qui font partie des sympt\u00f4mes du syndrome m\u00e9tabolique. La logique la plus \u00e9l\u00e9mentaire de la chirurgie est de r\u00e9duire le volume de l'estomac.<\/p>\t\t<\/div>\n\t\t\t\t<\/div>\n\t\t\t\t<\/div>\n\t\t\t\t\t<\/div>\n\t\t\t\t<\/div>\n\t\t<div class=\"elementor-element elementor-element-4815fea4 e-flex e-con-boxed e-con e-parent\" data-id=\"4815fea4\" data-element_type=\"container\" data-settings=\"{&quot;content_width&quot;:&quot;boxed&quot;}\" data-core-v316-plus=\"true\">\n\t\t\t\t\t<div class=\"e-con-inner\">\n\t\t<div class=\"elementor-element elementor-element-5c597a4b e-con-full e-flex e-con e-child\" data-id=\"5c597a4b\" data-element_type=\"container\" data-settings=\"{&quot;content_width&quot;:&quot;full&quot;}\">\n\t\t\t\t<div class=\"elementor-element elementor-element-6bd7f454 elementor-widget elementor-widget-text-editor\" data-id=\"6bd7f454\" data-element_type=\"widget\" data-widget_type=\"text-editor.default\">\n\t\t\t\t<div class=\"elementor-widget-container\">\n\t\t\t<style>\/*! elementor - v3.19.0 - 07-02-2024 *\/\n.elementor-widget-text-editor.elementor-drop-cap-view-stacked .elementor-drop-cap{background-color:#69727d;color:#fff}.elementor-widget-text-editor.elementor-drop-cap-view-framed .elementor-drop-cap{color:#69727d;border:3px solid;background-color:transparent}.elementor-widget-text-editor:not(.elementor-drop-cap-view-default) .elementor-drop-cap{margin-top:8px}.elementor-widget-text-editor:not(.elementor-drop-cap-view-default) .elementor-drop-cap-letter{width:1em;height:1em}.elementor-widget-text-editor .elementor-drop-cap{float:left;text-align:center;line-height:1;font-size:50px}.elementor-widget-text-editor .elementor-drop-cap-letter{display:inline-block}<\/style>\t\t\t\t<p>Cependant, il est \u00e9galement contourn\u00e9 dans l&#8217;intestin qui assure l&#8217;absorption \u00e0 la sortie de l&#8217;estomac. Une d\u00e9rivation est r\u00e9alis\u00e9e par la connexion de l&#8217;anastomose entre l&#8217;estomac et l&#8217;intestin gr\u00eale. La d\u00e9sactivation de cet intestin absorbant a un effet positif sur la perte de poids rapide, le traitement de la tension art\u00e9rielle, du cholest\u00e9rol, du diab\u00e8te et des patients d&#8217;\u00e2ge avanc\u00e9. Le mini bypass gastrique est une op\u00e9ration r\u00e9alis\u00e9e avec des m\u00e9thodes compl\u00e8tement ferm\u00e9es. Les incisions sont inf\u00e9rieures \u00e0 1 centim\u00e8tre. Par ces incisions, la cam\u00e9ra et les outils n\u00e9cessaires \u00e0 l&#8217;op\u00e9ration sont plac\u00e9s dans l&#8217;abdomen. Il s&#8217;agit d&#8217;outils sp\u00e9cialement con\u00e7us pour passer \u00e0 travers les trous. Un petit tube gastrique est cr\u00e9\u00e9 \u00e0 l&#8217;entr\u00e9e de l&#8217;estomac pour le s\u00e9parer du reste de l&#8217;estomac. C&#8217;est ce morceau d&#8217;estomac qui sera utilis\u00e9 apr\u00e8s l&#8217;op\u00e9ration. Lors de l&#8217;op\u00e9ration, aucun organe n&#8217;est coup\u00e9 ou enlev\u00e9. L&#8217;estomac ainsi form\u00e9 est reli\u00e9 \u00e0 l&#8217;intestin gr\u00eale et les aliments sont achemin\u00e9s vers les intestins. Cette proc\u00e9dure couvre la deuxi\u00e8me partie de l&#8217;op\u00e9ration.<\/p>\n<p><strong>Qui sont les candidats \u00e0 un mini bypass gastrique ?<\/strong><\/p>\n<p>Pour b\u00e9n\u00e9ficier d&#8217;un mini bypass gastrique, vous devez avoir un indice de masse corporelle minimum de 35 et plus. L&#8217;op\u00e9ration dure entre 30 et 60 minutes. Vous pouvez sortir de l&#8217;h\u00f4pital 24 heures apr\u00e8s l&#8217;op\u00e9ration.<\/p>\n<p><strong>Comment perdre du poids avec le mini bypass gastrique ?<\/strong><\/p>\n<p>Le mini bypass gastrique permet de perdre du poids de trois mani\u00e8res diff\u00e9rentes. Il s&#8217;agit des voies suivantes : la r\u00e9duction du volume de l&#8217;estomac, la restriction de l&#8217;absorption et la r\u00e9gulation hormonale. Avec la r\u00e9duction du volume de l&#8217;estomac, qui est la premi\u00e8re voie, vos portions alimentaires seront r\u00e9duites. Dans la deuxi\u00e8me voie, la restriction de l&#8217;absorption, la section de 200 cm au d\u00e9but de l&#8217;intestin gr\u00eale est s\u00e9par\u00e9e du passage des aliments. Cette section s\u00e9par\u00e9e est charg\u00e9e de transporter la bile et d&#8217;autres liquides qui permettent la digestion et l&#8217;absorption. Gr\u00e2ce \u00e0 cette restriction de l&#8217;absorption, l&#8217;importance de votre perte de poids sera \u00e9lev\u00e9e et la perte de poids obtenue sera maintenue pendant longtemps. La troisi\u00e8me voie, la r\u00e9gulation hormonale, a pour effet de maintenir l&#8217;estomac passif \u00e0 l&#8217;int\u00e9rieur. Les aliments consomm\u00e9s ne pouvant franchir cette partie, leur efficacit\u00e9 sera perdue sans crier gare. Ainsi, la s\u00e9cr\u00e9tion de ghr\u00e9line, qui est l&#8217;hormone de la faim, diminuera.<\/p>\n<p><strong>Comment l&#8217;estomac et l&#8217;intestin gr\u00eale sont-ils reli\u00e9s entre eux ?<\/strong><\/p>\n<p>La connexion entre l&#8217;estomac et l&#8217;intestin gr\u00eale est r\u00e9alis\u00e9e \u00e0 l&#8217;aide d&#8217;agrafes sp\u00e9ciales appel\u00e9es agrafeuses. Ces agrafes, appel\u00e9es agrafeuses, sont des outils sp\u00e9cialement con\u00e7us pour la m\u00e9thode ferm\u00e9e. En collant l&#8217;estomac et l&#8217;intestin, un espace est cr\u00e9\u00e9 entre eux. Cet espace cr\u00e9\u00e9 est appel\u00e9 anastomose.<\/p>\n<p><strong>Quand puis-je sortir de l&#8217;h\u00f4pital apr\u00e8s un mini bypass gastrique ?<\/strong><\/p>\n<p>Vous pouvez vous lever 4 heures apr\u00e8s le mini-pontage gastrique et commencer \u00e0 vous alimenter par voie orale 24 heures apr\u00e8s l&#8217;op\u00e9ration. Si vous n&#8217;avez pas de probl\u00e8mes \u00e0 la suite des contr\u00f4les et des examens, vous pourrez sortir 3 jours apr\u00e8s l&#8217;op\u00e9ration avec des recommandations nutritionnelles.<\/p>\n<p><strong>Comment dois-je manger apr\u00e8s un mini bypass gastrique ?<\/strong><\/p>\n<p>Apr\u00e8s un mini bypass gastrique, vous devez suivre le plan alimentaire pr\u00e9par\u00e9 sp\u00e9cialement pour vous par votre di\u00e9t\u00e9ticien. En g\u00e9n\u00e9ral, une petite quantit\u00e9 d&#8217;eau, de jus de pomme ou de jus de fruits peut \u00eatre donn\u00e9e le jour suivant l&#8217;op\u00e9ration. Les aliments liquides ou semi-liquides, le lait \u00e9cr\u00e9m\u00e9 et les yaourts, les soupes pr\u00e9par\u00e9es avec du yaourt, les pur\u00e9es de fruits pr\u00e9par\u00e9es avec du yaourt, les l\u00e9gumineuses en pur\u00e9e et les plats en pot, les corn flakes pr\u00e9par\u00e9s avec du lait \u00e9cr\u00e9m\u00e9 et les fromages sans mati\u00e8re grasse peuvent \u00eatre consomm\u00e9s pendant le premier mois environ. En revanche, le chocolat, le miel, les g\u00e2teaux, les desserts, les sorbets, les glaces, les sodas, les boissons alcoolis\u00e9es et tous les aliments contenant du sucre ne doivent pas \u00eatre consomm\u00e9s car ils provoquent des vomissements.<\/p>\t\t\t\t\t\t<\/div>\n\t\t\t\t<\/div>\n\t\t\t\t<\/div>\n\t\t<div class=\"elementor-element elementor-element-1f8f862b e-con-full e-flex e-con e-child\" data-id=\"1f8f862b\" data-element_type=\"container\" data-settings=\"{&quot;content_width&quot;:&quot;full&quot;,&quot;background_background&quot;:&quot;classic&quot;}\">\n\t\t<div class=\"elementor-element elementor-element-d4639b8 e-con-full e-flex elementor-invisible e-con e-child\" data-id=\"d4639b8\" data-element_type=\"container\" data-settings=\"{&quot;background_background&quot;:&quot;classic&quot;,&quot;content_width&quot;:&quot;full&quot;,&quot;animation&quot;:&quot;fadeInDown&quot;,&quot;sticky&quot;:&quot;top&quot;,&quot;sticky_parent&quot;:&quot;yes&quot;,&quot;sticky_on&quot;:[&quot;desktop&quot;,&quot;tablet&quot;,&quot;mobile&quot;],&quot;sticky_offset&quot;:0,&quot;sticky_effects_offset&quot;:0}\">\n\t\t\t\t<div class=\"elementor-element elementor-element-08167e1 elementor-invisible elementor-widget elementor-widget-heading\" data-id=\"08167e1\" data-element_type=\"widget\" data-settings=\"{&quot;_animation&quot;:&quot;fadeInDown&quot;,&quot;_animation_delay&quot;:100}\" data-widget_type=\"heading.default\">\n\t\t\t\t<div class=\"elementor-widget-container\">\n\t\t\t<div class=\"elementor-heading-title elementor-size-default\">Consultation gratuite<\/div>\t\t<\/div>\n\t\t\t\t<\/div>\n\t\t\t\t<div class=\"elementor-element elementor-element-b94c2a8 elementor-widget elementor-widget-elementskit-contact-form7\" data-id=\"b94c2a8\" data-element_type=\"widget\" data-widget_type=\"elementskit-contact-form7.default\">\n\t\t\t\t<div class=\"elementor-widget-container\">\n\t\t\t<div class=\"ekit-wid-con\" ><div class=\"ekit-form\">\n<div class=\"wpcf7 no-js\" id=\"wpcf7-f414-o1\" lang=\"tr-TR\" dir=\"ltr\">\n<div class=\"screen-reader-response\"><p role=\"status\" aria-live=\"polite\" aria-atomic=\"true\"><\/p> <ul><\/ul><\/div>\n<form action=\"\/fr\/wp-json\/wp\/v2\/pages\/2405#wpcf7-f414-o1\" method=\"post\" class=\"wpcf7-form init\" aria-label=\"Contact form\" novalidate=\"novalidate\" data-status=\"init\">\n<div style=\"display: none;\">\n<input type=\"hidden\" name=\"_wpcf7\" value=\"414\" \/>\n<input type=\"hidden\" name=\"_wpcf7_version\" value=\"5.9.3\" \/>\n<input type=\"hidden\" name=\"_wpcf7_locale\" value=\"tr_TR\" \/>\n<input type=\"hidden\" name=\"_wpcf7_unit_tag\" value=\"wpcf7-f414-o1\" \/>\n<input type=\"hidden\" name=\"_wpcf7_container_post\" value=\"0\" \/>\n<input type=\"hidden\" name=\"_wpcf7_posted_data_hash\" value=\"\" \/>\n<\/div>\n<p><span class=\"wpcf7-form-control-wrap\" data-name=\"adi\"><input size=\"40\" class=\"wpcf7-form-control wpcf7-text wpcf7-validates-as-required\" aria-required=\"true\" aria-invalid=\"false\" placeholder=\"Votre nom\" value=\"\" type=\"text\" name=\"adi\" \/><\/span><br \/>\n<span class=\"wpcf7-form-control-wrap\" data-name=\"tel\"><input size=\"40\" class=\"wpcf7-form-control wpcf7-tel wpcf7-validates-as-required wpcf7-text wpcf7-validates-as-tel\" aria-required=\"true\" aria-invalid=\"false\" placeholder=\"Votre t\u00e9l\u00e9phone\" value=\"\" type=\"tel\" name=\"tel\" \/><\/span><br \/>\n<span class=\"wpcf7-form-control-wrap\" data-name=\"mail\"><input size=\"40\" class=\"wpcf7-form-control wpcf7-email wpcf7-text wpcf7-validates-as-email\" aria-invalid=\"false\" placeholder=\"E-Mail\" value=\"\" type=\"email\" name=\"mail\" \/><\/span><br \/>\n<span class=\"wpcf7-form-control-wrap\" data-name=\"mesaj\"><textarea cols=\"40\" rows=\"10\" class=\"wpcf7-form-control wpcf7-textarea\" aria-invalid=\"false\" placeholder=\"Votre message\" name=\"mesaj\"><\/textarea><\/span><br \/>\n<span class=\"wpcf7-form-control-wrap\" data-name=\"guvenlik\"><label><span class=\"wpcf7-quiz-label\">2 + 2= ?<\/span> <input size=\"40\" class=\"wpcf7-form-control wpcf7-quiz\" autocomplete=\"off\" aria-required=\"true\" aria-invalid=\"false\" type=\"text\" name=\"guvenlik\" \/><\/label><input type=\"hidden\" name=\"_wpcf7_quiz_answer_guvenlik\" value=\"7c415c6b6889823efac7ef851a2cd710\" \/><\/span><br \/>\n<input class=\"wpcf7-form-control wpcf7-submit has-spinner\" type=\"submit\" value=\"Submit Form\" \/>\n<\/p><div class=\"wpcf7-response-output\" aria-hidden=\"true\"><\/div>\n<\/form>\n<\/div>\n<\/div><\/div>\t\t<\/div>\n\t\t\t\t<\/div>\n\t\t\t\t<\/div>\n\t\t\t\t<\/div>\n\t\t\t\t\t<\/div>\n\t\t\t\t<\/div>\n\t\t\t\t<\/div>\n\t\t","protected":false},"excerpt":{"rendered":"<p>Accueil Sant\u00e9 et beaut\u00e9 Mini Bypass gastrique Le mini bypass gastrique est l&#8217;op\u00e9ration la plus facile, la plus courte et la plus \u00e9conomique parmi les op\u00e9rations de chirurgie bariatrique. Le mini bypass gastrique permet de perdre autant de poids que les autres op\u00e9rations de bypass. Elle permet de contr\u00f4ler des affections telles que le diab\u00e8te [&hellip;]<\/p>\n","protected":false},"author":1,"featured_media":0,"parent":2270,"menu_order":0,"comment_status":"closed","ping_status":"closed","template":"elementor_header_footer","meta":{"om_disable_all_campaigns":false,"_monsterinsights_skip_tracking":false,"_monsterinsights_sitenote_active":false,"_monsterinsights_sitenote_note":"","_monsterinsights_sitenote_category":0,"footnotes":""},"class_list":["post-2405","page","type-page","status-publish","hentry"],"aioseo_notices":[],"_links":{"self":[{"href":"https:\/\/kartaltipmerkezi.com\/fr\/wp-json\/wp\/v2\/pages\/2405","targetHints":{"allow":["GET"]}}],"collection":[{"href":"https:\/\/kartaltipmerkezi.com\/fr\/wp-json\/wp\/v2\/pages"}],"about":[{"href":"https:\/\/kartaltipmerkezi.com\/fr\/wp-json\/wp\/v2\/types\/page"}],"author":[{"embeddable":true,"href":"https:\/\/kartaltipmerkezi.com\/fr\/wp-json\/wp\/v2\/users\/1"}],"replies":[{"embeddable":true,"href":"https:\/\/kartaltipmerkezi.com\/fr\/wp-json\/wp\/v2\/comments?post=2405"}],"version-history":[{"count":8,"href":"https:\/\/kartaltipmerkezi.com\/fr\/wp-json\/wp\/v2\/pages\/2405\/revisions"}],"predecessor-version":[{"id":2920,"href":"https:\/\/kartaltipmerkezi.com\/fr\/wp-json\/wp\/v2\/pages\/2405\/revisions\/2920"}],"up":[{"embeddable":true,"href":"https:\/\/kartaltipmerkezi.com\/fr\/wp-json\/wp\/v2\/pages\/2270"}],"wp:attachment":[{"href":"https:\/\/kartaltipmerkezi.com\/fr\/wp-json\/wp\/v2\/media?parent=2405"}],"curies":[{"name":"wp","href":"https:\/\/api.w.org\/{rel}","templated":true}]}}