{"id":2380,"date":"2024-07-29T17:06:20","date_gmt":"2024-07-29T14:06:20","guid":{"rendered":"https:\/\/kartaltipmerkezi.com\/fr\/?page_id=2380"},"modified":"2024-08-21T12:53:59","modified_gmt":"2024-08-21T09:53:59","slug":"levee-de-bras","status":"publish","type":"page","link":"https:\/\/kartaltipmerkezi.com\/fr\/sante-et-beaute\/levee-de-bras","title":{"rendered":"Lev\u00e9e de bras"},"content":{"rendered":"\t\t<div data-elementor-type=\"wp-page\" data-elementor-id=\"2380\" class=\"elementor elementor-2380\" data-elementor-post-type=\"page\">\n\t\t\t\t<div class=\"elementor-element elementor-element-2f443ef4 e-flex e-con-boxed e-con e-parent\" data-id=\"2f443ef4\" data-element_type=\"container\" data-settings=\"{&quot;background_background&quot;:&quot;classic&quot;,&quot;content_width&quot;:&quot;boxed&quot;}\" data-core-v316-plus=\"true\">\n\t\t\t\t\t<div class=\"e-con-inner\">\n\t\t<div class=\"elementor-element elementor-element-463e7f0b e-con-full e-flex e-con e-child\" data-id=\"463e7f0b\" data-element_type=\"container\" data-settings=\"{&quot;content_width&quot;:&quot;full&quot;}\">\n\t\t\t\t<div class=\"elementor-element elementor-element-51ca5f5 elementor-icon-list--layout-inline elementor-align-center elementor-mobile-align-left elementor-list-item-link-full_width elementor-invisible elementor-widget elementor-widget-icon-list\" data-id=\"51ca5f5\" data-element_type=\"widget\" data-settings=\"{&quot;_animation&quot;:&quot;fadeInDown&quot;}\" data-widget_type=\"icon-list.default\">\n\t\t\t\t<div class=\"elementor-widget-container\">\n\t\t\t<link rel=\"stylesheet\" href=\"https:\/\/kartaltipmerkezi.com\/en\/wp-content\/plugins\/elementor\/assets\/css\/widget-icon-list.min.css\">\t\t<ul class=\"elementor-icon-list-items elementor-inline-items\">\n\t\t\t\t\t\t\t<li class=\"elementor-icon-list-item elementor-inline-item\">\n\t\t\t\t\t\t\t\t\t\t\t<a href=\"https:\/\/kartaltipmerkezi.com\/fr\">\n\n\t\t\t\t\t\t\t\t\t\t\t\t<span class=\"elementor-icon-list-icon\">\n\t\t\t\t\t\t\t<i aria-hidden=\"true\" class=\"icon icon-home2\"><\/i>\t\t\t\t\t\t<\/span>\n\t\t\t\t\t\t\t\t\t\t<span class=\"elementor-icon-list-text\">Accueil<\/span>\n\t\t\t\t\t\t\t\t\t\t\t<\/a>\n\t\t\t\t\t\t\t\t\t<\/li>\n\t\t\t\t\t\t\t\t<li class=\"elementor-icon-list-item elementor-inline-item\">\n\t\t\t\t\t\t\t\t\t\t\t<a href=\"https:\/\/kartaltipmerkezi.com\/fr\/sante-et-beaute\">\n\n\t\t\t\t\t\t\t\t\t\t\t\t<span class=\"elementor-icon-list-icon\">\n\t\t\t\t\t\t\t<i aria-hidden=\"true\" class=\" arrow_carrot-right\"><\/i>\t\t\t\t\t\t<\/span>\n\t\t\t\t\t\t\t\t\t\t<span class=\"elementor-icon-list-text\">Sant\u00e9 et beaut\u00e9<\/span>\n\t\t\t\t\t\t\t\t\t\t\t<\/a>\n\t\t\t\t\t\t\t\t\t<\/li>\n\t\t\t\t\t\t\t\t<li class=\"elementor-icon-list-item elementor-inline-item\">\n\t\t\t\t\t\t\t\t\t\t\t<a href=\"https:\/\/kartaltipmerkezi.com\/fr\/sante-et-beaute\/levee-de-bras\">\n\n\t\t\t\t\t\t\t\t\t\t\t\t<span class=\"elementor-icon-list-icon\">\n\t\t\t\t\t\t\t<i aria-hidden=\"true\" class=\" arrow_carrot-right\"><\/i>\t\t\t\t\t\t<\/span>\n\t\t\t\t\t\t\t\t\t\t<span class=\"elementor-icon-list-text\">Lev\u00e9e de bras<\/span>\n\t\t\t\t\t\t\t\t\t\t\t<\/a>\n\t\t\t\t\t\t\t\t\t<\/li>\n\t\t\t\t\t\t<\/ul>\n\t\t\t\t<\/div>\n\t\t\t\t<\/div>\n\t\t\t\t<div class=\"elementor-element elementor-element-f8e4876 elementor-invisible elementor-widget elementor-widget-heading\" data-id=\"f8e4876\" data-element_type=\"widget\" data-settings=\"{&quot;_animation&quot;:&quot;fadeInDown&quot;,&quot;_animation_delay&quot;:100}\" data-widget_type=\"heading.default\">\n\t\t\t\t<div class=\"elementor-widget-container\">\n\t\t\t<style>\/*! elementor - v3.19.0 - 07-02-2024 *\/\n.elementor-heading-title{padding:0;margin:0;line-height:1}.elementor-widget-heading .elementor-heading-title[class*=elementor-size-]>a{color:inherit;font-size:inherit;line-height:inherit}.elementor-widget-heading .elementor-heading-title.elementor-size-small{font-size:15px}.elementor-widget-heading .elementor-heading-title.elementor-size-medium{font-size:19px}.elementor-widget-heading .elementor-heading-title.elementor-size-large{font-size:29px}.elementor-widget-heading .elementor-heading-title.elementor-size-xl{font-size:39px}.elementor-widget-heading .elementor-heading-title.elementor-size-xxl{font-size:59px}<\/style><h1 class=\"elementor-heading-title elementor-size-default\">Lev\u00e9e de bras<\/h1>\t\t<\/div>\n\t\t\t\t<\/div>\n\t\t\t\t<div class=\"elementor-element elementor-element-4907608 elementor-invisible elementor-widget elementor-widget-heading\" data-id=\"4907608\" data-element_type=\"widget\" data-settings=\"{&quot;_animation&quot;:&quot;fadeInDown&quot;,&quot;_animation_delay&quot;:100}\" data-widget_type=\"heading.default\">\n\t\t\t\t<div class=\"elementor-widget-container\">\n\t\t\t<p class=\"elementor-heading-title elementor-size-default\">L'affaissement de la partie sup\u00e9rieure, du dos et de la partie interne du bras est souvent d\u00fb \u00e0 des d\u00e9p\u00f4ts de graisse et \u00e0 un rel\u00e2chement de la peau. Une autre raison du rel\u00e2chement est li\u00e9e \u00e0 la vieillesse, \u00e0 la gravit\u00e9 et \u00e0 la perte de poids intermittente. En effet, la peau et le tissu sous-cutan\u00e9 sont plus l\u00e2ches dans ces zones. Le taux d'accumulation du tissu adipeux et le rel\u00e2chement varient d'une personne \u00e0 l'autre. C'est pourquoi chaque patient devant subir un lifting esth\u00e9tique des bras doit \u00eatre \u00e9valu\u00e9 individuellement.<\/p>\t\t<\/div>\n\t\t\t\t<\/div>\n\t\t\t\t<\/div>\n\t\t\t\t\t<\/div>\n\t\t\t\t<\/div>\n\t\t<div class=\"elementor-element elementor-element-4815fea4 e-flex e-con-boxed e-con e-parent\" data-id=\"4815fea4\" data-element_type=\"container\" data-settings=\"{&quot;content_width&quot;:&quot;boxed&quot;}\" data-core-v316-plus=\"true\">\n\t\t\t\t\t<div class=\"e-con-inner\">\n\t\t<div class=\"elementor-element elementor-element-5c597a4b e-con-full e-flex e-con e-child\" data-id=\"5c597a4b\" data-element_type=\"container\" data-settings=\"{&quot;content_width&quot;:&quot;full&quot;}\">\n\t\t\t\t<div class=\"elementor-element elementor-element-6bd7f454 elementor-widget elementor-widget-text-editor\" data-id=\"6bd7f454\" data-element_type=\"widget\" data-widget_type=\"text-editor.default\">\n\t\t\t\t<div class=\"elementor-widget-container\">\n\t\t\t<style>\/*! elementor - v3.19.0 - 07-02-2024 *\/\n.elementor-widget-text-editor.elementor-drop-cap-view-stacked .elementor-drop-cap{background-color:#69727d;color:#fff}.elementor-widget-text-editor.elementor-drop-cap-view-framed .elementor-drop-cap{color:#69727d;border:3px solid;background-color:transparent}.elementor-widget-text-editor:not(.elementor-drop-cap-view-default) .elementor-drop-cap{margin-top:8px}.elementor-widget-text-editor:not(.elementor-drop-cap-view-default) .elementor-drop-cap-letter{width:1em;height:1em}.elementor-widget-text-editor .elementor-drop-cap{float:left;text-align:center;line-height:1;font-size:50px}.elementor-widget-text-editor .elementor-drop-cap-letter{display:inline-block}<\/style>\t\t\t\t<p>Les op\u00e9rations de lifting des bras peuvent \u00eatre r\u00e9alis\u00e9es seules ou en combinaison avec une r\u00e9duction mammaire, un lifting des seins, une abdominoplastie, un \u00e9tirement des jambes et une liposuccion. L&#8217;op\u00e9ration de lifting des bras doit d&#8217;abord \u00eatre r\u00e9alis\u00e9e dans un h\u00f4pital disposant de l&#8217;\u00e9quipement ad\u00e9quat. L&#8217;op\u00e9ration est r\u00e9alis\u00e9e sous anesth\u00e9sie g\u00e9n\u00e9rale et dure environ 1 \u00e0 3 heures. Il suffit de rester en observation \u00e0 l&#8217;h\u00f4pital pendant un jour apr\u00e8s l&#8217;op\u00e9ration. En effet, il n&#8217;y aura pas de douleur g\u00eanante.<\/p>\n<p><strong>Qu&#8217;est-ce qu&#8217;un lifting des bras et pour qui ?<\/strong><\/p>\n<p>L&#8217;intervention qui consiste \u00e0 retirer l&#8217;exc\u00e8s de graisse et de peau dans la r\u00e9gion du bras de la personne et \u00e0 obtenir des bras minces et serr\u00e9s s&#8217;appelle le lifting des bras. Les op\u00e9rations de lifting des bras sont g\u00e9n\u00e9ralement pratiqu\u00e9es sur des femmes \u00e2g\u00e9es de 40 ans et plus. L&#8217;esth\u00e9tique du lifting des bras peut s&#8217;appliquer \u00e0 toute personne qui pr\u00e9sente un exc\u00e8s de graisse et de peau dans la r\u00e9gion des bras et qui n&#8217;est pas \u00e0 l&#8217;aise avec cette apparence.<\/p>\n<p><strong>Quels sont les \u00e9l\u00e9ments \u00e0 prendre en compte avant une op\u00e9ration de lifting des bras ?<\/strong><\/p>\n<p>Comme pour toutes les interventions chirurgicales, vous devez arr\u00eater de fumer, de prendre de l&#8217;aspirine, des anticoagulants et d&#8217;autres substances similaires environ deux \u00e0 trois semaines avant l&#8217;intervention dans le cas des chirurgies esth\u00e9tiques de lifting des bras. Juste avant l&#8217;op\u00e9ration, vous devrez informer votre m\u00e9decin de votre \u00e9tat de sant\u00e9 g\u00e9n\u00e9ral et des m\u00e9dicaments que vous prenez. Vous ne devez pas utiliser d&#8217;analg\u00e9siques tels que l&#8217;apranaks, le vermidone et le voltaren, de pilules multivitamin\u00e9es, de th\u00e9 vert, de graines de tomates, de queues de cerises, de graines de lin et de tous les produits amaigrissants.<\/p>\n<p><strong>Comment se d\u00e9roule une op\u00e9ration de lifting des bras ?<\/strong><\/p>\n<p>L&#8217;op\u00e9ration de lifting des bras commence par une incision en forme de &#8220;L&#8221; partant de l&#8217;aisselle vers le coude. En g\u00e9n\u00e9ral, seule la peau exc\u00e9dentaire est retir\u00e9e et la tension du bras est augment\u00e9e. Toutefois, chez les patients dont les bras sont tr\u00e8s \u00e9pais, la m\u00e9thode de liposuccion est \u00e9galement ajout\u00e9e au processus d&#8217;\u00e9tirement des bras. Si cette m\u00e9thode est ajout\u00e9e, l&#8217;op\u00e9ration sera plus r\u00e9ussie. L&#8217;op\u00e9ration est r\u00e9alis\u00e9e sous anesth\u00e9sie g\u00e9n\u00e9rale et sa dur\u00e9e varie entre une demi-heure et trois heures.<\/p>\n<p><strong>Que vais-je ressentir apr\u00e8s l&#8217;op\u00e9ration de lifting des bras ?<\/strong><\/p>\n<p>Apr\u00e8s le lifting des bras, les patients peuvent rentrer chez eux. Les points de suture sont recouverts d&#8217;un pansement protecteur pendant les deux jours qui suivent l&#8217;op\u00e9ration. Comme tous les points de suture sont sous la peau, il n&#8217;est pas n\u00e9cessaire de les retirer. Au bout de deux jours, les patients peuvent facilement prendre un bain. Au cours des trois premi\u00e8res semaines suivant l&#8217;op\u00e9ration, les patients doivent \u00e9viter de bouger excessivement le bras. Le probl\u00e8me le plus important apr\u00e8s une op\u00e9ration de lifting des bras est celui des cicatrices laiss\u00e9es sur les bras. Ces cicatrices ne sont pas celles que l&#8217;on peut voir de face. \u00c9tant donn\u00e9 que les cicatrices restent \u00e0 l&#8217;int\u00e9rieur des bras du patient, seul le patient les voit. Si ces cicatrices gu\u00e9rissent sans probl\u00e8me, elles s&#8217;estomperont au bout de six mois. Vous devrez utiliser un corset en permanence pendant 4 semaines apr\u00e8s l&#8217;op\u00e9ration de lifting des bras. Le premier pansement apr\u00e8s l&#8217;op\u00e9ration sera fait le 5\u00e8me jour apr\u00e8s l&#8217;op\u00e9ration. Au cours de ce processus, il est possible que vous ressentiez un l\u00e9ger engourdissement, des ecchymoses et un \u0153d\u00e8me, mais ceux-ci dispara\u00eetront rapidement. Vous pouvez facilement reprendre votre vie professionnelle dans la semaine qui suit l&#8217;op\u00e9ration.<\/p>\n<p><strong>Le r\u00e9sultat de l&#8217;op\u00e9ration de lifting des bras est-il permanent ?<\/strong><\/p>\n<p>\u00c9tant donn\u00e9 que le processus de vieillissement se poursuit apr\u00e8s l&#8217;op\u00e9ration de lifting des bras, il peut y avoir un certain rel\u00e2chement. Le processus de prise et de perte de poids s&#8217;en trouvera acc\u00e9l\u00e9r\u00e9. Mais vos bras ne redeviendront jamais comme avant. Les patients doivent faire attention \u00e0 leur poids et faire du sport r\u00e9guli\u00e8rement afin de maintenir le r\u00e9sultat apr\u00e8s l&#8217;op\u00e9ration.<\/p>\t\t\t\t\t\t<\/div>\n\t\t\t\t<\/div>\n\t\t\t\t<\/div>\n\t\t<div class=\"elementor-element elementor-element-1f8f862b e-con-full e-flex e-con e-child\" data-id=\"1f8f862b\" data-element_type=\"container\" data-settings=\"{&quot;content_width&quot;:&quot;full&quot;,&quot;background_background&quot;:&quot;classic&quot;}\">\n\t\t<div class=\"elementor-element elementor-element-d4639b8 e-con-full e-flex elementor-invisible e-con e-child\" data-id=\"d4639b8\" data-element_type=\"container\" data-settings=\"{&quot;background_background&quot;:&quot;classic&quot;,&quot;content_width&quot;:&quot;full&quot;,&quot;animation&quot;:&quot;fadeInDown&quot;,&quot;sticky&quot;:&quot;top&quot;,&quot;sticky_parent&quot;:&quot;yes&quot;,&quot;sticky_on&quot;:[&quot;desktop&quot;,&quot;tablet&quot;,&quot;mobile&quot;],&quot;sticky_offset&quot;:0,&quot;sticky_effects_offset&quot;:0}\">\n\t\t\t\t<div class=\"elementor-element elementor-element-08167e1 elementor-invisible elementor-widget elementor-widget-heading\" data-id=\"08167e1\" data-element_type=\"widget\" data-settings=\"{&quot;_animation&quot;:&quot;fadeInDown&quot;,&quot;_animation_delay&quot;:100}\" data-widget_type=\"heading.default\">\n\t\t\t\t<div class=\"elementor-widget-container\">\n\t\t\t<div class=\"elementor-heading-title elementor-size-default\">Consultation gratuite<\/div>\t\t<\/div>\n\t\t\t\t<\/div>\n\t\t\t\t<div class=\"elementor-element elementor-element-b94c2a8 elementor-widget elementor-widget-elementskit-contact-form7\" data-id=\"b94c2a8\" data-element_type=\"widget\" data-widget_type=\"elementskit-contact-form7.default\">\n\t\t\t\t<div class=\"elementor-widget-container\">\n\t\t\t<div class=\"ekit-wid-con\" ><div class=\"ekit-form\">\n<div class=\"wpcf7 no-js\" id=\"wpcf7-f414-o1\" lang=\"tr-TR\" dir=\"ltr\">\n<div class=\"screen-reader-response\"><p role=\"status\" aria-live=\"polite\" aria-atomic=\"true\"><\/p> <ul><\/ul><\/div>\n<form action=\"\/fr\/wp-json\/wp\/v2\/pages\/2380#wpcf7-f414-o1\" method=\"post\" class=\"wpcf7-form init\" aria-label=\"Contact form\" novalidate=\"novalidate\" data-status=\"init\">\n<div style=\"display: none;\">\n<input type=\"hidden\" name=\"_wpcf7\" value=\"414\" \/>\n<input type=\"hidden\" name=\"_wpcf7_version\" value=\"5.9.3\" \/>\n<input type=\"hidden\" name=\"_wpcf7_locale\" value=\"tr_TR\" \/>\n<input type=\"hidden\" name=\"_wpcf7_unit_tag\" value=\"wpcf7-f414-o1\" \/>\n<input type=\"hidden\" name=\"_wpcf7_container_post\" value=\"0\" \/>\n<input type=\"hidden\" name=\"_wpcf7_posted_data_hash\" value=\"\" \/>\n<\/div>\n<p><span class=\"wpcf7-form-control-wrap\" data-name=\"adi\"><input size=\"40\" class=\"wpcf7-form-control wpcf7-text wpcf7-validates-as-required\" aria-required=\"true\" aria-invalid=\"false\" placeholder=\"Votre nom\" value=\"\" type=\"text\" name=\"adi\" \/><\/span><br \/>\n<span class=\"wpcf7-form-control-wrap\" data-name=\"tel\"><input size=\"40\" class=\"wpcf7-form-control wpcf7-tel wpcf7-validates-as-required wpcf7-text wpcf7-validates-as-tel\" aria-required=\"true\" aria-invalid=\"false\" placeholder=\"Votre t\u00e9l\u00e9phone\" value=\"\" type=\"tel\" name=\"tel\" \/><\/span><br \/>\n<span class=\"wpcf7-form-control-wrap\" data-name=\"mail\"><input size=\"40\" class=\"wpcf7-form-control wpcf7-email wpcf7-text wpcf7-validates-as-email\" aria-invalid=\"false\" placeholder=\"E-Mail\" value=\"\" type=\"email\" name=\"mail\" \/><\/span><br \/>\n<span class=\"wpcf7-form-control-wrap\" data-name=\"mesaj\"><textarea cols=\"40\" rows=\"10\" class=\"wpcf7-form-control wpcf7-textarea\" aria-invalid=\"false\" placeholder=\"Votre message\" name=\"mesaj\"><\/textarea><\/span><br \/>\n<span class=\"wpcf7-form-control-wrap\" data-name=\"guvenlik\"><label><span class=\"wpcf7-quiz-label\">2 + 2= ?<\/span> <input size=\"40\" class=\"wpcf7-form-control wpcf7-quiz\" autocomplete=\"off\" aria-required=\"true\" aria-invalid=\"false\" type=\"text\" name=\"guvenlik\" \/><\/label><input type=\"hidden\" name=\"_wpcf7_quiz_answer_guvenlik\" value=\"7c415c6b6889823efac7ef851a2cd710\" \/><\/span><br \/>\n<input class=\"wpcf7-form-control wpcf7-submit has-spinner\" type=\"submit\" value=\"Submit Form\" \/>\n<\/p><div class=\"wpcf7-response-output\" aria-hidden=\"true\"><\/div>\n<\/form>\n<\/div>\n<\/div><\/div>\t\t<\/div>\n\t\t\t\t<\/div>\n\t\t\t\t<\/div>\n\t\t\t\t<\/div>\n\t\t\t\t\t<\/div>\n\t\t\t\t<\/div>\n\t\t\t\t<\/div>\n\t\t","protected":false},"excerpt":{"rendered":"<p>Accueil Sant\u00e9 et beaut\u00e9 Lev\u00e9e de bras L&#8217;affaissement de la partie sup\u00e9rieure, du dos et de la partie interne du bras est souvent d\u00fb \u00e0 des d\u00e9p\u00f4ts de graisse et \u00e0 un rel\u00e2chement de la peau. Une autre raison du rel\u00e2chement est li\u00e9e \u00e0 la vieillesse, \u00e0 la gravit\u00e9 et \u00e0 la perte de poids [&hellip;]<\/p>\n","protected":false},"author":1,"featured_media":0,"parent":2270,"menu_order":0,"comment_status":"closed","ping_status":"closed","template":"elementor_header_footer","meta":{"om_disable_all_campaigns":false,"_monsterinsights_skip_tracking":false,"_monsterinsights_sitenote_active":false,"_monsterinsights_sitenote_note":"","_monsterinsights_sitenote_category":0,"footnotes":""},"class_list":["post-2380","page","type-page","status-publish","hentry"],"aioseo_notices":[],"_links":{"self":[{"href":"https:\/\/kartaltipmerkezi.com\/fr\/wp-json\/wp\/v2\/pages\/2380","targetHints":{"allow":["GET"]}}],"collection":[{"href":"https:\/\/kartaltipmerkezi.com\/fr\/wp-json\/wp\/v2\/pages"}],"about":[{"href":"https:\/\/kartaltipmerkezi.com\/fr\/wp-json\/wp\/v2\/types\/page"}],"author":[{"embeddable":true,"href":"https:\/\/kartaltipmerkezi.com\/fr\/wp-json\/wp\/v2\/users\/1"}],"replies":[{"embeddable":true,"href":"https:\/\/kartaltipmerkezi.com\/fr\/wp-json\/wp\/v2\/comments?post=2380"}],"version-history":[{"count":14,"href":"https:\/\/kartaltipmerkezi.com\/fr\/wp-json\/wp\/v2\/pages\/2380\/revisions"}],"predecessor-version":[{"id":2891,"href":"https:\/\/kartaltipmerkezi.com\/fr\/wp-json\/wp\/v2\/pages\/2380\/revisions\/2891"}],"up":[{"embeddable":true,"href":"https:\/\/kartaltipmerkezi.com\/fr\/wp-json\/wp\/v2\/pages\/2270"}],"wp:attachment":[{"href":"https:\/\/kartaltipmerkezi.com\/fr\/wp-json\/wp\/v2\/media?parent=2380"}],"curies":[{"name":"wp","href":"https:\/\/api.w.org\/{rel}","templated":true}]}}