{"id":2362,"date":"2024-07-29T16:57:05","date_gmt":"2024-07-29T13:57:05","guid":{"rendered":"https:\/\/kartaltipmerkezi.com\/fr\/?page_id=2362"},"modified":"2024-08-21T12:44:56","modified_gmt":"2024-08-21T09:44:56","slug":"liposuccion","status":"publish","type":"page","link":"https:\/\/kartaltipmerkezi.com\/fr\/sante-et-beaute\/liposuccion","title":{"rendered":"Liposuccion"},"content":{"rendered":"\t\t<div data-elementor-type=\"wp-page\" data-elementor-id=\"2362\" class=\"elementor elementor-2362\" data-elementor-post-type=\"page\">\n\t\t\t\t<div class=\"elementor-element elementor-element-2f443ef4 e-flex e-con-boxed e-con e-parent\" data-id=\"2f443ef4\" data-element_type=\"container\" data-settings=\"{&quot;background_background&quot;:&quot;classic&quot;,&quot;content_width&quot;:&quot;boxed&quot;}\" data-core-v316-plus=\"true\">\n\t\t\t\t\t<div class=\"e-con-inner\">\n\t\t<div class=\"elementor-element elementor-element-463e7f0b e-con-full e-flex e-con e-child\" data-id=\"463e7f0b\" data-element_type=\"container\" data-settings=\"{&quot;content_width&quot;:&quot;full&quot;}\">\n\t\t\t\t<div class=\"elementor-element elementor-element-bbe87b8 elementor-icon-list--layout-inline elementor-align-center elementor-mobile-align-left elementor-list-item-link-full_width elementor-invisible elementor-widget elementor-widget-icon-list\" data-id=\"bbe87b8\" data-element_type=\"widget\" data-settings=\"{&quot;_animation&quot;:&quot;fadeInDown&quot;}\" data-widget_type=\"icon-list.default\">\n\t\t\t\t<div class=\"elementor-widget-container\">\n\t\t\t<link rel=\"stylesheet\" href=\"https:\/\/kartaltipmerkezi.com\/en\/wp-content\/plugins\/elementor\/assets\/css\/widget-icon-list.min.css\">\t\t<ul class=\"elementor-icon-list-items elementor-inline-items\">\n\t\t\t\t\t\t\t<li class=\"elementor-icon-list-item elementor-inline-item\">\n\t\t\t\t\t\t\t\t\t\t\t<a href=\"https:\/\/kartaltipmerkezi.com\/fr\">\n\n\t\t\t\t\t\t\t\t\t\t\t\t<span class=\"elementor-icon-list-icon\">\n\t\t\t\t\t\t\t<i aria-hidden=\"true\" class=\"icon icon-home2\"><\/i>\t\t\t\t\t\t<\/span>\n\t\t\t\t\t\t\t\t\t\t<span class=\"elementor-icon-list-text\">Accueil<\/span>\n\t\t\t\t\t\t\t\t\t\t\t<\/a>\n\t\t\t\t\t\t\t\t\t<\/li>\n\t\t\t\t\t\t\t\t<li class=\"elementor-icon-list-item elementor-inline-item\">\n\t\t\t\t\t\t\t\t\t\t\t<a href=\"https:\/\/kartaltipmerkezi.com\/fr\/sante-et-beaute\">\n\n\t\t\t\t\t\t\t\t\t\t\t\t<span class=\"elementor-icon-list-icon\">\n\t\t\t\t\t\t\t<i aria-hidden=\"true\" class=\" arrow_carrot-right\"><\/i>\t\t\t\t\t\t<\/span>\n\t\t\t\t\t\t\t\t\t\t<span class=\"elementor-icon-list-text\">Sant\u00e9 et beaut\u00e9<\/span>\n\t\t\t\t\t\t\t\t\t\t\t<\/a>\n\t\t\t\t\t\t\t\t\t<\/li>\n\t\t\t\t\t\t\t\t<li class=\"elementor-icon-list-item elementor-inline-item\">\n\t\t\t\t\t\t\t\t\t\t\t<a href=\"https:\/\/kartaltipmerkezi.com\/fr\/sante-et-beaute\/liposuccion\">\n\n\t\t\t\t\t\t\t\t\t\t\t\t<span class=\"elementor-icon-list-icon\">\n\t\t\t\t\t\t\t<i aria-hidden=\"true\" class=\" arrow_carrot-right\"><\/i>\t\t\t\t\t\t<\/span>\n\t\t\t\t\t\t\t\t\t\t<span class=\"elementor-icon-list-text\">Liposuccion<\/span>\n\t\t\t\t\t\t\t\t\t\t\t<\/a>\n\t\t\t\t\t\t\t\t\t<\/li>\n\t\t\t\t\t\t<\/ul>\n\t\t\t\t<\/div>\n\t\t\t\t<\/div>\n\t\t\t\t<div class=\"elementor-element elementor-element-f8e4876 elementor-invisible elementor-widget elementor-widget-heading\" data-id=\"f8e4876\" data-element_type=\"widget\" data-settings=\"{&quot;_animation&quot;:&quot;fadeInDown&quot;,&quot;_animation_delay&quot;:100}\" data-widget_type=\"heading.default\">\n\t\t\t\t<div class=\"elementor-widget-container\">\n\t\t\t<style>\/*! elementor - v3.19.0 - 07-02-2024 *\/\n.elementor-heading-title{padding:0;margin:0;line-height:1}.elementor-widget-heading .elementor-heading-title[class*=elementor-size-]>a{color:inherit;font-size:inherit;line-height:inherit}.elementor-widget-heading .elementor-heading-title.elementor-size-small{font-size:15px}.elementor-widget-heading .elementor-heading-title.elementor-size-medium{font-size:19px}.elementor-widget-heading .elementor-heading-title.elementor-size-large{font-size:29px}.elementor-widget-heading .elementor-heading-title.elementor-size-xl{font-size:39px}.elementor-widget-heading .elementor-heading-title.elementor-size-xxl{font-size:59px}<\/style><h1 class=\"elementor-heading-title elementor-size-default\">Liposuccion<\/h1>\t\t<\/div>\n\t\t\t\t<\/div>\n\t\t\t\t<div class=\"elementor-element elementor-element-4907608 elementor-invisible elementor-widget elementor-widget-heading\" data-id=\"4907608\" data-element_type=\"widget\" data-settings=\"{&quot;_animation&quot;:&quot;fadeInDown&quot;,&quot;_animation_delay&quot;:100}\" data-widget_type=\"heading.default\">\n\t\t\t\t<div class=\"elementor-widget-container\">\n\t\t\t<p class=\"elementor-heading-title elementor-size-default\">La m\u00e9thode consistant \u00e0 absorber l'exc\u00e8s de graisse sous la peau \u00e0 l'aide de canules sp\u00e9ciales, d'un aspirateur ou d'injecteurs sp\u00e9cialement pr\u00e9par\u00e9s s'appelle la liposuccion. La liposuccion est une intervention chirurgicale qui permet de r\u00e9guler la r\u00e9partition d\u00e9s\u00e9quilibr\u00e9e des graisses dans notre corps. Le but de cette op\u00e9ration n'est pas de perdre du poids, mais d'\u00e9liminer les graisses tenaces qui ne peuvent \u00eatre \u00e9limin\u00e9es malgr\u00e9 tous les r\u00e9gimes et les exercices. Gr\u00e2ce \u00e0 la liposuccion, votre corps sera \u00e9galement remodel\u00e9.<\/p>\t\t<\/div>\n\t\t\t\t<\/div>\n\t\t\t\t<\/div>\n\t\t\t\t\t<\/div>\n\t\t\t\t<\/div>\n\t\t<div class=\"elementor-element elementor-element-4815fea4 e-flex e-con-boxed e-con e-parent\" data-id=\"4815fea4\" data-element_type=\"container\" data-settings=\"{&quot;content_width&quot;:&quot;boxed&quot;}\" data-core-v316-plus=\"true\">\n\t\t\t\t\t<div class=\"e-con-inner\">\n\t\t<div class=\"elementor-element elementor-element-5c597a4b e-con-full e-flex e-con e-child\" data-id=\"5c597a4b\" data-element_type=\"container\" data-settings=\"{&quot;content_width&quot;:&quot;full&quot;}\">\n\t\t\t\t<div class=\"elementor-element elementor-element-6bd7f454 elementor-widget elementor-widget-text-editor\" data-id=\"6bd7f454\" data-element_type=\"widget\" data-widget_type=\"text-editor.default\">\n\t\t\t\t<div class=\"elementor-widget-container\">\n\t\t\t<style>\/*! elementor - v3.19.0 - 07-02-2024 *\/\n.elementor-widget-text-editor.elementor-drop-cap-view-stacked .elementor-drop-cap{background-color:#69727d;color:#fff}.elementor-widget-text-editor.elementor-drop-cap-view-framed .elementor-drop-cap{color:#69727d;border:3px solid;background-color:transparent}.elementor-widget-text-editor:not(.elementor-drop-cap-view-default) .elementor-drop-cap{margin-top:8px}.elementor-widget-text-editor:not(.elementor-drop-cap-view-default) .elementor-drop-cap-letter{width:1em;height:1em}.elementor-widget-text-editor .elementor-drop-cap{float:left;text-align:center;line-height:1;font-size:50px}.elementor-widget-text-editor .elementor-drop-cap-letter{display:inline-block}<\/style>\t\t\t\t<p>La dur\u00e9e de l&#8217;op\u00e9ration de liposuccion varie entre 15-20 minutes et 1-2 heures, et cette dur\u00e9e varie en fonction du probl\u00e8me. La liposuccion donne g\u00e9n\u00e9ralement les meilleurs r\u00e9sultats chez les personnes ayant un poids normal ou l\u00e9g\u00e8rement sup\u00e9rieur au poids normal, mais qui sont g\u00ean\u00e9es par le mauvais aspect de la graisse r\u00e9gionale. Pour des raisons hormonales et g\u00e9n\u00e9tiques, la graisse est stock\u00e9e dans diff\u00e9rentes r\u00e9gions chez les hommes et les femmes. Chez les femmes, elle se situe autour de l&#8217;abdomen, des hanches et des cuisses, et chez les hommes, autour de l&#8217;abdomen. On pense que ces zones seront r\u00e9duites par la perte de poids en faisant de l&#8217;exercice et en suivant un r\u00e9gime. Cependant, l&#8217;exercice et les r\u00e9gimes n&#8217;entra\u00eenent aucun changement significatif dans ces r\u00e9gions. La seule fa\u00e7on de se d\u00e9barrasser de la graisse dans ces zones est la liposuccion. La liposuccion s&#8217;applique non seulement \u00e0 l&#8217;abdomen, \u00e0 la taille et aux hanches, mais aussi \u00e0 la graisse autour du cou, du menton, des seins, des bras, des jambes et des genoux.<\/p><p><strong>Tout le monde peut-il subir une liposuccion ?<\/strong><\/p><p>Les meilleurs candidats \u00e0 la liposuccion sont les personnes qui ont des attentes r\u00e9alistes, qui peuvent penser sainement et qui sont satisfaites des r\u00e9sultats de la liposuccion. Pour une op\u00e9ration de liposuccion, il faut \u00eatre \u00e2g\u00e9 de plus de 18 ans. La raison en est la limite d&#8217;\u00e2ge pour des raisons juridiques. Nos chirurgiens vous fourniront l&#8217;assistance n\u00e9cessaire \u00e0 cet \u00e9gard. En r\u00e9sum\u00e9, toute personne qui ne peut se passer d&#8217;une alimentation saine, d&#8217;un r\u00e9gime et de programmes d&#8217;exercices r\u00e9guliers et qui n&#8217;a pas de probl\u00e8mes de sant\u00e9 peut subir une liposuccion.<\/p><p><strong>La liposuccion pr\u00e9sente-t-elle des risques ?<\/strong><\/p><p>La liposuccion est une op\u00e9ration tr\u00e8s s\u00fbre qui ne pr\u00e9sente aucun risque ou complication grave. Il existe des risques tels que des l\u00e9sions nerveuses, des infections, des saignements, des ulc\u00e9rations cutan\u00e9es, qui ne peuvent \u00eatre observ\u00e9s que dans le cadre de toute intervention chirurgicale. Mais la probabilit\u00e9 qu&#8217;ils se produisent est tr\u00e8s faible.<\/p><p><strong>Aurai-je mal apr\u00e8s une liposuccion ?<\/strong><\/p><p>Des anesth\u00e9siques locaux et une infiltration sont effectu\u00e9s avant l&#8217;op\u00e9ration de liposuccion. La probabilit\u00e9 de ressentir une douleur est donc tr\u00e8s faible par rapport \u00e0 d&#8217;autres interventions chirurgicales. M\u00eame si vous ressentez une l\u00e9g\u00e8re douleur apr\u00e8s l&#8217;op\u00e9ration, cette douleur peut \u00eatre contr\u00f4l\u00e9e imm\u00e9diatement \u00e0 l&#8217;aide d&#8217;analg\u00e9siques quotidiens.<\/p><p><strong>Quelle quantit\u00e9 de graisse puis-je enlever par liposuccion ?<\/strong><\/p><p>La quantit\u00e9 de graisse retir\u00e9e par liposuccion est d\u00e9termin\u00e9e par la gravit\u00e9 du probl\u00e8me, l&#8217;\u00e2ge et l&#8217;\u00e9tat de sant\u00e9 de la personne. Parfois, 300 \u00e0 500 grammes de graisse pr\u00e9lev\u00e9e par liposuccion donnent des r\u00e9sultats efficaces, alors que certaines personnes ont besoin de pr\u00e9lever jusqu&#8217;\u00e0 12 litres. En moyenne, la quantit\u00e9 d&#8217;huile \u00e0 pr\u00e9lever doit \u00eatre comprise entre 5 et 10 litres. 2 \u00e0 3 litres de graisse peuvent \u00eatre pr\u00e9lev\u00e9s au niveau de l&#8217;abdomen, 4 litres au niveau des hanches et 3 litres au niveau de la taille. Ce liquide, que la personne perd pendant la prise de graisse, doit \u00eatre administr\u00e9 par voie intraveineuse.<\/p><p><strong>En combien de temps vais-je me remettre d&#8217;une liposuccion ?<\/strong><\/p><p>La liposuccion n&#8217;est pas une op\u00e9ration qui affecte trop votre vie quotidienne. Apr\u00e8s un jour de repos \u00e0 l&#8217;h\u00f4pital, vous devez porter le corset qui vous a \u00e9t\u00e9 remis. Vous devrez utiliser ce corset r\u00e9guli\u00e8rement pendant environ un mois. Comme vous utiliserez le corset r\u00e9guli\u00e8rement pendant un mois, on peut dire que votre p\u00e9riode de r\u00e9cup\u00e9ration est d&#8217;un mois. Apr\u00e8s ce processus, vous pourrez facilement poursuivre votre vie normale. \u00c9tant donn\u00e9 que de tr\u00e8s petites incisions sont pratiqu\u00e9es lors de l&#8217;op\u00e9ration de liposuccion, vous ne ressentirez aucune douleur. Ces incisions gu\u00e9rissent compl\u00e8tement ou apparaissent sous la forme d&#8217;une l\u00e9g\u00e8re tache, de sorte qu&#8217;il n&#8217;y a pas de cicatrice sur votre corps apr\u00e8s l&#8217;op\u00e9ration.<\/p>\t\t\t\t\t\t<\/div>\n\t\t\t\t<\/div>\n\t\t\t\t<\/div>\n\t\t<div class=\"elementor-element elementor-element-1f8f862b e-con-full e-flex e-con e-child\" data-id=\"1f8f862b\" data-element_type=\"container\" data-settings=\"{&quot;content_width&quot;:&quot;full&quot;,&quot;background_background&quot;:&quot;classic&quot;}\">\n\t\t<div class=\"elementor-element elementor-element-d4639b8 e-con-full e-flex elementor-invisible e-con e-child\" data-id=\"d4639b8\" data-element_type=\"container\" data-settings=\"{&quot;background_background&quot;:&quot;classic&quot;,&quot;content_width&quot;:&quot;full&quot;,&quot;animation&quot;:&quot;fadeInDown&quot;,&quot;sticky&quot;:&quot;top&quot;,&quot;sticky_parent&quot;:&quot;yes&quot;,&quot;sticky_on&quot;:[&quot;desktop&quot;,&quot;tablet&quot;,&quot;mobile&quot;],&quot;sticky_offset&quot;:0,&quot;sticky_effects_offset&quot;:0}\">\n\t\t\t\t<div class=\"elementor-element elementor-element-08167e1 elementor-invisible elementor-widget elementor-widget-heading\" data-id=\"08167e1\" data-element_type=\"widget\" data-settings=\"{&quot;_animation&quot;:&quot;fadeInDown&quot;,&quot;_animation_delay&quot;:100}\" data-widget_type=\"heading.default\">\n\t\t\t\t<div class=\"elementor-widget-container\">\n\t\t\t<div class=\"elementor-heading-title elementor-size-default\">Consultation gratuite<\/div>\t\t<\/div>\n\t\t\t\t<\/div>\n\t\t\t\t<div class=\"elementor-element elementor-element-b94c2a8 elementor-widget elementor-widget-elementskit-contact-form7\" data-id=\"b94c2a8\" data-element_type=\"widget\" data-widget_type=\"elementskit-contact-form7.default\">\n\t\t\t\t<div class=\"elementor-widget-container\">\n\t\t\t<div class=\"ekit-wid-con\" ><div class=\"ekit-form\">\n<div class=\"wpcf7 no-js\" id=\"wpcf7-f414-o1\" lang=\"tr-TR\" dir=\"ltr\">\n<div class=\"screen-reader-response\"><p role=\"status\" aria-live=\"polite\" aria-atomic=\"true\"><\/p> <ul><\/ul><\/div>\n<form action=\"\/fr\/wp-json\/wp\/v2\/pages\/2362#wpcf7-f414-o1\" method=\"post\" class=\"wpcf7-form init\" aria-label=\"Contact form\" novalidate=\"novalidate\" data-status=\"init\">\n<div style=\"display: none;\">\n<input type=\"hidden\" name=\"_wpcf7\" value=\"414\" \/>\n<input type=\"hidden\" name=\"_wpcf7_version\" value=\"5.9.3\" \/>\n<input type=\"hidden\" name=\"_wpcf7_locale\" value=\"tr_TR\" \/>\n<input type=\"hidden\" name=\"_wpcf7_unit_tag\" value=\"wpcf7-f414-o1\" \/>\n<input type=\"hidden\" name=\"_wpcf7_container_post\" value=\"0\" \/>\n<input type=\"hidden\" name=\"_wpcf7_posted_data_hash\" value=\"\" \/>\n<\/div>\n<p><span class=\"wpcf7-form-control-wrap\" data-name=\"adi\"><input size=\"40\" class=\"wpcf7-form-control wpcf7-text wpcf7-validates-as-required\" aria-required=\"true\" aria-invalid=\"false\" placeholder=\"Votre nom\" value=\"\" type=\"text\" name=\"adi\" \/><\/span><br \/>\n<span class=\"wpcf7-form-control-wrap\" data-name=\"tel\"><input size=\"40\" class=\"wpcf7-form-control wpcf7-tel wpcf7-validates-as-required wpcf7-text wpcf7-validates-as-tel\" aria-required=\"true\" aria-invalid=\"false\" placeholder=\"Votre t\u00e9l\u00e9phone\" value=\"\" type=\"tel\" name=\"tel\" \/><\/span><br \/>\n<span class=\"wpcf7-form-control-wrap\" data-name=\"mail\"><input size=\"40\" class=\"wpcf7-form-control wpcf7-email wpcf7-text wpcf7-validates-as-email\" aria-invalid=\"false\" placeholder=\"E-Mail\" value=\"\" type=\"email\" name=\"mail\" \/><\/span><br \/>\n<span class=\"wpcf7-form-control-wrap\" data-name=\"mesaj\"><textarea cols=\"40\" rows=\"10\" class=\"wpcf7-form-control wpcf7-textarea\" aria-invalid=\"false\" placeholder=\"Votre message\" name=\"mesaj\"><\/textarea><\/span><br \/>\n<span class=\"wpcf7-form-control-wrap\" data-name=\"guvenlik\"><label><span class=\"wpcf7-quiz-label\">2 + 2= ?<\/span> <input size=\"40\" class=\"wpcf7-form-control wpcf7-quiz\" autocomplete=\"off\" aria-required=\"true\" aria-invalid=\"false\" type=\"text\" name=\"guvenlik\" \/><\/label><input type=\"hidden\" name=\"_wpcf7_quiz_answer_guvenlik\" value=\"7c415c6b6889823efac7ef851a2cd710\" \/><\/span><br \/>\n<input class=\"wpcf7-form-control wpcf7-submit has-spinner\" type=\"submit\" value=\"Submit Form\" \/>\n<\/p><div class=\"wpcf7-response-output\" aria-hidden=\"true\"><\/div>\n<\/form>\n<\/div>\n<\/div><\/div>\t\t<\/div>\n\t\t\t\t<\/div>\n\t\t\t\t<\/div>\n\t\t\t\t<\/div>\n\t\t\t\t\t<\/div>\n\t\t\t\t<\/div>\n\t\t\t\t<\/div>\n\t\t","protected":false},"excerpt":{"rendered":"<p>Accueil Sant\u00e9 et beaut\u00e9 Liposuccion La m\u00e9thode consistant \u00e0 absorber l&#8217;exc\u00e8s de graisse sous la peau \u00e0 l&#8217;aide de canules sp\u00e9ciales, d&#8217;un aspirateur ou d&#8217;injecteurs sp\u00e9cialement pr\u00e9par\u00e9s s&#8217;appelle la liposuccion. La liposuccion est une intervention chirurgicale qui permet de r\u00e9guler la r\u00e9partition d\u00e9s\u00e9quilibr\u00e9e des graisses dans notre corps. Le but de cette op\u00e9ration n&#8217;est pas [&hellip;]<\/p>\n","protected":false},"author":1,"featured_media":0,"parent":2270,"menu_order":0,"comment_status":"closed","ping_status":"closed","template":"elementor_header_footer","meta":{"om_disable_all_campaigns":false,"_monsterinsights_skip_tracking":false,"_monsterinsights_sitenote_active":false,"_monsterinsights_sitenote_note":"","_monsterinsights_sitenote_category":0,"footnotes":""},"class_list":["post-2362","page","type-page","status-publish","hentry"],"aioseo_notices":[],"_links":{"self":[{"href":"https:\/\/kartaltipmerkezi.com\/fr\/wp-json\/wp\/v2\/pages\/2362","targetHints":{"allow":["GET"]}}],"collection":[{"href":"https:\/\/kartaltipmerkezi.com\/fr\/wp-json\/wp\/v2\/pages"}],"about":[{"href":"https:\/\/kartaltipmerkezi.com\/fr\/wp-json\/wp\/v2\/types\/page"}],"author":[{"embeddable":true,"href":"https:\/\/kartaltipmerkezi.com\/fr\/wp-json\/wp\/v2\/users\/1"}],"replies":[{"embeddable":true,"href":"https:\/\/kartaltipmerkezi.com\/fr\/wp-json\/wp\/v2\/comments?post=2362"}],"version-history":[{"count":8,"href":"https:\/\/kartaltipmerkezi.com\/fr\/wp-json\/wp\/v2\/pages\/2362\/revisions"}],"predecessor-version":[{"id":2867,"href":"https:\/\/kartaltipmerkezi.com\/fr\/wp-json\/wp\/v2\/pages\/2362\/revisions\/2867"}],"up":[{"embeddable":true,"href":"https:\/\/kartaltipmerkezi.com\/fr\/wp-json\/wp\/v2\/pages\/2270"}],"wp:attachment":[{"href":"https:\/\/kartaltipmerkezi.com\/fr\/wp-json\/wp\/v2\/media?parent=2362"}],"curies":[{"name":"wp","href":"https:\/\/api.w.org\/{rel}","templated":true}]}}