{"id":2355,"date":"2024-07-29T16:53:03","date_gmt":"2024-07-29T13:53:03","guid":{"rendered":"https:\/\/kartaltipmerkezi.com\/fr\/?page_id=2355"},"modified":"2024-08-21T15:27:25","modified_gmt":"2024-08-21T12:27:25","slug":"gynecomastie","status":"publish","type":"page","link":"https:\/\/kartaltipmerkezi.com\/fr\/sante-et-beaute\/gynecomastie","title":{"rendered":"Gyn\u00e9comastie"},"content":{"rendered":"\t\t<div data-elementor-type=\"wp-page\" data-elementor-id=\"2355\" class=\"elementor elementor-2355\" data-elementor-post-type=\"page\">\n\t\t\t\t<div class=\"elementor-element elementor-element-2f443ef4 e-flex e-con-boxed e-con e-parent\" data-id=\"2f443ef4\" data-element_type=\"container\" data-settings=\"{&quot;background_background&quot;:&quot;classic&quot;,&quot;content_width&quot;:&quot;boxed&quot;}\" data-core-v316-plus=\"true\">\n\t\t\t\t\t<div class=\"e-con-inner\">\n\t\t<div class=\"elementor-element elementor-element-463e7f0b e-con-full e-flex e-con e-child\" data-id=\"463e7f0b\" data-element_type=\"container\" data-settings=\"{&quot;content_width&quot;:&quot;full&quot;}\">\n\t\t\t\t<div class=\"elementor-element elementor-element-cf7878a elementor-icon-list--layout-inline elementor-align-center elementor-mobile-align-left elementor-list-item-link-full_width elementor-invisible elementor-widget elementor-widget-icon-list\" data-id=\"cf7878a\" data-element_type=\"widget\" data-settings=\"{&quot;_animation&quot;:&quot;fadeInDown&quot;}\" data-widget_type=\"icon-list.default\">\n\t\t\t\t<div class=\"elementor-widget-container\">\n\t\t\t<link rel=\"stylesheet\" href=\"https:\/\/kartaltipmerkezi.com\/en\/wp-content\/plugins\/elementor\/assets\/css\/widget-icon-list.min.css\">\t\t<ul class=\"elementor-icon-list-items elementor-inline-items\">\n\t\t\t\t\t\t\t<li class=\"elementor-icon-list-item elementor-inline-item\">\n\t\t\t\t\t\t\t\t\t\t\t<a href=\"https:\/\/kartaltipmerkezi.com\/fr\">\n\n\t\t\t\t\t\t\t\t\t\t\t\t<span class=\"elementor-icon-list-icon\">\n\t\t\t\t\t\t\t<i aria-hidden=\"true\" class=\"icon icon-home2\"><\/i>\t\t\t\t\t\t<\/span>\n\t\t\t\t\t\t\t\t\t\t<span class=\"elementor-icon-list-text\">Accueil<\/span>\n\t\t\t\t\t\t\t\t\t\t\t<\/a>\n\t\t\t\t\t\t\t\t\t<\/li>\n\t\t\t\t\t\t\t\t<li class=\"elementor-icon-list-item elementor-inline-item\">\n\t\t\t\t\t\t\t\t\t\t\t<a href=\"https:\/\/kartaltipmerkezi.com\/fr\/sante-et-beaute\">\n\n\t\t\t\t\t\t\t\t\t\t\t\t<span class=\"elementor-icon-list-icon\">\n\t\t\t\t\t\t\t<i aria-hidden=\"true\" class=\" arrow_carrot-right\"><\/i>\t\t\t\t\t\t<\/span>\n\t\t\t\t\t\t\t\t\t\t<span class=\"elementor-icon-list-text\">Sant\u00e9 et beaut\u00e9<\/span>\n\t\t\t\t\t\t\t\t\t\t\t<\/a>\n\t\t\t\t\t\t\t\t\t<\/li>\n\t\t\t\t\t\t\t\t<li class=\"elementor-icon-list-item elementor-inline-item\">\n\t\t\t\t\t\t\t\t\t\t\t<a href=\"https:\/\/kartaltipmerkezi.com\/fr\/sante-et-beaute\/gynecomastie\">\n\n\t\t\t\t\t\t\t\t\t\t\t\t<span class=\"elementor-icon-list-icon\">\n\t\t\t\t\t\t\t<i aria-hidden=\"true\" class=\" arrow_carrot-right\"><\/i>\t\t\t\t\t\t<\/span>\n\t\t\t\t\t\t\t\t\t\t<span class=\"elementor-icon-list-text\">Gyn\u00e9comastie<\/span>\n\t\t\t\t\t\t\t\t\t\t\t<\/a>\n\t\t\t\t\t\t\t\t\t<\/li>\n\t\t\t\t\t\t<\/ul>\n\t\t\t\t<\/div>\n\t\t\t\t<\/div>\n\t\t\t\t<div class=\"elementor-element elementor-element-f8e4876 elementor-invisible elementor-widget elementor-widget-heading\" data-id=\"f8e4876\" data-element_type=\"widget\" data-settings=\"{&quot;_animation&quot;:&quot;fadeInDown&quot;,&quot;_animation_delay&quot;:100}\" data-widget_type=\"heading.default\">\n\t\t\t\t<div class=\"elementor-widget-container\">\n\t\t\t<style>\/*! elementor - v3.19.0 - 07-02-2024 *\/\n.elementor-heading-title{padding:0;margin:0;line-height:1}.elementor-widget-heading .elementor-heading-title[class*=elementor-size-]>a{color:inherit;font-size:inherit;line-height:inherit}.elementor-widget-heading .elementor-heading-title.elementor-size-small{font-size:15px}.elementor-widget-heading .elementor-heading-title.elementor-size-medium{font-size:19px}.elementor-widget-heading .elementor-heading-title.elementor-size-large{font-size:29px}.elementor-widget-heading .elementor-heading-title.elementor-size-xl{font-size:39px}.elementor-widget-heading .elementor-heading-title.elementor-size-xxl{font-size:59px}<\/style><h1 class=\"elementor-heading-title elementor-size-default\">Gyn\u00e9comastie<\/h1>\t\t<\/div>\n\t\t\t\t<\/div>\n\t\t\t\t<div class=\"elementor-element elementor-element-4907608 elementor-invisible elementor-widget elementor-widget-heading\" data-id=\"4907608\" data-element_type=\"widget\" data-settings=\"{&quot;_animation&quot;:&quot;fadeInDown&quot;,&quot;_animation_delay&quot;:100}\" data-widget_type=\"heading.default\">\n\t\t\t\t<div class=\"elementor-widget-container\">\n\t\t\t<p class=\"elementor-heading-title elementor-size-default\">La gyn\u00e9comastie est une hypertrophie mammaire chez l'homme. Il s'agit en fait d'une situation tr\u00e8s courante. Les causes de l'hypertrophie mammaire sont les suivantes : probl\u00e8mes hormonaux, pubert\u00e9, maladies de la thyro\u00efde, troubles h\u00e9patiques, vieillesse, consommation excessive d'alcool et de certaines drogues. Le tissu mammaire masculin n'est pas diff\u00e9rent du tissu mammaire f\u00e9minin. Il contient des glandes qui synth\u00e9tisent le lait, des canaux et du tissu adipeux.<\/p>\t\t<\/div>\n\t\t\t\t<\/div>\n\t\t\t\t<\/div>\n\t\t\t\t\t<\/div>\n\t\t\t\t<\/div>\n\t\t<div class=\"elementor-element elementor-element-4815fea4 e-flex e-con-boxed e-con e-parent\" data-id=\"4815fea4\" data-element_type=\"container\" data-settings=\"{&quot;content_width&quot;:&quot;boxed&quot;}\" data-core-v316-plus=\"true\">\n\t\t\t\t\t<div class=\"e-con-inner\">\n\t\t<div class=\"elementor-element elementor-element-5c597a4b e-con-full e-flex e-con e-child\" data-id=\"5c597a4b\" data-element_type=\"container\" data-settings=\"{&quot;content_width&quot;:&quot;full&quot;}\">\n\t\t\t\t<div class=\"elementor-element elementor-element-6bd7f454 elementor-widget elementor-widget-text-editor\" data-id=\"6bd7f454\" data-element_type=\"widget\" data-widget_type=\"text-editor.default\">\n\t\t\t\t<div class=\"elementor-widget-container\">\n\t\t\t<style>\/*! elementor - v3.19.0 - 07-02-2024 *\/\n.elementor-widget-text-editor.elementor-drop-cap-view-stacked .elementor-drop-cap{background-color:#69727d;color:#fff}.elementor-widget-text-editor.elementor-drop-cap-view-framed .elementor-drop-cap{color:#69727d;border:3px solid;background-color:transparent}.elementor-widget-text-editor:not(.elementor-drop-cap-view-default) .elementor-drop-cap{margin-top:8px}.elementor-widget-text-editor:not(.elementor-drop-cap-view-default) .elementor-drop-cap-letter{width:1em;height:1em}.elementor-widget-text-editor .elementor-drop-cap{float:left;text-align:center;line-height:1;font-size:50px}.elementor-widget-text-editor .elementor-drop-cap-letter{display:inline-block}<\/style>\t\t\t\t<p>La gyn\u00e9comastie, c&#8217;est-\u00e0-dire l&#8217;hypertrophie mammaire observ\u00e9e chez les hommes, se manifeste de diff\u00e9rentes mani\u00e8res. Elle se manifeste uniquement par rapport \u00e0 l&#8217;augmentation du tissu mammaire, uniquement par rapport \u00e0 l&#8217;augmentation du tissu adipeux ou par rapport \u00e0 l&#8217;augmentation du tissu mammaire et du tissu adipeux. L&#8217;hypertrophie mammaire survient chez la plupart des patients atteints de gyn\u00e9comastie sans raison. L&#8217;hypertrophie mammaire n&#8217;a aucun effet n\u00e9faste sur la sant\u00e9. Il s&#8217;agit d&#8217;un \u00e9tat social et psychologique qui ne se produit que chez les hommes. En particulier si la personne est adolescente, ce probl\u00e8me lui causera des difficult\u00e9s encore plus grandes. C&#8217;est pourquoi il convient d&#8217;intervenir imm\u00e9diatement et de prendre en charge la psychologie de la personne concern\u00e9e.<\/p>\n<p><strong>Une intervention chirurgicale est-elle n\u00e9cessaire pour l&#8217;augmentation mammaire ?<\/strong><\/p>\n<p>Si cette situation n&#8217;est pas due \u00e0 une maladie et que vous n&#8217;\u00eates pas \u00e0 l&#8217;adolescence, une intervention chirurgicale sera n\u00e9cessaire. La gyn\u00e9comastie entra\u00eene g\u00e9n\u00e9ralement une g\u00eane esth\u00e9tique et des probl\u00e8mes psychologiques. C&#8217;est pourquoi, si le patient n&#8217;est pas en mesure de subir cette intervention chirurgicale, il est recommand\u00e9 d&#8217;avoir recours \u00e0 des athl\u00e8tes de la gyn\u00e9comastie. Les athl\u00e8tes de la gyn\u00e9comastie cachent l&#8217;exc\u00e8s de votre poitrine tout comme les corsets utilis\u00e9s par les femmes.<\/p>\n<p><strong>Y a-t-il une limite d&#8217;\u00e2ge pour la chirurgie de la gyn\u00e9comastie ?<\/strong><\/p>\n<p>Bien qu&#8217;il n&#8217;y ait pas de limite d&#8217;\u00e2ge sp\u00e9cifique pour la chirurgie de la gyn\u00e9comastie, nous recommandons que le patient attende d&#8217;abord s&#8217;il est dans l&#8217;adolescence. En effet, il a \u00e9t\u00e9 observ\u00e9 que la croissance mammaire observ\u00e9e \u00e0 l&#8217;adolescence dispara\u00eet spontan\u00e9ment apr\u00e8s cette p\u00e9riode. Cette intervention peut \u00eatre facilement r\u00e9alis\u00e9e apr\u00e8s la p\u00e9riode d&#8217;adolescence. La personne doit d&#8217;abord effectuer les analyses n\u00e9cessaires, puis la gyn\u00e9comastie doit \u00eatre pratiqu\u00e9e sans perdre de temps. De cette mani\u00e8re, l&#8217;hypertrophie mammaire sera \u00e9vit\u00e9e avant que des probl\u00e8mes psychologiques ne surviennent.<\/p>\n<p><strong>Y aura-t-il des cicatrices sur mon corps apr\u00e8s une op\u00e9ration de gyn\u00e9comastie ?<\/strong><\/p>\n<p>Si la raison de l&#8217;hypertrophie mammaire est l&#8217;augmentation de la graisse dans la r\u00e9gion, ce probl\u00e8me peut \u00eatre r\u00e9solu par une liposuccion. Comme la proc\u00e9dure de liposuccion est r\u00e9alis\u00e9e en ouvrant de petits trous, il n&#8217;y aura pas de cicatrice chirurgicale. Toutefois, si l&#8217;hypertrophie mammaire est due \u00e0 la croissance du tissu glandulaire dans les seins, l&#8217;exc\u00e8s de tissu doit \u00eatre enlev\u00e9 par une incision pratiqu\u00e9e sous le mamelon. Dans cette r\u00e9gion, les traces n&#8217;attireront pas l&#8217;attention et s&#8217;estomperont avec le temps, car la partie de couleur fonc\u00e9e sera ouverte en dessous.<\/p>\n<p><strong>Combien de temps dure une op\u00e9ration de gyn\u00e9comastie ? Vais-je ressentir beaucoup de douleurs apr\u00e8s l&#8217;op\u00e9ration ?<\/strong><\/p>\n<p>La gyn\u00e9comastie, c&#8217;est-\u00e0-dire la chirurgie de r\u00e9duction mammaire, est pratiqu\u00e9e sous anesth\u00e9sie s\u00e9dative ou sous anesth\u00e9sie g\u00e9n\u00e9rale. Apr\u00e8s l&#8217;intervention, qui est le plus souvent r\u00e9alis\u00e9e sous anesth\u00e9sie s\u00e9dative, le patient peut rentrer chez lui le jour m\u00eame. La dur\u00e9e des op\u00e9rations de gyn\u00e9comastie varie entre une demi-heure et une heure, en fonction de la taille du sein et de la m\u00e9thode utilis\u00e9e. Apr\u00e8s l&#8217;op\u00e9ration, vous ne ressentirez aucune douleur gr\u00e2ce aux anesth\u00e9siques administr\u00e9s sous les tissus. Mais apr\u00e8s un jour ou deux, il se peut que vous ressentiez une l\u00e9g\u00e8re douleur. Il s&#8217;agit d&#8217;une situation tout \u00e0 fait normale. En g\u00e9n\u00e9ral, les m\u00e9decins recommandent de porter un corset pendant un mois apr\u00e8s une op\u00e9ration de gyn\u00e9comastie. La raison en est que le tissu mammaire adh\u00e8re mieux \u00e0 son nouvel emplacement et que cette zone est resserr\u00e9e.<\/p>\n<p><strong>Le r\u00e9sultat de la chirurgie de la gyn\u00e9comastie est-il permanent ? Le sein va-t-il repousser ?<\/strong><\/p>\n<p>Pour que le r\u00e9sultat de la chirurgie de r\u00e9duction mammaire chez les hommes soit permanent, la prise de poids doit \u00eatre maintenue. Si aucune prise de poids n&#8217;est constat\u00e9e, il n&#8217;y aura pas de repousse puisque les tissus graisseux seront compl\u00e8tement retir\u00e9s de cette zone. En bref, vous serez compl\u00e8tement lib\u00e9r\u00e9 de l&#8217;augmentation mammaire apr\u00e8s la chirurgie de la gyn\u00e9comastie.<\/p>\t\t\t\t\t\t<\/div>\n\t\t\t\t<\/div>\n\t\t\t\t<\/div>\n\t\t<div class=\"elementor-element elementor-element-1f8f862b e-con-full e-flex e-con e-child\" data-id=\"1f8f862b\" data-element_type=\"container\" data-settings=\"{&quot;content_width&quot;:&quot;full&quot;,&quot;background_background&quot;:&quot;classic&quot;}\">\n\t\t<div class=\"elementor-element elementor-element-d4639b8 e-con-full e-flex elementor-invisible e-con e-child\" data-id=\"d4639b8\" data-element_type=\"container\" data-settings=\"{&quot;background_background&quot;:&quot;classic&quot;,&quot;content_width&quot;:&quot;full&quot;,&quot;animation&quot;:&quot;fadeInDown&quot;,&quot;sticky&quot;:&quot;top&quot;,&quot;sticky_parent&quot;:&quot;yes&quot;,&quot;sticky_on&quot;:[&quot;desktop&quot;,&quot;tablet&quot;,&quot;mobile&quot;],&quot;sticky_offset&quot;:0,&quot;sticky_effects_offset&quot;:0}\">\n\t\t\t\t<div class=\"elementor-element elementor-element-08167e1 elementor-invisible elementor-widget elementor-widget-heading\" data-id=\"08167e1\" data-element_type=\"widget\" data-settings=\"{&quot;_animation&quot;:&quot;fadeInDown&quot;,&quot;_animation_delay&quot;:100}\" data-widget_type=\"heading.default\">\n\t\t\t\t<div class=\"elementor-widget-container\">\n\t\t\t<div class=\"elementor-heading-title elementor-size-default\">Consultation gratuite<\/div>\t\t<\/div>\n\t\t\t\t<\/div>\n\t\t\t\t<div class=\"elementor-element elementor-element-b94c2a8 elementor-widget elementor-widget-elementskit-contact-form7\" data-id=\"b94c2a8\" data-element_type=\"widget\" data-widget_type=\"elementskit-contact-form7.default\">\n\t\t\t\t<div class=\"elementor-widget-container\">\n\t\t\t<div class=\"ekit-wid-con\" ><div class=\"ekit-form\">\n<div class=\"wpcf7 no-js\" id=\"wpcf7-f414-o1\" lang=\"tr-TR\" dir=\"ltr\">\n<div class=\"screen-reader-response\"><p role=\"status\" aria-live=\"polite\" aria-atomic=\"true\"><\/p> <ul><\/ul><\/div>\n<form action=\"\/fr\/wp-json\/wp\/v2\/pages\/2355#wpcf7-f414-o1\" method=\"post\" class=\"wpcf7-form init\" aria-label=\"Contact form\" novalidate=\"novalidate\" data-status=\"init\">\n<div style=\"display: none;\">\n<input type=\"hidden\" name=\"_wpcf7\" value=\"414\" \/>\n<input type=\"hidden\" name=\"_wpcf7_version\" value=\"5.9.3\" \/>\n<input type=\"hidden\" name=\"_wpcf7_locale\" value=\"tr_TR\" \/>\n<input type=\"hidden\" name=\"_wpcf7_unit_tag\" value=\"wpcf7-f414-o1\" \/>\n<input type=\"hidden\" name=\"_wpcf7_container_post\" value=\"0\" \/>\n<input type=\"hidden\" name=\"_wpcf7_posted_data_hash\" value=\"\" \/>\n<\/div>\n<p><span class=\"wpcf7-form-control-wrap\" data-name=\"adi\"><input size=\"40\" class=\"wpcf7-form-control wpcf7-text wpcf7-validates-as-required\" aria-required=\"true\" aria-invalid=\"false\" placeholder=\"Votre nom\" value=\"\" type=\"text\" name=\"adi\" \/><\/span><br \/>\n<span class=\"wpcf7-form-control-wrap\" data-name=\"tel\"><input size=\"40\" class=\"wpcf7-form-control wpcf7-tel wpcf7-validates-as-required wpcf7-text wpcf7-validates-as-tel\" aria-required=\"true\" aria-invalid=\"false\" placeholder=\"Votre t\u00e9l\u00e9phone\" value=\"\" type=\"tel\" name=\"tel\" \/><\/span><br \/>\n<span class=\"wpcf7-form-control-wrap\" data-name=\"mail\"><input size=\"40\" class=\"wpcf7-form-control wpcf7-email wpcf7-text wpcf7-validates-as-email\" aria-invalid=\"false\" placeholder=\"E-Mail\" value=\"\" type=\"email\" name=\"mail\" \/><\/span><br \/>\n<span class=\"wpcf7-form-control-wrap\" data-name=\"mesaj\"><textarea cols=\"40\" rows=\"10\" class=\"wpcf7-form-control wpcf7-textarea\" aria-invalid=\"false\" placeholder=\"Votre message\" name=\"mesaj\"><\/textarea><\/span><br \/>\n<span class=\"wpcf7-form-control-wrap\" data-name=\"guvenlik\"><label><span class=\"wpcf7-quiz-label\">2 + 2= ?<\/span> <input size=\"40\" class=\"wpcf7-form-control wpcf7-quiz\" autocomplete=\"off\" aria-required=\"true\" aria-invalid=\"false\" type=\"text\" name=\"guvenlik\" \/><\/label><input type=\"hidden\" name=\"_wpcf7_quiz_answer_guvenlik\" value=\"7c415c6b6889823efac7ef851a2cd710\" \/><\/span><br \/>\n<input class=\"wpcf7-form-control wpcf7-submit has-spinner\" type=\"submit\" value=\"Submit Form\" \/>\n<\/p><div class=\"wpcf7-response-output\" aria-hidden=\"true\"><\/div>\n<\/form>\n<\/div>\n<\/div><\/div>\t\t<\/div>\n\t\t\t\t<\/div>\n\t\t\t\t<\/div>\n\t\t\t\t<\/div>\n\t\t\t\t\t<\/div>\n\t\t\t\t<\/div>\n\t\t\t\t<\/div>\n\t\t","protected":false},"excerpt":{"rendered":"<p>Accueil Sant\u00e9 et beaut\u00e9 Gyn\u00e9comastie La gyn\u00e9comastie est une hypertrophie mammaire chez l&#8217;homme. Il s&#8217;agit en fait d&#8217;une situation tr\u00e8s courante. Les causes de l&#8217;hypertrophie mammaire sont les suivantes : probl\u00e8mes hormonaux, pubert\u00e9, maladies de la thyro\u00efde, troubles h\u00e9patiques, vieillesse, consommation excessive d&#8217;alcool et de certaines drogues. Le tissu mammaire masculin n&#8217;est pas diff\u00e9rent du [&hellip;]<\/p>\n","protected":false},"author":1,"featured_media":0,"parent":2270,"menu_order":0,"comment_status":"closed","ping_status":"closed","template":"elementor_header_footer","meta":{"om_disable_all_campaigns":false,"_monsterinsights_skip_tracking":false,"_monsterinsights_sitenote_active":false,"_monsterinsights_sitenote_note":"","_monsterinsights_sitenote_category":0,"footnotes":""},"class_list":["post-2355","page","type-page","status-publish","hentry"],"aioseo_notices":[],"_links":{"self":[{"href":"https:\/\/kartaltipmerkezi.com\/fr\/wp-json\/wp\/v2\/pages\/2355","targetHints":{"allow":["GET"]}}],"collection":[{"href":"https:\/\/kartaltipmerkezi.com\/fr\/wp-json\/wp\/v2\/pages"}],"about":[{"href":"https:\/\/kartaltipmerkezi.com\/fr\/wp-json\/wp\/v2\/types\/page"}],"author":[{"embeddable":true,"href":"https:\/\/kartaltipmerkezi.com\/fr\/wp-json\/wp\/v2\/users\/1"}],"replies":[{"embeddable":true,"href":"https:\/\/kartaltipmerkezi.com\/fr\/wp-json\/wp\/v2\/comments?post=2355"}],"version-history":[{"count":8,"href":"https:\/\/kartaltipmerkezi.com\/fr\/wp-json\/wp\/v2\/pages\/2355\/revisions"}],"predecessor-version":[{"id":2955,"href":"https:\/\/kartaltipmerkezi.com\/fr\/wp-json\/wp\/v2\/pages\/2355\/revisions\/2955"}],"up":[{"embeddable":true,"href":"https:\/\/kartaltipmerkezi.com\/fr\/wp-json\/wp\/v2\/pages\/2270"}],"wp:attachment":[{"href":"https:\/\/kartaltipmerkezi.com\/fr\/wp-json\/wp\/v2\/media?parent=2355"}],"curies":[{"name":"wp","href":"https:\/\/api.w.org\/{rel}","templated":true}]}}