{"id":2349,"date":"2024-07-29T16:40:49","date_gmt":"2024-07-29T13:40:49","guid":{"rendered":"https:\/\/kartaltipmerkezi.com\/fr\/?page_id=2349"},"modified":"2024-08-21T15:26:13","modified_gmt":"2024-08-21T12:26:13","slug":"reconstruction-mammaire","status":"publish","type":"page","link":"https:\/\/kartaltipmerkezi.com\/fr\/sante-et-beaute\/reconstruction-mammaire","title":{"rendered":"Reconstruction mammaire"},"content":{"rendered":"\t\t<div data-elementor-type=\"wp-page\" data-elementor-id=\"2349\" class=\"elementor elementor-2349\" data-elementor-post-type=\"page\">\n\t\t\t\t<div class=\"elementor-element elementor-element-2f443ef4 e-flex e-con-boxed e-con e-parent\" data-id=\"2f443ef4\" data-element_type=\"container\" data-settings=\"{&quot;background_background&quot;:&quot;classic&quot;,&quot;content_width&quot;:&quot;boxed&quot;}\" data-core-v316-plus=\"true\">\n\t\t\t\t\t<div class=\"e-con-inner\">\n\t\t<div class=\"elementor-element elementor-element-463e7f0b e-con-full e-flex e-con e-child\" data-id=\"463e7f0b\" data-element_type=\"container\" data-settings=\"{&quot;content_width&quot;:&quot;full&quot;}\">\n\t\t\t\t<div class=\"elementor-element elementor-element-2433966 elementor-icon-list--layout-inline elementor-align-center elementor-mobile-align-left elementor-list-item-link-full_width elementor-invisible elementor-widget elementor-widget-icon-list\" data-id=\"2433966\" data-element_type=\"widget\" data-settings=\"{&quot;_animation&quot;:&quot;fadeInDown&quot;}\" data-widget_type=\"icon-list.default\">\n\t\t\t\t<div class=\"elementor-widget-container\">\n\t\t\t<link rel=\"stylesheet\" href=\"https:\/\/kartaltipmerkezi.com\/en\/wp-content\/plugins\/elementor\/assets\/css\/widget-icon-list.min.css\">\t\t<ul class=\"elementor-icon-list-items elementor-inline-items\">\n\t\t\t\t\t\t\t<li class=\"elementor-icon-list-item elementor-inline-item\">\n\t\t\t\t\t\t\t\t\t\t\t<a href=\"https:\/\/kartaltipmerkezi.com\/fr\">\n\n\t\t\t\t\t\t\t\t\t\t\t\t<span class=\"elementor-icon-list-icon\">\n\t\t\t\t\t\t\t<i aria-hidden=\"true\" class=\"icon icon-home2\"><\/i>\t\t\t\t\t\t<\/span>\n\t\t\t\t\t\t\t\t\t\t<span class=\"elementor-icon-list-text\">Accueil<\/span>\n\t\t\t\t\t\t\t\t\t\t\t<\/a>\n\t\t\t\t\t\t\t\t\t<\/li>\n\t\t\t\t\t\t\t\t<li class=\"elementor-icon-list-item elementor-inline-item\">\n\t\t\t\t\t\t\t\t\t\t\t<a href=\"https:\/\/kartaltipmerkezi.com\/fr\/sante-et-beaute\">\n\n\t\t\t\t\t\t\t\t\t\t\t\t<span class=\"elementor-icon-list-icon\">\n\t\t\t\t\t\t\t<i aria-hidden=\"true\" class=\" arrow_carrot-right\"><\/i>\t\t\t\t\t\t<\/span>\n\t\t\t\t\t\t\t\t\t\t<span class=\"elementor-icon-list-text\">Sant\u00e9 et beaut\u00e9<\/span>\n\t\t\t\t\t\t\t\t\t\t\t<\/a>\n\t\t\t\t\t\t\t\t\t<\/li>\n\t\t\t\t\t\t\t\t<li class=\"elementor-icon-list-item elementor-inline-item\">\n\t\t\t\t\t\t\t\t\t\t\t<a href=\"https:\/\/kartaltipmerkezi.com\/fr\/sante-et-beaute\/reconstruction-mammaire\">\n\n\t\t\t\t\t\t\t\t\t\t\t\t<span class=\"elementor-icon-list-icon\">\n\t\t\t\t\t\t\t<i aria-hidden=\"true\" class=\" arrow_carrot-right\"><\/i>\t\t\t\t\t\t<\/span>\n\t\t\t\t\t\t\t\t\t\t<span class=\"elementor-icon-list-text\">Reconstruction mammaire<\/span>\n\t\t\t\t\t\t\t\t\t\t\t<\/a>\n\t\t\t\t\t\t\t\t\t<\/li>\n\t\t\t\t\t\t<\/ul>\n\t\t\t\t<\/div>\n\t\t\t\t<\/div>\n\t\t\t\t<div class=\"elementor-element elementor-element-f8e4876 elementor-invisible elementor-widget elementor-widget-heading\" data-id=\"f8e4876\" data-element_type=\"widget\" data-settings=\"{&quot;_animation&quot;:&quot;fadeInDown&quot;,&quot;_animation_delay&quot;:100}\" data-widget_type=\"heading.default\">\n\t\t\t\t<div class=\"elementor-widget-container\">\n\t\t\t<style>\/*! elementor - v3.19.0 - 07-02-2024 *\/\n.elementor-heading-title{padding:0;margin:0;line-height:1}.elementor-widget-heading .elementor-heading-title[class*=elementor-size-]>a{color:inherit;font-size:inherit;line-height:inherit}.elementor-widget-heading .elementor-heading-title.elementor-size-small{font-size:15px}.elementor-widget-heading .elementor-heading-title.elementor-size-medium{font-size:19px}.elementor-widget-heading .elementor-heading-title.elementor-size-large{font-size:29px}.elementor-widget-heading .elementor-heading-title.elementor-size-xl{font-size:39px}.elementor-widget-heading .elementor-heading-title.elementor-size-xxl{font-size:59px}<\/style><h1 class=\"elementor-heading-title elementor-size-default\">Reconstruction mammaire<\/h1>\t\t<\/div>\n\t\t\t\t<\/div>\n\t\t\t\t<div class=\"elementor-element elementor-element-4907608 elementor-invisible elementor-widget elementor-widget-heading\" data-id=\"4907608\" data-element_type=\"widget\" data-settings=\"{&quot;_animation&quot;:&quot;fadeInDown&quot;,&quot;_animation_delay&quot;:100}\" data-widget_type=\"heading.default\">\n\t\t\t\t<div class=\"elementor-widget-container\">\n\t\t\t<p class=\"elementor-heading-title elementor-size-default\">La reconstruction mammaire, c'est-\u00e0-dire la r\u00e9paration des seins, est une proc\u00e9dure effectu\u00e9e dans le but de restaurer la forme de votre sein. reconstruction mammaire ; Afin de pr\u00e9venir et de traiter le cancer du sein, on parle de l'ablation des seins et de la reconstruction du tissu mammaire avec des tissus similaires. La plupart des proc\u00e9dures de reconstruction mammaire utilisant les propres tissus de votre corps sont r\u00e9alis\u00e9es pendant l'op\u00e9ration d'ablation du sein.<\/p>\t\t<\/div>\n\t\t\t\t<\/div>\n\t\t\t\t<\/div>\n\t\t\t\t\t<\/div>\n\t\t\t\t<\/div>\n\t\t<div class=\"elementor-element elementor-element-4815fea4 e-flex e-con-boxed e-con e-parent\" data-id=\"4815fea4\" data-element_type=\"container\" data-settings=\"{&quot;content_width&quot;:&quot;boxed&quot;}\" data-core-v316-plus=\"true\">\n\t\t\t\t\t<div class=\"e-con-inner\">\n\t\t<div class=\"elementor-element elementor-element-5c597a4b e-con-full e-flex e-con e-child\" data-id=\"5c597a4b\" data-element_type=\"container\" data-settings=\"{&quot;content_width&quot;:&quot;full&quot;}\">\n\t\t\t\t<div class=\"elementor-element elementor-element-6bd7f454 elementor-widget elementor-widget-text-editor\" data-id=\"6bd7f454\" data-element_type=\"widget\" data-widget_type=\"text-editor.default\">\n\t\t\t\t<div class=\"elementor-widget-container\">\n\t\t\t<style>\/*! elementor - v3.19.0 - 07-02-2024 *\/\n.elementor-widget-text-editor.elementor-drop-cap-view-stacked .elementor-drop-cap{background-color:#69727d;color:#fff}.elementor-widget-text-editor.elementor-drop-cap-view-framed .elementor-drop-cap{color:#69727d;border:3px solid;background-color:transparent}.elementor-widget-text-editor:not(.elementor-drop-cap-view-default) .elementor-drop-cap{margin-top:8px}.elementor-widget-text-editor:not(.elementor-drop-cap-view-default) .elementor-drop-cap-letter{width:1em;height:1em}.elementor-widget-text-editor .elementor-drop-cap{float:left;text-align:center;line-height:1;font-size:50px}.elementor-widget-text-editor .elementor-drop-cap-letter{display:inline-block}<\/style>\t\t\t\t<p>Toutefois, une seconde op\u00e9ration peut \u00eatre r\u00e9alis\u00e9e pour un positionnement correct du sein, une apparence naturelle et une reconstruction du mamelon. La reconstruction mammaire est une op\u00e9ration extr\u00eamement difficile et complexe. En particulier si la demande est faite \u00e0 la suite d&#8217;un cancer, il serait bon de l&#8217;\u00e9valuer avec une \u00e9quipe de sp\u00e9cialistes compos\u00e9e de m\u00e9decins en chirurgie g\u00e9n\u00e9rale et en chirurgie plastique pour prendre la d\u00e9cision la plus juste et obtenir un bon r\u00e9sultat. Les options de traitement de la reconstruction mammaire sont divis\u00e9es en deux. La premi\u00e8re est la proc\u00e9dure \u00e0 r\u00e9aliser \u00e0 partir des propres tissus de la patiente, et la seconde est la proc\u00e9dure \u00e0 r\u00e9aliser \u00e0 l&#8217;aide d&#8217;une proth\u00e8se. Dans ce cas, la m\u00e9thode \u00e0 utiliser est d\u00e9termin\u00e9e par la d\u00e9cision conjointe du chirurgien et de la patiente.<\/p>\n<p><strong>Quelle est la dur\u00e9e de la chirurgie de reconstruction mammaire et la tranche d&#8217;\u00e2ge appropri\u00e9e ?<\/strong><\/p>\n<p>La dur\u00e9e de la chirurgie de reconstruction mammaire varie entre 1 et 5 heures. Cette dur\u00e9e varie en fonction de la technique utilis\u00e9e. Il n&#8217;y a pas de tranche d&#8217;\u00e2ge appropri\u00e9e pour l&#8217;op\u00e9ration. En d&#8217;autres termes, toute personne ayant besoin de cette intervention peut y \u00eatre soumise \u00e0 tout \u00e2ge. La dur\u00e9e du s\u00e9jour \u00e0 l&#8217;h\u00f4pital varie \u00e9galement en fonction de l&#8217;ampleur de l&#8217;op\u00e9ration. S&#8217;il s&#8217;agit d&#8217;une simple op\u00e9ration de mise en place d&#8217;une proth\u00e8se, elle peut \u00eatre effectu\u00e9e quotidiennement. En revanche, si l&#8217;intervention est plus lourde, elle peut durer jusqu&#8217;\u00e0 une semaine.<\/p>\n<p><strong>Suis-je une bonne candidate \u00e0 la reconstruction mammaire ?<\/strong><\/p>\n<p>La reconstruction mammaire est une m\u00e9thode qui peut s&#8217;appliquer \u00e0 toutes les patientes dont les seins ont \u00e9t\u00e9 enlev\u00e9s. Toutefois, lors de l&#8217;ablation d&#8217;un sein pour cause de cancer, le tissu canc\u00e9reux doit \u00eatre compl\u00e8tement perdu. La reconstruction mammaire serait plus appropri\u00e9e pour ces patientes. Comme avant toute op\u00e9ration chirurgicale, certains \u00e9l\u00e9ments doivent \u00eatre pris en compte dans la chirurgie de reconstruction mammaire. Les examens n\u00e9cessaires doivent \u00eatre effectu\u00e9s, il faut faire attention au tabagisme, \u00e0 l&#8217;alimentation et \u00e0 la consommation d&#8217;alcool, et les m\u00e9dicaments r\u00e9guli\u00e8rement utilis\u00e9s doivent \u00eatre signal\u00e9s au m\u00e9decin.<\/p>\n<p><strong>Comment la chirurgie de reconstruction mammaire est-elle pratiqu\u00e9e ?<\/strong><\/p>\n<p>Il existe deux m\u00e9thodes diff\u00e9rentes qui sont g\u00e9n\u00e9ralement pr\u00e9f\u00e9r\u00e9es dans les chirurgies de reconstruction mammaire. La premi\u00e8re consiste \u00e0 utiliser une proth\u00e8se contenant du gel, du s\u00e9rum physiologique ou un m\u00e9lange des deux. L&#8217;autre m\u00e9thode consiste \u00e0 reconstruire la forme du sein en utilisant des tissus mous pr\u00e9lev\u00e9s sur la patiente.<\/p>\n<p><strong>Cela fait de nombreuses ann\u00e9es que j&#8217;ai subi une ablation chirurgicale du sein. Puis-je encore b\u00e9n\u00e9ficier d&#8217;une chirurgie de reconstruction mammaire ?<\/strong><\/p>\n<p>Oui, bien s\u00fbr, vous pouvez b\u00e9n\u00e9ficier d&#8217;une chirurgie de reconstruction mammaire. Cette op\u00e9ration peut \u00eatre r\u00e9alis\u00e9e tout au long de la vie d&#8217;une adulte en bonne sant\u00e9. En outre, si elle se pr\u00eate \u00e0 une chirurgie g\u00e9n\u00e9rale, la reconstruction mammaire peut \u00eatre r\u00e9alis\u00e9e m\u00eame au moment de l&#8217;ablation du sein.<\/p>\n<p><strong>Puis-je me r\u00e9tablir imm\u00e9diatement apr\u00e8s une op\u00e9ration de reconstruction mammaire ?<\/strong><\/p>\n<p>Le processus de gu\u00e9rison varie en fonction de la technique utilis\u00e9e pour la reconstruction mammaire. La p\u00e9riode de convalescence apr\u00e8s l&#8217;op\u00e9ration est g\u00e9n\u00e9ralement comprise entre quatre et six semaines. Dans le cas d&#8217;une reconstruction mammaire avec ses propres tissus, le processus de gu\u00e9rison sera plus long que dans le cas d&#8217;une r\u00e9paration avec une proth\u00e8se. Vous aurez des douleurs pendant quelques jours apr\u00e8s l&#8217;op\u00e9ration et c&#8217;est tout \u00e0 fait normal.<\/p>\t\t\t\t\t\t<\/div>\n\t\t\t\t<\/div>\n\t\t\t\t<\/div>\n\t\t<div class=\"elementor-element elementor-element-1f8f862b e-con-full e-flex e-con e-child\" data-id=\"1f8f862b\" data-element_type=\"container\" data-settings=\"{&quot;content_width&quot;:&quot;full&quot;,&quot;background_background&quot;:&quot;classic&quot;}\">\n\t\t<div class=\"elementor-element elementor-element-d4639b8 e-con-full e-flex elementor-invisible e-con e-child\" data-id=\"d4639b8\" data-element_type=\"container\" data-settings=\"{&quot;background_background&quot;:&quot;classic&quot;,&quot;content_width&quot;:&quot;full&quot;,&quot;animation&quot;:&quot;fadeInDown&quot;,&quot;sticky&quot;:&quot;top&quot;,&quot;sticky_parent&quot;:&quot;yes&quot;,&quot;sticky_on&quot;:[&quot;desktop&quot;,&quot;tablet&quot;,&quot;mobile&quot;],&quot;sticky_offset&quot;:0,&quot;sticky_effects_offset&quot;:0}\">\n\t\t\t\t<div class=\"elementor-element elementor-element-08167e1 elementor-invisible elementor-widget elementor-widget-heading\" data-id=\"08167e1\" data-element_type=\"widget\" data-settings=\"{&quot;_animation&quot;:&quot;fadeInDown&quot;,&quot;_animation_delay&quot;:100}\" data-widget_type=\"heading.default\">\n\t\t\t\t<div class=\"elementor-widget-container\">\n\t\t\t<div class=\"elementor-heading-title elementor-size-default\">Consultation gratuite<\/div>\t\t<\/div>\n\t\t\t\t<\/div>\n\t\t\t\t<div class=\"elementor-element elementor-element-b94c2a8 elementor-widget elementor-widget-elementskit-contact-form7\" data-id=\"b94c2a8\" data-element_type=\"widget\" data-widget_type=\"elementskit-contact-form7.default\">\n\t\t\t\t<div class=\"elementor-widget-container\">\n\t\t\t<div class=\"ekit-wid-con\" ><div class=\"ekit-form\">\n<div class=\"wpcf7 no-js\" id=\"wpcf7-f414-o1\" lang=\"tr-TR\" dir=\"ltr\">\n<div class=\"screen-reader-response\"><p role=\"status\" aria-live=\"polite\" aria-atomic=\"true\"><\/p> <ul><\/ul><\/div>\n<form action=\"\/fr\/wp-json\/wp\/v2\/pages\/2349#wpcf7-f414-o1\" method=\"post\" class=\"wpcf7-form init\" aria-label=\"Contact form\" novalidate=\"novalidate\" data-status=\"init\">\n<div style=\"display: none;\">\n<input type=\"hidden\" name=\"_wpcf7\" value=\"414\" \/>\n<input type=\"hidden\" name=\"_wpcf7_version\" value=\"5.9.3\" \/>\n<input type=\"hidden\" name=\"_wpcf7_locale\" value=\"tr_TR\" \/>\n<input type=\"hidden\" name=\"_wpcf7_unit_tag\" value=\"wpcf7-f414-o1\" \/>\n<input type=\"hidden\" name=\"_wpcf7_container_post\" value=\"0\" \/>\n<input type=\"hidden\" name=\"_wpcf7_posted_data_hash\" value=\"\" \/>\n<\/div>\n<p><span class=\"wpcf7-form-control-wrap\" data-name=\"adi\"><input size=\"40\" class=\"wpcf7-form-control wpcf7-text wpcf7-validates-as-required\" aria-required=\"true\" aria-invalid=\"false\" placeholder=\"Votre nom\" value=\"\" type=\"text\" name=\"adi\" \/><\/span><br \/>\n<span class=\"wpcf7-form-control-wrap\" data-name=\"tel\"><input size=\"40\" class=\"wpcf7-form-control wpcf7-tel wpcf7-validates-as-required wpcf7-text wpcf7-validates-as-tel\" aria-required=\"true\" aria-invalid=\"false\" placeholder=\"Votre t\u00e9l\u00e9phone\" value=\"\" type=\"tel\" name=\"tel\" \/><\/span><br \/>\n<span class=\"wpcf7-form-control-wrap\" data-name=\"mail\"><input size=\"40\" class=\"wpcf7-form-control wpcf7-email wpcf7-text wpcf7-validates-as-email\" aria-invalid=\"false\" placeholder=\"E-Mail\" value=\"\" type=\"email\" name=\"mail\" \/><\/span><br \/>\n<span class=\"wpcf7-form-control-wrap\" data-name=\"mesaj\"><textarea cols=\"40\" rows=\"10\" class=\"wpcf7-form-control wpcf7-textarea\" aria-invalid=\"false\" placeholder=\"Votre message\" name=\"mesaj\"><\/textarea><\/span><br \/>\n<span class=\"wpcf7-form-control-wrap\" data-name=\"guvenlik\"><label><span class=\"wpcf7-quiz-label\">2 + 2= ?<\/span> <input size=\"40\" class=\"wpcf7-form-control wpcf7-quiz\" autocomplete=\"off\" aria-required=\"true\" aria-invalid=\"false\" type=\"text\" name=\"guvenlik\" \/><\/label><input type=\"hidden\" name=\"_wpcf7_quiz_answer_guvenlik\" value=\"7c415c6b6889823efac7ef851a2cd710\" \/><\/span><br \/>\n<input class=\"wpcf7-form-control wpcf7-submit has-spinner\" type=\"submit\" value=\"Submit Form\" \/>\n<\/p><div class=\"wpcf7-response-output\" aria-hidden=\"true\"><\/div>\n<\/form>\n<\/div>\n<\/div><\/div>\t\t<\/div>\n\t\t\t\t<\/div>\n\t\t\t\t<\/div>\n\t\t\t\t<\/div>\n\t\t\t\t\t<\/div>\n\t\t\t\t<\/div>\n\t\t\t\t<\/div>\n\t\t","protected":false},"excerpt":{"rendered":"<p>Accueil Sant\u00e9 et beaut\u00e9 Reconstruction mammaire La reconstruction mammaire, c&#8217;est-\u00e0-dire la r\u00e9paration des seins, est une proc\u00e9dure effectu\u00e9e dans le but de restaurer la forme de votre sein. reconstruction mammaire ; Afin de pr\u00e9venir et de traiter le cancer du sein, on parle de l&#8217;ablation des seins et de la reconstruction du tissu mammaire avec [&hellip;]<\/p>\n","protected":false},"author":1,"featured_media":0,"parent":2270,"menu_order":0,"comment_status":"closed","ping_status":"closed","template":"elementor_header_footer","meta":{"om_disable_all_campaigns":false,"_monsterinsights_skip_tracking":false,"_monsterinsights_sitenote_active":false,"_monsterinsights_sitenote_note":"","_monsterinsights_sitenote_category":0,"footnotes":""},"class_list":["post-2349","page","type-page","status-publish","hentry"],"aioseo_notices":[],"_links":{"self":[{"href":"https:\/\/kartaltipmerkezi.com\/fr\/wp-json\/wp\/v2\/pages\/2349","targetHints":{"allow":["GET"]}}],"collection":[{"href":"https:\/\/kartaltipmerkezi.com\/fr\/wp-json\/wp\/v2\/pages"}],"about":[{"href":"https:\/\/kartaltipmerkezi.com\/fr\/wp-json\/wp\/v2\/types\/page"}],"author":[{"embeddable":true,"href":"https:\/\/kartaltipmerkezi.com\/fr\/wp-json\/wp\/v2\/users\/1"}],"replies":[{"embeddable":true,"href":"https:\/\/kartaltipmerkezi.com\/fr\/wp-json\/wp\/v2\/comments?post=2349"}],"version-history":[{"count":8,"href":"https:\/\/kartaltipmerkezi.com\/fr\/wp-json\/wp\/v2\/pages\/2349\/revisions"}],"predecessor-version":[{"id":2948,"href":"https:\/\/kartaltipmerkezi.com\/fr\/wp-json\/wp\/v2\/pages\/2349\/revisions\/2948"}],"up":[{"embeddable":true,"href":"https:\/\/kartaltipmerkezi.com\/fr\/wp-json\/wp\/v2\/pages\/2270"}],"wp:attachment":[{"href":"https:\/\/kartaltipmerkezi.com\/fr\/wp-json\/wp\/v2\/media?parent=2349"}],"curies":[{"name":"wp","href":"https:\/\/api.w.org\/{rel}","templated":true}]}}