{"id":2343,"date":"2024-07-29T16:30:02","date_gmt":"2024-07-29T13:30:02","guid":{"rendered":"https:\/\/kartaltipmerkezi.com\/fr\/?page_id=2343"},"modified":"2024-08-21T15:24:50","modified_gmt":"2024-08-21T12:24:50","slug":"lifting-des-seins","status":"publish","type":"page","link":"https:\/\/kartaltipmerkezi.com\/fr\/sante-et-beaute\/lifting-des-seins","title":{"rendered":"Lifting des seins"},"content":{"rendered":"\t\t<div data-elementor-type=\"wp-page\" data-elementor-id=\"2343\" class=\"elementor elementor-2343\" data-elementor-post-type=\"page\">\n\t\t\t\t<div class=\"elementor-element elementor-element-2f443ef4 e-flex e-con-boxed e-con e-parent\" data-id=\"2f443ef4\" data-element_type=\"container\" data-settings=\"{&quot;background_background&quot;:&quot;classic&quot;,&quot;content_width&quot;:&quot;boxed&quot;}\" data-core-v316-plus=\"true\">\n\t\t\t\t\t<div class=\"e-con-inner\">\n\t\t<div class=\"elementor-element elementor-element-463e7f0b e-con-full e-flex e-con e-child\" data-id=\"463e7f0b\" data-element_type=\"container\" data-settings=\"{&quot;content_width&quot;:&quot;full&quot;}\">\n\t\t\t\t<div class=\"elementor-element elementor-element-22e05ce elementor-icon-list--layout-inline elementor-align-center elementor-mobile-align-left elementor-list-item-link-full_width elementor-invisible elementor-widget elementor-widget-icon-list\" data-id=\"22e05ce\" data-element_type=\"widget\" data-settings=\"{&quot;_animation&quot;:&quot;fadeInDown&quot;}\" data-widget_type=\"icon-list.default\">\n\t\t\t\t<div class=\"elementor-widget-container\">\n\t\t\t<link rel=\"stylesheet\" href=\"https:\/\/kartaltipmerkezi.com\/en\/wp-content\/plugins\/elementor\/assets\/css\/widget-icon-list.min.css\">\t\t<ul class=\"elementor-icon-list-items elementor-inline-items\">\n\t\t\t\t\t\t\t<li class=\"elementor-icon-list-item elementor-inline-item\">\n\t\t\t\t\t\t\t\t\t\t\t<a href=\"https:\/\/kartaltipmerkezi.com\/fr\">\n\n\t\t\t\t\t\t\t\t\t\t\t\t<span class=\"elementor-icon-list-icon\">\n\t\t\t\t\t\t\t<i aria-hidden=\"true\" class=\"icon icon-home2\"><\/i>\t\t\t\t\t\t<\/span>\n\t\t\t\t\t\t\t\t\t\t<span class=\"elementor-icon-list-text\">Accueil<\/span>\n\t\t\t\t\t\t\t\t\t\t\t<\/a>\n\t\t\t\t\t\t\t\t\t<\/li>\n\t\t\t\t\t\t\t\t<li class=\"elementor-icon-list-item elementor-inline-item\">\n\t\t\t\t\t\t\t\t\t\t\t<a href=\"https:\/\/kartaltipmerkezi.com\/fr\/sante-et-beaute\">\n\n\t\t\t\t\t\t\t\t\t\t\t\t<span class=\"elementor-icon-list-icon\">\n\t\t\t\t\t\t\t<i aria-hidden=\"true\" class=\" arrow_carrot-right\"><\/i>\t\t\t\t\t\t<\/span>\n\t\t\t\t\t\t\t\t\t\t<span class=\"elementor-icon-list-text\">Sant\u00e9 et beaut\u00e9<\/span>\n\t\t\t\t\t\t\t\t\t\t\t<\/a>\n\t\t\t\t\t\t\t\t\t<\/li>\n\t\t\t\t\t\t\t\t<li class=\"elementor-icon-list-item elementor-inline-item\">\n\t\t\t\t\t\t\t\t\t\t\t<a href=\"https:\/\/kartaltipmerkezi.com\/fr\/sante-et-beaute\/lifting-des-seins\">\n\n\t\t\t\t\t\t\t\t\t\t\t\t<span class=\"elementor-icon-list-icon\">\n\t\t\t\t\t\t\t<i aria-hidden=\"true\" class=\" arrow_carrot-right\"><\/i>\t\t\t\t\t\t<\/span>\n\t\t\t\t\t\t\t\t\t\t<span class=\"elementor-icon-list-text\">Lifting des seins<\/span>\n\t\t\t\t\t\t\t\t\t\t\t<\/a>\n\t\t\t\t\t\t\t\t\t<\/li>\n\t\t\t\t\t\t<\/ul>\n\t\t\t\t<\/div>\n\t\t\t\t<\/div>\n\t\t\t\t<div class=\"elementor-element elementor-element-f8e4876 elementor-invisible elementor-widget elementor-widget-heading\" data-id=\"f8e4876\" data-element_type=\"widget\" data-settings=\"{&quot;_animation&quot;:&quot;fadeInDown&quot;,&quot;_animation_delay&quot;:100}\" data-widget_type=\"heading.default\">\n\t\t\t\t<div class=\"elementor-widget-container\">\n\t\t\t<style>\/*! elementor - v3.19.0 - 07-02-2024 *\/\n.elementor-heading-title{padding:0;margin:0;line-height:1}.elementor-widget-heading .elementor-heading-title[class*=elementor-size-]>a{color:inherit;font-size:inherit;line-height:inherit}.elementor-widget-heading .elementor-heading-title.elementor-size-small{font-size:15px}.elementor-widget-heading .elementor-heading-title.elementor-size-medium{font-size:19px}.elementor-widget-heading .elementor-heading-title.elementor-size-large{font-size:29px}.elementor-widget-heading .elementor-heading-title.elementor-size-xl{font-size:39px}.elementor-widget-heading .elementor-heading-title.elementor-size-xxl{font-size:59px}<\/style><h1 class=\"elementor-heading-title elementor-size-default\">Lifting des seins<\/h1>\t\t<\/div>\n\t\t\t\t<\/div>\n\t\t\t\t<div class=\"elementor-element elementor-element-4907608 elementor-invisible elementor-widget elementor-widget-heading\" data-id=\"4907608\" data-element_type=\"widget\" data-settings=\"{&quot;_animation&quot;:&quot;fadeInDown&quot;,&quot;_animation_delay&quot;:100}\" data-widget_type=\"heading.default\">\n\t\t\t\t<div class=\"elementor-widget-container\">\n\t\t\t<p class=\"elementor-heading-title elementor-size-default\">L'esth\u00e9tique du lifting des seins, \u00e0 savoir la mastopexie ; elle est pratiqu\u00e9e afin de remonter les seins tombants et de leur donner un aspect esth\u00e9tique, de les harmoniser avec la taille du corps et d'obtenir des seins sym\u00e9triques et d'aspect naturel. Les op\u00e9rations de lifting des seins sont des op\u00e9rations qui peuvent s'appliquer \u00e0 toutes les femmes ayant des seins tombants, qu'elles aient accouch\u00e9 ou non.<\/p>\t\t<\/div>\n\t\t\t\t<\/div>\n\t\t\t\t<\/div>\n\t\t\t\t\t<\/div>\n\t\t\t\t<\/div>\n\t\t<div class=\"elementor-element elementor-element-4815fea4 e-flex e-con-boxed e-con e-parent\" data-id=\"4815fea4\" data-element_type=\"container\" data-settings=\"{&quot;content_width&quot;:&quot;boxed&quot;}\" data-core-v316-plus=\"true\">\n\t\t\t\t\t<div class=\"e-con-inner\">\n\t\t<div class=\"elementor-element elementor-element-5c597a4b e-con-full e-flex e-con e-child\" data-id=\"5c597a4b\" data-element_type=\"container\" data-settings=\"{&quot;content_width&quot;:&quot;full&quot;}\">\n\t\t\t\t<div class=\"elementor-element elementor-element-6bd7f454 elementor-widget elementor-widget-text-editor\" data-id=\"6bd7f454\" data-element_type=\"widget\" data-widget_type=\"text-editor.default\">\n\t\t\t\t<div class=\"elementor-widget-container\">\n\t\t\t<style>\/*! elementor - v3.19.0 - 07-02-2024 *\/\n.elementor-widget-text-editor.elementor-drop-cap-view-stacked .elementor-drop-cap{background-color:#69727d;color:#fff}.elementor-widget-text-editor.elementor-drop-cap-view-framed .elementor-drop-cap{color:#69727d;border:3px solid;background-color:transparent}.elementor-widget-text-editor:not(.elementor-drop-cap-view-default) .elementor-drop-cap{margin-top:8px}.elementor-widget-text-editor:not(.elementor-drop-cap-view-default) .elementor-drop-cap-letter{width:1em;height:1em}.elementor-widget-text-editor .elementor-drop-cap{float:left;text-align:center;line-height:1;font-size:50px}.elementor-widget-text-editor .elementor-drop-cap-letter{display:inline-block}<\/style>\t\t\t\t<p>Les causes de l&#8217;affaissement des seins peuvent \u00eatre observ\u00e9es au niveau structurel, ainsi qu&#8217;en cas de prise ou de perte de poids, dans la p\u00e9riode qui suit l&#8217;accouchement et en raison de l&#8217;\u00e2ge, sous l&#8217;effet de la pesanteur. Pour comprendre l&#8217;affaissement des seins, il faut d&#8217;abord se regarder dans un miroir, puis \u00e9valuer le mamelon et la ligne du dessous du sein pour savoir s&#8217;il y a affaissement. L&#8217;affaissement des seins, appel\u00e9 ptose mammaire, est g\u00e9n\u00e9ralement class\u00e9 en 4 groupes. Ces quatre groupes sont les suivants : l\u00e9ger, mod\u00e9r\u00e9, s\u00e9v\u00e8re et pseudoptose. Si le mamelon se trouve au niveau de la ligne inframammaire ou \u00e0 moins de 1 cm, la ptose est l\u00e9g\u00e8re. Si le mamelon est situ\u00e9 \u00e0 1-3 cm sous la ligne inframammaire, il est moyen. Si le mamelon est situ\u00e9 \u00e0 moins de 3 cm, il s&#8217;agit d&#8217;une ptose s\u00e9v\u00e8re. Si le mamelon est situ\u00e9 au-dessus de la ligne sous-mammaire normale mais que la base du sein est per\u00e7ue comme affaiss\u00e9e, il s&#8217;agit \u00e9galement d&#8217;une pseudoptose.<\/p><p><strong>Quand devrais-je opter pour un lifting des seins ?<\/strong><\/p><p>Si vos seins sont affaiss\u00e9s pour des raisons telles que la grossesse, l&#8217;allaitement, un changement de poids soudain et le vieillissement, si vous constatez un affaissement du mamelon ou du tissu entourant l&#8217;extr\u00e9mit\u00e9, et si votre m\u00e9decin pense qu&#8217;il ne sera pas possible de donner la forme souhait\u00e9e au sein en utilisant uniquement une proth\u00e8se, vous pouvez opter pour une op\u00e9ration de lifting des seins.<\/p><p><strong>Comment l&#8217;op\u00e9ration de lifting mammaire est-elle pratiqu\u00e9e ?<\/strong><\/p><p>Le lifting des seins peut \u00eatre r\u00e9alis\u00e9 selon plusieurs techniques diff\u00e9rentes. Dans notre premi\u00e8re technique, une incision en &#8220;T invers\u00e9&#8221; est pratiqu\u00e9e autour du mamelon. Cette incision descend verticalement du mamelon jusqu&#8217;au pli mammaire et se poursuit horizontalement le long du pli. Cette technique est g\u00e9n\u00e9ralement utilis\u00e9e chez les patientes pr\u00e9sentant un affaissement avanc\u00e9 des seins. Dans notre deuxi\u00e8me technique, une incision en forme de sucette est pratiqu\u00e9e et l&#8217;incision se poursuit verticalement du mamelon au pli inf\u00e9rieur du sein. Cette technique est g\u00e9n\u00e9ralement utilis\u00e9e pour remonter les seins pr\u00e9sentant un affaissement mod\u00e9r\u00e9. Une incision est pratiqu\u00e9e uniquement autour du mamelon chez nos patientes pr\u00e9sentant un l\u00e9ger affaissement. Dans toutes les techniques, les tissus autour du mamelon sont d&#8217;abord lib\u00e9r\u00e9s. Ensuite, l&#8217;exc\u00e8s de tissu dans le tissu mammaire environnant est enlev\u00e9 et le sein re\u00e7oit une nouvelle forme. Apr\u00e8s la mise en forme, le mamelon peut \u00eatre cousu \u00e0 son emplacement id\u00e9al.<\/p><p><strong>Dans quel d\u00e9lai puis-je me r\u00e9tablir apr\u00e8s une op\u00e9ration de lifting mammaire ?<\/strong><\/p><p>Apr\u00e8s l&#8217;op\u00e9ration de lifting mammaire, lorsque les bandages sont retir\u00e9s, on peut observer un gonflement des seins. Aux endroits o\u00f9 il y a une incision sous le sein, on peut voir un creux ou une d\u00e9formation. Ces effets de l&#8217;op\u00e9ration disparaissent au bout d&#8217;un mois. Vous n&#8217;aurez pas beaucoup de douleurs apr\u00e8s l&#8217;op\u00e9ration. Cependant, il peut arriver que les seins soient gonfl\u00e9s et qu&#8217;il y ait des ecchymoses (bleus). Ce sont des troubles qui disparaissent rapidement. Il est recommand\u00e9 d&#8217;utiliser le bandage sur votre poitrine pendant 3 jours apr\u00e8s l&#8217;op\u00e9ration. \u00c0 la fin de cette p\u00e9riode, vous pouvez utiliser des soutiens-gorge de sport en forme de demi-athl\u00e8te. Apr\u00e8s l&#8217;op\u00e9ration, vous pouvez commencer les exercices qui font travailler votre bras et les activit\u00e9s de natation un mois plus tard. \u00c9tant donn\u00e9 que des sutures dissolvantes sont utilis\u00e9es dans les op\u00e9rations de lifting mammaire, il ne sera pas n\u00e9cessaire de proc\u00e9der \u00e0 des op\u00e9rations telles que l&#8217;ablation des sutures apr\u00e8s l&#8217;op\u00e9ration. Apr\u00e8s l&#8217;op\u00e9ration de lifting mammaire, il faut compter entre 6 mois et 1 an pour que tous les effets s&#8217;am\u00e9liorent, la forme compl\u00e8te et la perte de sensation.<\/p><p><strong>Puis-je tomber enceinte et allaiter mon enfant apr\u00e8s une op\u00e9ration de lifting mammaire ?<\/strong><\/p><p>Lors de l&#8217;op\u00e9ration de lifting mammaire, les glandes et canaux lactif\u00e8res sont prot\u00e9g\u00e9s. Conform\u00e9ment aux proc\u00e9dures techniques, votre capacit\u00e9 \u00e0 allaiter et vos sens sont extr\u00eamement bien prot\u00e9g\u00e9s.<\/p><p><strong>Combien de temps apr\u00e8s la naissance puis-je subir une op\u00e9ration de lifting mammaire ?<\/strong><\/p><p>Vous pouvez subir une intervention de lifting mammaire \u00e0 la fin de la p\u00e9riode d&#8217;allaitement, c&#8217;est-\u00e0-dire environ 6 mois apr\u00e8s la fin de la mont\u00e9e de lait. Si vous n&#8217;attendez pas cette p\u00e9riode, une inflammation peut se produire et vos points de suture peuvent s&#8217;ouvrir. Dans ce cas, des cicatrices appara\u00eetront sur vos seins.<\/p>\t\t\t\t\t\t<\/div>\n\t\t\t\t<\/div>\n\t\t\t\t<\/div>\n\t\t<div class=\"elementor-element elementor-element-1f8f862b e-con-full e-flex e-con e-child\" data-id=\"1f8f862b\" data-element_type=\"container\" data-settings=\"{&quot;content_width&quot;:&quot;full&quot;,&quot;background_background&quot;:&quot;classic&quot;}\">\n\t\t<div class=\"elementor-element elementor-element-d4639b8 e-con-full e-flex elementor-invisible e-con e-child\" data-id=\"d4639b8\" data-element_type=\"container\" data-settings=\"{&quot;background_background&quot;:&quot;classic&quot;,&quot;content_width&quot;:&quot;full&quot;,&quot;animation&quot;:&quot;fadeInDown&quot;,&quot;sticky&quot;:&quot;top&quot;,&quot;sticky_parent&quot;:&quot;yes&quot;,&quot;sticky_on&quot;:[&quot;desktop&quot;,&quot;tablet&quot;,&quot;mobile&quot;],&quot;sticky_offset&quot;:0,&quot;sticky_effects_offset&quot;:0}\">\n\t\t\t\t<div class=\"elementor-element elementor-element-08167e1 elementor-invisible elementor-widget elementor-widget-heading\" data-id=\"08167e1\" data-element_type=\"widget\" data-settings=\"{&quot;_animation&quot;:&quot;fadeInDown&quot;,&quot;_animation_delay&quot;:100}\" data-widget_type=\"heading.default\">\n\t\t\t\t<div class=\"elementor-widget-container\">\n\t\t\t<div class=\"elementor-heading-title elementor-size-default\">Consultation gratuite<\/div>\t\t<\/div>\n\t\t\t\t<\/div>\n\t\t\t\t<div class=\"elementor-element elementor-element-b94c2a8 elementor-widget elementor-widget-elementskit-contact-form7\" data-id=\"b94c2a8\" data-element_type=\"widget\" data-widget_type=\"elementskit-contact-form7.default\">\n\t\t\t\t<div class=\"elementor-widget-container\">\n\t\t\t<div class=\"ekit-wid-con\" ><div class=\"ekit-form\">\n<div class=\"wpcf7 no-js\" id=\"wpcf7-f414-o1\" lang=\"tr-TR\" dir=\"ltr\">\n<div class=\"screen-reader-response\"><p role=\"status\" aria-live=\"polite\" aria-atomic=\"true\"><\/p> <ul><\/ul><\/div>\n<form action=\"\/fr\/wp-json\/wp\/v2\/pages\/2343#wpcf7-f414-o1\" method=\"post\" class=\"wpcf7-form init\" aria-label=\"Contact form\" novalidate=\"novalidate\" data-status=\"init\">\n<div style=\"display: none;\">\n<input type=\"hidden\" name=\"_wpcf7\" value=\"414\" \/>\n<input type=\"hidden\" name=\"_wpcf7_version\" value=\"5.9.3\" \/>\n<input type=\"hidden\" name=\"_wpcf7_locale\" value=\"tr_TR\" \/>\n<input type=\"hidden\" name=\"_wpcf7_unit_tag\" value=\"wpcf7-f414-o1\" \/>\n<input type=\"hidden\" name=\"_wpcf7_container_post\" value=\"0\" \/>\n<input type=\"hidden\" name=\"_wpcf7_posted_data_hash\" value=\"\" \/>\n<\/div>\n<p><span class=\"wpcf7-form-control-wrap\" data-name=\"adi\"><input size=\"40\" class=\"wpcf7-form-control wpcf7-text wpcf7-validates-as-required\" aria-required=\"true\" aria-invalid=\"false\" placeholder=\"Votre nom\" value=\"\" type=\"text\" name=\"adi\" \/><\/span><br \/>\n<span class=\"wpcf7-form-control-wrap\" data-name=\"tel\"><input size=\"40\" class=\"wpcf7-form-control wpcf7-tel wpcf7-validates-as-required wpcf7-text wpcf7-validates-as-tel\" aria-required=\"true\" aria-invalid=\"false\" placeholder=\"Votre t\u00e9l\u00e9phone\" value=\"\" type=\"tel\" name=\"tel\" \/><\/span><br \/>\n<span class=\"wpcf7-form-control-wrap\" data-name=\"mail\"><input size=\"40\" class=\"wpcf7-form-control wpcf7-email wpcf7-text wpcf7-validates-as-email\" aria-invalid=\"false\" placeholder=\"E-Mail\" value=\"\" type=\"email\" name=\"mail\" \/><\/span><br \/>\n<span class=\"wpcf7-form-control-wrap\" data-name=\"mesaj\"><textarea cols=\"40\" rows=\"10\" class=\"wpcf7-form-control wpcf7-textarea\" aria-invalid=\"false\" placeholder=\"Votre message\" name=\"mesaj\"><\/textarea><\/span><br \/>\n<span class=\"wpcf7-form-control-wrap\" data-name=\"guvenlik\"><label><span class=\"wpcf7-quiz-label\">2 + 2= ?<\/span> <input size=\"40\" class=\"wpcf7-form-control wpcf7-quiz\" autocomplete=\"off\" aria-required=\"true\" aria-invalid=\"false\" type=\"text\" name=\"guvenlik\" \/><\/label><input type=\"hidden\" name=\"_wpcf7_quiz_answer_guvenlik\" value=\"7c415c6b6889823efac7ef851a2cd710\" \/><\/span><br \/>\n<input class=\"wpcf7-form-control wpcf7-submit has-spinner\" type=\"submit\" value=\"Submit Form\" \/>\n<\/p><div class=\"wpcf7-response-output\" aria-hidden=\"true\"><\/div>\n<\/form>\n<\/div>\n<\/div><\/div>\t\t<\/div>\n\t\t\t\t<\/div>\n\t\t\t\t<\/div>\n\t\t\t\t<\/div>\n\t\t\t\t\t<\/div>\n\t\t\t\t<\/div>\n\t\t\t\t<\/div>\n\t\t","protected":false},"excerpt":{"rendered":"<p>Accueil Sant\u00e9 et beaut\u00e9 Lifting des seins L&#8217;esth\u00e9tique du lifting des seins, \u00e0 savoir la mastopexie ; elle est pratiqu\u00e9e afin de remonter les seins tombants et de leur donner un aspect esth\u00e9tique, de les harmoniser avec la taille du corps et d&#8217;obtenir des seins sym\u00e9triques et d&#8217;aspect naturel. Les op\u00e9rations de lifting des seins [&hellip;]<\/p>\n","protected":false},"author":1,"featured_media":0,"parent":2270,"menu_order":0,"comment_status":"closed","ping_status":"closed","template":"elementor_header_footer","meta":{"om_disable_all_campaigns":false,"_monsterinsights_skip_tracking":false,"_monsterinsights_sitenote_active":false,"_monsterinsights_sitenote_note":"","_monsterinsights_sitenote_category":0,"footnotes":""},"class_list":["post-2343","page","type-page","status-publish","hentry"],"aioseo_notices":[],"_links":{"self":[{"href":"https:\/\/kartaltipmerkezi.com\/fr\/wp-json\/wp\/v2\/pages\/2343","targetHints":{"allow":["GET"]}}],"collection":[{"href":"https:\/\/kartaltipmerkezi.com\/fr\/wp-json\/wp\/v2\/pages"}],"about":[{"href":"https:\/\/kartaltipmerkezi.com\/fr\/wp-json\/wp\/v2\/types\/page"}],"author":[{"embeddable":true,"href":"https:\/\/kartaltipmerkezi.com\/fr\/wp-json\/wp\/v2\/users\/1"}],"replies":[{"embeddable":true,"href":"https:\/\/kartaltipmerkezi.com\/fr\/wp-json\/wp\/v2\/comments?post=2343"}],"version-history":[{"count":8,"href":"https:\/\/kartaltipmerkezi.com\/fr\/wp-json\/wp\/v2\/pages\/2343\/revisions"}],"predecessor-version":[{"id":2941,"href":"https:\/\/kartaltipmerkezi.com\/fr\/wp-json\/wp\/v2\/pages\/2343\/revisions\/2941"}],"up":[{"embeddable":true,"href":"https:\/\/kartaltipmerkezi.com\/fr\/wp-json\/wp\/v2\/pages\/2270"}],"wp:attachment":[{"href":"https:\/\/kartaltipmerkezi.com\/fr\/wp-json\/wp\/v2\/media?parent=2343"}],"curies":[{"name":"wp","href":"https:\/\/api.w.org\/{rel}","templated":true}]}}