{"id":2336,"date":"2024-07-29T15:59:02","date_gmt":"2024-07-29T12:59:02","guid":{"rendered":"https:\/\/kartaltipmerkezi.com\/fr\/?page_id=2336"},"modified":"2024-08-21T15:23:25","modified_gmt":"2024-08-21T12:23:25","slug":"reduction-mammaire","status":"publish","type":"page","link":"https:\/\/kartaltipmerkezi.com\/fr\/sante-et-beaute\/reduction-mammaire","title":{"rendered":"R\u00e9duction mammaire"},"content":{"rendered":"\t\t<div data-elementor-type=\"wp-page\" data-elementor-id=\"2336\" class=\"elementor elementor-2336\" data-elementor-post-type=\"page\">\n\t\t\t\t<div class=\"elementor-element elementor-element-2f443ef4 e-flex e-con-boxed e-con e-parent\" data-id=\"2f443ef4\" data-element_type=\"container\" data-settings=\"{&quot;background_background&quot;:&quot;classic&quot;,&quot;content_width&quot;:&quot;boxed&quot;}\" data-core-v316-plus=\"true\">\n\t\t\t\t\t<div class=\"e-con-inner\">\n\t\t<div class=\"elementor-element elementor-element-463e7f0b e-con-full e-flex e-con e-child\" data-id=\"463e7f0b\" data-element_type=\"container\" data-settings=\"{&quot;content_width&quot;:&quot;full&quot;}\">\n\t\t\t\t<div class=\"elementor-element elementor-element-74f15e3 elementor-icon-list--layout-inline elementor-align-center elementor-mobile-align-left elementor-list-item-link-full_width elementor-invisible elementor-widget elementor-widget-icon-list\" data-id=\"74f15e3\" data-element_type=\"widget\" data-settings=\"{&quot;_animation&quot;:&quot;fadeInDown&quot;}\" data-widget_type=\"icon-list.default\">\n\t\t\t\t<div class=\"elementor-widget-container\">\n\t\t\t<link rel=\"stylesheet\" href=\"https:\/\/kartaltipmerkezi.com\/en\/wp-content\/plugins\/elementor\/assets\/css\/widget-icon-list.min.css\">\t\t<ul class=\"elementor-icon-list-items elementor-inline-items\">\n\t\t\t\t\t\t\t<li class=\"elementor-icon-list-item elementor-inline-item\">\n\t\t\t\t\t\t\t\t\t\t\t<a href=\"https:\/\/kartaltipmerkezi.com\/fr\">\n\n\t\t\t\t\t\t\t\t\t\t\t\t<span class=\"elementor-icon-list-icon\">\n\t\t\t\t\t\t\t<i aria-hidden=\"true\" class=\"icon icon-home2\"><\/i>\t\t\t\t\t\t<\/span>\n\t\t\t\t\t\t\t\t\t\t<span class=\"elementor-icon-list-text\">Accueil<\/span>\n\t\t\t\t\t\t\t\t\t\t\t<\/a>\n\t\t\t\t\t\t\t\t\t<\/li>\n\t\t\t\t\t\t\t\t<li class=\"elementor-icon-list-item elementor-inline-item\">\n\t\t\t\t\t\t\t\t\t\t\t<a href=\"https:\/\/kartaltipmerkezi.com\/fr\/sante-et-beaute\">\n\n\t\t\t\t\t\t\t\t\t\t\t\t<span class=\"elementor-icon-list-icon\">\n\t\t\t\t\t\t\t<i aria-hidden=\"true\" class=\" arrow_carrot-right\"><\/i>\t\t\t\t\t\t<\/span>\n\t\t\t\t\t\t\t\t\t\t<span class=\"elementor-icon-list-text\">Sant\u00e9 et beaut\u00e9<\/span>\n\t\t\t\t\t\t\t\t\t\t\t<\/a>\n\t\t\t\t\t\t\t\t\t<\/li>\n\t\t\t\t\t\t\t\t<li class=\"elementor-icon-list-item elementor-inline-item\">\n\t\t\t\t\t\t\t\t\t\t\t<a href=\"https:\/\/kartaltipmerkezi.com\/fr\/sante-et-beaute\/reduction-mammaire\">\n\n\t\t\t\t\t\t\t\t\t\t\t\t<span class=\"elementor-icon-list-icon\">\n\t\t\t\t\t\t\t<i aria-hidden=\"true\" class=\" arrow_carrot-right\"><\/i>\t\t\t\t\t\t<\/span>\n\t\t\t\t\t\t\t\t\t\t<span class=\"elementor-icon-list-text\">R\u00e9duction mammaire<\/span>\n\t\t\t\t\t\t\t\t\t\t\t<\/a>\n\t\t\t\t\t\t\t\t\t<\/li>\n\t\t\t\t\t\t<\/ul>\n\t\t\t\t<\/div>\n\t\t\t\t<\/div>\n\t\t\t\t<div class=\"elementor-element elementor-element-f8e4876 elementor-invisible elementor-widget elementor-widget-heading\" data-id=\"f8e4876\" data-element_type=\"widget\" data-settings=\"{&quot;_animation&quot;:&quot;fadeInDown&quot;,&quot;_animation_delay&quot;:100}\" data-widget_type=\"heading.default\">\n\t\t\t\t<div class=\"elementor-widget-container\">\n\t\t\t<style>\/*! elementor - v3.19.0 - 07-02-2024 *\/\n.elementor-heading-title{padding:0;margin:0;line-height:1}.elementor-widget-heading .elementor-heading-title[class*=elementor-size-]>a{color:inherit;font-size:inherit;line-height:inherit}.elementor-widget-heading .elementor-heading-title.elementor-size-small{font-size:15px}.elementor-widget-heading .elementor-heading-title.elementor-size-medium{font-size:19px}.elementor-widget-heading .elementor-heading-title.elementor-size-large{font-size:29px}.elementor-widget-heading .elementor-heading-title.elementor-size-xl{font-size:39px}.elementor-widget-heading .elementor-heading-title.elementor-size-xxl{font-size:59px}<\/style><h1 class=\"elementor-heading-title elementor-size-default\">R\u00e9duction mammaire<\/h1>\t\t<\/div>\n\t\t\t\t<\/div>\n\t\t\t\t<div class=\"elementor-element elementor-element-4907608 elementor-invisible elementor-widget elementor-widget-heading\" data-id=\"4907608\" data-element_type=\"widget\" data-settings=\"{&quot;_animation&quot;:&quot;fadeInDown&quot;,&quot;_animation_delay&quot;:100}\" data-widget_type=\"heading.default\">\n\t\t\t\t<div class=\"elementor-widget-container\">\n\t\t\t<p class=\"elementor-heading-title elementor-size-default\">La chirurgie de r\u00e9duction mammaire est n\u00e9cessaire en cas de grossesse, lorsque les seins sont plus gros que la normale, et dans les cas li\u00e9s \u00e0 l'exc\u00e8s de poids et \u00e0 l'allaitement. La taille des seins n'est pas seulement une chirurgie esth\u00e9tique, mais aussi un grave probl\u00e8me de sant\u00e9. En effet, une forte poitrine entra\u00eene des probl\u00e8mes tels que des douleurs au dos, \u00e0 la nuque et aux \u00e9paules, une limitation des activit\u00e9s physiques, des cicatrices sous les seins, l'impossibilit\u00e9 de porter les v\u00eatements souhait\u00e9s et des bretelles de soutien-gorge qui coupent les \u00e9paules.<\/p>\t\t<\/div>\n\t\t\t\t<\/div>\n\t\t\t\t<\/div>\n\t\t\t\t\t<\/div>\n\t\t\t\t<\/div>\n\t\t<div class=\"elementor-element elementor-element-4815fea4 e-flex e-con-boxed e-con e-parent\" data-id=\"4815fea4\" data-element_type=\"container\" data-settings=\"{&quot;content_width&quot;:&quot;boxed&quot;}\" data-core-v316-plus=\"true\">\n\t\t\t\t\t<div class=\"e-con-inner\">\n\t\t<div class=\"elementor-element elementor-element-5c597a4b e-con-full e-flex e-con e-child\" data-id=\"5c597a4b\" data-element_type=\"container\" data-settings=\"{&quot;content_width&quot;:&quot;full&quot;}\">\n\t\t\t\t<div class=\"elementor-element elementor-element-6bd7f454 elementor-widget elementor-widget-text-editor\" data-id=\"6bd7f454\" data-element_type=\"widget\" data-widget_type=\"text-editor.default\">\n\t\t\t\t<div class=\"elementor-widget-container\">\n\t\t\t<style>\/*! elementor - v3.19.0 - 07-02-2024 *\/\n.elementor-widget-text-editor.elementor-drop-cap-view-stacked .elementor-drop-cap{background-color:#69727d;color:#fff}.elementor-widget-text-editor.elementor-drop-cap-view-framed .elementor-drop-cap{color:#69727d;border:3px solid;background-color:transparent}.elementor-widget-text-editor:not(.elementor-drop-cap-view-default) .elementor-drop-cap{margin-top:8px}.elementor-widget-text-editor:not(.elementor-drop-cap-view-default) .elementor-drop-cap-letter{width:1em;height:1em}.elementor-widget-text-editor .elementor-drop-cap{float:left;text-align:center;line-height:1;font-size:50px}.elementor-widget-text-editor .elementor-drop-cap-letter{display:inline-block}<\/style>\t\t\t\t<p>Afin d&#8217;\u00e9liminer ces d\u00e9sagr\u00e9ments pour les personnes g\u00ean\u00e9es par cette situation, une partie des tissus, de la graisse et de la peau qui donnent de l&#8217;ampleur aux seins est enlev\u00e9e. La proportion des seins par rapport au corps est alors r\u00e9tablie. Il se peut que vos deux seins ne soient pas de la m\u00eame taille. Afin de garantir la sym\u00e9trie des op\u00e9rations de r\u00e9duction mammaire, des techniques op\u00e9ratoires diff\u00e9rentes peuvent \u00eatre appliqu\u00e9es aux deux seins. Avant de commencer l&#8217;op\u00e9ration de r\u00e9duction mammaire, la taille et le poids des seins de la patiente sont calcul\u00e9s et les nouveaux seins sont dessin\u00e9s en cons\u00e9quence. Ensuite, le tissu mammaire et l&#8217;exc\u00e8s de peau sont retir\u00e9s sous anesth\u00e9sie g\u00e9n\u00e9rale. L&#8217;op\u00e9ration de r\u00e9duction mammaire dure environ deux \u00e0 quatre heures. M\u00eame s&#8217;il y a une l\u00e9g\u00e8re douleur dans les mouvements des bras pendant les premiers jours apr\u00e8s l&#8217;op\u00e9ration, il s&#8217;agit de douleurs temporaires. Deux semaines apr\u00e8s l&#8217;op\u00e9ration, les points de suture sont retir\u00e9s et, \u00e0 l&#8217;issue de cette p\u00e9riode, les patientes pourront reprendre leur travail sans difficult\u00e9.<\/p><p><strong>\u00c0 quoi dois-je faire attention avant de subir une op\u00e9ration de r\u00e9duction mammaire ?<\/strong><\/p><p>La premi\u00e8re chose \u00e0 faire avant l&#8217;op\u00e9ration de r\u00e9duction mammaire est certainement une \u00e9chographie mammaire. Ensuite, deux semaines avant l&#8217;intervention, vous devez arr\u00eater de prendre de l&#8217;aspirine, des anticoagulants et certains analg\u00e9siques. Il est important de ne pas utiliser d&#8217;anticoagulants tels que la vitamine E, le th\u00e9 vert, le ginseng, les extraits de plantes et les graines de lin. Il est \u00e9galement recommand\u00e9 d&#8217;arr\u00eater de fumer une semaine avant l&#8217;intervention. Dans le cas contraire, les plaies mettront du temps \u00e0 cicatriser.<\/p><p><strong>Y aura-t-il des cicatrices sur mon corps apr\u00e8s l&#8217;op\u00e9ration de r\u00e9duction mammaire ?<\/strong><\/p><p>Comme dans de nombreuses chirurgies plastiques, de petites cicatrices subsisteront apr\u00e8s une chirurgie de r\u00e9duction mammaire. Dans le cas d&#8217;une r\u00e9duction mammaire, il reste une cicatrice en forme de T invers\u00e9. Comme cette cicatrice reste autour de l&#8217;anneau du mamelon, elle ne sera pas \u00e9vidente car elle co\u00efncide avec la zone de d\u00e9coloration. Les cicatrices sous le sein deviendront des lignes fines et indistinctes avec le temps.<\/p><p><strong>J&#8217;envisage de subir une chirurgie de r\u00e9duction mammaire. Cela m&#8217;emp\u00eachera-t-il d&#8217;allaiter ?<\/strong><\/p><p>La possibilit\u00e9 pour une femme d&#8217;allaiter \u00e0 nouveau apr\u00e8s une chirurgie de r\u00e9duction mammaire s&#8217;est encore accrue avec les techniques d&#8217;aujourd&#8217;hui. La chirurgie de r\u00e9duction mammaire consiste \u00e0 retirer une partie des glandes mammaires des femmes, en particulier celles qui ont de gros seins. Toutefois, l&#8217;ablation d&#8217;une partie des glandes mammaires n&#8217;entra\u00eene aucune modification des fonctions de lactation. Si vous envisagez une chirurgie de r\u00e9duction mammaire pour la p\u00e9riode post-partum, vous pouvez facilement envisager de vous faire op\u00e9rer au moins 6 mois apr\u00e8s la fin de votre p\u00e9riode d&#8217;allaitement.<\/p><p><strong>Que vais-je ressentir pendant la p\u00e9riode qui suit l&#8217;op\u00e9ration de r\u00e9duction mammaire ?<\/strong><\/p><p>L&#8217;op\u00e9ration de r\u00e9duction mammaire n&#8217;est pas une op\u00e9ration tr\u00e8s douloureuse. La patiente peut rentrer chez elle le lendemain, apr\u00e8s avoir pass\u00e9 une nuit \u00e0 l&#8217;h\u00f4pital \u00e0 des fins de contr\u00f4le apr\u00e8s l&#8217;op\u00e9ration de r\u00e9duction mammaire. \u00c9tant donn\u00e9 que la patiente ne ressentira aucune douleur apr\u00e8s l&#8217;op\u00e9ration de r\u00e9duction mammaire, ce processus sera extr\u00eamement confortable. Comme pour toutes les chirurgies mammaires, des drains sont utilis\u00e9s pour la r\u00e9duction mammaire et sont retir\u00e9s au bout de 24 heures. Apr\u00e8s l&#8217;op\u00e9ration, la patiente peut \u00eatre \u00e9quip\u00e9e d&#8217;un bandeau, mais on peut aussi lui demander de porter un soutien-gorge de sport, g\u00e9n\u00e9ralement pendant un mois. \u00c9tant donn\u00e9 que les sutures de l&#8217;op\u00e9ration se trouvent sous la peau et se dissolvent d&#8217;elles-m\u00eames, il ne sera pas n\u00e9cessaire de les retirer. Les patientes peuvent facilement reprendre le travail apr\u00e8s s&#8217;\u00eatre repos\u00e9es pendant une semaine. Apr\u00e8s l&#8217;op\u00e9ration, il faut faire attention aux mouvements des bras pendant un certain temps et il est recommand\u00e9 de ne pas soulever de choses trop lourdes.<\/p><p><strong>Les r\u00e9sultats de l&#8217;op\u00e9ration de r\u00e9duction mammaire seront-ils permanents ?<\/strong><\/p><p>Apr\u00e8s une op\u00e9ration de r\u00e9duction mammaire, les r\u00e9sultats dureront toute la vie. Cette nouvelle image corporelle augmentera \u00e9galement votre confiance en vous. Vous vous d\u00e9barrasserez \u00e9galement de l&#8217;\u00e9tat douloureux dans lequel vous vous trouviez avant l&#8217;op\u00e9ration. Toutefois, l&#8217;op\u00e9ration sera efficace si vous faites attention \u00e0 votre consommation de tabac, \u00e0 la qualit\u00e9 de votre peau, aux facteurs g\u00e9n\u00e9tiques, \u00e0 l&#8217;exercice physique, \u00e0 la consommation d&#8217;eau et d&#8217;alcool apr\u00e8s l&#8217;op\u00e9ration.<\/p>\t\t\t\t\t\t<\/div>\n\t\t\t\t<\/div>\n\t\t\t\t<\/div>\n\t\t<div class=\"elementor-element elementor-element-1f8f862b e-con-full e-flex e-con e-child\" data-id=\"1f8f862b\" data-element_type=\"container\" data-settings=\"{&quot;content_width&quot;:&quot;full&quot;,&quot;background_background&quot;:&quot;classic&quot;}\">\n\t\t<div class=\"elementor-element elementor-element-d4639b8 e-con-full e-flex elementor-invisible e-con e-child\" data-id=\"d4639b8\" data-element_type=\"container\" data-settings=\"{&quot;background_background&quot;:&quot;classic&quot;,&quot;content_width&quot;:&quot;full&quot;,&quot;animation&quot;:&quot;fadeInDown&quot;,&quot;sticky&quot;:&quot;top&quot;,&quot;sticky_parent&quot;:&quot;yes&quot;,&quot;sticky_on&quot;:[&quot;desktop&quot;,&quot;tablet&quot;,&quot;mobile&quot;],&quot;sticky_offset&quot;:0,&quot;sticky_effects_offset&quot;:0}\">\n\t\t\t\t<div class=\"elementor-element elementor-element-08167e1 elementor-invisible elementor-widget elementor-widget-heading\" data-id=\"08167e1\" data-element_type=\"widget\" data-settings=\"{&quot;_animation&quot;:&quot;fadeInDown&quot;,&quot;_animation_delay&quot;:100}\" data-widget_type=\"heading.default\">\n\t\t\t\t<div class=\"elementor-widget-container\">\n\t\t\t<div class=\"elementor-heading-title elementor-size-default\">Consultation gratuite<\/div>\t\t<\/div>\n\t\t\t\t<\/div>\n\t\t\t\t<div class=\"elementor-element elementor-element-b94c2a8 elementor-widget elementor-widget-elementskit-contact-form7\" data-id=\"b94c2a8\" data-element_type=\"widget\" data-widget_type=\"elementskit-contact-form7.default\">\n\t\t\t\t<div class=\"elementor-widget-container\">\n\t\t\t<div class=\"ekit-wid-con\" ><div class=\"ekit-form\">\n<div class=\"wpcf7 no-js\" id=\"wpcf7-f414-o1\" lang=\"tr-TR\" dir=\"ltr\">\n<div class=\"screen-reader-response\"><p role=\"status\" aria-live=\"polite\" aria-atomic=\"true\"><\/p> <ul><\/ul><\/div>\n<form action=\"\/fr\/wp-json\/wp\/v2\/pages\/2336#wpcf7-f414-o1\" method=\"post\" class=\"wpcf7-form init\" aria-label=\"Contact form\" novalidate=\"novalidate\" data-status=\"init\">\n<div style=\"display: none;\">\n<input type=\"hidden\" name=\"_wpcf7\" value=\"414\" \/>\n<input type=\"hidden\" name=\"_wpcf7_version\" value=\"5.9.3\" \/>\n<input type=\"hidden\" name=\"_wpcf7_locale\" value=\"tr_TR\" \/>\n<input type=\"hidden\" name=\"_wpcf7_unit_tag\" value=\"wpcf7-f414-o1\" \/>\n<input type=\"hidden\" name=\"_wpcf7_container_post\" value=\"0\" \/>\n<input type=\"hidden\" name=\"_wpcf7_posted_data_hash\" value=\"\" \/>\n<\/div>\n<p><span class=\"wpcf7-form-control-wrap\" data-name=\"adi\"><input size=\"40\" class=\"wpcf7-form-control wpcf7-text wpcf7-validates-as-required\" aria-required=\"true\" aria-invalid=\"false\" placeholder=\"Votre nom\" value=\"\" type=\"text\" name=\"adi\" \/><\/span><br \/>\n<span class=\"wpcf7-form-control-wrap\" data-name=\"tel\"><input size=\"40\" class=\"wpcf7-form-control wpcf7-tel wpcf7-validates-as-required wpcf7-text wpcf7-validates-as-tel\" aria-required=\"true\" aria-invalid=\"false\" placeholder=\"Votre t\u00e9l\u00e9phone\" value=\"\" type=\"tel\" name=\"tel\" \/><\/span><br \/>\n<span class=\"wpcf7-form-control-wrap\" data-name=\"mail\"><input size=\"40\" class=\"wpcf7-form-control wpcf7-email wpcf7-text wpcf7-validates-as-email\" aria-invalid=\"false\" placeholder=\"E-Mail\" value=\"\" type=\"email\" name=\"mail\" \/><\/span><br \/>\n<span class=\"wpcf7-form-control-wrap\" data-name=\"mesaj\"><textarea cols=\"40\" rows=\"10\" class=\"wpcf7-form-control wpcf7-textarea\" aria-invalid=\"false\" placeholder=\"Votre message\" name=\"mesaj\"><\/textarea><\/span><br \/>\n<span class=\"wpcf7-form-control-wrap\" data-name=\"guvenlik\"><label><span class=\"wpcf7-quiz-label\">2 + 2= ?<\/span> <input size=\"40\" class=\"wpcf7-form-control wpcf7-quiz\" autocomplete=\"off\" aria-required=\"true\" aria-invalid=\"false\" type=\"text\" name=\"guvenlik\" \/><\/label><input type=\"hidden\" name=\"_wpcf7_quiz_answer_guvenlik\" value=\"7c415c6b6889823efac7ef851a2cd710\" \/><\/span><br \/>\n<input class=\"wpcf7-form-control wpcf7-submit has-spinner\" type=\"submit\" value=\"Submit Form\" \/>\n<\/p><div class=\"wpcf7-response-output\" aria-hidden=\"true\"><\/div>\n<\/form>\n<\/div>\n<\/div><\/div>\t\t<\/div>\n\t\t\t\t<\/div>\n\t\t\t\t<\/div>\n\t\t\t\t<\/div>\n\t\t\t\t\t<\/div>\n\t\t\t\t<\/div>\n\t\t\t\t<\/div>\n\t\t","protected":false},"excerpt":{"rendered":"<p>Accueil Sant\u00e9 et beaut\u00e9 R\u00e9duction mammaire La chirurgie de r\u00e9duction mammaire est n\u00e9cessaire en cas de grossesse, lorsque les seins sont plus gros que la normale, et dans les cas li\u00e9s \u00e0 l&#8217;exc\u00e8s de poids et \u00e0 l&#8217;allaitement. La taille des seins n&#8217;est pas seulement une chirurgie esth\u00e9tique, mais aussi un grave probl\u00e8me de sant\u00e9. [&hellip;]<\/p>\n","protected":false},"author":1,"featured_media":0,"parent":2270,"menu_order":0,"comment_status":"closed","ping_status":"closed","template":"elementor_header_footer","meta":{"om_disable_all_campaigns":false,"_monsterinsights_skip_tracking":false,"_monsterinsights_sitenote_active":false,"_monsterinsights_sitenote_note":"","_monsterinsights_sitenote_category":0,"footnotes":""},"class_list":["post-2336","page","type-page","status-publish","hentry"],"aioseo_notices":[],"_links":{"self":[{"href":"https:\/\/kartaltipmerkezi.com\/fr\/wp-json\/wp\/v2\/pages\/2336","targetHints":{"allow":["GET"]}}],"collection":[{"href":"https:\/\/kartaltipmerkezi.com\/fr\/wp-json\/wp\/v2\/pages"}],"about":[{"href":"https:\/\/kartaltipmerkezi.com\/fr\/wp-json\/wp\/v2\/types\/page"}],"author":[{"embeddable":true,"href":"https:\/\/kartaltipmerkezi.com\/fr\/wp-json\/wp\/v2\/users\/1"}],"replies":[{"embeddable":true,"href":"https:\/\/kartaltipmerkezi.com\/fr\/wp-json\/wp\/v2\/comments?post=2336"}],"version-history":[{"count":8,"href":"https:\/\/kartaltipmerkezi.com\/fr\/wp-json\/wp\/v2\/pages\/2336\/revisions"}],"predecessor-version":[{"id":2934,"href":"https:\/\/kartaltipmerkezi.com\/fr\/wp-json\/wp\/v2\/pages\/2336\/revisions\/2934"}],"up":[{"embeddable":true,"href":"https:\/\/kartaltipmerkezi.com\/fr\/wp-json\/wp\/v2\/pages\/2270"}],"wp:attachment":[{"href":"https:\/\/kartaltipmerkezi.com\/fr\/wp-json\/wp\/v2\/media?parent=2336"}],"curies":[{"name":"wp","href":"https:\/\/api.w.org\/{rel}","templated":true}]}}