{"id":2330,"date":"2024-07-29T15:48:10","date_gmt":"2024-07-29T12:48:10","guid":{"rendered":"https:\/\/kartaltipmerkezi.com\/fr\/?page_id=2330"},"modified":"2024-08-21T15:21:56","modified_gmt":"2024-08-21T12:21:56","slug":"augmentation-mammaire","status":"publish","type":"page","link":"https:\/\/kartaltipmerkezi.com\/fr\/sante-et-beaute\/augmentation-mammaire","title":{"rendered":"Augmentation mammaire"},"content":{"rendered":"\t\t<div data-elementor-type=\"wp-page\" data-elementor-id=\"2330\" class=\"elementor elementor-2330\" data-elementor-post-type=\"page\">\n\t\t\t\t<div class=\"elementor-element elementor-element-2f443ef4 e-flex e-con-boxed e-con e-parent\" data-id=\"2f443ef4\" data-element_type=\"container\" data-settings=\"{&quot;background_background&quot;:&quot;classic&quot;,&quot;content_width&quot;:&quot;boxed&quot;}\" data-core-v316-plus=\"true\">\n\t\t\t\t\t<div class=\"e-con-inner\">\n\t\t<div class=\"elementor-element elementor-element-463e7f0b e-con-full e-flex e-con e-child\" data-id=\"463e7f0b\" data-element_type=\"container\" data-settings=\"{&quot;content_width&quot;:&quot;full&quot;}\">\n\t\t\t\t<div class=\"elementor-element elementor-element-0ecd62f elementor-icon-list--layout-inline elementor-align-center elementor-mobile-align-left elementor-list-item-link-full_width elementor-invisible elementor-widget elementor-widget-icon-list\" data-id=\"0ecd62f\" data-element_type=\"widget\" data-settings=\"{&quot;_animation&quot;:&quot;fadeInDown&quot;}\" data-widget_type=\"icon-list.default\">\n\t\t\t\t<div class=\"elementor-widget-container\">\n\t\t\t<link rel=\"stylesheet\" href=\"https:\/\/kartaltipmerkezi.com\/en\/wp-content\/plugins\/elementor\/assets\/css\/widget-icon-list.min.css\">\t\t<ul class=\"elementor-icon-list-items elementor-inline-items\">\n\t\t\t\t\t\t\t<li class=\"elementor-icon-list-item elementor-inline-item\">\n\t\t\t\t\t\t\t\t\t\t\t<a href=\"https:\/\/kartaltipmerkezi.com\/fr\">\n\n\t\t\t\t\t\t\t\t\t\t\t\t<span class=\"elementor-icon-list-icon\">\n\t\t\t\t\t\t\t<i aria-hidden=\"true\" class=\"icon icon-home2\"><\/i>\t\t\t\t\t\t<\/span>\n\t\t\t\t\t\t\t\t\t\t<span class=\"elementor-icon-list-text\">Accueil<\/span>\n\t\t\t\t\t\t\t\t\t\t\t<\/a>\n\t\t\t\t\t\t\t\t\t<\/li>\n\t\t\t\t\t\t\t\t<li class=\"elementor-icon-list-item elementor-inline-item\">\n\t\t\t\t\t\t\t\t\t\t\t<a href=\"https:\/\/kartaltipmerkezi.com\/fr\/sante-et-beaute\">\n\n\t\t\t\t\t\t\t\t\t\t\t\t<span class=\"elementor-icon-list-icon\">\n\t\t\t\t\t\t\t<i aria-hidden=\"true\" class=\" arrow_carrot-right\"><\/i>\t\t\t\t\t\t<\/span>\n\t\t\t\t\t\t\t\t\t\t<span class=\"elementor-icon-list-text\">Sant\u00e9 et beaut\u00e9<\/span>\n\t\t\t\t\t\t\t\t\t\t\t<\/a>\n\t\t\t\t\t\t\t\t\t<\/li>\n\t\t\t\t\t\t\t\t<li class=\"elementor-icon-list-item elementor-inline-item\">\n\t\t\t\t\t\t\t\t\t\t\t<a href=\"https:\/\/kartaltipmerkezi.com\/fr\/sante-et-beaute\/augmentation-mammaire\">\n\n\t\t\t\t\t\t\t\t\t\t\t\t<span class=\"elementor-icon-list-icon\">\n\t\t\t\t\t\t\t<i aria-hidden=\"true\" class=\" arrow_carrot-right\"><\/i>\t\t\t\t\t\t<\/span>\n\t\t\t\t\t\t\t\t\t\t<span class=\"elementor-icon-list-text\">Augmentation mammaire<\/span>\n\t\t\t\t\t\t\t\t\t\t\t<\/a>\n\t\t\t\t\t\t\t\t\t<\/li>\n\t\t\t\t\t\t<\/ul>\n\t\t\t\t<\/div>\n\t\t\t\t<\/div>\n\t\t\t\t<div class=\"elementor-element elementor-element-f8e4876 elementor-invisible elementor-widget elementor-widget-heading\" data-id=\"f8e4876\" data-element_type=\"widget\" data-settings=\"{&quot;_animation&quot;:&quot;fadeInDown&quot;,&quot;_animation_delay&quot;:100}\" data-widget_type=\"heading.default\">\n\t\t\t\t<div class=\"elementor-widget-container\">\n\t\t\t<style>\/*! elementor - v3.19.0 - 07-02-2024 *\/\n.elementor-heading-title{padding:0;margin:0;line-height:1}.elementor-widget-heading .elementor-heading-title[class*=elementor-size-]>a{color:inherit;font-size:inherit;line-height:inherit}.elementor-widget-heading .elementor-heading-title.elementor-size-small{font-size:15px}.elementor-widget-heading .elementor-heading-title.elementor-size-medium{font-size:19px}.elementor-widget-heading .elementor-heading-title.elementor-size-large{font-size:29px}.elementor-widget-heading .elementor-heading-title.elementor-size-xl{font-size:39px}.elementor-widget-heading .elementor-heading-title.elementor-size-xxl{font-size:59px}<\/style><h1 class=\"elementor-heading-title elementor-size-default\">Augmentation mammaire<\/h1>\t\t<\/div>\n\t\t\t\t<\/div>\n\t\t\t\t<div class=\"elementor-element elementor-element-4907608 elementor-invisible elementor-widget elementor-widget-heading\" data-id=\"4907608\" data-element_type=\"widget\" data-settings=\"{&quot;_animation&quot;:&quot;fadeInDown&quot;,&quot;_animation_delay&quot;:100}\" data-widget_type=\"heading.default\">\n\t\t\t\t<div class=\"elementor-widget-container\">\n\t\t\t<p class=\"elementor-heading-title elementor-size-default\">Les chirurgies d'augmentation mammaire sont des proc\u00e9dures permettant aux femmes d'augmenter la taille et la forme de leurs seins. Lors d'une op\u00e9ration d'augmentation mammaire, une proth\u00e8se mammaire est plac\u00e9e derri\u00e8re le sein. Gr\u00e2ce \u00e0 cette proth\u00e8se implant\u00e9e, le tour de poitrine peut \u00eatre augment\u00e9 d'une ou plusieurs tailles. Aujourd'hui, l'augmentation mammaire est l'une des chirurgies esth\u00e9tiques les plus pratiqu\u00e9es.<\/p>\t\t<\/div>\n\t\t\t\t<\/div>\n\t\t\t\t<\/div>\n\t\t\t\t\t<\/div>\n\t\t\t\t<\/div>\n\t\t<div class=\"elementor-element elementor-element-4815fea4 e-flex e-con-boxed e-con e-parent\" data-id=\"4815fea4\" data-element_type=\"container\" data-settings=\"{&quot;content_width&quot;:&quot;boxed&quot;}\" data-core-v316-plus=\"true\">\n\t\t\t\t\t<div class=\"e-con-inner\">\n\t\t<div class=\"elementor-element elementor-element-5c597a4b e-con-full e-flex e-con e-child\" data-id=\"5c597a4b\" data-element_type=\"container\" data-settings=\"{&quot;content_width&quot;:&quot;full&quot;}\">\n\t\t\t\t<div class=\"elementor-element elementor-element-6bd7f454 elementor-widget elementor-widget-text-editor\" data-id=\"6bd7f454\" data-element_type=\"widget\" data-widget_type=\"text-editor.default\">\n\t\t\t\t<div class=\"elementor-widget-container\">\n\t\t\t<style>\/*! elementor - v3.19.0 - 07-02-2024 *\/\n.elementor-widget-text-editor.elementor-drop-cap-view-stacked .elementor-drop-cap{background-color:#69727d;color:#fff}.elementor-widget-text-editor.elementor-drop-cap-view-framed .elementor-drop-cap{color:#69727d;border:3px solid;background-color:transparent}.elementor-widget-text-editor:not(.elementor-drop-cap-view-default) .elementor-drop-cap{margin-top:8px}.elementor-widget-text-editor:not(.elementor-drop-cap-view-default) .elementor-drop-cap-letter{width:1em;height:1em}.elementor-widget-text-editor .elementor-drop-cap{float:left;text-align:center;line-height:1;font-size:50px}.elementor-widget-text-editor .elementor-drop-cap-letter{display:inline-block}<\/style>\t\t\t\t<p>Gr\u00e2ce aux op\u00e9rations d&#8217;augmentation mammaire, les petits seins deviennent plus volumineux, plus gros et plus parfaits sur le plan esth\u00e9tique. Des mat\u00e9riaux naturels en silicone, appel\u00e9s proth\u00e8ses ou implants, plac\u00e9s sous le tissu mammaire, permettent d&#8217;augmenter le volume des seins. Dans les op\u00e9rations d&#8217;augmentation mammaire, les silicones n&#8217;ont pas d&#8217;effets n\u00e9gatifs sur l&#8217;organisme tant qu&#8217;ils ne sont pas perc\u00e9s et ne se r\u00e9pandent pas dans le corps. Bien entendu, toutes les op\u00e9rations chirurgicales comportent des risques. La confiance en soi augmentera encore plus chez les personnes qui ont subi une chirurgie d&#8217;augmentation mammaire. Si la personne se sent en bonne sant\u00e9 physique et que ses attentes vis-\u00e0-vis de l&#8217;op\u00e9ration sont r\u00e9alistes, elle sera une candidate tout \u00e0 fait appropri\u00e9e pour une op\u00e9ration d&#8217;augmentation mammaire.<\/p><p><strong>Puis-je tomber enceinte et allaiter apr\u00e8s une op\u00e9ration d&#8217;augmentation mammaire ?<\/strong><\/p><p>Le public pense \u00e0 tort que si une personne tombe enceinte apr\u00e8s une op\u00e9ration d&#8217;augmentation mammaire, les proth\u00e8ses en silicone doivent \u00eatre retir\u00e9es. Oui, c&#8217;est faux. En effet, lors d&#8217;une op\u00e9ration d&#8217;augmentation mammaire, la proth\u00e8se mammaire plac\u00e9e sur le sein est plac\u00e9e sous le tissu mammaire. Les canaux lactif\u00e8res ne se ferment pas car ils se trouvent sous le tissu mammaire. Comme les canaux ne sont pas ferm\u00e9s, les femmes peuvent tomber enceintes et allaiter leur b\u00e9b\u00e9 sans retirer la proth\u00e8se en silicone.<\/p><p><strong>La proth\u00e8se mammaire ins\u00e9r\u00e9e dans le cadre d&#8217;une chirurgie d&#8217;augmentation mammaire peut-elle provoquer un cancer ?<\/strong><\/p><p>Les recherches men\u00e9es aux \u00c9tats-Unis depuis des ann\u00e9es ont r\u00e9v\u00e9l\u00e9 que les proth\u00e8ses mammaires ne d\u00e9clenchent pas de cancer et ne sont donc pas canc\u00e9rig\u00e8nes. En outre, les proth\u00e8ses mammaires ne sont pas per\u00e7ues comme une substance \u00e9trang\u00e8re par l&#8217;organisme. La surface ext\u00e9rieure de la proth\u00e8se est en silicone. C&#8217;est pourquoi ce mat\u00e9riau rend le silicone plus durable.<\/p><p><strong>Y aura-t-il des cicatrices sur mon corps apr\u00e8s l&#8217;op\u00e9ration d&#8217;augmentation mammaire ?<\/strong><\/p><p>L&#8217;op\u00e9ration d&#8217;augmentation mammaire peut \u00eatre r\u00e9alis\u00e9e \u00e0 partir de la partie brune du mamelon et de la partie inf\u00e9rieure de la jonction avec la peau, de la ligne de pliage sous le sein ou de la ligne de pliage sous l&#8217;aisselle. Les incisions ne sont pas visibles car elles se trouvent toujours \u00e0 l&#8217;int\u00e9rieur des plis ou dans des endroits cach\u00e9s. La longueur de l&#8217;incision varie en fonction de la proth\u00e8se mammaire, mais elle se situe en moyenne entre 3 et 5 cm. Les cicatrices d&#8217;incision de ces longueurs ne laissent pas de traces et s&#8217;estompent dans les plis avec le temps.<\/p><p><strong>Que vais-je ressentir apr\u00e8s l&#8217;op\u00e9ration d&#8217;augmentation mammaire ?<\/strong><\/p><p>La chirurgie d&#8217;augmentation mammaire n&#8217;\u00e9tant pas une op\u00e9ration tr\u00e8s douloureuse, il suffira de rester \u00e0 l&#8217;h\u00f4pital cette nuit-l\u00e0 pour se contr\u00f4ler. Le lendemain, la patiente peut facilement rentrer chez elle. Comme dans toutes les chirurgies mammaires, un drain est utilis\u00e9 lors de l&#8217;op\u00e9ration d&#8217;augmentation mammaire. Les drains sont retir\u00e9s 1 \u00e0 2 jours apr\u00e8s l&#8217;op\u00e9ration. Vous pouvez ressentir une douleur au bras pendant les cinq jours qui suivent l&#8217;op\u00e9ration. Pendant cette p\u00e9riode, vous devez bouger sans fatiguer vos bras et ne pas porter de choses lourdes. Une semaine apr\u00e8s l&#8217;op\u00e9ration, vous pouvez reprendre une vie normale.<\/p><p><strong>Mes seins vont-ils s&#8217;affaisser apr\u00e8s l&#8217;op\u00e9ration d&#8217;augmentation mammaire ?<\/strong><\/p><p>La r\u00e9ponse \u00e0 cette question d\u00e9pend de l&#8217;endroit o\u00f9 sont plac\u00e9es les proth\u00e8ses en silicone. Si les proth\u00e8ses en silicone sont plac\u00e9es sous le muscle, il n&#8217;y aura pas d&#8217;affaissement du sein apr\u00e8s l&#8217;op\u00e9ration. La raison en est que la proth\u00e8se mammaire ne p\u00e8se pas sur la peau puisqu&#8217;elle porte les muscles et les ligaments du sein. Il est toutefois recommand\u00e9 \u00e0 la patiente d&#8217;utiliser un soutien-gorge de sport pendant quatre \u00e0 cinq semaines apr\u00e8s l&#8217;op\u00e9ration d&#8217;augmentation mammaire.<\/p>\t\t\t\t\t\t<\/div>\n\t\t\t\t<\/div>\n\t\t\t\t<\/div>\n\t\t<div class=\"elementor-element elementor-element-1f8f862b e-con-full e-flex e-con e-child\" data-id=\"1f8f862b\" data-element_type=\"container\" data-settings=\"{&quot;content_width&quot;:&quot;full&quot;,&quot;background_background&quot;:&quot;classic&quot;}\">\n\t\t<div class=\"elementor-element elementor-element-d4639b8 e-con-full e-flex elementor-invisible e-con e-child\" data-id=\"d4639b8\" data-element_type=\"container\" data-settings=\"{&quot;background_background&quot;:&quot;classic&quot;,&quot;content_width&quot;:&quot;full&quot;,&quot;animation&quot;:&quot;fadeInDown&quot;,&quot;sticky&quot;:&quot;top&quot;,&quot;sticky_parent&quot;:&quot;yes&quot;,&quot;sticky_on&quot;:[&quot;desktop&quot;,&quot;tablet&quot;,&quot;mobile&quot;],&quot;sticky_offset&quot;:0,&quot;sticky_effects_offset&quot;:0}\">\n\t\t\t\t<div class=\"elementor-element elementor-element-08167e1 elementor-invisible elementor-widget elementor-widget-heading\" data-id=\"08167e1\" data-element_type=\"widget\" data-settings=\"{&quot;_animation&quot;:&quot;fadeInDown&quot;,&quot;_animation_delay&quot;:100}\" data-widget_type=\"heading.default\">\n\t\t\t\t<div class=\"elementor-widget-container\">\n\t\t\t<div class=\"elementor-heading-title elementor-size-default\">Consultation gratuite<\/div>\t\t<\/div>\n\t\t\t\t<\/div>\n\t\t\t\t<div class=\"elementor-element elementor-element-b94c2a8 elementor-widget elementor-widget-elementskit-contact-form7\" data-id=\"b94c2a8\" data-element_type=\"widget\" data-widget_type=\"elementskit-contact-form7.default\">\n\t\t\t\t<div class=\"elementor-widget-container\">\n\t\t\t<div class=\"ekit-wid-con\" ><div class=\"ekit-form\">\n<div class=\"wpcf7 no-js\" id=\"wpcf7-f414-o1\" lang=\"tr-TR\" dir=\"ltr\">\n<div class=\"screen-reader-response\"><p role=\"status\" aria-live=\"polite\" aria-atomic=\"true\"><\/p> <ul><\/ul><\/div>\n<form action=\"\/fr\/wp-json\/wp\/v2\/pages\/2330#wpcf7-f414-o1\" method=\"post\" class=\"wpcf7-form init\" aria-label=\"Contact form\" novalidate=\"novalidate\" data-status=\"init\">\n<div style=\"display: none;\">\n<input type=\"hidden\" name=\"_wpcf7\" value=\"414\" \/>\n<input type=\"hidden\" name=\"_wpcf7_version\" value=\"5.9.3\" \/>\n<input type=\"hidden\" name=\"_wpcf7_locale\" value=\"tr_TR\" \/>\n<input type=\"hidden\" name=\"_wpcf7_unit_tag\" value=\"wpcf7-f414-o1\" \/>\n<input type=\"hidden\" name=\"_wpcf7_container_post\" value=\"0\" \/>\n<input type=\"hidden\" name=\"_wpcf7_posted_data_hash\" value=\"\" \/>\n<\/div>\n<p><span class=\"wpcf7-form-control-wrap\" data-name=\"adi\"><input size=\"40\" class=\"wpcf7-form-control wpcf7-text wpcf7-validates-as-required\" aria-required=\"true\" aria-invalid=\"false\" placeholder=\"Votre nom\" value=\"\" type=\"text\" name=\"adi\" \/><\/span><br \/>\n<span class=\"wpcf7-form-control-wrap\" data-name=\"tel\"><input size=\"40\" class=\"wpcf7-form-control wpcf7-tel wpcf7-validates-as-required wpcf7-text wpcf7-validates-as-tel\" aria-required=\"true\" aria-invalid=\"false\" placeholder=\"Votre t\u00e9l\u00e9phone\" value=\"\" type=\"tel\" name=\"tel\" \/><\/span><br \/>\n<span class=\"wpcf7-form-control-wrap\" data-name=\"mail\"><input size=\"40\" class=\"wpcf7-form-control wpcf7-email wpcf7-text wpcf7-validates-as-email\" aria-invalid=\"false\" placeholder=\"E-Mail\" value=\"\" type=\"email\" name=\"mail\" \/><\/span><br \/>\n<span class=\"wpcf7-form-control-wrap\" data-name=\"mesaj\"><textarea cols=\"40\" rows=\"10\" class=\"wpcf7-form-control wpcf7-textarea\" aria-invalid=\"false\" placeholder=\"Votre message\" name=\"mesaj\"><\/textarea><\/span><br \/>\n<span class=\"wpcf7-form-control-wrap\" data-name=\"guvenlik\"><label><span class=\"wpcf7-quiz-label\">2 + 2= ?<\/span> <input size=\"40\" class=\"wpcf7-form-control wpcf7-quiz\" autocomplete=\"off\" aria-required=\"true\" aria-invalid=\"false\" type=\"text\" name=\"guvenlik\" \/><\/label><input type=\"hidden\" name=\"_wpcf7_quiz_answer_guvenlik\" value=\"7c415c6b6889823efac7ef851a2cd710\" \/><\/span><br \/>\n<input class=\"wpcf7-form-control wpcf7-submit has-spinner\" type=\"submit\" value=\"Submit Form\" \/>\n<\/p><div class=\"wpcf7-response-output\" aria-hidden=\"true\"><\/div>\n<\/form>\n<\/div>\n<\/div><\/div>\t\t<\/div>\n\t\t\t\t<\/div>\n\t\t\t\t<\/div>\n\t\t\t\t<\/div>\n\t\t\t\t\t<\/div>\n\t\t\t\t<\/div>\n\t\t\t\t<\/div>\n\t\t","protected":false},"excerpt":{"rendered":"<p>Accueil Sant\u00e9 et beaut\u00e9 Augmentation mammaire Les chirurgies d&#8217;augmentation mammaire sont des proc\u00e9dures permettant aux femmes d&#8217;augmenter la taille et la forme de leurs seins. Lors d&#8217;une op\u00e9ration d&#8217;augmentation mammaire, une proth\u00e8se mammaire est plac\u00e9e derri\u00e8re le sein. Gr\u00e2ce \u00e0 cette proth\u00e8se implant\u00e9e, le tour de poitrine peut \u00eatre augment\u00e9 d&#8217;une ou plusieurs tailles. Aujourd&#8217;hui, [&hellip;]<\/p>\n","protected":false},"author":1,"featured_media":0,"parent":2270,"menu_order":0,"comment_status":"closed","ping_status":"closed","template":"elementor_header_footer","meta":{"om_disable_all_campaigns":false,"_monsterinsights_skip_tracking":false,"_monsterinsights_sitenote_active":false,"_monsterinsights_sitenote_note":"","_monsterinsights_sitenote_category":0,"footnotes":""},"class_list":["post-2330","page","type-page","status-publish","hentry"],"aioseo_notices":[],"_links":{"self":[{"href":"https:\/\/kartaltipmerkezi.com\/fr\/wp-json\/wp\/v2\/pages\/2330","targetHints":{"allow":["GET"]}}],"collection":[{"href":"https:\/\/kartaltipmerkezi.com\/fr\/wp-json\/wp\/v2\/pages"}],"about":[{"href":"https:\/\/kartaltipmerkezi.com\/fr\/wp-json\/wp\/v2\/types\/page"}],"author":[{"embeddable":true,"href":"https:\/\/kartaltipmerkezi.com\/fr\/wp-json\/wp\/v2\/users\/1"}],"replies":[{"embeddable":true,"href":"https:\/\/kartaltipmerkezi.com\/fr\/wp-json\/wp\/v2\/comments?post=2330"}],"version-history":[{"count":8,"href":"https:\/\/kartaltipmerkezi.com\/fr\/wp-json\/wp\/v2\/pages\/2330\/revisions"}],"predecessor-version":[{"id":2927,"href":"https:\/\/kartaltipmerkezi.com\/fr\/wp-json\/wp\/v2\/pages\/2330\/revisions\/2927"}],"up":[{"embeddable":true,"href":"https:\/\/kartaltipmerkezi.com\/fr\/wp-json\/wp\/v2\/pages\/2270"}],"wp:attachment":[{"href":"https:\/\/kartaltipmerkezi.com\/fr\/wp-json\/wp\/v2\/media?parent=2330"}],"curies":[{"name":"wp","href":"https:\/\/api.w.org\/{rel}","templated":true}]}}