{"id":2314,"date":"2024-07-29T15:25:30","date_gmt":"2024-07-29T12:25:30","guid":{"rendered":"https:\/\/kartaltipmerkezi.com\/fr\/?page_id=2314"},"modified":"2024-08-21T12:33:51","modified_gmt":"2024-08-21T09:33:51","slug":"lifting-des-sourcils","status":"publish","type":"page","link":"https:\/\/kartaltipmerkezi.com\/fr\/sante-et-beaute\/lifting-des-sourcils","title":{"rendered":"Lifting des sourcils"},"content":{"rendered":"\t\t<div data-elementor-type=\"wp-page\" data-elementor-id=\"2314\" class=\"elementor elementor-2314\" data-elementor-post-type=\"page\">\n\t\t\t\t<div class=\"elementor-element elementor-element-2f443ef4 e-flex e-con-boxed e-con e-parent\" data-id=\"2f443ef4\" data-element_type=\"container\" data-settings=\"{&quot;background_background&quot;:&quot;classic&quot;,&quot;content_width&quot;:&quot;boxed&quot;}\" data-core-v316-plus=\"true\">\n\t\t\t\t\t<div class=\"e-con-inner\">\n\t\t<div class=\"elementor-element elementor-element-463e7f0b e-con-full e-flex e-con e-child\" data-id=\"463e7f0b\" data-element_type=\"container\" data-settings=\"{&quot;content_width&quot;:&quot;full&quot;}\">\n\t\t\t\t<div class=\"elementor-element elementor-element-ada2820 elementor-icon-list--layout-inline elementor-align-center elementor-mobile-align-left elementor-list-item-link-full_width elementor-invisible elementor-widget elementor-widget-icon-list\" data-id=\"ada2820\" data-element_type=\"widget\" data-settings=\"{&quot;_animation&quot;:&quot;fadeInDown&quot;}\" data-widget_type=\"icon-list.default\">\n\t\t\t\t<div class=\"elementor-widget-container\">\n\t\t\t<link rel=\"stylesheet\" href=\"https:\/\/kartaltipmerkezi.com\/en\/wp-content\/plugins\/elementor\/assets\/css\/widget-icon-list.min.css\">\t\t<ul class=\"elementor-icon-list-items elementor-inline-items\">\n\t\t\t\t\t\t\t<li class=\"elementor-icon-list-item elementor-inline-item\">\n\t\t\t\t\t\t\t\t\t\t\t<a href=\"https:\/\/kartaltipmerkezi.com\/fr\">\n\n\t\t\t\t\t\t\t\t\t\t\t\t<span class=\"elementor-icon-list-icon\">\n\t\t\t\t\t\t\t<i aria-hidden=\"true\" class=\"icon icon-home2\"><\/i>\t\t\t\t\t\t<\/span>\n\t\t\t\t\t\t\t\t\t\t<span class=\"elementor-icon-list-text\">Accueil<\/span>\n\t\t\t\t\t\t\t\t\t\t\t<\/a>\n\t\t\t\t\t\t\t\t\t<\/li>\n\t\t\t\t\t\t\t\t<li class=\"elementor-icon-list-item elementor-inline-item\">\n\t\t\t\t\t\t\t\t\t\t\t<a href=\"https:\/\/kartaltipmerkezi.com\/fr\/sante-et-beaute\">\n\n\t\t\t\t\t\t\t\t\t\t\t\t<span class=\"elementor-icon-list-icon\">\n\t\t\t\t\t\t\t<i aria-hidden=\"true\" class=\" arrow_carrot-right\"><\/i>\t\t\t\t\t\t<\/span>\n\t\t\t\t\t\t\t\t\t\t<span class=\"elementor-icon-list-text\">Sant\u00e9 et beaut\u00e9<\/span>\n\t\t\t\t\t\t\t\t\t\t\t<\/a>\n\t\t\t\t\t\t\t\t\t<\/li>\n\t\t\t\t\t\t\t\t<li class=\"elementor-icon-list-item elementor-inline-item\">\n\t\t\t\t\t\t\t\t\t\t\t<a href=\"https:\/\/kartaltipmerkezi.com\/fr\/sante-et-beaute\/lifting-des-sourcils\">\n\n\t\t\t\t\t\t\t\t\t\t\t\t<span class=\"elementor-icon-list-icon\">\n\t\t\t\t\t\t\t<i aria-hidden=\"true\" class=\" arrow_carrot-right\"><\/i>\t\t\t\t\t\t<\/span>\n\t\t\t\t\t\t\t\t\t\t<span class=\"elementor-icon-list-text\">Lifting des sourcils<\/span>\n\t\t\t\t\t\t\t\t\t\t\t<\/a>\n\t\t\t\t\t\t\t\t\t<\/li>\n\t\t\t\t\t\t<\/ul>\n\t\t\t\t<\/div>\n\t\t\t\t<\/div>\n\t\t\t\t<div class=\"elementor-element elementor-element-f8e4876 elementor-invisible elementor-widget elementor-widget-heading\" data-id=\"f8e4876\" data-element_type=\"widget\" data-settings=\"{&quot;_animation&quot;:&quot;fadeInDown&quot;,&quot;_animation_delay&quot;:100}\" data-widget_type=\"heading.default\">\n\t\t\t\t<div class=\"elementor-widget-container\">\n\t\t\t<style>\/*! elementor - v3.19.0 - 07-02-2024 *\/\n.elementor-heading-title{padding:0;margin:0;line-height:1}.elementor-widget-heading .elementor-heading-title[class*=elementor-size-]>a{color:inherit;font-size:inherit;line-height:inherit}.elementor-widget-heading .elementor-heading-title.elementor-size-small{font-size:15px}.elementor-widget-heading .elementor-heading-title.elementor-size-medium{font-size:19px}.elementor-widget-heading .elementor-heading-title.elementor-size-large{font-size:29px}.elementor-widget-heading .elementor-heading-title.elementor-size-xl{font-size:39px}.elementor-widget-heading .elementor-heading-title.elementor-size-xxl{font-size:59px}<\/style><h1 class=\"elementor-heading-title elementor-size-default\">Lifting des sourcils<\/h1>\t\t<\/div>\n\t\t\t\t<\/div>\n\t\t\t\t<div class=\"elementor-element elementor-element-4907608 elementor-invisible elementor-widget elementor-widget-heading\" data-id=\"4907608\" data-element_type=\"widget\" data-settings=\"{&quot;_animation&quot;:&quot;fadeInDown&quot;,&quot;_animation_delay&quot;:100}\" data-widget_type=\"heading.default\">\n\t\t\t\t<div class=\"elementor-widget-container\">\n\t\t\t<p class=\"elementor-heading-title elementor-size-default\">Le lifting des sourcils est une op\u00e9ration pratiqu\u00e9e sur les sourcils qui modifient l'expression du visage, perdent leur forme et donnent l'impression d'\u00eatre fatigu\u00e9s. Gr\u00e2ce \u00e0 cette op\u00e9ration, les sourcils qui r\u00e9v\u00e8lent la beaut\u00e9 du visage et des yeux auront un aspect repos\u00e9, jeune, frais, lumineux et ouvert. Les rides verticales et horizontales qui se forment sur le front avec le temps se creusent avec le temps, nous faisant para\u00eetre plus vieux que nous ne le sommes.<\/p>\t\t<\/div>\n\t\t\t\t<\/div>\n\t\t\t\t<\/div>\n\t\t\t\t\t<\/div>\n\t\t\t\t<\/div>\n\t\t<div class=\"elementor-element elementor-element-4815fea4 e-flex e-con-boxed e-con e-parent\" data-id=\"4815fea4\" data-element_type=\"container\" data-settings=\"{&quot;content_width&quot;:&quot;boxed&quot;}\" data-core-v316-plus=\"true\">\n\t\t\t\t\t<div class=\"e-con-inner\">\n\t\t<div class=\"elementor-element elementor-element-5c597a4b e-con-full e-flex e-con e-child\" data-id=\"5c597a4b\" data-element_type=\"container\" data-settings=\"{&quot;content_width&quot;:&quot;full&quot;}\">\n\t\t\t\t<div class=\"elementor-element elementor-element-6bd7f454 elementor-widget elementor-widget-text-editor\" data-id=\"6bd7f454\" data-element_type=\"widget\" data-widget_type=\"text-editor.default\">\n\t\t\t\t<div class=\"elementor-widget-container\">\n\t\t\t<style>\/*! elementor - v3.19.0 - 07-02-2024 *\/\n.elementor-widget-text-editor.elementor-drop-cap-view-stacked .elementor-drop-cap{background-color:#69727d;color:#fff}.elementor-widget-text-editor.elementor-drop-cap-view-framed .elementor-drop-cap{color:#69727d;border:3px solid;background-color:transparent}.elementor-widget-text-editor:not(.elementor-drop-cap-view-default) .elementor-drop-cap{margin-top:8px}.elementor-widget-text-editor:not(.elementor-drop-cap-view-default) .elementor-drop-cap-letter{width:1em;height:1em}.elementor-widget-text-editor .elementor-drop-cap{float:left;text-align:center;line-height:1;font-size:50px}.elementor-widget-text-editor .elementor-drop-cap-letter{display:inline-block}<\/style>\t\t\t\t<p>Ces rides sont \u00e9galement connues sous le nom de rides de mim\u00e9tisme et, en plus d&#8217;indiquer notre \u00e2ge, elles donnent une expression fatigu\u00e9e \u00e0 notre visage. On sait que l&#8217;affaissement des sourcils peut \u00eatre li\u00e9 \u00e0 des maladies autres que les situations connues. Les tumeurs, la paralysie faciale et les interventions chirurgicales sont les premi\u00e8res de ces maladies. Il ne fait aucun doute que les sourcils occupent la place la plus importante dans l&#8217;image de notre visage. En effet, les sourcils r\u00e9v\u00e8lent notre regard et nos expressions faciales et donnent un sens \u00e0 notre visage. Dans le cadre de l&#8217;esth\u00e9tique du lifting des sourcils, vos sourcils doivent \u00eatre d\u00e9termin\u00e9s en fonction de la forme de votre visage et une op\u00e9ration appropri\u00e9e doit \u00eatre r\u00e9alis\u00e9e. L&#8217;op\u00e9ration de lifting des sourcils consiste \u00e0 pratiquer une petite incision dans les cheveux, \u00e0 lib\u00e9rer les tissus et \u00e0 les suspendre vers le haut. L&#8217;op\u00e9ration \u00e9tant r\u00e9alis\u00e9e sur le cuir chevelu, les cicatrices ne sont pas visibles de l&#8217;ext\u00e9rieur. Vous ne ressentirez pas de douleurs importantes apr\u00e8s l&#8217;op\u00e9ration et vous pourrez reprendre votre vie quotidienne imm\u00e9diatement.<\/p>\n<p><strong>Quelles sont les proc\u00e9dures effectu\u00e9es avant le lifting frontal ?<\/strong><\/p>\n<p>La personne qui va subir un lifting frontal esth\u00e9tique est d&#8217;abord \u00e9valu\u00e9e. L&#8217;emplacement du sourcil et la pr\u00e9sence \u00e9ventuelle de rides sont v\u00e9rifi\u00e9s. Ensuite, le processus de planification de l&#8217;op\u00e9ration de lifting des sourcils commence. Les sourcils sont plac\u00e9s diff\u00e9remment chez les femmes et les hommes. L&#8217;op\u00e9ration est planifi\u00e9e vers le haut de l&#8217;os chez les femmes et au niveau de l&#8217;os du front chez les hommes.<\/p>\n<p><strong>Dans quels cas faut-il privil\u00e9gier l&#8217;esth\u00e9tique du lifting frontal ?<\/strong><\/p>\n<p>L&#8217;esth\u00e9tique du lifting des sourcils doit \u00eatre privil\u00e9gi\u00e9e en cas de suppression des rides sur le front, de sourcils bas, de sourcils fronc\u00e9s et de modification de l&#8217;expression de la paupi\u00e8re. Si la personne se plaint de ces conditions ou s&#8217;il y a un changement d&#8217;expression dans les sourcils en raison d&#8217;une maladie ant\u00e9rieure, cette chirurgie sera une chirurgie qui doit \u00eatre effectu\u00e9e.<\/p>\n<p><strong>Combien de temps dure une op\u00e9ration de lifting des sourcils ?<\/strong><\/p>\n<p>L&#8217;intervention esth\u00e9tique de lifting des sourcils dure entre vingt minutes et une heure, en fonction de la proc\u00e9dure \u00e0 appliquer. Le lifting des sourcils peut \u00eatre r\u00e9alis\u00e9 sous anesth\u00e9sie locale ou g\u00e9n\u00e9rale. Apr\u00e8s l&#8217;intervention, le patient peut facilement rentrer chez lui et reprendre son travail. Le lifting des sourcils est une intervention chirurgicale qui donne de tr\u00e8s bons r\u00e9sultats et la forme des sourcils peut \u00eatre donn\u00e9e tr\u00e8s confortablement selon les souhaits du patient.<\/p>\n<p><strong>Que vais-je ressentir apr\u00e8s le lifting des sourcils ?<\/strong><\/p>\n<p>Les op\u00e9rations esth\u00e9tiques de lifting des sourcils sont des op\u00e9rations qui peuvent \u00eatre r\u00e9alis\u00e9es tr\u00e8s facilement. Apr\u00e8s l&#8217;op\u00e9ration, vous pouvez facilement manger, vous lever et sortir le jour m\u00eame. Apr\u00e8s l&#8217;op\u00e9ration, vous aurez un bandage \u00e9lastique sur le front et ce bandage sera ouvert le lendemain. Vous pourrez alors facilement prendre votre bain et retourner au travail. Vous devrez vous pr\u00e9senter pour un contr\u00f4le apr\u00e8s une certaine p\u00e9riode de temps apr\u00e8s l&#8217;op\u00e9ration. En effet, lors de ces contr\u00f4les, on v\u00e9rifiera si le sourcil s&#8217;est habitu\u00e9 \u00e0 sa nouvelle apparence. Apr\u00e8s l&#8217;op\u00e9ration, vous devrez \u00e9viter de trop fatiguer vos sourcils et faire preuve de prudence lors des mimiques.<\/p>\n<p><strong>Y a-t-il un changement dans le r\u00e9sultat apr\u00e8s l&#8217;op\u00e9ration de lifting des sourcils ?<\/strong><\/p>\n<p>Compte tenu du processus de vieillissement et des effets n\u00e9gatifs de la gravit\u00e9 apr\u00e8s l&#8217;op\u00e9ration de lifting des sourcils, une certaine diminution des sourcils peut \u00eatre observ\u00e9e. Toutefois, il s&#8217;agit d&#8217;un processus durable qui se poursuivra donc pendant longtemps.<\/p>\t\t\t\t\t\t<\/div>\n\t\t\t\t<\/div>\n\t\t\t\t<\/div>\n\t\t<div class=\"elementor-element elementor-element-1f8f862b e-con-full e-flex e-con e-child\" data-id=\"1f8f862b\" data-element_type=\"container\" data-settings=\"{&quot;content_width&quot;:&quot;full&quot;,&quot;background_background&quot;:&quot;classic&quot;}\">\n\t\t<div class=\"elementor-element elementor-element-d4639b8 e-con-full e-flex elementor-invisible e-con e-child\" data-id=\"d4639b8\" data-element_type=\"container\" data-settings=\"{&quot;background_background&quot;:&quot;classic&quot;,&quot;content_width&quot;:&quot;full&quot;,&quot;animation&quot;:&quot;fadeInDown&quot;,&quot;sticky&quot;:&quot;top&quot;,&quot;sticky_parent&quot;:&quot;yes&quot;,&quot;sticky_on&quot;:[&quot;desktop&quot;,&quot;tablet&quot;,&quot;mobile&quot;],&quot;sticky_offset&quot;:0,&quot;sticky_effects_offset&quot;:0}\">\n\t\t\t\t<div class=\"elementor-element elementor-element-08167e1 elementor-invisible elementor-widget elementor-widget-heading\" data-id=\"08167e1\" data-element_type=\"widget\" data-settings=\"{&quot;_animation&quot;:&quot;fadeInDown&quot;,&quot;_animation_delay&quot;:100}\" data-widget_type=\"heading.default\">\n\t\t\t\t<div class=\"elementor-widget-container\">\n\t\t\t<div class=\"elementor-heading-title elementor-size-default\">Consultation gratuite<\/div>\t\t<\/div>\n\t\t\t\t<\/div>\n\t\t\t\t<div class=\"elementor-element elementor-element-b94c2a8 elementor-widget elementor-widget-elementskit-contact-form7\" data-id=\"b94c2a8\" data-element_type=\"widget\" data-widget_type=\"elementskit-contact-form7.default\">\n\t\t\t\t<div class=\"elementor-widget-container\">\n\t\t\t<div class=\"ekit-wid-con\" ><div class=\"ekit-form\">\n<div class=\"wpcf7 no-js\" id=\"wpcf7-f414-o1\" lang=\"tr-TR\" dir=\"ltr\">\n<div class=\"screen-reader-response\"><p role=\"status\" aria-live=\"polite\" aria-atomic=\"true\"><\/p> <ul><\/ul><\/div>\n<form action=\"\/fr\/wp-json\/wp\/v2\/pages\/2314#wpcf7-f414-o1\" method=\"post\" class=\"wpcf7-form init\" aria-label=\"Contact form\" novalidate=\"novalidate\" data-status=\"init\">\n<div style=\"display: none;\">\n<input type=\"hidden\" name=\"_wpcf7\" value=\"414\" \/>\n<input type=\"hidden\" name=\"_wpcf7_version\" value=\"5.9.3\" \/>\n<input type=\"hidden\" name=\"_wpcf7_locale\" value=\"tr_TR\" \/>\n<input type=\"hidden\" name=\"_wpcf7_unit_tag\" value=\"wpcf7-f414-o1\" \/>\n<input type=\"hidden\" name=\"_wpcf7_container_post\" value=\"0\" \/>\n<input type=\"hidden\" name=\"_wpcf7_posted_data_hash\" value=\"\" \/>\n<\/div>\n<p><span class=\"wpcf7-form-control-wrap\" data-name=\"adi\"><input size=\"40\" class=\"wpcf7-form-control wpcf7-text wpcf7-validates-as-required\" aria-required=\"true\" aria-invalid=\"false\" placeholder=\"Votre nom\" value=\"\" type=\"text\" name=\"adi\" \/><\/span><br \/>\n<span class=\"wpcf7-form-control-wrap\" data-name=\"tel\"><input size=\"40\" class=\"wpcf7-form-control wpcf7-tel wpcf7-validates-as-required wpcf7-text wpcf7-validates-as-tel\" aria-required=\"true\" aria-invalid=\"false\" placeholder=\"Votre t\u00e9l\u00e9phone\" value=\"\" type=\"tel\" name=\"tel\" \/><\/span><br \/>\n<span class=\"wpcf7-form-control-wrap\" data-name=\"mail\"><input size=\"40\" class=\"wpcf7-form-control wpcf7-email wpcf7-text wpcf7-validates-as-email\" aria-invalid=\"false\" placeholder=\"E-Mail\" value=\"\" type=\"email\" name=\"mail\" \/><\/span><br \/>\n<span class=\"wpcf7-form-control-wrap\" data-name=\"mesaj\"><textarea cols=\"40\" rows=\"10\" class=\"wpcf7-form-control wpcf7-textarea\" aria-invalid=\"false\" placeholder=\"Votre message\" name=\"mesaj\"><\/textarea><\/span><br \/>\n<span class=\"wpcf7-form-control-wrap\" data-name=\"guvenlik\"><label><span class=\"wpcf7-quiz-label\">2 + 2= ?<\/span> <input size=\"40\" class=\"wpcf7-form-control wpcf7-quiz\" autocomplete=\"off\" aria-required=\"true\" aria-invalid=\"false\" type=\"text\" name=\"guvenlik\" \/><\/label><input type=\"hidden\" name=\"_wpcf7_quiz_answer_guvenlik\" value=\"7c415c6b6889823efac7ef851a2cd710\" \/><\/span><br \/>\n<input class=\"wpcf7-form-control wpcf7-submit has-spinner\" type=\"submit\" value=\"Submit Form\" \/>\n<\/p><div class=\"wpcf7-response-output\" aria-hidden=\"true\"><\/div>\n<\/form>\n<\/div>\n<\/div><\/div>\t\t<\/div>\n\t\t\t\t<\/div>\n\t\t\t\t<\/div>\n\t\t\t\t<\/div>\n\t\t\t\t\t<\/div>\n\t\t\t\t<\/div>\n\t\t\t\t<\/div>\n\t\t","protected":false},"excerpt":{"rendered":"<p>Accueil Sant\u00e9 et beaut\u00e9 Lifting des sourcils Le lifting des sourcils est une op\u00e9ration pratiqu\u00e9e sur les sourcils qui modifient l&#8217;expression du visage, perdent leur forme et donnent l&#8217;impression d&#8217;\u00eatre fatigu\u00e9s. Gr\u00e2ce \u00e0 cette op\u00e9ration, les sourcils qui r\u00e9v\u00e8lent la beaut\u00e9 du visage et des yeux auront un aspect repos\u00e9, jeune, frais, lumineux et ouvert. [&hellip;]<\/p>\n","protected":false},"author":1,"featured_media":0,"parent":2270,"menu_order":0,"comment_status":"closed","ping_status":"closed","template":"elementor_header_footer","meta":{"om_disable_all_campaigns":false,"_monsterinsights_skip_tracking":false,"_monsterinsights_sitenote_active":false,"_monsterinsights_sitenote_note":"","_monsterinsights_sitenote_category":0,"footnotes":""},"class_list":["post-2314","page","type-page","status-publish","hentry"],"aioseo_notices":[],"_links":{"self":[{"href":"https:\/\/kartaltipmerkezi.com\/fr\/wp-json\/wp\/v2\/pages\/2314","targetHints":{"allow":["GET"]}}],"collection":[{"href":"https:\/\/kartaltipmerkezi.com\/fr\/wp-json\/wp\/v2\/pages"}],"about":[{"href":"https:\/\/kartaltipmerkezi.com\/fr\/wp-json\/wp\/v2\/types\/page"}],"author":[{"embeddable":true,"href":"https:\/\/kartaltipmerkezi.com\/fr\/wp-json\/wp\/v2\/users\/1"}],"replies":[{"embeddable":true,"href":"https:\/\/kartaltipmerkezi.com\/fr\/wp-json\/wp\/v2\/comments?post=2314"}],"version-history":[{"count":11,"href":"https:\/\/kartaltipmerkezi.com\/fr\/wp-json\/wp\/v2\/pages\/2314\/revisions"}],"predecessor-version":[{"id":2852,"href":"https:\/\/kartaltipmerkezi.com\/fr\/wp-json\/wp\/v2\/pages\/2314\/revisions\/2852"}],"up":[{"embeddable":true,"href":"https:\/\/kartaltipmerkezi.com\/fr\/wp-json\/wp\/v2\/pages\/2270"}],"wp:attachment":[{"href":"https:\/\/kartaltipmerkezi.com\/fr\/wp-json\/wp\/v2\/media?parent=2314"}],"curies":[{"name":"wp","href":"https:\/\/api.w.org\/{rel}","templated":true}]}}