{"id":2305,"date":"2024-07-29T15:17:51","date_gmt":"2024-07-29T12:17:51","guid":{"rendered":"https:\/\/kartaltipmerkezi.com\/fr\/?page_id=2305"},"modified":"2024-08-21T12:29:35","modified_gmt":"2024-08-21T09:29:35","slug":"esthetique-auriculaire","status":"publish","type":"page","link":"https:\/\/kartaltipmerkezi.com\/fr\/sante-et-beaute\/esthetique-auriculaire","title":{"rendered":"Esth\u00e9tique auriculaire"},"content":{"rendered":"\t\t<div data-elementor-type=\"wp-page\" data-elementor-id=\"2305\" class=\"elementor elementor-2305\" data-elementor-post-type=\"page\">\n\t\t\t\t<div class=\"elementor-element elementor-element-2f443ef4 e-flex e-con-boxed e-con e-parent\" data-id=\"2f443ef4\" data-element_type=\"container\" data-settings=\"{&quot;background_background&quot;:&quot;classic&quot;,&quot;content_width&quot;:&quot;boxed&quot;}\" data-core-v316-plus=\"true\">\n\t\t\t\t\t<div class=\"e-con-inner\">\n\t\t<div class=\"elementor-element elementor-element-463e7f0b e-con-full e-flex e-con e-child\" data-id=\"463e7f0b\" data-element_type=\"container\" data-settings=\"{&quot;content_width&quot;:&quot;full&quot;}\">\n\t\t\t\t<div class=\"elementor-element elementor-element-3497421 elementor-icon-list--layout-inline elementor-align-center elementor-mobile-align-left elementor-list-item-link-full_width elementor-invisible elementor-widget elementor-widget-icon-list\" data-id=\"3497421\" data-element_type=\"widget\" data-settings=\"{&quot;_animation&quot;:&quot;fadeInDown&quot;}\" data-widget_type=\"icon-list.default\">\n\t\t\t\t<div class=\"elementor-widget-container\">\n\t\t\t<link rel=\"stylesheet\" href=\"https:\/\/kartaltipmerkezi.com\/en\/wp-content\/plugins\/elementor\/assets\/css\/widget-icon-list.min.css\">\t\t<ul class=\"elementor-icon-list-items elementor-inline-items\">\n\t\t\t\t\t\t\t<li class=\"elementor-icon-list-item elementor-inline-item\">\n\t\t\t\t\t\t\t\t\t\t\t<a href=\"https:\/\/kartaltipmerkezi.com\/fr\">\n\n\t\t\t\t\t\t\t\t\t\t\t\t<span class=\"elementor-icon-list-icon\">\n\t\t\t\t\t\t\t<i aria-hidden=\"true\" class=\"icon icon-home2\"><\/i>\t\t\t\t\t\t<\/span>\n\t\t\t\t\t\t\t\t\t\t<span class=\"elementor-icon-list-text\">Accueil<\/span>\n\t\t\t\t\t\t\t\t\t\t\t<\/a>\n\t\t\t\t\t\t\t\t\t<\/li>\n\t\t\t\t\t\t\t\t<li class=\"elementor-icon-list-item elementor-inline-item\">\n\t\t\t\t\t\t\t\t\t\t\t<a href=\"https:\/\/kartaltipmerkezi.com\/fr\/sante-et-beaute\">\n\n\t\t\t\t\t\t\t\t\t\t\t\t<span class=\"elementor-icon-list-icon\">\n\t\t\t\t\t\t\t<i aria-hidden=\"true\" class=\" arrow_carrot-right\"><\/i>\t\t\t\t\t\t<\/span>\n\t\t\t\t\t\t\t\t\t\t<span class=\"elementor-icon-list-text\">Sant\u00e9 et beaut\u00e9<\/span>\n\t\t\t\t\t\t\t\t\t\t\t<\/a>\n\t\t\t\t\t\t\t\t\t<\/li>\n\t\t\t\t\t\t\t\t<li class=\"elementor-icon-list-item elementor-inline-item\">\n\t\t\t\t\t\t\t\t\t\t\t<a href=\"https:\/\/kartaltipmerkezi.com\/fr\/sante-et-beaute\/esthetique-auriculaire\">\n\n\t\t\t\t\t\t\t\t\t\t\t\t<span class=\"elementor-icon-list-icon\">\n\t\t\t\t\t\t\t<i aria-hidden=\"true\" class=\" arrow_carrot-right\"><\/i>\t\t\t\t\t\t<\/span>\n\t\t\t\t\t\t\t\t\t\t<span class=\"elementor-icon-list-text\">Esth\u00e9tique auriculaire<\/span>\n\t\t\t\t\t\t\t\t\t\t\t<\/a>\n\t\t\t\t\t\t\t\t\t<\/li>\n\t\t\t\t\t\t<\/ul>\n\t\t\t\t<\/div>\n\t\t\t\t<\/div>\n\t\t\t\t<div class=\"elementor-element elementor-element-f8e4876 elementor-invisible elementor-widget elementor-widget-heading\" data-id=\"f8e4876\" data-element_type=\"widget\" data-settings=\"{&quot;_animation&quot;:&quot;fadeInDown&quot;,&quot;_animation_delay&quot;:100}\" data-widget_type=\"heading.default\">\n\t\t\t\t<div class=\"elementor-widget-container\">\n\t\t\t<style>\/*! elementor - v3.19.0 - 07-02-2024 *\/\n.elementor-heading-title{padding:0;margin:0;line-height:1}.elementor-widget-heading .elementor-heading-title[class*=elementor-size-]>a{color:inherit;font-size:inherit;line-height:inherit}.elementor-widget-heading .elementor-heading-title.elementor-size-small{font-size:15px}.elementor-widget-heading .elementor-heading-title.elementor-size-medium{font-size:19px}.elementor-widget-heading .elementor-heading-title.elementor-size-large{font-size:29px}.elementor-widget-heading .elementor-heading-title.elementor-size-xl{font-size:39px}.elementor-widget-heading .elementor-heading-title.elementor-size-xxl{font-size:59px}<\/style><h1 class=\"elementor-heading-title elementor-size-default\">Esth\u00e9tique auriculaire<\/h1>\t\t<\/div>\n\t\t\t\t<\/div>\n\t\t\t\t<div class=\"elementor-element elementor-element-4907608 elementor-invisible elementor-widget elementor-widget-heading\" data-id=\"4907608\" data-element_type=\"widget\" data-settings=\"{&quot;_animation&quot;:&quot;fadeInDown&quot;,&quot;_animation_delay&quot;:100}\" data-widget_type=\"heading.default\">\n\t\t\t\t<div class=\"elementor-widget-container\">\n\t\t\t<p class=\"elementor-heading-title elementor-size-default\">Certaines d\u00e9formations de l'oreille n\u00e9cessitent une chirurgie esth\u00e9tique de l'oreille. Dans le cas d'une oreille pro\u00e9minente, le probl\u00e8me est que l'angle de l'oreille avec la t\u00eate est plus \u00e9lev\u00e9 que la normale. En d'autres termes, elles apparaissent plus en avant et plus nettement que la normale. Dans ce cas, cela peut entra\u00eener d'importants probl\u00e8mes psychosociaux, comportementaux et \u00e9motionnels, en particulier chez les enfants. Dans l'esth\u00e9tique de l'oreille pro\u00e9minente, seule la partie externe de l'oreille est trait\u00e9e.<\/p>\t\t<\/div>\n\t\t\t\t<\/div>\n\t\t\t\t<\/div>\n\t\t\t\t\t<\/div>\n\t\t\t\t<\/div>\n\t\t<div class=\"elementor-element elementor-element-4815fea4 e-flex e-con-boxed e-con e-parent\" data-id=\"4815fea4\" data-element_type=\"container\" data-settings=\"{&quot;content_width&quot;:&quot;boxed&quot;}\" data-core-v316-plus=\"true\">\n\t\t\t\t\t<div class=\"e-con-inner\">\n\t\t<div class=\"elementor-element elementor-element-5c597a4b e-con-full e-flex e-con e-child\" data-id=\"5c597a4b\" data-element_type=\"container\" data-settings=\"{&quot;content_width&quot;:&quot;full&quot;}\">\n\t\t\t\t<div class=\"elementor-element elementor-element-6bd7f454 elementor-widget elementor-widget-text-editor\" data-id=\"6bd7f454\" data-element_type=\"widget\" data-widget_type=\"text-editor.default\">\n\t\t\t\t<div class=\"elementor-widget-container\">\n\t\t\t<style>\/*! elementor - v3.19.0 - 07-02-2024 *\/\n.elementor-widget-text-editor.elementor-drop-cap-view-stacked .elementor-drop-cap{background-color:#69727d;color:#fff}.elementor-widget-text-editor.elementor-drop-cap-view-framed .elementor-drop-cap{color:#69727d;border:3px solid;background-color:transparent}.elementor-widget-text-editor:not(.elementor-drop-cap-view-default) .elementor-drop-cap{margin-top:8px}.elementor-widget-text-editor:not(.elementor-drop-cap-view-default) .elementor-drop-cap-letter{width:1em;height:1em}.elementor-widget-text-editor .elementor-drop-cap{float:left;text-align:center;line-height:1;font-size:50px}.elementor-widget-text-editor .elementor-drop-cap-letter{display:inline-block}<\/style>\t\t\t\t<p>La chirurgie de l&#8217;oreille pro\u00e9minente est une op\u00e9ration tr\u00e8s s\u00fbre. C&#8217;est pourquoi elle n&#8217;entra\u00eene aucun probl\u00e8me d&#8217;audition. Le d\u00e9veloppement de l&#8217;oreille \u00e9tant achev\u00e9 jusqu&#8217;\u00e0 l&#8217;\u00e2ge de 5-6 ans, il est recommand\u00e9 de corriger l&#8217;oreille en pratiquant une chirurgie de l&#8217;oreille pro\u00e9minente \u00e0 cet \u00e2ge. L&#8217;op\u00e9ration de l&#8217;oreille pro\u00e9minente (otoplastie) est r\u00e9alis\u00e9e sous anesth\u00e9sie g\u00e9n\u00e9rale chez les enfants. Chez les plus \u00e2g\u00e9s, elle peut \u00e9galement \u00eatre r\u00e9alis\u00e9e sous anesth\u00e9sie locale, c&#8217;est-\u00e0-dire en anesth\u00e9siant l&#8217;oreille, sans anesth\u00e9sie g\u00e9n\u00e9rale. La chirurgie des oreilles pro\u00e9minentes \u00e9tant r\u00e9alis\u00e9e \u00e0 l&#8217;arri\u00e8re de l&#8217;oreille, il n&#8217;y a pas de cicatrices.<\/p><p><strong>A quel \u00e2ge la chirurgie des oreilles d\u00e9coll\u00e9es convient-elle le mieux ?<\/strong><\/p><p>La chirurgie de l&#8217;oreille pro\u00e9minente est une intervention qui convient \u00e0 tous les \u00e2ges. Toutefois, l&#8217;\u00e2ge appropri\u00e9 pour cette intervention est l&#8217;\u00e2ge pr\u00e9scolaire. Les enfants qui vont \u00e0 l&#8217;\u00e9cole avec des oreilles pro\u00e9minentes seront confront\u00e9s aux pens\u00e9es n\u00e9gatives de leurs amis, ce qui affectera l&#8217;\u00e9tat mental de l&#8217;enfant. C&#8217;est pourquoi, avant l&#8217;op\u00e9ration des oreilles d\u00e9coll\u00e9es, cette situation doit \u00eatre expliqu\u00e9e \u00e0 l&#8217;enfant d&#8217;une mani\u00e8re qu&#8217;il ou elle puisse comprendre et l&#8217;op\u00e9ration doit \u00eatre effectu\u00e9e de son propre gr\u00e9. Si l&#8217;enfant le souhaite lui-m\u00eame, l&#8217;op\u00e9ration sera r\u00e9alis\u00e9e.<\/p><p><strong>\u00c0 quoi dois-je faire attention avant une op\u00e9ration de l&#8217;oreille pro\u00e9minente ?<\/strong><\/p><p>Comme pour toutes les interventions chirurgicales, il est n\u00e9cessaire d&#8217;arr\u00eater de prendre de l&#8217;aspirine 2 \u00e0 3 semaines avant l&#8217;op\u00e9ration et d&#8217;arr\u00eater de fumer dans le cas d&#8217;une op\u00e9ration de l&#8217;oreille pro\u00e9minente. La derni\u00e8re semaine avant l&#8217;op\u00e9ration, il est n\u00e9cessaire de ne pas utiliser de m\u00e9dicaments qui diluent le sang et d&#8217;autres substances similaires.<\/p><p><strong>Y aura-t-il des cicatrices sur mon oreille apr\u00e8s l&#8217;op\u00e9ration de l&#8217;oreille pro\u00e9minente ?<\/strong><\/p><p>Il est tout \u00e0 fait normal de voir une fine ligne blanche derri\u00e8re l&#8217;oreille apr\u00e8s l&#8217;op\u00e9ration. Comme cette fine cicatrice restera dans la partie situ\u00e9e derri\u00e8re l&#8217;oreille, elle ne sera certainement pas visible de l&#8217;ext\u00e9rieur. Comme des points de suture autodissolvants sont utilis\u00e9s lors de l&#8217;op\u00e9ration, il ne sera pas n\u00e9cessaire d&#8217;enlever les points de suture apr\u00e8s l&#8217;op\u00e9ration et il n&#8217;y aura pas de cicatrice.<\/p><p><strong>Est-ce que je ressens de la douleur lors de l&#8217;op\u00e9ration de l&#8217;oreille pro\u00e9minente ?<\/strong><\/p><p>Si l&#8217;op\u00e9ration de l&#8217;oreille pro\u00e9minente est r\u00e9alis\u00e9e sous anesth\u00e9sie g\u00e9n\u00e9rale, vous ne ressentirez aucune douleur. M\u00eame si elle est r\u00e9alis\u00e9e sous anesth\u00e9sie locale, seule la douleur des aiguilles anesth\u00e9siantes sera ressentie. Vous ne ressentirez aucune douleur pendant l&#8217;op\u00e9ration. Vous ne ressentirez aucune douleur pendant les 12 heures qui suivent l&#8217;op\u00e9ration en raison de l&#8217;anesth\u00e9sie. Apr\u00e8s cette \u00e9tape, vous ne ressentirez plus de douleurs importantes.<\/p><p><strong>Que vais-je ressentir apr\u00e8s l&#8217;op\u00e9ration de l&#8217;oreille pro\u00e9minente ? Faut-il porter un bandeau ?<\/strong><\/p><p>Apr\u00e8s l&#8217;op\u00e9ration de l&#8217;oreille pro\u00e9minente, un bandage \u00e9lastique est enroul\u00e9 autour de la personne. Les patients sont ensuite renvoy\u00e9s chez eux. Deux jours apr\u00e8s l&#8217;op\u00e9ration, les pansements sont ouverts, les plaies sont examin\u00e9es et le patient porte un bandeau pour couvrir ses oreilles. Le port du ruban a pour but de prot\u00e9ger compl\u00e8tement le patient. Deux jours apr\u00e8s l&#8217;op\u00e9ration, le patient peut facilement prendre un bain. La bande doit \u00eatre utilis\u00e9e r\u00e9guli\u00e8rement pendant une semaine. Le patient peut facilement retourner au travail le lendemain de l&#8217;op\u00e9ration de l&#8217;oreille pro\u00e9minente. Au cours des trois premi\u00e8res semaines suivant l&#8217;op\u00e9ration, le patient doit veiller \u00e0 prot\u00e9ger ses oreilles des chocs.<\/p>\t\t\t\t\t\t<\/div>\n\t\t\t\t<\/div>\n\t\t\t\t<\/div>\n\t\t<div class=\"elementor-element elementor-element-1f8f862b e-con-full e-flex e-con e-child\" data-id=\"1f8f862b\" data-element_type=\"container\" data-settings=\"{&quot;content_width&quot;:&quot;full&quot;,&quot;background_background&quot;:&quot;classic&quot;}\">\n\t\t<div class=\"elementor-element elementor-element-d4639b8 e-con-full e-flex elementor-invisible e-con e-child\" data-id=\"d4639b8\" data-element_type=\"container\" data-settings=\"{&quot;background_background&quot;:&quot;classic&quot;,&quot;content_width&quot;:&quot;full&quot;,&quot;animation&quot;:&quot;fadeInDown&quot;,&quot;sticky&quot;:&quot;top&quot;,&quot;sticky_parent&quot;:&quot;yes&quot;,&quot;sticky_on&quot;:[&quot;desktop&quot;,&quot;tablet&quot;,&quot;mobile&quot;],&quot;sticky_offset&quot;:0,&quot;sticky_effects_offset&quot;:0}\">\n\t\t\t\t<div class=\"elementor-element elementor-element-08167e1 elementor-invisible elementor-widget elementor-widget-heading\" data-id=\"08167e1\" data-element_type=\"widget\" data-settings=\"{&quot;_animation&quot;:&quot;fadeInDown&quot;,&quot;_animation_delay&quot;:100}\" data-widget_type=\"heading.default\">\n\t\t\t\t<div class=\"elementor-widget-container\">\n\t\t\t<div class=\"elementor-heading-title elementor-size-default\">Consultation gratuite<\/div>\t\t<\/div>\n\t\t\t\t<\/div>\n\t\t\t\t<div class=\"elementor-element elementor-element-b94c2a8 elementor-widget elementor-widget-elementskit-contact-form7\" data-id=\"b94c2a8\" data-element_type=\"widget\" data-widget_type=\"elementskit-contact-form7.default\">\n\t\t\t\t<div class=\"elementor-widget-container\">\n\t\t\t<div class=\"ekit-wid-con\" ><div class=\"ekit-form\">\n<div class=\"wpcf7 no-js\" id=\"wpcf7-f414-o1\" lang=\"tr-TR\" dir=\"ltr\">\n<div class=\"screen-reader-response\"><p role=\"status\" aria-live=\"polite\" aria-atomic=\"true\"><\/p> <ul><\/ul><\/div>\n<form action=\"\/fr\/wp-json\/wp\/v2\/pages\/2305#wpcf7-f414-o1\" method=\"post\" class=\"wpcf7-form init\" aria-label=\"Contact form\" novalidate=\"novalidate\" data-status=\"init\">\n<div style=\"display: none;\">\n<input type=\"hidden\" name=\"_wpcf7\" value=\"414\" \/>\n<input type=\"hidden\" name=\"_wpcf7_version\" value=\"5.9.3\" \/>\n<input type=\"hidden\" name=\"_wpcf7_locale\" value=\"tr_TR\" \/>\n<input type=\"hidden\" name=\"_wpcf7_unit_tag\" value=\"wpcf7-f414-o1\" \/>\n<input type=\"hidden\" name=\"_wpcf7_container_post\" value=\"0\" \/>\n<input type=\"hidden\" name=\"_wpcf7_posted_data_hash\" value=\"\" \/>\n<\/div>\n<p><span class=\"wpcf7-form-control-wrap\" data-name=\"adi\"><input size=\"40\" class=\"wpcf7-form-control wpcf7-text wpcf7-validates-as-required\" aria-required=\"true\" aria-invalid=\"false\" placeholder=\"Votre nom\" value=\"\" type=\"text\" name=\"adi\" \/><\/span><br \/>\n<span class=\"wpcf7-form-control-wrap\" data-name=\"tel\"><input size=\"40\" class=\"wpcf7-form-control wpcf7-tel wpcf7-validates-as-required wpcf7-text wpcf7-validates-as-tel\" aria-required=\"true\" aria-invalid=\"false\" placeholder=\"Votre t\u00e9l\u00e9phone\" value=\"\" type=\"tel\" name=\"tel\" \/><\/span><br \/>\n<span class=\"wpcf7-form-control-wrap\" data-name=\"mail\"><input size=\"40\" class=\"wpcf7-form-control wpcf7-email wpcf7-text wpcf7-validates-as-email\" aria-invalid=\"false\" placeholder=\"E-Mail\" value=\"\" type=\"email\" name=\"mail\" \/><\/span><br \/>\n<span class=\"wpcf7-form-control-wrap\" data-name=\"mesaj\"><textarea cols=\"40\" rows=\"10\" class=\"wpcf7-form-control wpcf7-textarea\" aria-invalid=\"false\" placeholder=\"Votre message\" name=\"mesaj\"><\/textarea><\/span><br \/>\n<span class=\"wpcf7-form-control-wrap\" data-name=\"guvenlik\"><label><span class=\"wpcf7-quiz-label\">2 + 2= ?<\/span> <input size=\"40\" class=\"wpcf7-form-control wpcf7-quiz\" autocomplete=\"off\" aria-required=\"true\" aria-invalid=\"false\" type=\"text\" name=\"guvenlik\" \/><\/label><input type=\"hidden\" name=\"_wpcf7_quiz_answer_guvenlik\" value=\"7c415c6b6889823efac7ef851a2cd710\" \/><\/span><br \/>\n<input class=\"wpcf7-form-control wpcf7-submit has-spinner\" type=\"submit\" value=\"Submit Form\" \/>\n<\/p><div class=\"wpcf7-response-output\" aria-hidden=\"true\"><\/div>\n<\/form>\n<\/div>\n<\/div><\/div>\t\t<\/div>\n\t\t\t\t<\/div>\n\t\t\t\t<\/div>\n\t\t\t\t<\/div>\n\t\t\t\t\t<\/div>\n\t\t\t\t<\/div>\n\t\t\t\t<\/div>\n\t\t","protected":false},"excerpt":{"rendered":"<p>Accueil Sant\u00e9 et beaut\u00e9 Esth\u00e9tique auriculaire Certaines d\u00e9formations de l&#8217;oreille n\u00e9cessitent une chirurgie esth\u00e9tique de l&#8217;oreille. Dans le cas d&#8217;une oreille pro\u00e9minente, le probl\u00e8me est que l&#8217;angle de l&#8217;oreille avec la t\u00eate est plus \u00e9lev\u00e9 que la normale. En d&#8217;autres termes, elles apparaissent plus en avant et plus nettement que la normale. Dans ce cas, [&hellip;]<\/p>\n","protected":false},"author":1,"featured_media":0,"parent":2270,"menu_order":0,"comment_status":"closed","ping_status":"closed","template":"elementor_header_footer","meta":{"om_disable_all_campaigns":false,"_monsterinsights_skip_tracking":false,"_monsterinsights_sitenote_active":false,"_monsterinsights_sitenote_note":"","_monsterinsights_sitenote_category":0,"footnotes":""},"class_list":["post-2305","page","type-page","status-publish","hentry"],"aioseo_notices":[],"_links":{"self":[{"href":"https:\/\/kartaltipmerkezi.com\/fr\/wp-json\/wp\/v2\/pages\/2305","targetHints":{"allow":["GET"]}}],"collection":[{"href":"https:\/\/kartaltipmerkezi.com\/fr\/wp-json\/wp\/v2\/pages"}],"about":[{"href":"https:\/\/kartaltipmerkezi.com\/fr\/wp-json\/wp\/v2\/types\/page"}],"author":[{"embeddable":true,"href":"https:\/\/kartaltipmerkezi.com\/fr\/wp-json\/wp\/v2\/users\/1"}],"replies":[{"embeddable":true,"href":"https:\/\/kartaltipmerkezi.com\/fr\/wp-json\/wp\/v2\/comments?post=2305"}],"version-history":[{"count":11,"href":"https:\/\/kartaltipmerkezi.com\/fr\/wp-json\/wp\/v2\/pages\/2305\/revisions"}],"predecessor-version":[{"id":2843,"href":"https:\/\/kartaltipmerkezi.com\/fr\/wp-json\/wp\/v2\/pages\/2305\/revisions\/2843"}],"up":[{"embeddable":true,"href":"https:\/\/kartaltipmerkezi.com\/fr\/wp-json\/wp\/v2\/pages\/2270"}],"wp:attachment":[{"href":"https:\/\/kartaltipmerkezi.com\/fr\/wp-json\/wp\/v2\/media?parent=2305"}],"curies":[{"name":"wp","href":"https:\/\/api.w.org\/{rel}","templated":true}]}}