{"id":3096,"date":"2024-10-21T14:06:44","date_gmt":"2024-10-21T11:06:44","guid":{"rendered":"https:\/\/kartaltipmerkezi.com\/es\/?page_id=3096"},"modified":"2024-10-21T14:10:03","modified_gmt":"2024-10-21T11:10:03","slug":"op-eyup-sevim-md","status":"publish","type":"page","link":"https:\/\/kartaltipmerkezi.com\/es\/op-eyup-sevim-md","title":{"rendered":"Op. Ey\u00fcp SEV\u0130M, MD"},"content":{"rendered":"\t\t<div data-elementor-type=\"wp-page\" data-elementor-id=\"3096\" class=\"elementor elementor-3096\" data-elementor-post-type=\"page\">\n\t\t\t\t<div class=\"elementor-element elementor-element-2f443ef4 e-flex e-con-boxed e-con e-parent\" data-id=\"2f443ef4\" data-element_type=\"container\" data-settings=\"{&quot;background_background&quot;:&quot;classic&quot;,&quot;content_width&quot;:&quot;boxed&quot;}\" data-core-v316-plus=\"true\">\n\t\t\t\t\t<div class=\"e-con-inner\">\n\t\t<div class=\"elementor-element elementor-element-463e7f0b e-con-full e-flex e-con e-child\" data-id=\"463e7f0b\" data-element_type=\"container\" data-settings=\"{&quot;content_width&quot;:&quot;full&quot;}\">\n\t\t\t\t<div class=\"elementor-element elementor-element-f8e4876 elementor-invisible elementor-widget elementor-widget-heading\" data-id=\"f8e4876\" data-element_type=\"widget\" data-settings=\"{&quot;_animation&quot;:&quot;fadeInDown&quot;,&quot;_animation_delay&quot;:100}\" data-widget_type=\"heading.default\">\n\t\t\t\t<div class=\"elementor-widget-container\">\n\t\t\t<style>\/*! elementor - v3.19.0 - 07-02-2024 *\/\n.elementor-heading-title{padding:0;margin:0;line-height:1}.elementor-widget-heading .elementor-heading-title[class*=elementor-size-]>a{color:inherit;font-size:inherit;line-height:inherit}.elementor-widget-heading .elementor-heading-title.elementor-size-small{font-size:15px}.elementor-widget-heading .elementor-heading-title.elementor-size-medium{font-size:19px}.elementor-widget-heading .elementor-heading-title.elementor-size-large{font-size:29px}.elementor-widget-heading .elementor-heading-title.elementor-size-xl{font-size:39px}.elementor-widget-heading .elementor-heading-title.elementor-size-xxl{font-size:59px}<\/style><h1 class=\"elementor-heading-title elementor-size-default\">Op. Ey\u00fcp SEV\u0130M, MD\n<\/h1>\t\t<\/div>\n\t\t\t\t<\/div>\n\t\t\t\t<\/div>\n\t\t<div class=\"elementor-element elementor-element-dff9554 e-con-full e-flex e-con e-child\" data-id=\"dff9554\" data-element_type=\"container\" data-settings=\"{&quot;content_width&quot;:&quot;full&quot;}\">\n\t\t\t\t<div class=\"elementor-element elementor-element-c0b0636 elementor-icon-list--layout-inline elementor-align-center elementor-mobile-align-left elementor-list-item-link-full_width elementor-invisible elementor-widget elementor-widget-icon-list\" data-id=\"c0b0636\" data-element_type=\"widget\" data-settings=\"{&quot;_animation&quot;:&quot;fadeInDown&quot;}\" data-widget_type=\"icon-list.default\">\n\t\t\t\t<div class=\"elementor-widget-container\">\n\t\t\t<link rel=\"stylesheet\" href=\"https:\/\/kartaltipmerkezi.com\/en\/wp-content\/plugins\/elementor\/assets\/css\/widget-icon-list.min.css\">\t\t<ul class=\"elementor-icon-list-items elementor-inline-items\">\n\t\t\t\t\t\t\t<li class=\"elementor-icon-list-item elementor-inline-item\">\n\t\t\t\t\t\t\t\t\t\t\t<a href=\"https:\/\/kartaltipmerkezi.com\/es\">\n\n\t\t\t\t\t\t\t\t\t\t\t\t<span class=\"elementor-icon-list-icon\">\n\t\t\t\t\t\t\t<i aria-hidden=\"true\" class=\"icon icon-home2\"><\/i>\t\t\t\t\t\t<\/span>\n\t\t\t\t\t\t\t\t\t\t<span class=\"elementor-icon-list-text\">Home<\/span>\n\t\t\t\t\t\t\t\t\t\t\t<\/a>\n\t\t\t\t\t\t\t\t\t<\/li>\n\t\t\t\t\t\t\t\t<li class=\"elementor-icon-list-item elementor-inline-item\">\n\t\t\t\t\t\t\t\t\t\t\t<a href=\"https:\/\/kartaltipmerkezi.com\/es\/op-eyup-sevim-md\">\n\n\t\t\t\t\t\t\t\t\t\t\t\t<span class=\"elementor-icon-list-icon\">\n\t\t\t\t\t\t\t<i aria-hidden=\"true\" class=\" arrow_carrot-right\"><\/i>\t\t\t\t\t\t<\/span>\n\t\t\t\t\t\t\t\t\t\t<span class=\"elementor-icon-list-text\">Op. Ey\u00fcp SEV\u0130M, MD<\/span>\n\t\t\t\t\t\t\t\t\t\t\t<\/a>\n\t\t\t\t\t\t\t\t\t<\/li>\n\t\t\t\t\t\t<\/ul>\n\t\t\t\t<\/div>\n\t\t\t\t<\/div>\n\t\t\t\t<\/div>\n\t\t\t\t\t<\/div>\n\t\t\t\t<\/div>\n\t\t<div class=\"elementor-element elementor-element-9cca655 e-flex e-con-boxed e-con e-parent\" data-id=\"9cca655\" data-element_type=\"container\" data-settings=\"{&quot;content_width&quot;:&quot;boxed&quot;}\" data-core-v316-plus=\"true\">\n\t\t\t\t\t<div class=\"e-con-inner\">\n\t\t<div class=\"elementor-element elementor-element-73f9209 e-con-full e-flex e-con e-child\" data-id=\"73f9209\" data-element_type=\"container\" data-settings=\"{&quot;content_width&quot;:&quot;full&quot;,&quot;background_background&quot;:&quot;classic&quot;}\">\n\t\t\t\t<div class=\"elementor-element elementor-element-8bd5c2c elementor-widget elementor-widget-image\" data-id=\"8bd5c2c\" data-element_type=\"widget\" data-widget_type=\"image.default\">\n\t\t\t\t<div class=\"elementor-widget-container\">\n\t\t\t<style>\/*! elementor - v3.19.0 - 07-02-2024 *\/\n.elementor-widget-image{text-align:center}.elementor-widget-image a{display:inline-block}.elementor-widget-image a img[src$=\".svg\"]{width:48px}.elementor-widget-image img{vertical-align:middle;display:inline-block}<\/style>\t\t\t\t\t\t\t\t\t\t<img fetchpriority=\"high\" decoding=\"async\" width=\"700\" height=\"800\" src=\"https:\/\/kartaltipmerkezi.com\/es\/wp-content\/uploads\/2024\/10\/dr-eyup-sevim-4.jpg\" class=\"attachment-full size-full wp-image-3095\" alt=\"\" srcset=\"https:\/\/kartaltipmerkezi.com\/es\/wp-content\/uploads\/2024\/10\/dr-eyup-sevim-4.jpg 700w, https:\/\/kartaltipmerkezi.com\/es\/wp-content\/uploads\/2024\/10\/dr-eyup-sevim-4-263x300.jpg 263w\" sizes=\"(max-width: 700px) 100vw, 700px\" \/>\t\t\t\t\t\t\t\t\t\t\t\t\t<\/div>\n\t\t\t\t<\/div>\n\t\t\t\t<div class=\"elementor-element elementor-element-1c6147c elementor-widget elementor-widget-page-title\" data-id=\"1c6147c\" data-element_type=\"widget\" data-settings=\"{&quot;align&quot;:&quot;center&quot;}\" data-widget_type=\"page-title.default\">\n\t\t\t\t<div class=\"elementor-widget-container\">\n\t\t\t\t\t\n\t\t<div class=\"hfe-page-title hfe-page-title-wrapper elementor-widget-heading\">\n\n\t\t\t\t\t\t\t\t<h2 class=\"elementor-heading-title elementor-size-default\">\n\t\t\t\t\t\t\t\t\n\t\t\t\tOp. Ey\u00fcp SEV\u0130M, MD  \n\t\t\t<\/h2 > \n\t\t\t\t\t<\/div>\n\t\t\t\t<\/div>\n\t\t\t\t<\/div>\n\t\t\t\t<\/div>\n\t\t<div class=\"elementor-element elementor-element-94aef80 e-con-full e-flex elementor-invisible e-con e-child\" data-id=\"94aef80\" data-element_type=\"container\" data-settings=\"{&quot;content_width&quot;:&quot;full&quot;,&quot;animation&quot;:&quot;fadeInDown&quot;}\">\n\t\t\t\t<div class=\"elementor-element elementor-element-ff7028e elementor-widget elementor-widget-text-editor\" data-id=\"ff7028e\" data-element_type=\"widget\" data-widget_type=\"text-editor.default\">\n\t\t\t\t<div class=\"elementor-widget-container\">\n\t\t\t<style>\/*! elementor - v3.19.0 - 07-02-2024 *\/\n.elementor-widget-text-editor.elementor-drop-cap-view-stacked .elementor-drop-cap{background-color:#69727d;color:#fff}.elementor-widget-text-editor.elementor-drop-cap-view-framed .elementor-drop-cap{color:#69727d;border:3px solid;background-color:transparent}.elementor-widget-text-editor:not(.elementor-drop-cap-view-default) .elementor-drop-cap{margin-top:8px}.elementor-widget-text-editor:not(.elementor-drop-cap-view-default) .elementor-drop-cap-letter{width:1em;height:1em}.elementor-widget-text-editor .elementor-drop-cap{float:left;text-align:center;line-height:1;font-size:50px}.elementor-widget-text-editor .elementor-drop-cap-letter{display:inline-block}<\/style>\t\t\t\t<p><strong>Areas of Interest<\/strong><\/p>\n<ul>\n<li>Endoscopy<\/li>\n<li>Gastroscopy<\/li>\n<li>Reflux Treatment<\/li>\n<li>Colonoscopy<\/li>\n<li>Gallbladder and Bile Ducts<\/li>\n<li>Gastric Balloon<\/li>\n<li>Gastric Botox<br \/><br \/><\/li>\n<\/ul>\n<p><strong>Education and Specialization<\/strong><\/p>\n<p>Istanbul University Istanbul \u00c7apa Faculty of Medicine<br \/>Specialization: Istanbul Okmeydan\u0131 Training and Research Hospital<\/p>\n<p><strong>Experience<\/strong><\/p>\n<p>KTM Private Kartal Medical Center (2024)<br \/>Medipol Ac\u0131badem Regional Hospital (2024)<br \/>Private Sayg\u0131 Hospital (2023)<br \/>\u00c7aml\u0131ca Medipol University Hospital (2022)<br \/>Private Istanbul Medipol Hospital (2021-2024)<br \/>SB\u00dc Ba\u011fc\u0131lar Training and Research Hospital (2010-2021)<br \/>Istanbul University Istanbul Faculty of Medicine, General Surgery Department, Liver and Bile Duct Surgery Unit (2007-2008)<br \/>Bezmialem Valide Sultan Vak\u0131f Gureba Training and Research Hospital (2003-2010)<br \/>K\u0131rklareli Training and Research Hospital (2000-2003)<br \/>Kad\u0131k\u00f6y Florence Nightingale Hospital (2010-2016)<br \/>Gayrettepe Florence Nightingale Hospital (1999-2014)<br \/>Kas\u0131mpa\u015fa Military Naval Hospital (1998-2000)<br \/>Prof. Dr. Cemil Ta\u015fc\u0131o\u011flu City Hospital (1994-1998)<br \/>Bak\u0131rk\u00f6y Prof. Dr. Mazhar Osman Mental Health and Neurological Diseases Training and Research Hospital (1993-1994)<br \/>Kdz Ere\u011fli Kurtlar Village Health Center (1990-1993)<\/p>\n<p><strong>Professional Memberships<\/strong><\/p>\n<p>Turkish Surgical Society<br \/>Turkish Hepato-Pancreato-Biliary Surgery Society<br \/>World Endoscopy Organization<br \/>Izmir Atat\u00fcrk High School Alumni Association<\/p>\n<p><strong>Scientific Publications<\/strong><\/p>\n<p>Book: Surgical ERCP Applications (Videoscopic Case Examples) Chapter 17: ERCP in Benign Biliary Strictures ISBN: 978-605-258-844-4<\/p>\t\t\t\t\t\t<\/div>\n\t\t\t\t<\/div>\n\t\t\t\t<\/div>\n\t\t\t\t\t<\/div>\n\t\t\t\t<\/div>\n\t\t\t\t<\/div>\n\t\t","protected":false},"excerpt":{"rendered":"<p>Op. Ey\u00fcp SEV\u0130M, MD Home Op. Ey\u00fcp SEV\u0130M, MD Areas of Interest Endoscopy Gastroscopy Reflux Treatment Colonoscopy Gallbladder and Bile Ducts Gastric Balloon Gastric Botox Education and Specialization Istanbul University Istanbul \u00c7apa Faculty of MedicineSpecialization: Istanbul Okmeydan\u0131 Training and Research Hospital Experience KTM Private Kartal Medical Center (2024)Medipol Ac\u0131badem Regional Hospital (2024)Private Sayg\u0131 Hospital (2023)\u00c7aml\u0131ca [&hellip;]<\/p>\n","protected":false},"author":1,"featured_media":0,"parent":0,"menu_order":0,"comment_status":"closed","ping_status":"closed","template":"elementor_header_footer","meta":{"om_disable_all_campaigns":false,"_monsterinsights_skip_tracking":false,"_monsterinsights_sitenote_active":false,"_monsterinsights_sitenote_note":"","_monsterinsights_sitenote_category":0,"footnotes":""},"class_list":["post-3096","page","type-page","status-publish","hentry"],"aioseo_notices":[],"_links":{"self":[{"href":"https:\/\/kartaltipmerkezi.com\/es\/wp-json\/wp\/v2\/pages\/3096","targetHints":{"allow":["GET"]}}],"collection":[{"href":"https:\/\/kartaltipmerkezi.com\/es\/wp-json\/wp\/v2\/pages"}],"about":[{"href":"https:\/\/kartaltipmerkezi.com\/es\/wp-json\/wp\/v2\/types\/page"}],"author":[{"embeddable":true,"href":"https:\/\/kartaltipmerkezi.com\/es\/wp-json\/wp\/v2\/users\/1"}],"replies":[{"embeddable":true,"href":"https:\/\/kartaltipmerkezi.com\/es\/wp-json\/wp\/v2\/comments?post=3096"}],"version-history":[{"count":4,"href":"https:\/\/kartaltipmerkezi.com\/es\/wp-json\/wp\/v2\/pages\/3096\/revisions"}],"predecessor-version":[{"id":3101,"href":"https:\/\/kartaltipmerkezi.com\/es\/wp-json\/wp\/v2\/pages\/3096\/revisions\/3101"}],"wp:attachment":[{"href":"https:\/\/kartaltipmerkezi.com\/es\/wp-json\/wp\/v2\/media?parent=3096"}],"curies":[{"name":"wp","href":"https:\/\/api.w.org\/{rel}","templated":true}]}}