{"id":3021,"date":"2024-09-26T15:14:56","date_gmt":"2024-09-26T12:14:56","guid":{"rendered":"https:\/\/kartaltipmerkezi.com\/es\/?page_id=3021"},"modified":"2024-09-26T15:16:23","modified_gmt":"2024-09-26T12:16:23","slug":"specialist-dt-yucel-tonguc-bozdogan","status":"publish","type":"page","link":"https:\/\/kartaltipmerkezi.com\/es\/specialist-dt-yucel-tonguc-bozdogan","title":{"rendered":"Specialist Dt. Y\u00fccel Tongu\u00e7 BOZDO\u011eAN"},"content":{"rendered":"\t\t<div data-elementor-type=\"wp-page\" data-elementor-id=\"3021\" class=\"elementor elementor-3021\" data-elementor-post-type=\"page\">\n\t\t\t\t<div class=\"elementor-element elementor-element-2f443ef4 e-flex e-con-boxed e-con e-parent\" data-id=\"2f443ef4\" data-element_type=\"container\" data-settings=\"{&quot;background_background&quot;:&quot;classic&quot;,&quot;content_width&quot;:&quot;boxed&quot;}\" data-core-v316-plus=\"true\">\n\t\t\t\t\t<div class=\"e-con-inner\">\n\t\t<div class=\"elementor-element elementor-element-463e7f0b e-con-full e-flex e-con e-child\" data-id=\"463e7f0b\" data-element_type=\"container\" data-settings=\"{&quot;content_width&quot;:&quot;full&quot;}\">\n\t\t\t\t<div class=\"elementor-element elementor-element-f8e4876 elementor-invisible elementor-widget elementor-widget-heading\" data-id=\"f8e4876\" data-element_type=\"widget\" data-settings=\"{&quot;_animation&quot;:&quot;fadeInDown&quot;,&quot;_animation_delay&quot;:100}\" data-widget_type=\"heading.default\">\n\t\t\t\t<div class=\"elementor-widget-container\">\n\t\t\t<style>\/*! elementor - v3.19.0 - 07-02-2024 *\/\n.elementor-heading-title{padding:0;margin:0;line-height:1}.elementor-widget-heading .elementor-heading-title[class*=elementor-size-]>a{color:inherit;font-size:inherit;line-height:inherit}.elementor-widget-heading .elementor-heading-title.elementor-size-small{font-size:15px}.elementor-widget-heading .elementor-heading-title.elementor-size-medium{font-size:19px}.elementor-widget-heading .elementor-heading-title.elementor-size-large{font-size:29px}.elementor-widget-heading .elementor-heading-title.elementor-size-xl{font-size:39px}.elementor-widget-heading .elementor-heading-title.elementor-size-xxl{font-size:59px}<\/style><h1 class=\"elementor-heading-title elementor-size-default\">Specialist Dt. Y\u00fccel Tongu\u00e7 BOZDO\u011eAN<\/h1>\t\t<\/div>\n\t\t\t\t<\/div>\n\t\t\t\t<\/div>\n\t\t<div class=\"elementor-element elementor-element-dff9554 e-con-full e-flex e-con e-child\" data-id=\"dff9554\" data-element_type=\"container\" data-settings=\"{&quot;content_width&quot;:&quot;full&quot;}\">\n\t\t\t\t<div class=\"elementor-element elementor-element-c0b0636 elementor-icon-list--layout-inline elementor-align-center elementor-mobile-align-left elementor-list-item-link-full_width elementor-invisible elementor-widget elementor-widget-icon-list\" data-id=\"c0b0636\" data-element_type=\"widget\" data-settings=\"{&quot;_animation&quot;:&quot;fadeInDown&quot;}\" data-widget_type=\"icon-list.default\">\n\t\t\t\t<div class=\"elementor-widget-container\">\n\t\t\t<link rel=\"stylesheet\" href=\"https:\/\/kartaltipmerkezi.com\/en\/wp-content\/plugins\/elementor\/assets\/css\/widget-icon-list.min.css\">\t\t<ul class=\"elementor-icon-list-items elementor-inline-items\">\n\t\t\t\t\t\t\t<li class=\"elementor-icon-list-item elementor-inline-item\">\n\t\t\t\t\t\t\t\t\t\t\t<a href=\"https:\/\/kartaltipmerkezi.com\/es\">\n\n\t\t\t\t\t\t\t\t\t\t\t\t<span class=\"elementor-icon-list-icon\">\n\t\t\t\t\t\t\t<i aria-hidden=\"true\" class=\"icon icon-home2\"><\/i>\t\t\t\t\t\t<\/span>\n\t\t\t\t\t\t\t\t\t\t<span class=\"elementor-icon-list-text\">Home<\/span>\n\t\t\t\t\t\t\t\t\t\t\t<\/a>\n\t\t\t\t\t\t\t\t\t<\/li>\n\t\t\t\t\t\t\t\t<li class=\"elementor-icon-list-item elementor-inline-item\">\n\t\t\t\t\t\t\t\t\t\t\t<a href=\"https:\/\/kartaltipmerkezi.com\/es\/specialist-dt-yucel-tonguc-bozdogan\">\n\n\t\t\t\t\t\t\t\t\t\t\t\t<span class=\"elementor-icon-list-icon\">\n\t\t\t\t\t\t\t<i aria-hidden=\"true\" class=\" arrow_carrot-right\"><\/i>\t\t\t\t\t\t<\/span>\n\t\t\t\t\t\t\t\t\t\t<span class=\"elementor-icon-list-text\">Specialist Dt. Y\u00fccel Tongu\u00e7 BOZDO\u011eAN<\/span>\n\t\t\t\t\t\t\t\t\t\t\t<\/a>\n\t\t\t\t\t\t\t\t\t<\/li>\n\t\t\t\t\t\t<\/ul>\n\t\t\t\t<\/div>\n\t\t\t\t<\/div>\n\t\t\t\t<\/div>\n\t\t\t\t\t<\/div>\n\t\t\t\t<\/div>\n\t\t<div class=\"elementor-element elementor-element-b6eaad2 e-flex e-con-boxed e-con e-parent\" data-id=\"b6eaad2\" data-element_type=\"container\" data-settings=\"{&quot;content_width&quot;:&quot;boxed&quot;}\" data-core-v316-plus=\"true\">\n\t\t\t\t\t<div class=\"e-con-inner\">\n\t\t<div class=\"elementor-element elementor-element-52d15aa e-con-full e-flex e-con e-child\" data-id=\"52d15aa\" data-element_type=\"container\" data-settings=\"{&quot;content_width&quot;:&quot;full&quot;,&quot;background_background&quot;:&quot;classic&quot;}\">\n\t\t\t\t<div class=\"elementor-element elementor-element-5af04f7 elementor-widget elementor-widget-image\" data-id=\"5af04f7\" data-element_type=\"widget\" data-widget_type=\"image.default\">\n\t\t\t\t<div class=\"elementor-widget-container\">\n\t\t\t<style>\/*! elementor - v3.19.0 - 07-02-2024 *\/\n.elementor-widget-image{text-align:center}.elementor-widget-image a{display:inline-block}.elementor-widget-image a img[src$=\".svg\"]{width:48px}.elementor-widget-image img{vertical-align:middle;display:inline-block}<\/style>\t\t\t\t\t\t\t\t\t\t<img fetchpriority=\"high\" decoding=\"async\" width=\"700\" height=\"800\" src=\"https:\/\/kartaltipmerkezi.com\/es\/wp-content\/uploads\/2024\/09\/dt-yucel-tonguc-bozdag-1.jpg\" class=\"attachment-full size-full wp-image-3023\" alt=\"\" srcset=\"https:\/\/kartaltipmerkezi.com\/es\/wp-content\/uploads\/2024\/09\/dt-yucel-tonguc-bozdag-1.jpg 700w, https:\/\/kartaltipmerkezi.com\/es\/wp-content\/uploads\/2024\/09\/dt-yucel-tonguc-bozdag-1-263x300.jpg 263w\" sizes=\"(max-width: 700px) 100vw, 700px\" \/>\t\t\t\t\t\t\t\t\t\t\t\t\t<\/div>\n\t\t\t\t<\/div>\n\t\t\t\t<div class=\"elementor-element elementor-element-138cfa3 elementor-widget elementor-widget-page-title\" data-id=\"138cfa3\" data-element_type=\"widget\" data-settings=\"{&quot;align&quot;:&quot;center&quot;}\" data-widget_type=\"page-title.default\">\n\t\t\t\t<div class=\"elementor-widget-container\">\n\t\t\t\t\t\n\t\t<div class=\"hfe-page-title hfe-page-title-wrapper elementor-widget-heading\">\n\n\t\t\t\t\t\t\t\t<h2 class=\"elementor-heading-title elementor-size-default\">\n\t\t\t\t\t\t\t\t\n\t\t\t\tSpecialist Dt. Y\u00fccel Tongu\u00e7 BOZDO\u011eAN  \n\t\t\t<\/h2 > \n\t\t\t\t\t<\/div>\n\t\t\t\t<\/div>\n\t\t\t\t<\/div>\n\t\t\t\t<\/div>\n\t\t<div class=\"elementor-element elementor-element-951e13b e-con-full e-flex elementor-invisible e-con e-child\" data-id=\"951e13b\" data-element_type=\"container\" data-settings=\"{&quot;content_width&quot;:&quot;full&quot;,&quot;animation&quot;:&quot;fadeInDown&quot;}\">\n\t\t\t\t<div class=\"elementor-element elementor-element-6ef1b9d elementor-widget elementor-widget-text-editor\" data-id=\"6ef1b9d\" data-element_type=\"widget\" data-widget_type=\"text-editor.default\">\n\t\t\t\t<div class=\"elementor-widget-container\">\n\t\t\t<style>\/*! elementor - v3.19.0 - 07-02-2024 *\/\n.elementor-widget-text-editor.elementor-drop-cap-view-stacked .elementor-drop-cap{background-color:#69727d;color:#fff}.elementor-widget-text-editor.elementor-drop-cap-view-framed .elementor-drop-cap{color:#69727d;border:3px solid;background-color:transparent}.elementor-widget-text-editor:not(.elementor-drop-cap-view-default) .elementor-drop-cap{margin-top:8px}.elementor-widget-text-editor:not(.elementor-drop-cap-view-default) .elementor-drop-cap-letter{width:1em;height:1em}.elementor-widget-text-editor .elementor-drop-cap{float:left;text-align:center;line-height:1;font-size:50px}.elementor-widget-text-editor .elementor-drop-cap-letter{display:inline-block}<\/style>\t\t\t\t<h5><strong>Fields of Interest<\/strong><\/h5><p>Pediatric and Adult Dental Treatments Under General Anesthesia and Sedation<\/p><p>Oral and Maxillofacial Surgery<\/p><p>Aesthetic Dentistry<\/p><p>Implants and Implant Prostheses<\/p><p>Cyst and Apical Resection Operations<\/p><p>Fixed Prosthesis Applications (ZIRCONYUM CRONES\/EMPRESS CRONES<\/p><p>Impacted Tooth Operations<\/p><p>Prosthetic Applications<\/p><p>Teeth Whitening (Bleaching)<\/p><p>Pediatric Dental Treatments<\/p><h5><strong>Education and Expertise<\/strong><\/h5><p>Born in 1969, Marmara University Faculty of Dentistry (1994)<\/p><p>Master&#8217;s degree from New Jersey School of Dentistry, USA (2000)<\/p><p>Internship Marmara University (2003)<\/p><h5><strong>Experience<\/strong><\/h5><p>Marmara University Faculty of Dentistry<\/p><p>Private Marmara Medical Center<\/p><p>Private Istanbul Dawn Hospital<\/p><p>Private NB Kadikoy Hospital<\/p><p>Private Clinic<\/p><p>Emsey Hospital<\/p><p>Central Prime Hospital<\/p><h5><strong>Professional Memberships<\/strong><\/h5><p>Turkish Medical Association<\/p><p>Istanbul Chamber of Dentists<\/p><p>Kocaeli Chamber of Dentists<\/p><p>Turkish Endodontic Society<\/p>\t\t\t\t\t\t<\/div>\n\t\t\t\t<\/div>\n\t\t\t\t<\/div>\n\t\t\t\t\t<\/div>\n\t\t\t\t<\/div>\n\t\t\t\t<\/div>\n\t\t","protected":false},"excerpt":{"rendered":"<p>Specialist Dt. Y\u00fccel Tongu\u00e7 BOZDO\u011eAN Home Specialist Dt. Y\u00fccel Tongu\u00e7 BOZDO\u011eAN Fields of Interest Pediatric and Adult Dental Treatments Under General Anesthesia and Sedation Oral and Maxillofacial Surgery Aesthetic Dentistry Implants and Implant Prostheses Cyst and Apical Resection Operations Fixed Prosthesis Applications (ZIRCONYUM CRONES\/EMPRESS CRONES Impacted Tooth Operations Prosthetic Applications Teeth Whitening (Bleaching) Pediatric Dental [&hellip;]<\/p>\n","protected":false},"author":1,"featured_media":0,"parent":0,"menu_order":0,"comment_status":"closed","ping_status":"closed","template":"elementor_header_footer","meta":{"om_disable_all_campaigns":false,"_monsterinsights_skip_tracking":false,"_monsterinsights_sitenote_active":false,"_monsterinsights_sitenote_note":"","_monsterinsights_sitenote_category":0,"footnotes":""},"class_list":["post-3021","page","type-page","status-publish","hentry"],"aioseo_notices":[],"_links":{"self":[{"href":"https:\/\/kartaltipmerkezi.com\/es\/wp-json\/wp\/v2\/pages\/3021","targetHints":{"allow":["GET"]}}],"collection":[{"href":"https:\/\/kartaltipmerkezi.com\/es\/wp-json\/wp\/v2\/pages"}],"about":[{"href":"https:\/\/kartaltipmerkezi.com\/es\/wp-json\/wp\/v2\/types\/page"}],"author":[{"embeddable":true,"href":"https:\/\/kartaltipmerkezi.com\/es\/wp-json\/wp\/v2\/users\/1"}],"replies":[{"embeddable":true,"href":"https:\/\/kartaltipmerkezi.com\/es\/wp-json\/wp\/v2\/comments?post=3021"}],"version-history":[{"count":4,"href":"https:\/\/kartaltipmerkezi.com\/es\/wp-json\/wp\/v2\/pages\/3021\/revisions"}],"predecessor-version":[{"id":3026,"href":"https:\/\/kartaltipmerkezi.com\/es\/wp-json\/wp\/v2\/pages\/3021\/revisions\/3026"}],"wp:attachment":[{"href":"https:\/\/kartaltipmerkezi.com\/es\/wp-json\/wp\/v2\/media?parent=3021"}],"curies":[{"name":"wp","href":"https:\/\/api.w.org\/{rel}","templated":true}]}}