{"id":2994,"date":"2024-09-26T14:55:33","date_gmt":"2024-09-26T11:55:33","guid":{"rendered":"https:\/\/kartaltipmerkezi.com\/es\/?page_id=2994"},"modified":"2024-12-14T11:29:03","modified_gmt":"2024-12-14T08:29:03","slug":"specialist-yildiz-yigit-md","status":"publish","type":"page","link":"https:\/\/kartaltipmerkezi.com\/es\/specialist-yildiz-yigit-md","title":{"rendered":"Specialist Y\u0131ld\u0131z Y\u0130\u011e\u0130T, MD"},"content":{"rendered":"\t\t<div data-elementor-type=\"wp-page\" data-elementor-id=\"2994\" class=\"elementor elementor-2994\" data-elementor-post-type=\"page\">\n\t\t\t\t<div class=\"elementor-element elementor-element-2f443ef4 e-flex e-con-boxed e-con e-parent\" data-id=\"2f443ef4\" data-element_type=\"container\" data-settings=\"{&quot;background_background&quot;:&quot;classic&quot;,&quot;content_width&quot;:&quot;boxed&quot;}\" data-core-v316-plus=\"true\">\n\t\t\t\t\t<div class=\"e-con-inner\">\n\t\t<div class=\"elementor-element elementor-element-463e7f0b e-con-full e-flex e-con e-child\" data-id=\"463e7f0b\" data-element_type=\"container\" data-settings=\"{&quot;content_width&quot;:&quot;full&quot;}\">\n\t\t\t\t<div class=\"elementor-element elementor-element-f8e4876 elementor-invisible elementor-widget elementor-widget-heading\" data-id=\"f8e4876\" data-element_type=\"widget\" data-settings=\"{&quot;_animation&quot;:&quot;fadeInDown&quot;,&quot;_animation_delay&quot;:100}\" data-widget_type=\"heading.default\">\n\t\t\t\t<div class=\"elementor-widget-container\">\n\t\t\t<style>\/*! elementor - v3.19.0 - 07-02-2024 *\/\n.elementor-heading-title{padding:0;margin:0;line-height:1}.elementor-widget-heading .elementor-heading-title[class*=elementor-size-]>a{color:inherit;font-size:inherit;line-height:inherit}.elementor-widget-heading .elementor-heading-title.elementor-size-small{font-size:15px}.elementor-widget-heading .elementor-heading-title.elementor-size-medium{font-size:19px}.elementor-widget-heading .elementor-heading-title.elementor-size-large{font-size:29px}.elementor-widget-heading .elementor-heading-title.elementor-size-xl{font-size:39px}.elementor-widget-heading .elementor-heading-title.elementor-size-xxl{font-size:59px}<\/style><h1 class=\"elementor-heading-title elementor-size-default\">Speacialist Y\u0131ld\u0131z Y\u0130\u011e\u0130T, MD<\/h1>\t\t<\/div>\n\t\t\t\t<\/div>\n\t\t\t\t<\/div>\n\t\t<div class=\"elementor-element elementor-element-dff9554 e-con-full e-flex e-con e-child\" data-id=\"dff9554\" data-element_type=\"container\" data-settings=\"{&quot;content_width&quot;:&quot;full&quot;}\">\n\t\t\t\t<div class=\"elementor-element elementor-element-c0b0636 elementor-icon-list--layout-inline elementor-align-center elementor-mobile-align-left elementor-list-item-link-full_width elementor-invisible elementor-widget elementor-widget-icon-list\" data-id=\"c0b0636\" data-element_type=\"widget\" data-settings=\"{&quot;_animation&quot;:&quot;fadeInDown&quot;}\" data-widget_type=\"icon-list.default\">\n\t\t\t\t<div class=\"elementor-widget-container\">\n\t\t\t<link rel=\"stylesheet\" href=\"https:\/\/kartaltipmerkezi.com\/en\/wp-content\/plugins\/elementor\/assets\/css\/widget-icon-list.min.css\">\t\t<ul class=\"elementor-icon-list-items elementor-inline-items\">\n\t\t\t\t\t\t\t<li class=\"elementor-icon-list-item elementor-inline-item\">\n\t\t\t\t\t\t\t\t\t\t\t<a href=\"https:\/\/kartaltipmerkezi.com\/es\">\n\n\t\t\t\t\t\t\t\t\t\t\t\t<span class=\"elementor-icon-list-icon\">\n\t\t\t\t\t\t\t<i aria-hidden=\"true\" class=\"icon icon-home2\"><\/i>\t\t\t\t\t\t<\/span>\n\t\t\t\t\t\t\t\t\t\t<span class=\"elementor-icon-list-text\">Home<\/span>\n\t\t\t\t\t\t\t\t\t\t\t<\/a>\n\t\t\t\t\t\t\t\t\t<\/li>\n\t\t\t\t\t\t\t\t<li class=\"elementor-icon-list-item elementor-inline-item\">\n\t\t\t\t\t\t\t\t\t\t\t<a href=\"https:\/\/kartaltipmerkezi.com\/es\/specialist-yildiz-yigit-md\">\n\n\t\t\t\t\t\t\t\t\t\t\t\t<span class=\"elementor-icon-list-icon\">\n\t\t\t\t\t\t\t<i aria-hidden=\"true\" class=\" arrow_carrot-right\"><\/i>\t\t\t\t\t\t<\/span>\n\t\t\t\t\t\t\t\t\t\t<span class=\"elementor-icon-list-text\">Specialist Y\u0131ld\u0131z Y\u0130\u011e\u0130T, MD<\/span>\n\t\t\t\t\t\t\t\t\t\t\t<\/a>\n\t\t\t\t\t\t\t\t\t<\/li>\n\t\t\t\t\t\t<\/ul>\n\t\t\t\t<\/div>\n\t\t\t\t<\/div>\n\t\t\t\t<\/div>\n\t\t\t\t\t<\/div>\n\t\t\t\t<\/div>\n\t\t<div class=\"elementor-element elementor-element-c0abeab e-flex e-con-boxed e-con e-parent\" data-id=\"c0abeab\" data-element_type=\"container\" data-settings=\"{&quot;content_width&quot;:&quot;boxed&quot;}\" data-core-v316-plus=\"true\">\n\t\t\t\t\t<div class=\"e-con-inner\">\n\t\t<div class=\"elementor-element elementor-element-5f2f119 e-con-full e-flex e-con e-child\" data-id=\"5f2f119\" data-element_type=\"container\" data-settings=\"{&quot;content_width&quot;:&quot;full&quot;,&quot;background_background&quot;:&quot;classic&quot;}\">\n\t\t\t\t<div class=\"elementor-element elementor-element-ee42eee elementor-widget elementor-widget-image\" data-id=\"ee42eee\" data-element_type=\"widget\" data-widget_type=\"image.default\">\n\t\t\t\t<div class=\"elementor-widget-container\">\n\t\t\t<style>\/*! elementor - v3.19.0 - 07-02-2024 *\/\n.elementor-widget-image{text-align:center}.elementor-widget-image a{display:inline-block}.elementor-widget-image a img[src$=\".svg\"]{width:48px}.elementor-widget-image img{vertical-align:middle;display:inline-block}<\/style>\t\t\t\t\t\t\t\t\t\t<img fetchpriority=\"high\" decoding=\"async\" width=\"700\" height=\"800\" src=\"https:\/\/kartaltipmerkezi.com\/es\/wp-content\/uploads\/2024\/08\/dr-yildiz-1.jpg\" class=\"attachment-full size-full wp-image-3143\" alt=\"\" srcset=\"https:\/\/kartaltipmerkezi.com\/es\/wp-content\/uploads\/2024\/08\/dr-yildiz-1.jpg 700w, https:\/\/kartaltipmerkezi.com\/es\/wp-content\/uploads\/2024\/08\/dr-yildiz-1-263x300.jpg 263w\" sizes=\"(max-width: 700px) 100vw, 700px\" \/>\t\t\t\t\t\t\t\t\t\t\t\t\t<\/div>\n\t\t\t\t<\/div>\n\t\t\t\t<div class=\"elementor-element elementor-element-5ad05fd elementor-widget elementor-widget-page-title\" data-id=\"5ad05fd\" data-element_type=\"widget\" data-settings=\"{&quot;align&quot;:&quot;center&quot;}\" data-widget_type=\"page-title.default\">\n\t\t\t\t<div class=\"elementor-widget-container\">\n\t\t\t\t\t\n\t\t<div class=\"hfe-page-title hfe-page-title-wrapper elementor-widget-heading\">\n\n\t\t\t\t\t\t\t\t<h2 class=\"elementor-heading-title elementor-size-default\">\n\t\t\t\t\t\t\t\t\n\t\t\t\tSpecialist Y\u0131ld\u0131z Y\u0130\u011e\u0130T, MD  \n\t\t\t<\/h2 > \n\t\t\t\t\t<\/div>\n\t\t\t\t<\/div>\n\t\t\t\t<\/div>\n\t\t\t\t<\/div>\n\t\t<div class=\"elementor-element elementor-element-835bd86 e-con-full e-flex elementor-invisible e-con e-child\" data-id=\"835bd86\" data-element_type=\"container\" data-settings=\"{&quot;content_width&quot;:&quot;full&quot;,&quot;animation&quot;:&quot;fadeInDown&quot;}\">\n\t\t\t\t<div class=\"elementor-element elementor-element-dd5d8c0 elementor-widget elementor-widget-text-editor\" data-id=\"dd5d8c0\" data-element_type=\"widget\" data-widget_type=\"text-editor.default\">\n\t\t\t\t<div class=\"elementor-widget-container\">\n\t\t\t<style>\/*! elementor - v3.19.0 - 07-02-2024 *\/\n.elementor-widget-text-editor.elementor-drop-cap-view-stacked .elementor-drop-cap{background-color:#69727d;color:#fff}.elementor-widget-text-editor.elementor-drop-cap-view-framed .elementor-drop-cap{color:#69727d;border:3px solid;background-color:transparent}.elementor-widget-text-editor:not(.elementor-drop-cap-view-default) .elementor-drop-cap{margin-top:8px}.elementor-widget-text-editor:not(.elementor-drop-cap-view-default) .elementor-drop-cap-letter{width:1em;height:1em}.elementor-widget-text-editor .elementor-drop-cap{float:left;text-align:center;line-height:1;font-size:50px}.elementor-widget-text-editor .elementor-drop-cap-letter{display:inline-block}<\/style>\t\t\t\t<h5><strong>Anesthesiology and Reanimation Specialist<\/strong><\/h5><h5><strong>Fields of Interest<\/strong><\/h5><ul><li>General Anesthesia<\/li><li>Cardiovascular Surgery Anesthesia<\/li><li>Regional Anesthesia<\/li><li>Intensive care<\/li><\/ul><h5><strong>Education and Expertise<\/strong><\/h5><ul><li>Erciyes University Faculty of Medicine<\/li><li>Haydarpasa Numune Training and Research Hospital,Anesthesia and Reanimation<\/li><\/ul><h5><strong>Experience<\/strong><\/h5><ul><li>Mersin State Hospital<\/li><li>Dr. Siyami Ersek Thoracic Cardiovascular Surgery Training and Research Hospital<\/li><li>Fatih Sultan Mehmet Training and Research Hospital<\/li><li>Private Emsey Hospital<\/li><\/ul><h5><strong>Certifikalar<\/strong><\/h5><p>Technical Assistance Project for the Development of Blood Transfusion Management System in Turkey, Patient Blood and Management Intensive Care Module Training, Republic of Turkey Ministry of Health,2021<\/p><p>Laboratory Animals Usage Certificate,Eth\u0131c Comm\u0131ttee For An\u0131mal Research HADYEK,2021<\/p><p>Monitoring and Fluid Therapy in Critical Situations Laboratory Workshop Acibadem University,CASE Laboratory,2018<\/p><p>Yesterday To Today Capnography,Medtronic,2017<\/p><p>Basic Course of Regional Anesthesia,Association of Regional Anesthesia,2013<\/p><p>Applied Basic Cell Culture Techniques,SDU Faculty of Medicine,2003<\/p><p>Turkish Society of Anesthesiology and Reanimation 55th National Congress,2021<\/p><p>Turkish Society of Intensive Care 17th and 19th National Intensive Care Congress,2014\/2018<\/p><h5><strong>Professional Memberships<\/strong><\/h5><p>Turkish Intensive Care Association<\/p><p>Clinical Enteral Parenteral Nutrition Association<\/p><h5><strong>Scientific Publications<\/strong><\/h5><p><a href=\"https:\/\/scholar.google.com\/citations?view_op=view_citation&amp;hl=tr&amp;user=6fGVDmAAAAAJ&amp;authuser=1&amp;citation_for_view=6fGVDmAAAAAJ:8k81kl-MbHgC\">Evaluation of the Nutritional Status of COVID-19 Patients Treated in the Intensive Care Unit.<\/a><\/p><p>A Y\u0131ld\u0131r\u0131m Ar, \u00d6 Demiroluk, Y Yi\u011fit, HA Bat\u0131rel<\/p><p>Haydarpasa Numune Medical Journal 64 (2) 2024<\/p><p><a href=\"https:\/\/scholar.google.com\/citations?view_op=view_citation&amp;hl=tr&amp;user=6fGVDmAAAAAJ&amp;authuser=1&amp;citation_for_view=6fGVDmAAAAAJ:3fE2CSJIrl8C\">Retrospective Evaluation Of Patients Who Were Treated In The Intensive Care Unit Due To Road Traffic Accidents<\/a><\/p><p>Y Yi\u011fit, NE Bulut, AY Ar<\/p><p>Acta Medica Alanya 7 (3), 219-225 2023<\/p><p><a href=\"https:\/\/scholar.google.com\/citations?view_op=view_citation&amp;hl=tr&amp;user=6fGVDmAAAAAJ&amp;authuser=1&amp;citation_for_view=6fGVDmAAAAAJ:UebtZRa9Y70C\">Retrospective Evaluation of Pressure Ulcers in the Intensive Care Unit<\/a><\/p><p>Y Yi\u011fit, \u00d6 Demiroluk, S Ba\u015fdelio\u011flu, \u00d6G \u0130llez, AY Ar<\/p><p>Haydarpa\u015fa Numune Med\u0131cal Journal 63 (4), 471-478 2023<\/p><p><a href=\"https:\/\/scholar.google.com\/citations?view_op=view_citation&amp;hl=tr&amp;user=6fGVDmAAAAAJ&amp;authuser=1&amp;citation_for_view=6fGVDmAAAAAJ:kNdYIx-mwKoC\">Treatment and Follow-up for Earthquake Victims in the Intensive Care Unit.<\/a><\/p><p>AY Ar, Y Yigit<\/p><p>Cam ve Sakura Medical Journal 3 (3), 19-25\u00a0 2023<\/p><p><a href=\"https:\/\/scholar.google.com\/citations?view_op=view_citation&amp;hl=tr&amp;user=6fGVDmAAAAAJ&amp;authuser=1&amp;citation_for_view=6fGVDmAAAAAJ:0EnyYjriUFMC\">The effect of lifestyle on the course of COVID-19 infection<\/a><\/p><p>Y Yigit, N Esen Bulut, C Naziko\u011flu<\/p><p>Annals of Clinical and Analytical Medicine 13 (10), 1075-1079 2022\u00a0<\/p><p><a href=\"https:\/\/scholar.google.com\/citations?view_op=view_citation&amp;hl=tr&amp;user=6fGVDmAAAAAJ&amp;authuser=1&amp;citation_for_view=6fGVDmAAAAAJ:WF5omc3nYNoC\">THE ASSOCIATION BETWEEN MODIFIED NUTRITION RISK IN CRITICALLY ILL SCORE AND MORTALITY IN GERIATRIC PATIENTS.<\/a><\/p><p>A YILDIRIM AR, \u00d6 DEM\u0130ROLUK, Y Y\u0130\u011e\u0130T KUPLAY, Y MER\u0130\u00c7, G TURAN<\/p><p>Turkish Journal Of Geriatrics\/T\u00fcrk Geriatri Dergisi 22 (1)<a href=\"https:\/\/scholar.google.com\/scholar?oi=bibs&amp;hl=tr&amp;authuser=1&amp;cites=11859433434167734203\">1<\/a>\u00a0 2019<\/p><p><a href=\"https:\/\/scholar.google.com\/citations?view_op=view_citation&amp;hl=tr&amp;user=6fGVDmAAAAAJ&amp;authuser=1&amp;citation_for_view=6fGVDmAAAAAJ:u5HHmVD_uO8C\">Ultrasound-guided transversus abdominis plane block in patients undergoing laparoscopic cholecystectomy: comparison of efficacy of bupivacaine and levobupivacaine on\u00a0\u2026<\/a><\/p><p>A Y\u0131ld\u0131r\u0131m Ar, D Erdo\u011fan Ar\u0131, Y Yi\u011fit Kuplay, Y \u0130\u015fcan, F Karado\u011fan, &#8230;<\/p><p>Revista brasileira de anestesiologia 68, 455-461<a href=\"https:\/\/scholar.google.com\/scholar?oi=bibs&amp;hl=tr&amp;authuser=1&amp;cites=1514989260013535731\">10<\/a>\u00a0 2018\u00a0<\/p><p><a href=\"https:\/\/scholar.google.com\/citations?view_op=view_citation&amp;hl=tr&amp;user=6fGVDmAAAAAJ&amp;authuser=1&amp;citation_for_view=6fGVDmAAAAAJ:_FxGoFyzp5QC\">Analgesia Nociception Index for perioperative analgesia monitoring in spinal surgery<\/a><\/p><p>G Turan, AY Ar, YY Kuplay, O Demiroluk, M Gazi, N Akgun, E Celikoglu<\/p><p>Revista brasileira de anestesiologia 67 (4), 370-375<a href=\"https:\/\/scholar.google.com\/scholar?oi=bibs&amp;hl=tr&amp;authuser=1&amp;cites=4707044385733247146\">28<\/a>\u00a0 2017<\/p><p><a href=\"https:\/\/scholar.google.com\/citations?view_op=view_citation&amp;hl=tr&amp;user=6fGVDmAAAAAJ&amp;authuser=1&amp;citation_for_view=6fGVDmAAAAAJ:IjCSPb-OGe4C\">WEANING IN GERIATRIC PATIENTS: A RETROSPECTIVE CLINICAL STUDY.<\/a><\/p><p>G TURAN, A YILDIRIM AR, YY KUPLAY, S AB\u0130TA\u011eAO\u011eLU, C\u015e KAR\u0130P, &#8230;<\/p><p>Turkish Journal of Geriatrics\/T\u00fcrk Geriatri Dergisi 20 (4)<a href=\"https:\/\/scholar.google.com\/scholar?oi=bibs&amp;hl=tr&amp;authuser=1&amp;cites=11708821953054200547\">2<\/a>\u00a0 2017<\/p><p><a href=\"https:\/\/scholar.google.com\/citations?view_op=view_citation&amp;hl=tr&amp;user=6fGVDmAAAAAJ&amp;authuser=1&amp;citation_for_view=6fGVDmAAAAAJ:Tyk-4Ss8FVUC\">Integrated Pulmonary Index: a new strategy for respiratory patients evaluation<\/a><\/p><p>G Turan, Y Kuplay, C Karip, C Koksal, C Ak\u0131n, N Akgun<\/p><p>Int J Anesthetic Anesthesiol 3 (1), 042<a href=\"https:\/\/scholar.google.com\/scholar?oi=bibs&amp;hl=tr&amp;authuser=1&amp;cites=13609962620509913657\">10<\/a>\u00a0 2016<\/p><p><a href=\"https:\/\/scholar.google.com\/citations?view_op=view_citation&amp;hl=tr&amp;user=6fGVDmAAAAAJ&amp;cstart=20&amp;pagesize=80&amp;authuser=1&amp;citation_for_view=6fGVDmAAAAAJ:UeHWp8X0CEIC\">Effects of Fentanyl and Morphine Combined with Intrathecal Levobupivacaine in Elective Cesarean Sections<\/a><\/p><p>YY Kuplay, D Suba\u015f\u0131, A Y\u0131ld\u0131r\u0131m, G Turan<\/p><p>Bosphorus Medical Journal 4 (2), 68-76 2015<\/p>\t\t\t\t\t\t<\/div>\n\t\t\t\t<\/div>\n\t\t\t\t<\/div>\n\t\t\t\t\t<\/div>\n\t\t\t\t<\/div>\n\t\t\t\t<\/div>\n\t\t","protected":false},"excerpt":{"rendered":"<p>Speacialist Y\u0131ld\u0131z Y\u0130\u011e\u0130T, MD Home Specialist Y\u0131ld\u0131z Y\u0130\u011e\u0130T, MD Anesthesiology and Reanimation Specialist Fields of Interest General Anesthesia Cardiovascular Surgery Anesthesia Regional Anesthesia Intensive care Education and Expertise Erciyes University Faculty of Medicine Haydarpasa Numune Training and Research Hospital,Anesthesia and Reanimation Experience Mersin State Hospital Dr. Siyami Ersek Thoracic Cardiovascular Surgery Training and Research Hospital [&hellip;]<\/p>\n","protected":false},"author":1,"featured_media":0,"parent":0,"menu_order":0,"comment_status":"closed","ping_status":"closed","template":"elementor_header_footer","meta":{"om_disable_all_campaigns":false,"_monsterinsights_skip_tracking":false,"_monsterinsights_sitenote_active":false,"_monsterinsights_sitenote_note":"","_monsterinsights_sitenote_category":0,"footnotes":""},"class_list":["post-2994","page","type-page","status-publish","hentry"],"aioseo_notices":[],"_links":{"self":[{"href":"https:\/\/kartaltipmerkezi.com\/es\/wp-json\/wp\/v2\/pages\/2994","targetHints":{"allow":["GET"]}}],"collection":[{"href":"https:\/\/kartaltipmerkezi.com\/es\/wp-json\/wp\/v2\/pages"}],"about":[{"href":"https:\/\/kartaltipmerkezi.com\/es\/wp-json\/wp\/v2\/types\/page"}],"author":[{"embeddable":true,"href":"https:\/\/kartaltipmerkezi.com\/es\/wp-json\/wp\/v2\/users\/1"}],"replies":[{"embeddable":true,"href":"https:\/\/kartaltipmerkezi.com\/es\/wp-json\/wp\/v2\/comments?post=2994"}],"version-history":[{"count":7,"href":"https:\/\/kartaltipmerkezi.com\/es\/wp-json\/wp\/v2\/pages\/2994\/revisions"}],"predecessor-version":[{"id":3146,"href":"https:\/\/kartaltipmerkezi.com\/es\/wp-json\/wp\/v2\/pages\/2994\/revisions\/3146"}],"wp:attachment":[{"href":"https:\/\/kartaltipmerkezi.com\/es\/wp-json\/wp\/v2\/media?parent=2994"}],"curies":[{"name":"wp","href":"https:\/\/api.w.org\/{rel}","templated":true}]}}