{"id":2416,"date":"2024-08-03T13:40:42","date_gmt":"2024-08-03T10:40:42","guid":{"rendered":"https:\/\/kartaltipmerkezi.com\/es\/?page_id=2416"},"modified":"2025-05-02T09:35:30","modified_gmt":"2025-05-02T06:35:30","slug":"trasplante-capilar-sapphire","status":"publish","type":"page","link":"https:\/\/kartaltipmerkezi.com\/es\/salud-y-belleza\/trasplante-capilar-sapphire","title":{"rendered":"Trasplante capilar Sapphire"},"content":{"rendered":"\t\t<div data-elementor-type=\"wp-page\" data-elementor-id=\"2416\" class=\"elementor elementor-2416\" data-elementor-post-type=\"page\">\n\t\t\t\t<div class=\"elementor-element elementor-element-2f443ef4 e-flex e-con-boxed e-con e-parent\" data-id=\"2f443ef4\" data-element_type=\"container\" data-settings=\"{&quot;background_background&quot;:&quot;classic&quot;,&quot;content_width&quot;:&quot;boxed&quot;}\" data-core-v316-plus=\"true\">\n\t\t\t\t\t<div class=\"e-con-inner\">\n\t\t<div class=\"elementor-element elementor-element-463e7f0b e-con-full e-flex e-con e-child\" data-id=\"463e7f0b\" data-element_type=\"container\" data-settings=\"{&quot;content_width&quot;:&quot;full&quot;}\">\n\t\t\t\t<div class=\"elementor-element elementor-element-2c5f91b0 elementor-icon-list--layout-inline elementor-align-center elementor-mobile-align-left elementor-list-item-link-full_width elementor-invisible elementor-widget elementor-widget-icon-list\" data-id=\"2c5f91b0\" data-element_type=\"widget\" data-settings=\"{&quot;_animation&quot;:&quot;fadeInDown&quot;}\" data-widget_type=\"icon-list.default\">\n\t\t\t\t<div class=\"elementor-widget-container\">\n\t\t\t<link rel=\"stylesheet\" href=\"https:\/\/kartaltipmerkezi.com\/en\/wp-content\/plugins\/elementor\/assets\/css\/widget-icon-list.min.css\">\t\t<ul class=\"elementor-icon-list-items elementor-inline-items\">\n\t\t\t\t\t\t\t<li class=\"elementor-icon-list-item elementor-inline-item\">\n\t\t\t\t\t\t\t\t\t\t\t<a href=\"https:\/\/kartaltipmerkezi.com\/es\">\n\n\t\t\t\t\t\t\t\t\t\t\t\t<span class=\"elementor-icon-list-icon\">\n\t\t\t\t\t\t\t<i aria-hidden=\"true\" class=\"icon icon-home2\"><\/i>\t\t\t\t\t\t<\/span>\n\t\t\t\t\t\t\t\t\t\t<span class=\"elementor-icon-list-text\">Home<\/span>\n\t\t\t\t\t\t\t\t\t\t\t<\/a>\n\t\t\t\t\t\t\t\t\t<\/li>\n\t\t\t\t\t\t\t\t<li class=\"elementor-icon-list-item elementor-inline-item\">\n\t\t\t\t\t\t\t\t\t\t\t<a href=\"https:\/\/kartaltipmerkezi.com\/es\/salud-y-belleza\">\n\n\t\t\t\t\t\t\t\t\t\t\t\t<span class=\"elementor-icon-list-icon\">\n\t\t\t\t\t\t\t<i aria-hidden=\"true\" class=\" arrow_carrot-right\"><\/i>\t\t\t\t\t\t<\/span>\n\t\t\t\t\t\t\t\t\t\t<span class=\"elementor-icon-list-text\">Health & Beauty<\/span>\n\t\t\t\t\t\t\t\t\t\t\t<\/a>\n\t\t\t\t\t\t\t\t\t<\/li>\n\t\t\t\t\t\t\t\t<li class=\"elementor-icon-list-item elementor-inline-item\">\n\t\t\t\t\t\t\t\t\t\t\t<a href=\"https:\/\/kartaltipmerkezi.com\/es\/salud-y-belleza\/trasplante-capilar-sapphire\">\n\n\t\t\t\t\t\t\t\t\t\t\t\t<span class=\"elementor-icon-list-icon\">\n\t\t\t\t\t\t\t<i aria-hidden=\"true\" class=\" arrow_carrot-right\"><\/i>\t\t\t\t\t\t<\/span>\n\t\t\t\t\t\t\t\t\t\t<span class=\"elementor-icon-list-text\">Trasplante capilar Sapphire<\/span>\n\t\t\t\t\t\t\t\t\t\t\t<\/a>\n\t\t\t\t\t\t\t\t\t<\/li>\n\t\t\t\t\t\t<\/ul>\n\t\t\t\t<\/div>\n\t\t\t\t<\/div>\n\t\t\t\t<div class=\"elementor-element elementor-element-f8e4876 elementor-invisible elementor-widget elementor-widget-heading\" data-id=\"f8e4876\" data-element_type=\"widget\" data-settings=\"{&quot;_animation&quot;:&quot;fadeInDown&quot;,&quot;_animation_delay&quot;:100}\" data-widget_type=\"heading.default\">\n\t\t\t\t<div class=\"elementor-widget-container\">\n\t\t\t<style>\/*! elementor - v3.19.0 - 07-02-2024 *\/\n.elementor-heading-title{padding:0;margin:0;line-height:1}.elementor-widget-heading .elementor-heading-title[class*=elementor-size-]>a{color:inherit;font-size:inherit;line-height:inherit}.elementor-widget-heading .elementor-heading-title.elementor-size-small{font-size:15px}.elementor-widget-heading .elementor-heading-title.elementor-size-medium{font-size:19px}.elementor-widget-heading .elementor-heading-title.elementor-size-large{font-size:29px}.elementor-widget-heading .elementor-heading-title.elementor-size-xl{font-size:39px}.elementor-widget-heading .elementor-heading-title.elementor-size-xxl{font-size:59px}<\/style><h1 class=\"elementor-heading-title elementor-size-default\">Trasplante capilar Sapphire<\/h1>\t\t<\/div>\n\t\t\t\t<\/div>\n\t\t\t\t<div class=\"elementor-element elementor-element-4907608 elementor-invisible elementor-widget elementor-widget-heading\" data-id=\"4907608\" data-element_type=\"widget\" data-settings=\"{&quot;_animation&quot;:&quot;fadeInDown&quot;,&quot;_animation_delay&quot;:100}\" data-widget_type=\"heading.default\">\n\t\t\t\t<div class=\"elementor-widget-container\">\n\t\t\t<p class=\"elementor-heading-title elementor-size-default\">La t\u00e9cnica de trasplante capilar m\u00e1s utilizada en el mundo es la FUE (extracci\u00f3n de unidades foliculares). Esta t\u00e9cnica consiste en recoger los fol\u00edculos pilosos, abrir los canales y plantar las ra\u00edces llamadas injertos en los canales abiertos.\n\n<\/p>\t\t<\/div>\n\t\t\t\t<\/div>\n\t\t\t\t<\/div>\n\t\t\t\t\t<\/div>\n\t\t\t\t<\/div>\n\t\t<div class=\"elementor-element elementor-element-4815fea4 e-flex e-con-boxed e-con e-parent\" data-id=\"4815fea4\" data-element_type=\"container\" data-settings=\"{&quot;content_width&quot;:&quot;boxed&quot;}\" data-core-v316-plus=\"true\">\n\t\t\t\t\t<div class=\"e-con-inner\">\n\t\t<div class=\"elementor-element elementor-element-5c597a4b e-con-full e-flex e-con e-child\" data-id=\"5c597a4b\" data-element_type=\"container\" data-settings=\"{&quot;content_width&quot;:&quot;full&quot;}\">\n\t\t\t\t<div class=\"elementor-element elementor-element-6bd7f454 elementor-widget elementor-widget-text-editor\" data-id=\"6bd7f454\" data-element_type=\"widget\" data-widget_type=\"text-editor.default\">\n\t\t\t\t<div class=\"elementor-widget-container\">\n\t\t\t<style>\/*! elementor - v3.19.0 - 07-02-2024 *\/\n.elementor-widget-text-editor.elementor-drop-cap-view-stacked .elementor-drop-cap{background-color:#69727d;color:#fff}.elementor-widget-text-editor.elementor-drop-cap-view-framed .elementor-drop-cap{color:#69727d;border:3px solid;background-color:transparent}.elementor-widget-text-editor:not(.elementor-drop-cap-view-default) .elementor-drop-cap{margin-top:8px}.elementor-widget-text-editor:not(.elementor-drop-cap-view-default) .elementor-drop-cap-letter{width:1em;height:1em}.elementor-widget-text-editor .elementor-drop-cap{float:left;text-align:center;line-height:1;font-size:50px}.elementor-widget-text-editor .elementor-drop-cap-letter{display:inline-block}<\/style>\t\t\t\t<p>Las plumas especiales con punta de zafiro se han desarrollado como un m\u00e9todo que permite minimizar la deformaci\u00f3n del tejido durante la apertura del canal, que es una etapa de la t\u00e9cnica FUE, y la m\u00e1xima frecuencia de apertura del canal. Este modelo de siembra, denominado Sapphire FUE, es una operaci\u00f3n de FUE en la que se utilizan plumas con puntas de zafiro real.<\/p>\n<p>Para abrir el canal durante el trasplante capilar se utiliza una herramienta de corte denominada hendidura. Sin embargo, dado que la destrucci\u00f3n de tejido es elevada en la siembra con estas hendiduras de acero, los tiempos de recuperaci\u00f3n son relativamente largos. Es posible realizar una siembra densa y natural gracias a la posibilidad de abrir microcanales con plumas con punta de zafiro. Dado que los canales se abren a nivel micro, el proceso de cicatrizaci\u00f3n es mucho m\u00e1s r\u00e1pido en comparaci\u00f3n con otras t\u00e9cnicas de trasplante capilar. Tras la siembra, la formaci\u00f3n de costras es m\u00ednima, lo que aumenta la comodidad del paciente.<\/p>\n<p><strong>\u00bfC\u00f3mo se aplica el trasplante capilar Sapphire?<\/strong><\/p>\n<p>En la t\u00e9cnica de trasplante capilar Sapphire FUE, los fol\u00edculos pilosos se recogen mediante la t\u00e9cnica FUE. Sin embargo, los canales de la zona donde se realizar\u00e1 el trasplante capilar no se abren con acero como en el m\u00e9todo FUE, sino con mineral de zafiro en forma de pluma.<\/p>\n<p>Las puntas de zafiro permiten abrir microcanales mucho m\u00e1s peque\u00f1os, lisos y densos que los de acero en la zona donde se realizar\u00e1 el implante. La microapertura de los canales minimiza la deformaci\u00f3n del tejido y reduce la formaci\u00f3n de costras. As\u00ed, tras la aplicaci\u00f3n, el cuero cabelludo cicatriza r\u00e1pidamente y no quedan cicatrices visibles. Estos microcanales abiertos con el trasplante capilar Sapphire FUE tambi\u00e9n permiten que los fol\u00edculos pilosos se planten con frecuencia y de acuerdo con la direcci\u00f3n natural de crecimiento. Gracias a esta t\u00e9cnica, las personas que sufren p\u00e9rdida de cabello disponen de un cabello natural que no puede distinguirse del suyo propio.<\/p>\n<p>El trasplante capilar FUE con zafiro puede aplicarse en combinaci\u00f3n con otros m\u00e9todos que aumentan la comodidad y la satisfacci\u00f3n del paciente, como el trasplante capilar sedado y el trasplante capilar sin afeitado.<\/p>\n<p><strong>Las ventajas del trasplante capilar de zafiro<\/strong><\/p>\n<p>Las puntas de zafiro, que son los productos de \u00faltima tecnolog\u00eda utilizados en el trasplante capilar FUE de zafiro, proporcionan resultados m\u00e1s est\u00e9ticos y saludables que las puntas de acero. Dado que los canales que se abren con una pluma de zafiro son mucho m\u00e1s peque\u00f1os y suaves, en este m\u00e9todo se producen menos da\u00f1os en los tejidos que con otras t\u00e9cnicas de trasplante capilar. As\u00ed, tras la aplicaci\u00f3n, los tejidos cicatrizan r\u00e1pidamente sin dejar cicatrices visibles.<\/p>\n<p>La fin\u00edsima pluma con punta de zafiro permite abrir los canales en funci\u00f3n del tama\u00f1o y el \u00e1ngulo de los fol\u00edculos pilosos. As\u00ed, los fol\u00edculos pilosos pueden colocarse dentro de los canales en un \u00e1ngulo natural. De este modo, el cabello trasplantado se adhiere con m\u00e1s fuerza al cuero cabelludo y ofrece un aspecto muy natural.<\/p>\n<p>La pluma con punta de zafiro utilizada en el m\u00e9todo Sapphire FUE permite abrir microcanales del tama\u00f1o del fol\u00edculo piloso. Esto permite que los canales se abran a intervalos m\u00e1s frecuentes y que las ra\u00edces se sit\u00faen m\u00e1s cerca unas de otras en la zona donde se realizar\u00e1 el trasplante capilar. En el m\u00e9todo Sapphire FUE, se obtiene un aspecto m\u00e1s natural y con m\u00e1s volumen al plantar los fol\u00edculos pilosos con mayor frecuencia en comparaci\u00f3n con otras t\u00e9cnicas.<\/p>\n<p><strong>\u00bfQui\u00e9nes son los candidatos adecuados para el trasplante capilar Sapphire?<\/strong><\/p>\n<p>Todos los hombres y mujeres de entre 20 y 60 a\u00f1os, que tengan suficientes fol\u00edculos pilosos en la zona donante, pueden recuperar el cabello perdido con la t\u00e9cnica de trasplante capilar Sapphire FUE.<\/p>\n<p>El trasplante capilar Zafiro FUE es una soluci\u00f3n permanente contra la p\u00e9rdida de cabello t\u00edpica, como la apertura en las sienes, el retroceso de la l\u00ednea de la frente, la apertura del cabello por la parte superior o el adelgazamiento homog\u00e9neo, ya que puede utilizarse en caso de p\u00e9rdida de cabello severa en una zona extensa.<\/p>\n<p><strong>Despu\u00e9s del trasplante capilar de zafiro<\/strong><\/p>\n<p>Una vez finalizada la operaci\u00f3n de trasplante capilar, pasan al menos dos d\u00edas m\u00e1s en Turqu\u00eda hasta que se realiza el primer lavado. Despu\u00e9s de la operaci\u00f3n, el paciente necesita descansar, pero al d\u00eda siguiente puede explorar una de las ciudades m\u00e1s bellas del mundo, Estambul. Una de las cosas m\u00e1s importantes que hay que contar entre las ventajas del trasplante capilar en Estambul es este ambiente tur\u00edstico.<\/p>\t\t\t\t\t\t<\/div>\n\t\t\t\t<\/div>\n\t\t\t\t<\/div>\n\t\t<div class=\"elementor-element elementor-element-1f8f862b e-con-full e-flex e-con e-child\" data-id=\"1f8f862b\" data-element_type=\"container\" data-settings=\"{&quot;content_width&quot;:&quot;full&quot;,&quot;background_background&quot;:&quot;classic&quot;}\">\n\t\t<div class=\"elementor-element elementor-element-d4639b8 e-con-full e-flex elementor-invisible e-con e-child\" data-id=\"d4639b8\" data-element_type=\"container\" data-settings=\"{&quot;background_background&quot;:&quot;classic&quot;,&quot;content_width&quot;:&quot;full&quot;,&quot;animation&quot;:&quot;fadeInDown&quot;,&quot;sticky&quot;:&quot;top&quot;,&quot;sticky_parent&quot;:&quot;yes&quot;,&quot;sticky_on&quot;:[&quot;desktop&quot;,&quot;tablet&quot;,&quot;mobile&quot;],&quot;sticky_offset&quot;:0,&quot;sticky_effects_offset&quot;:0}\">\n\t\t\t\t<div class=\"elementor-element elementor-element-08167e1 elementor-invisible elementor-widget elementor-widget-heading\" data-id=\"08167e1\" data-element_type=\"widget\" data-settings=\"{&quot;_animation&quot;:&quot;fadeInDown&quot;,&quot;_animation_delay&quot;:100}\" data-widget_type=\"heading.default\">\n\t\t\t\t<div class=\"elementor-widget-container\">\n\t\t\t<div class=\"elementor-heading-title elementor-size-default\">Consulta gratuita<\/div>\t\t<\/div>\n\t\t\t\t<\/div>\n\t\t\t\t<div class=\"elementor-element elementor-element-b94c2a8 elementor-widget elementor-widget-elementskit-contact-form7\" data-id=\"b94c2a8\" data-element_type=\"widget\" data-widget_type=\"elementskit-contact-form7.default\">\n\t\t\t\t<div class=\"elementor-widget-container\">\n\t\t\t<div class=\"ekit-wid-con\" ><div class=\"ekit-form\">\n<div class=\"wpcf7 no-js\" id=\"wpcf7-f414-o1\" lang=\"tr-TR\" dir=\"ltr\">\n<div class=\"screen-reader-response\"><p role=\"status\" aria-live=\"polite\" aria-atomic=\"true\"><\/p> <ul><\/ul><\/div>\n<form action=\"\/es\/wp-json\/wp\/v2\/pages\/2416#wpcf7-f414-o1\" method=\"post\" class=\"wpcf7-form init\" aria-label=\"Contact form\" novalidate=\"novalidate\" data-status=\"init\">\n<div style=\"display: none;\">\n<input type=\"hidden\" name=\"_wpcf7\" value=\"414\" \/>\n<input type=\"hidden\" name=\"_wpcf7_version\" value=\"5.9.3\" \/>\n<input type=\"hidden\" name=\"_wpcf7_locale\" value=\"tr_TR\" \/>\n<input type=\"hidden\" name=\"_wpcf7_unit_tag\" value=\"wpcf7-f414-o1\" \/>\n<input type=\"hidden\" name=\"_wpcf7_container_post\" value=\"0\" \/>\n<input type=\"hidden\" name=\"_wpcf7_posted_data_hash\" value=\"\" \/>\n<\/div>\n<p><span class=\"wpcf7-form-control-wrap\" data-name=\"adi\"><input size=\"40\" class=\"wpcf7-form-control wpcf7-text wpcf7-validates-as-required\" aria-required=\"true\" aria-invalid=\"false\" placeholder=\"Su nombre\" value=\"\" type=\"text\" name=\"adi\" \/><\/span><br \/>\n<span class=\"wpcf7-form-control-wrap\" data-name=\"tel\"><input size=\"40\" class=\"wpcf7-form-control wpcf7-tel wpcf7-validates-as-required wpcf7-text wpcf7-validates-as-tel\" aria-required=\"true\" aria-invalid=\"false\" placeholder=\"Tu tel\u00e9fono\" value=\"\" type=\"tel\" name=\"tel\" \/><\/span><br \/>\n<span class=\"wpcf7-form-control-wrap\" data-name=\"mail\"><input size=\"40\" class=\"wpcf7-form-control wpcf7-email wpcf7-text wpcf7-validates-as-email\" aria-invalid=\"false\" placeholder=\"E-Mail\" value=\"\" type=\"email\" name=\"mail\" \/><\/span><br \/>\n<span class=\"wpcf7-form-control-wrap\" data-name=\"mesaj\"><textarea cols=\"40\" rows=\"10\" class=\"wpcf7-form-control wpcf7-textarea\" aria-invalid=\"false\" placeholder=\"Su mensaje\" name=\"mesaj\"><\/textarea><\/span><br \/>\n<span class=\"wpcf7-form-control-wrap\" data-name=\"guvenlik\"><label><span class=\"wpcf7-quiz-label\">2 + 2= ?<\/span> <input size=\"40\" class=\"wpcf7-form-control wpcf7-quiz\" autocomplete=\"off\" aria-required=\"true\" aria-invalid=\"false\" type=\"text\" name=\"guvenlik\" \/><\/label><input type=\"hidden\" name=\"_wpcf7_quiz_answer_guvenlik\" value=\"7c415c6b6889823efac7ef851a2cd710\" \/><\/span><br \/>\n<input class=\"wpcf7-form-control wpcf7-submit has-spinner\" type=\"submit\" value=\"Enviar formulario\" \/>\n<\/p><div class=\"wpcf7-response-output\" aria-hidden=\"true\"><\/div>\n<\/form>\n<\/div>\n<\/div><\/div>\t\t<\/div>\n\t\t\t\t<\/div>\n\t\t\t\t<\/div>\n\t\t\t\t<\/div>\n\t\t\t\t\t<\/div>\n\t\t\t\t<\/div>\n\t\t\t\t<\/div>\n\t\t","protected":false},"excerpt":{"rendered":"<p>Home Health &#038; Beauty Trasplante capilar Sapphire La t\u00e9cnica de trasplante capilar m\u00e1s utilizada en el mundo es la FUE (extracci\u00f3n de unidades foliculares). Esta t\u00e9cnica consiste en recoger los fol\u00edculos pilosos, abrir los canales y plantar las ra\u00edces llamadas injertos en los canales abiertos. Las plumas especiales con punta de zafiro se han desarrollado [&hellip;]<\/p>\n","protected":false},"author":1,"featured_media":0,"parent":2270,"menu_order":0,"comment_status":"closed","ping_status":"closed","template":"elementor_header_footer","meta":{"om_disable_all_campaigns":false,"_monsterinsights_skip_tracking":false,"_monsterinsights_sitenote_active":false,"_monsterinsights_sitenote_note":"","_monsterinsights_sitenote_category":0,"footnotes":""},"class_list":["post-2416","page","type-page","status-publish","hentry"],"aioseo_notices":[],"_links":{"self":[{"href":"https:\/\/kartaltipmerkezi.com\/es\/wp-json\/wp\/v2\/pages\/2416","targetHints":{"allow":["GET"]}}],"collection":[{"href":"https:\/\/kartaltipmerkezi.com\/es\/wp-json\/wp\/v2\/pages"}],"about":[{"href":"https:\/\/kartaltipmerkezi.com\/es\/wp-json\/wp\/v2\/types\/page"}],"author":[{"embeddable":true,"href":"https:\/\/kartaltipmerkezi.com\/es\/wp-json\/wp\/v2\/users\/1"}],"replies":[{"embeddable":true,"href":"https:\/\/kartaltipmerkezi.com\/es\/wp-json\/wp\/v2\/comments?post=2416"}],"version-history":[{"count":8,"href":"https:\/\/kartaltipmerkezi.com\/es\/wp-json\/wp\/v2\/pages\/2416\/revisions"}],"predecessor-version":[{"id":3290,"href":"https:\/\/kartaltipmerkezi.com\/es\/wp-json\/wp\/v2\/pages\/2416\/revisions\/3290"}],"up":[{"embeddable":true,"href":"https:\/\/kartaltipmerkezi.com\/es\/wp-json\/wp\/v2\/pages\/2270"}],"wp:attachment":[{"href":"https:\/\/kartaltipmerkezi.com\/es\/wp-json\/wp\/v2\/media?parent=2416"}],"curies":[{"name":"wp","href":"https:\/\/api.w.org\/{rel}","templated":true}]}}