{"id":2398,"date":"2024-07-29T17:35:02","date_gmt":"2024-07-29T14:35:02","guid":{"rendered":"https:\/\/kartaltipmerkezi.com\/es\/?page_id=2398"},"modified":"2025-05-02T09:28:09","modified_gmt":"2025-05-02T06:28:09","slug":"trasplante-capilar-fue","status":"publish","type":"page","link":"https:\/\/kartaltipmerkezi.com\/es\/salud-y-belleza\/trasplante-capilar-fue","title":{"rendered":"Trasplante capilar FUE"},"content":{"rendered":"\t\t<div data-elementor-type=\"wp-page\" data-elementor-id=\"2398\" class=\"elementor elementor-2398\" data-elementor-post-type=\"page\">\n\t\t\t\t<div class=\"elementor-element elementor-element-2f443ef4 e-flex e-con-boxed e-con e-parent\" data-id=\"2f443ef4\" data-element_type=\"container\" data-settings=\"{&quot;background_background&quot;:&quot;classic&quot;,&quot;content_width&quot;:&quot;boxed&quot;}\" data-core-v316-plus=\"true\">\n\t\t\t\t\t<div class=\"e-con-inner\">\n\t\t<div class=\"elementor-element elementor-element-463e7f0b e-con-full e-flex e-con e-child\" data-id=\"463e7f0b\" data-element_type=\"container\" data-settings=\"{&quot;content_width&quot;:&quot;full&quot;}\">\n\t\t\t\t<div class=\"elementor-element elementor-element-2c5f91b0 elementor-icon-list--layout-inline elementor-align-center elementor-mobile-align-left elementor-list-item-link-full_width elementor-invisible elementor-widget elementor-widget-icon-list\" data-id=\"2c5f91b0\" data-element_type=\"widget\" data-settings=\"{&quot;_animation&quot;:&quot;fadeInDown&quot;}\" data-widget_type=\"icon-list.default\">\n\t\t\t\t<div class=\"elementor-widget-container\">\n\t\t\t<link rel=\"stylesheet\" href=\"https:\/\/kartaltipmerkezi.com\/en\/wp-content\/plugins\/elementor\/assets\/css\/widget-icon-list.min.css\">\t\t<ul class=\"elementor-icon-list-items elementor-inline-items\">\n\t\t\t\t\t\t\t<li class=\"elementor-icon-list-item elementor-inline-item\">\n\t\t\t\t\t\t\t\t\t\t\t<a href=\"https:\/\/kartaltipmerkezi.com\/es\">\n\n\t\t\t\t\t\t\t\t\t\t\t\t<span class=\"elementor-icon-list-icon\">\n\t\t\t\t\t\t\t<i aria-hidden=\"true\" class=\"icon icon-home2\"><\/i>\t\t\t\t\t\t<\/span>\n\t\t\t\t\t\t\t\t\t\t<span class=\"elementor-icon-list-text\">Home<\/span>\n\t\t\t\t\t\t\t\t\t\t\t<\/a>\n\t\t\t\t\t\t\t\t\t<\/li>\n\t\t\t\t\t\t\t\t<li class=\"elementor-icon-list-item elementor-inline-item\">\n\t\t\t\t\t\t\t\t\t\t\t<a href=\"https:\/\/kartaltipmerkezi.com\/es\/salud-y-belleza\">\n\n\t\t\t\t\t\t\t\t\t\t\t\t<span class=\"elementor-icon-list-icon\">\n\t\t\t\t\t\t\t<i aria-hidden=\"true\" class=\" arrow_carrot-right\"><\/i>\t\t\t\t\t\t<\/span>\n\t\t\t\t\t\t\t\t\t\t<span class=\"elementor-icon-list-text\">Health & Beauty<\/span>\n\t\t\t\t\t\t\t\t\t\t\t<\/a>\n\t\t\t\t\t\t\t\t\t<\/li>\n\t\t\t\t\t\t\t\t<li class=\"elementor-icon-list-item elementor-inline-item\">\n\t\t\t\t\t\t\t\t\t\t\t<a href=\"https:\/\/kartaltipmerkezi.com\/es\/salud-y-belleza\/trasplante-capilar-fue\">\n\n\t\t\t\t\t\t\t\t\t\t\t\t<span class=\"elementor-icon-list-icon\">\n\t\t\t\t\t\t\t<i aria-hidden=\"true\" class=\" arrow_carrot-right\"><\/i>\t\t\t\t\t\t<\/span>\n\t\t\t\t\t\t\t\t\t\t<span class=\"elementor-icon-list-text\">Trasplante capilar FUE<\/span>\n\t\t\t\t\t\t\t\t\t\t\t<\/a>\n\t\t\t\t\t\t\t\t\t<\/li>\n\t\t\t\t\t\t<\/ul>\n\t\t\t\t<\/div>\n\t\t\t\t<\/div>\n\t\t\t\t<div class=\"elementor-element elementor-element-f8e4876 elementor-invisible elementor-widget elementor-widget-heading\" data-id=\"f8e4876\" data-element_type=\"widget\" data-settings=\"{&quot;_animation&quot;:&quot;fadeInDown&quot;,&quot;_animation_delay&quot;:100}\" data-widget_type=\"heading.default\">\n\t\t\t\t<div class=\"elementor-widget-container\">\n\t\t\t<style>\/*! elementor - v3.19.0 - 07-02-2024 *\/\n.elementor-heading-title{padding:0;margin:0;line-height:1}.elementor-widget-heading .elementor-heading-title[class*=elementor-size-]>a{color:inherit;font-size:inherit;line-height:inherit}.elementor-widget-heading .elementor-heading-title.elementor-size-small{font-size:15px}.elementor-widget-heading .elementor-heading-title.elementor-size-medium{font-size:19px}.elementor-widget-heading .elementor-heading-title.elementor-size-large{font-size:29px}.elementor-widget-heading .elementor-heading-title.elementor-size-xl{font-size:39px}.elementor-widget-heading .elementor-heading-title.elementor-size-xxl{font-size:59px}<\/style><h1 class=\"elementor-heading-title elementor-size-default\">Trasplante capilar FUE<\/h1>\t\t<\/div>\n\t\t\t\t<\/div>\n\t\t\t\t<div class=\"elementor-element elementor-element-4907608 elementor-invisible elementor-widget elementor-widget-heading\" data-id=\"4907608\" data-element_type=\"widget\" data-settings=\"{&quot;_animation&quot;:&quot;fadeInDown&quot;,&quot;_animation_delay&quot;:100}\" data-widget_type=\"heading.default\">\n\t\t\t\t<div class=\"elementor-widget-container\">\n\t\t\t<p class=\"elementor-heading-title elementor-size-default\">La FUE (extracci\u00f3n de unidades foliculares) es uno de los primeros m\u00e9todos que vienen a la mente cuando se trata de trasplante capilar. La caracter\u00edstica del m\u00e9todo FUE es que no se realiza ninguna incisi\u00f3n en el cuero cabelludo, lo que supone una ventaja tanto durante la operaci\u00f3n como durante el proceso de cicatrizaci\u00f3n. Adem\u00e1s, el hecho de que no queden cicatrices ni incisiones tras la intervenci\u00f3n aumenta la preferencia de los pacientes.\n\n<\/p>\t\t<\/div>\n\t\t\t\t<\/div>\n\t\t\t\t<\/div>\n\t\t\t\t\t<\/div>\n\t\t\t\t<\/div>\n\t\t<div class=\"elementor-element elementor-element-4815fea4 e-flex e-con-boxed e-con e-parent\" data-id=\"4815fea4\" data-element_type=\"container\" data-settings=\"{&quot;content_width&quot;:&quot;boxed&quot;}\" data-core-v316-plus=\"true\">\n\t\t\t\t\t<div class=\"e-con-inner\">\n\t\t<div class=\"elementor-element elementor-element-5c597a4b e-con-full e-flex e-con e-child\" data-id=\"5c597a4b\" data-element_type=\"container\" data-settings=\"{&quot;content_width&quot;:&quot;full&quot;}\">\n\t\t\t\t<div class=\"elementor-element elementor-element-6bd7f454 elementor-widget elementor-widget-text-editor\" data-id=\"6bd7f454\" data-element_type=\"widget\" data-widget_type=\"text-editor.default\">\n\t\t\t\t<div class=\"elementor-widget-container\">\n\t\t\t<style>\/*! elementor - v3.19.0 - 07-02-2024 *\/\n.elementor-widget-text-editor.elementor-drop-cap-view-stacked .elementor-drop-cap{background-color:#69727d;color:#fff}.elementor-widget-text-editor.elementor-drop-cap-view-framed .elementor-drop-cap{color:#69727d;border:3px solid;background-color:transparent}.elementor-widget-text-editor:not(.elementor-drop-cap-view-default) .elementor-drop-cap{margin-top:8px}.elementor-widget-text-editor:not(.elementor-drop-cap-view-default) .elementor-drop-cap-letter{width:1em;height:1em}.elementor-widget-text-editor .elementor-drop-cap{float:left;text-align:center;line-height:1;font-size:50px}.elementor-widget-text-editor .elementor-drop-cap-letter{display:inline-block}<\/style>\t\t\t\t<p class=\"\" data-start=\"76\" data-end=\"118\"><strong data-start=\"76\" data-end=\"118\">\u00bfCu\u00e1les son las etapas del m\u00e9todo FUE?<\/strong><\/p><p class=\"\" data-start=\"120\" data-end=\"710\">El procedimiento se realiza bajo anestesia local. Despu\u00e9s de preparar el \u00e1rea de donde se tomar\u00e1 el cabello para el trasplante, los fol\u00edculos pilosos en buen estado se recolectan uno por uno. La extracci\u00f3n de ra\u00edces se realiza con puntas de incisi\u00f3n menores de 1 mm (entre 0.6 mm y 0.8 mm) mediante un motor FUE. Los fol\u00edculos obtenidos (injertos) contienen de 2 a 3 cabellos. Es muy importante que las ra\u00edces no se da\u00f1en en esta etapa. Como se extraer\u00e1n miles de ra\u00edces del \u00e1rea donante durante el trasplante, el peque\u00f1o tama\u00f1o de la punta utilizada influye en el proceso de cicatrizaci\u00f3n.<\/p><p class=\"\" data-start=\"712\" data-end=\"1010\">Despu\u00e9s de recolectar todas las ra\u00edces capilares, se comienza con la implantaci\u00f3n tras su separaci\u00f3n. Para el proceso de implantaci\u00f3n, los canales deben abrirse con mucho cuidado. La apertura de los canales es un proceso que requiere tanta precisi\u00f3n y experiencia como la recolecci\u00f3n de las ra\u00edces.<\/p><p class=\"\" data-start=\"1012\" data-end=\"1427\">El m\u00e9todo de corte lateral, que recientemente ha comenzado a preferirse en lugar del sistema de punci\u00f3n para abrir canales, permite realizar incisiones adecuadas a la estructura del cabello y facilita la apertura de canales del tama\u00f1o y la longitud adecuados para el fol\u00edculo piloso del paciente. Los canales abiertos con el tama\u00f1o y la profundidad correctos afectan la tasa de crecimiento del cabello trasplantado.<\/p><p class=\"\" data-start=\"1429\" data-end=\"1918\">Otro aspecto importante es el \u00e1ngulo del canal donde se implantar\u00e1 el fol\u00edculo piloso. Los \u00e1ngulos, que son factores fundamentales para lograr una apariencia natural, deben aplicarse de manera diferente en cada parte de la cabeza. De lo contrario, el cabello no tomar\u00e1 la forma deseada. Otro factor clave para lograr naturalidad es la correcta determinaci\u00f3n de la l\u00ednea frontal del cabello. La zona de la frente y el punto de inicio del cabello deben calcularse con proporciones correctas.<\/p><p class=\"\" data-start=\"1920\" data-end=\"1967\"><strong data-start=\"1920\" data-end=\"1967\">\u00bfC\u00f3mo se realiza el trasplante capilar FUE?<\/strong><\/p><p class=\"\" data-start=\"1969\" data-end=\"2147\">Los fol\u00edculos pilosos se recolectan de la nuca, se abren canales en el \u00e1rea receptora y se implantan en estos canales. El trasplante capilar FUE se realiza de esta manera b\u00e1sica.<\/p><p class=\"\" data-start=\"2149\" data-end=\"2422\">Sin embargo, la planificaci\u00f3n del trasplante capilar se hace de forma individual. Dependiendo del tipo de ca\u00edda, la amplitud del \u00e1rea a trasplantar y la zona de la cabeza, la planificaci\u00f3n var\u00eda. Este es el factor m\u00e1s importante que determina el plan de trasplante capilar.<\/p><p class=\"\" data-start=\"2424\" data-end=\"2599\">El trasplante capilar FUE se realiza con un plan personalizado, creado de acuerdo con muchos par\u00e1metros como el tipo y causa de la ca\u00edda, edad, tipo de cabello y tipo de piel.<\/p><p class=\"\" data-start=\"2601\" data-end=\"3012\">Seg\u00fan el n\u00famero de injertos que se recolectar\u00e1n del \u00e1rea donante y el n\u00famero de canales que se abrir\u00e1n en el \u00e1rea receptora, algunos detalles pueden variar durante las etapas del procedimiento FUE. Por ejemplo, la tendencia general es recolectar primero los injertos del \u00e1rea donante, pero a veces se puede preferir abrir primero los canales para reducir el tiempo que los fol\u00edculos permanecen fuera del cuerpo.<\/p><p class=\"\" data-start=\"3014\" data-end=\"3401\">En la t\u00e9cnica FUE, los injertos recolectados del \u00e1rea donante se agrupan seg\u00fan su grosor y n\u00famero de ra\u00edces antes de ser implantados. Esta es la etapa m\u00e1s importante y delicada de la t\u00e9cnica FUE. Se monitorea el tiempo que cada injerto permanece fuera del cuerpo para evitar que los fol\u00edculos mueran. Hay sensibilidades espec\u00edficas, como implantar primero el primer fol\u00edculo recolectado.<\/p><p class=\"\" data-start=\"3403\" data-end=\"3465\"><strong data-start=\"3403\" data-end=\"3465\">\u00bfSoy un candidato adecuado para el trasplante capilar FUE?<\/strong><\/p><p class=\"\" data-start=\"3467\" data-end=\"4232\">Si el cabello y los fol\u00edculos en el \u00e1rea donante son d\u00e9biles, aunque seas un candidato adecuado para el trasplante capilar FUE, puede que no se obtenga el grosor deseado. Dado que la ca\u00edda del cabello causada por el estr\u00e9s y los cambios hormonales puede comenzar a edades tempranas, la edad adecuada para el trasplante capilar est\u00e1 entre los 20 y los 60 a\u00f1os. Los efectos psicol\u00f3gicos negativos de la ca\u00edda del cabello tambi\u00e9n pueden intensificar la situaci\u00f3n. La forma m\u00e1s r\u00e1pida de salir de este c\u00edrculo vicioso es acudir a especialistas en el \u00e1rea y obtener informaci\u00f3n precisa sobre el trasplante, sin esperar a quedarse completamente calvo. El trasplante capilar FUE es la t\u00e9cnica m\u00e1s exitosa, adecuada tanto para hombres como para mujeres de todas las edades.<\/p><p class=\"\" data-start=\"4234\" data-end=\"4272\"><strong data-start=\"4234\" data-end=\"4272\">Despu\u00e9s del trasplante capilar FUE<\/strong><\/p><p class=\"\" data-start=\"4274\" data-end=\"4534\">El trasplante capilar FUE es una operaci\u00f3n larga que puede durar entre 6 y 8 horas. Despu\u00e9s de la anestesia local, el paciente vive un proceso quir\u00fargico bastante c\u00f3modo. Sin embargo, permanecer inactivo durante mucho tiempo puede hacer que te sientas cansado.<\/p>\t\t\t\t\t\t<\/div>\n\t\t\t\t<\/div>\n\t\t\t\t<\/div>\n\t\t<div class=\"elementor-element elementor-element-1f8f862b e-con-full e-flex e-con e-child\" data-id=\"1f8f862b\" data-element_type=\"container\" data-settings=\"{&quot;content_width&quot;:&quot;full&quot;,&quot;background_background&quot;:&quot;classic&quot;}\">\n\t\t<div class=\"elementor-element elementor-element-d4639b8 e-con-full e-flex elementor-invisible e-con e-child\" data-id=\"d4639b8\" data-element_type=\"container\" data-settings=\"{&quot;background_background&quot;:&quot;classic&quot;,&quot;content_width&quot;:&quot;full&quot;,&quot;animation&quot;:&quot;fadeInDown&quot;,&quot;sticky&quot;:&quot;top&quot;,&quot;sticky_parent&quot;:&quot;yes&quot;,&quot;sticky_on&quot;:[&quot;desktop&quot;,&quot;tablet&quot;,&quot;mobile&quot;],&quot;sticky_offset&quot;:0,&quot;sticky_effects_offset&quot;:0}\">\n\t\t\t\t<div class=\"elementor-element elementor-element-08167e1 elementor-invisible elementor-widget elementor-widget-heading\" data-id=\"08167e1\" data-element_type=\"widget\" data-settings=\"{&quot;_animation&quot;:&quot;fadeInDown&quot;,&quot;_animation_delay&quot;:100}\" data-widget_type=\"heading.default\">\n\t\t\t\t<div class=\"elementor-widget-container\">\n\t\t\t<div class=\"elementor-heading-title elementor-size-default\">Consulta gratuita<\/div>\t\t<\/div>\n\t\t\t\t<\/div>\n\t\t\t\t<div class=\"elementor-element elementor-element-b94c2a8 elementor-widget elementor-widget-elementskit-contact-form7\" data-id=\"b94c2a8\" data-element_type=\"widget\" data-widget_type=\"elementskit-contact-form7.default\">\n\t\t\t\t<div class=\"elementor-widget-container\">\n\t\t\t<div class=\"ekit-wid-con\" ><div class=\"ekit-form\">\n<div class=\"wpcf7 no-js\" id=\"wpcf7-f414-o1\" lang=\"tr-TR\" dir=\"ltr\">\n<div class=\"screen-reader-response\"><p role=\"status\" aria-live=\"polite\" aria-atomic=\"true\"><\/p> <ul><\/ul><\/div>\n<form action=\"\/es\/wp-json\/wp\/v2\/pages\/2398#wpcf7-f414-o1\" method=\"post\" class=\"wpcf7-form init\" aria-label=\"Contact form\" novalidate=\"novalidate\" data-status=\"init\">\n<div style=\"display: none;\">\n<input type=\"hidden\" name=\"_wpcf7\" value=\"414\" \/>\n<input type=\"hidden\" name=\"_wpcf7_version\" value=\"5.9.3\" \/>\n<input type=\"hidden\" name=\"_wpcf7_locale\" value=\"tr_TR\" \/>\n<input type=\"hidden\" name=\"_wpcf7_unit_tag\" value=\"wpcf7-f414-o1\" \/>\n<input type=\"hidden\" name=\"_wpcf7_container_post\" value=\"0\" \/>\n<input type=\"hidden\" name=\"_wpcf7_posted_data_hash\" value=\"\" \/>\n<\/div>\n<p><span class=\"wpcf7-form-control-wrap\" data-name=\"adi\"><input size=\"40\" class=\"wpcf7-form-control wpcf7-text wpcf7-validates-as-required\" aria-required=\"true\" aria-invalid=\"false\" placeholder=\"Su nombre\" value=\"\" type=\"text\" name=\"adi\" \/><\/span><br \/>\n<span class=\"wpcf7-form-control-wrap\" data-name=\"tel\"><input size=\"40\" class=\"wpcf7-form-control wpcf7-tel wpcf7-validates-as-required wpcf7-text wpcf7-validates-as-tel\" aria-required=\"true\" aria-invalid=\"false\" placeholder=\"Tu tel\u00e9fono\" value=\"\" type=\"tel\" name=\"tel\" \/><\/span><br \/>\n<span class=\"wpcf7-form-control-wrap\" data-name=\"mail\"><input size=\"40\" class=\"wpcf7-form-control wpcf7-email wpcf7-text wpcf7-validates-as-email\" aria-invalid=\"false\" placeholder=\"E-Mail\" value=\"\" type=\"email\" name=\"mail\" \/><\/span><br \/>\n<span class=\"wpcf7-form-control-wrap\" data-name=\"mesaj\"><textarea cols=\"40\" rows=\"10\" class=\"wpcf7-form-control wpcf7-textarea\" aria-invalid=\"false\" placeholder=\"Su mensaje\" name=\"mesaj\"><\/textarea><\/span><br \/>\n<span class=\"wpcf7-form-control-wrap\" data-name=\"guvenlik\"><label><span class=\"wpcf7-quiz-label\">2 + 2= ?<\/span> <input size=\"40\" class=\"wpcf7-form-control wpcf7-quiz\" autocomplete=\"off\" aria-required=\"true\" aria-invalid=\"false\" type=\"text\" name=\"guvenlik\" \/><\/label><input type=\"hidden\" name=\"_wpcf7_quiz_answer_guvenlik\" value=\"7c415c6b6889823efac7ef851a2cd710\" \/><\/span><br \/>\n<input class=\"wpcf7-form-control wpcf7-submit has-spinner\" type=\"submit\" value=\"Enviar formulario\" \/>\n<\/p><div class=\"wpcf7-response-output\" aria-hidden=\"true\"><\/div>\n<\/form>\n<\/div>\n<\/div><\/div>\t\t<\/div>\n\t\t\t\t<\/div>\n\t\t\t\t<\/div>\n\t\t\t\t<\/div>\n\t\t\t\t\t<\/div>\n\t\t\t\t<\/div>\n\t\t\t\t<\/div>\n\t\t","protected":false},"excerpt":{"rendered":"<p>Home Health &#038; Beauty Trasplante capilar FUE La FUE (extracci\u00f3n de unidades foliculares) es uno de los primeros m\u00e9todos que vienen a la mente cuando se trata de trasplante capilar. La caracter\u00edstica del m\u00e9todo FUE es que no se realiza ninguna incisi\u00f3n en el cuero cabelludo, lo que supone una ventaja tanto durante la operaci\u00f3n [&hellip;]<\/p>\n","protected":false},"author":1,"featured_media":0,"parent":2270,"menu_order":0,"comment_status":"closed","ping_status":"closed","template":"elementor_header_footer","meta":{"om_disable_all_campaigns":false,"_monsterinsights_skip_tracking":false,"_monsterinsights_sitenote_active":false,"_monsterinsights_sitenote_note":"","_monsterinsights_sitenote_category":0,"footnotes":""},"class_list":["post-2398","page","type-page","status-publish","hentry"],"aioseo_notices":[],"_links":{"self":[{"href":"https:\/\/kartaltipmerkezi.com\/es\/wp-json\/wp\/v2\/pages\/2398","targetHints":{"allow":["GET"]}}],"collection":[{"href":"https:\/\/kartaltipmerkezi.com\/es\/wp-json\/wp\/v2\/pages"}],"about":[{"href":"https:\/\/kartaltipmerkezi.com\/es\/wp-json\/wp\/v2\/types\/page"}],"author":[{"embeddable":true,"href":"https:\/\/kartaltipmerkezi.com\/es\/wp-json\/wp\/v2\/users\/1"}],"replies":[{"embeddable":true,"href":"https:\/\/kartaltipmerkezi.com\/es\/wp-json\/wp\/v2\/comments?post=2398"}],"version-history":[{"count":8,"href":"https:\/\/kartaltipmerkezi.com\/es\/wp-json\/wp\/v2\/pages\/2398\/revisions"}],"predecessor-version":[{"id":3282,"href":"https:\/\/kartaltipmerkezi.com\/es\/wp-json\/wp\/v2\/pages\/2398\/revisions\/3282"}],"up":[{"embeddable":true,"href":"https:\/\/kartaltipmerkezi.com\/es\/wp-json\/wp\/v2\/pages\/2270"}],"wp:attachment":[{"href":"https:\/\/kartaltipmerkezi.com\/es\/wp-json\/wp\/v2\/media?parent=2398"}],"curies":[{"name":"wp","href":"https:\/\/api.w.org\/{rel}","templated":true}]}}