{"id":2355,"date":"2024-07-29T16:53:03","date_gmt":"2024-07-29T13:53:03","guid":{"rendered":"https:\/\/kartaltipmerkezi.com\/es\/?page_id=2355"},"modified":"2025-04-30T17:01:02","modified_gmt":"2025-04-30T14:01:02","slug":"ginecomastia","status":"publish","type":"page","link":"https:\/\/kartaltipmerkezi.com\/es\/salud-y-belleza\/ginecomastia","title":{"rendered":"Ginecomastia"},"content":{"rendered":"\t\t<div data-elementor-type=\"wp-page\" data-elementor-id=\"2355\" class=\"elementor elementor-2355\" data-elementor-post-type=\"page\">\n\t\t\t\t<div class=\"elementor-element elementor-element-2f443ef4 e-flex e-con-boxed e-con e-parent\" data-id=\"2f443ef4\" data-element_type=\"container\" data-settings=\"{&quot;background_background&quot;:&quot;classic&quot;,&quot;content_width&quot;:&quot;boxed&quot;}\" data-core-v316-plus=\"true\">\n\t\t\t\t\t<div class=\"e-con-inner\">\n\t\t<div class=\"elementor-element elementor-element-463e7f0b e-con-full e-flex e-con e-child\" data-id=\"463e7f0b\" data-element_type=\"container\" data-settings=\"{&quot;content_width&quot;:&quot;full&quot;}\">\n\t\t\t\t<div class=\"elementor-element elementor-element-2c5f91b0 elementor-icon-list--layout-inline elementor-align-center elementor-mobile-align-left elementor-list-item-link-full_width elementor-invisible elementor-widget elementor-widget-icon-list\" data-id=\"2c5f91b0\" data-element_type=\"widget\" data-settings=\"{&quot;_animation&quot;:&quot;fadeInDown&quot;}\" data-widget_type=\"icon-list.default\">\n\t\t\t\t<div class=\"elementor-widget-container\">\n\t\t\t<link rel=\"stylesheet\" href=\"https:\/\/kartaltipmerkezi.com\/en\/wp-content\/plugins\/elementor\/assets\/css\/widget-icon-list.min.css\">\t\t<ul class=\"elementor-icon-list-items elementor-inline-items\">\n\t\t\t\t\t\t\t<li class=\"elementor-icon-list-item elementor-inline-item\">\n\t\t\t\t\t\t\t\t\t\t\t<a href=\"https:\/\/kartaltipmerkezi.com\/es\">\n\n\t\t\t\t\t\t\t\t\t\t\t\t<span class=\"elementor-icon-list-icon\">\n\t\t\t\t\t\t\t<i aria-hidden=\"true\" class=\"icon icon-home2\"><\/i>\t\t\t\t\t\t<\/span>\n\t\t\t\t\t\t\t\t\t\t<span class=\"elementor-icon-list-text\">Home<\/span>\n\t\t\t\t\t\t\t\t\t\t\t<\/a>\n\t\t\t\t\t\t\t\t\t<\/li>\n\t\t\t\t\t\t\t\t<li class=\"elementor-icon-list-item elementor-inline-item\">\n\t\t\t\t\t\t\t\t\t\t\t<a href=\"https:\/\/kartaltipmerkezi.com\/es\/salud-y-belleza\">\n\n\t\t\t\t\t\t\t\t\t\t\t\t<span class=\"elementor-icon-list-icon\">\n\t\t\t\t\t\t\t<i aria-hidden=\"true\" class=\" arrow_carrot-right\"><\/i>\t\t\t\t\t\t<\/span>\n\t\t\t\t\t\t\t\t\t\t<span class=\"elementor-icon-list-text\">Health & Beauty<\/span>\n\t\t\t\t\t\t\t\t\t\t\t<\/a>\n\t\t\t\t\t\t\t\t\t<\/li>\n\t\t\t\t\t\t\t\t<li class=\"elementor-icon-list-item elementor-inline-item\">\n\t\t\t\t\t\t\t\t\t\t\t<a href=\"https:\/\/kartaltipmerkezi.com\/es\/salud-y-belleza\/ginecomastia\">\n\n\t\t\t\t\t\t\t\t\t\t\t\t<span class=\"elementor-icon-list-icon\">\n\t\t\t\t\t\t\t<i aria-hidden=\"true\" class=\" arrow_carrot-right\"><\/i>\t\t\t\t\t\t<\/span>\n\t\t\t\t\t\t\t\t\t\t<span class=\"elementor-icon-list-text\">Ginecomastia<\/span>\n\t\t\t\t\t\t\t\t\t\t\t<\/a>\n\t\t\t\t\t\t\t\t\t<\/li>\n\t\t\t\t\t\t<\/ul>\n\t\t\t\t<\/div>\n\t\t\t\t<\/div>\n\t\t\t\t<div class=\"elementor-element elementor-element-f8e4876 elementor-invisible elementor-widget elementor-widget-heading\" data-id=\"f8e4876\" data-element_type=\"widget\" data-settings=\"{&quot;_animation&quot;:&quot;fadeInDown&quot;,&quot;_animation_delay&quot;:100}\" data-widget_type=\"heading.default\">\n\t\t\t\t<div class=\"elementor-widget-container\">\n\t\t\t<style>\/*! elementor - v3.19.0 - 07-02-2024 *\/\n.elementor-heading-title{padding:0;margin:0;line-height:1}.elementor-widget-heading .elementor-heading-title[class*=elementor-size-]>a{color:inherit;font-size:inherit;line-height:inherit}.elementor-widget-heading .elementor-heading-title.elementor-size-small{font-size:15px}.elementor-widget-heading .elementor-heading-title.elementor-size-medium{font-size:19px}.elementor-widget-heading .elementor-heading-title.elementor-size-large{font-size:29px}.elementor-widget-heading .elementor-heading-title.elementor-size-xl{font-size:39px}.elementor-widget-heading .elementor-heading-title.elementor-size-xxl{font-size:59px}<\/style><h1 class=\"elementor-heading-title elementor-size-default\">Ginecomastia<\/h1>\t\t<\/div>\n\t\t\t\t<\/div>\n\t\t\t\t<div class=\"elementor-element elementor-element-4907608 elementor-invisible elementor-widget elementor-widget-heading\" data-id=\"4907608\" data-element_type=\"widget\" data-settings=\"{&quot;_animation&quot;:&quot;fadeInDown&quot;,&quot;_animation_delay&quot;:100}\" data-widget_type=\"heading.default\">\n\t\t\t\t<div class=\"elementor-widget-container\">\n\t\t\t<p class=\"elementor-heading-title elementor-size-default\">Se denomina ginecomastia al aumento de las mamas en los hombres. En realidad se trata de una situaci\u00f3n muy com\u00fan. Causas del aumento de pecho; problemas hormonales, pubertad, enfermedades tiroideas, trastornos hep\u00e1ticos, edad avanzada, consumo excesivo de alcohol y algunos f\u00e1rmacos utilizados. El tejido mamario masculino no difiere del femenino. Contiene gl\u00e1ndulas sintetizadoras de leche, conductos y tejido adiposo.<\/p>\t\t<\/div>\n\t\t\t\t<\/div>\n\t\t\t\t<\/div>\n\t\t\t\t\t<\/div>\n\t\t\t\t<\/div>\n\t\t<div class=\"elementor-element elementor-element-4815fea4 e-flex e-con-boxed e-con e-parent\" data-id=\"4815fea4\" data-element_type=\"container\" data-settings=\"{&quot;content_width&quot;:&quot;boxed&quot;}\" data-core-v316-plus=\"true\">\n\t\t\t\t\t<div class=\"e-con-inner\">\n\t\t<div class=\"elementor-element elementor-element-5c597a4b e-con-full e-flex e-con e-child\" data-id=\"5c597a4b\" data-element_type=\"container\" data-settings=\"{&quot;content_width&quot;:&quot;full&quot;}\">\n\t\t\t\t<div class=\"elementor-element elementor-element-6bd7f454 elementor-widget elementor-widget-text-editor\" data-id=\"6bd7f454\" data-element_type=\"widget\" data-widget_type=\"text-editor.default\">\n\t\t\t\t<div class=\"elementor-widget-container\">\n\t\t\t<style>\/*! elementor - v3.19.0 - 07-02-2024 *\/\n.elementor-widget-text-editor.elementor-drop-cap-view-stacked .elementor-drop-cap{background-color:#69727d;color:#fff}.elementor-widget-text-editor.elementor-drop-cap-view-framed .elementor-drop-cap{color:#69727d;border:3px solid;background-color:transparent}.elementor-widget-text-editor:not(.elementor-drop-cap-view-default) .elementor-drop-cap{margin-top:8px}.elementor-widget-text-editor:not(.elementor-drop-cap-view-default) .elementor-drop-cap-letter{width:1em;height:1em}.elementor-widget-text-editor .elementor-drop-cap{float:left;text-align:center;line-height:1;font-size:50px}.elementor-widget-text-editor .elementor-drop-cap-letter{display:inline-block}<\/style>\t\t\t\t<p>La ginecomastia, es decir, el aumento de las mamas que se observa en los hombres, se produce de diferentes maneras. Se manifiesta s\u00f3lo en relaci\u00f3n con el aumento del tejido mamario, s\u00f3lo en relaci\u00f3n con el aumento del tejido adiposo, o en relaci\u00f3n con el aumento tanto del tejido mamario como del tejido adiposo. El aumento de las mamas se produce en la mayor\u00eda de los pacientes con ginecomastia sin motivo alguno. El aumento de las mamas no es perjudicial para la salud. Se trata de una condici\u00f3n social y psicol\u00f3gica que se da s\u00f3lo en los hombres. Especialmente si la persona est\u00e1 en la adolescencia, este problema le causar\u00e1 problemas a\u00fan mayores. Por esta raz\u00f3n, se debe intervenir inmediatamente y controlar la psicolog\u00eda de la persona.<\/p><p>\u00bfEs necesaria la cirug\u00eda para el aumento de pecho?<\/p><p>Si esta situaci\u00f3n no se produce debido a ninguna enfermedad y no se est\u00e1 en la adolescencia, ser\u00e1 necesaria una intervenci\u00f3n quir\u00fargica. La ginecomastia suele generar molestias est\u00e9ticas y problemas psicol\u00f3gicos. Por esta raz\u00f3n, si el paciente no tiene la condici\u00f3n para someterse a esta cirug\u00eda, se recomienda el uso de atletas de ginecomastia. Los atletas de ginecomastia ocultan el exceso en el pecho como los cors\u00e9s utilizados por las mujeres.<\/p><p>\u00bfExiste un l\u00edmite de edad para la cirug\u00eda de ginecomastia?<\/p><p>Aunque no hay un l\u00edmite de edad espec\u00edfico para las cirug\u00edas de ginecomastia, recomendamos que el paciente espere primero si est\u00e1 en la adolescencia. Porque se ha observado que el crecimiento mamario visto en la adolescencia pasa espont\u00e1neamente despu\u00e9s de este per\u00edodo. Esta cirug\u00eda se puede realizar f\u00e1cilmente una vez pasado el periodo de la adolescencia. La persona debe hacerse primero los an\u00e1lisis necesarios y luego la ginecomastia sin perder tiempo. De esta forma, se evitar\u00e1 el aumento de pecho antes de que se produzcan problemas psicol\u00f3gicos.<\/p><p>\u00bfQuedar\u00e1n cicatrices en mi cuerpo despu\u00e9s de la operaci\u00f3n de ginecomastia?<\/p><p>Si el motivo del aumento de pecho es el aumento de grasa en la zona, este problema puede solucionarse con una liposucci\u00f3n. Dado que el procedimiento de liposucci\u00f3n se realiza abriendo peque\u00f1os orificios, no quedar\u00e1 ninguna cicatriz quir\u00fargica. Sin embargo, si el motivo del aumento de pecho se debe al crecimiento de tejido glandular en las mamas, el tejido sobrante debe eliminarse con una incisi\u00f3n realizada bajo el pez\u00f3n. En esta regi\u00f3n, los rastros no llamar\u00e1n la atenci\u00f3n y desaparecer\u00e1n con el tiempo, ya que la parte de color oscuro se abrir\u00e1 bajo \u00e9l.<\/p><p><strong>\u00bfCu\u00e1nto dura la operaci\u00f3n de ginecomastia? \u00bfSentir\u00e9 mucho dolor despu\u00e9s de la intervenci\u00f3n?<\/strong><\/p><p>La ginecomastia, es decir, la cirug\u00eda de reducci\u00f3n mamaria, se realiza con anestesia sedante o anestesia general. Despu\u00e9s de la intervenci\u00f3n, que en la mayor\u00eda de los casos se realiza con anestesia sedante, el paciente puede irse a casa el mismo d\u00eda. La duraci\u00f3n de las cirug\u00edas de ginecomastia var\u00eda entre media hora y una hora, dependiendo del tama\u00f1o del pecho y del m\u00e9todo utilizado. Despu\u00e9s de la operaci\u00f3n, no sentir\u00e1 ning\u00fan dolor con la ayuda de los anest\u00e9sicos administrados bajo los tejidos. Pero al cabo de uno o dos d\u00edas, es posible que sienta un ligero dolor. Se trata de una situaci\u00f3n extremadamente normal. Generalmente, los m\u00e9dicos recomiendan llevar un cors\u00e9 durante un mes despu\u00e9s de la operaci\u00f3n de ginecomastia. El motivo es que el tejido mamario se adhiere mejor a su nuevo lugar y esa zona se tensa.<\/p><p><strong>\u00bfEs permanente el resultado tras la cirug\u00eda de ginecomastia? \u00bfVolver\u00e1 a crecer el pecho?<\/strong><\/p><p>Para que el resultado de la cirug\u00eda de reducci\u00f3n mamaria en hombres sea permanente, debe mantenerse el aumento de peso. Si no se observa aumento de peso, no habr\u00e1 rebrote ya que los tejidos grasos ser\u00e1n completamente eliminados de esta zona. En resumen, despu\u00e9s de la cirug\u00eda de ginecomastia estar\u00e1 completamente libre del aumento de pecho.<\/p>\t\t\t\t\t\t<\/div>\n\t\t\t\t<\/div>\n\t\t\t\t<\/div>\n\t\t<div class=\"elementor-element elementor-element-1f8f862b e-con-full e-flex e-con e-child\" data-id=\"1f8f862b\" data-element_type=\"container\" data-settings=\"{&quot;content_width&quot;:&quot;full&quot;,&quot;background_background&quot;:&quot;classic&quot;}\">\n\t\t<div class=\"elementor-element elementor-element-d4639b8 e-con-full e-flex elementor-invisible e-con e-child\" data-id=\"d4639b8\" data-element_type=\"container\" data-settings=\"{&quot;background_background&quot;:&quot;classic&quot;,&quot;content_width&quot;:&quot;full&quot;,&quot;animation&quot;:&quot;fadeInDown&quot;,&quot;sticky&quot;:&quot;top&quot;,&quot;sticky_parent&quot;:&quot;yes&quot;,&quot;sticky_on&quot;:[&quot;desktop&quot;,&quot;tablet&quot;,&quot;mobile&quot;],&quot;sticky_offset&quot;:0,&quot;sticky_effects_offset&quot;:0}\">\n\t\t\t\t<div class=\"elementor-element elementor-element-08167e1 elementor-invisible elementor-widget elementor-widget-heading\" data-id=\"08167e1\" data-element_type=\"widget\" data-settings=\"{&quot;_animation&quot;:&quot;fadeInDown&quot;,&quot;_animation_delay&quot;:100}\" data-widget_type=\"heading.default\">\n\t\t\t\t<div class=\"elementor-widget-container\">\n\t\t\t<div class=\"elementor-heading-title elementor-size-default\">Consulta gratuita<\/div>\t\t<\/div>\n\t\t\t\t<\/div>\n\t\t\t\t<div class=\"elementor-element elementor-element-b94c2a8 elementor-widget elementor-widget-elementskit-contact-form7\" data-id=\"b94c2a8\" data-element_type=\"widget\" data-widget_type=\"elementskit-contact-form7.default\">\n\t\t\t\t<div class=\"elementor-widget-container\">\n\t\t\t<div class=\"ekit-wid-con\" ><div class=\"ekit-form\">\n<div class=\"wpcf7 no-js\" id=\"wpcf7-f414-o1\" lang=\"tr-TR\" dir=\"ltr\">\n<div class=\"screen-reader-response\"><p role=\"status\" aria-live=\"polite\" aria-atomic=\"true\"><\/p> <ul><\/ul><\/div>\n<form action=\"\/es\/wp-json\/wp\/v2\/pages\/2355#wpcf7-f414-o1\" method=\"post\" class=\"wpcf7-form init\" aria-label=\"Contact form\" novalidate=\"novalidate\" data-status=\"init\">\n<div style=\"display: none;\">\n<input type=\"hidden\" name=\"_wpcf7\" value=\"414\" \/>\n<input type=\"hidden\" name=\"_wpcf7_version\" value=\"5.9.3\" \/>\n<input type=\"hidden\" name=\"_wpcf7_locale\" value=\"tr_TR\" \/>\n<input type=\"hidden\" name=\"_wpcf7_unit_tag\" value=\"wpcf7-f414-o1\" \/>\n<input type=\"hidden\" name=\"_wpcf7_container_post\" value=\"0\" \/>\n<input type=\"hidden\" name=\"_wpcf7_posted_data_hash\" value=\"\" \/>\n<\/div>\n<p><span class=\"wpcf7-form-control-wrap\" data-name=\"adi\"><input size=\"40\" class=\"wpcf7-form-control wpcf7-text wpcf7-validates-as-required\" aria-required=\"true\" aria-invalid=\"false\" placeholder=\"Su nombre\" value=\"\" type=\"text\" name=\"adi\" \/><\/span><br \/>\n<span class=\"wpcf7-form-control-wrap\" data-name=\"tel\"><input size=\"40\" class=\"wpcf7-form-control wpcf7-tel wpcf7-validates-as-required wpcf7-text wpcf7-validates-as-tel\" aria-required=\"true\" aria-invalid=\"false\" placeholder=\"Tu tel\u00e9fono\" value=\"\" type=\"tel\" name=\"tel\" \/><\/span><br \/>\n<span class=\"wpcf7-form-control-wrap\" data-name=\"mail\"><input size=\"40\" class=\"wpcf7-form-control wpcf7-email wpcf7-text wpcf7-validates-as-email\" aria-invalid=\"false\" placeholder=\"E-Mail\" value=\"\" type=\"email\" name=\"mail\" \/><\/span><br \/>\n<span class=\"wpcf7-form-control-wrap\" data-name=\"mesaj\"><textarea cols=\"40\" rows=\"10\" class=\"wpcf7-form-control wpcf7-textarea\" aria-invalid=\"false\" placeholder=\"Su mensaje\" name=\"mesaj\"><\/textarea><\/span><br \/>\n<span class=\"wpcf7-form-control-wrap\" data-name=\"guvenlik\"><label><span class=\"wpcf7-quiz-label\">2 + 2= ?<\/span> <input size=\"40\" class=\"wpcf7-form-control wpcf7-quiz\" autocomplete=\"off\" aria-required=\"true\" aria-invalid=\"false\" type=\"text\" name=\"guvenlik\" \/><\/label><input type=\"hidden\" name=\"_wpcf7_quiz_answer_guvenlik\" value=\"7c415c6b6889823efac7ef851a2cd710\" \/><\/span><br \/>\n<input class=\"wpcf7-form-control wpcf7-submit has-spinner\" type=\"submit\" value=\"Enviar formulario\" \/>\n<\/p><div class=\"wpcf7-response-output\" aria-hidden=\"true\"><\/div>\n<\/form>\n<\/div>\n<\/div><\/div>\t\t<\/div>\n\t\t\t\t<\/div>\n\t\t\t\t<\/div>\n\t\t\t\t<\/div>\n\t\t\t\t\t<\/div>\n\t\t\t\t<\/div>\n\t\t\t\t<\/div>\n\t\t","protected":false},"excerpt":{"rendered":"<p>Home Health &#038; Beauty Ginecomastia Se denomina ginecomastia al aumento de las mamas en los hombres. En realidad se trata de una situaci\u00f3n muy com\u00fan. Causas del aumento de pecho; problemas hormonales, pubertad, enfermedades tiroideas, trastornos hep\u00e1ticos, edad avanzada, consumo excesivo de alcohol y algunos f\u00e1rmacos utilizados. El tejido mamario masculino no difiere del femenino. [&hellip;]<\/p>\n","protected":false},"author":1,"featured_media":0,"parent":2270,"menu_order":0,"comment_status":"closed","ping_status":"closed","template":"elementor_header_footer","meta":{"om_disable_all_campaigns":false,"_monsterinsights_skip_tracking":false,"_monsterinsights_sitenote_active":false,"_monsterinsights_sitenote_note":"","_monsterinsights_sitenote_category":0,"footnotes":""},"class_list":["post-2355","page","type-page","status-publish","hentry"],"aioseo_notices":[],"_links":{"self":[{"href":"https:\/\/kartaltipmerkezi.com\/es\/wp-json\/wp\/v2\/pages\/2355","targetHints":{"allow":["GET"]}}],"collection":[{"href":"https:\/\/kartaltipmerkezi.com\/es\/wp-json\/wp\/v2\/pages"}],"about":[{"href":"https:\/\/kartaltipmerkezi.com\/es\/wp-json\/wp\/v2\/types\/page"}],"author":[{"embeddable":true,"href":"https:\/\/kartaltipmerkezi.com\/es\/wp-json\/wp\/v2\/users\/1"}],"replies":[{"embeddable":true,"href":"https:\/\/kartaltipmerkezi.com\/es\/wp-json\/wp\/v2\/comments?post=2355"}],"version-history":[{"count":8,"href":"https:\/\/kartaltipmerkezi.com\/es\/wp-json\/wp\/v2\/pages\/2355\/revisions"}],"predecessor-version":[{"id":3240,"href":"https:\/\/kartaltipmerkezi.com\/es\/wp-json\/wp\/v2\/pages\/2355\/revisions\/3240"}],"up":[{"embeddable":true,"href":"https:\/\/kartaltipmerkezi.com\/es\/wp-json\/wp\/v2\/pages\/2270"}],"wp:attachment":[{"href":"https:\/\/kartaltipmerkezi.com\/es\/wp-json\/wp\/v2\/media?parent=2355"}],"curies":[{"name":"wp","href":"https:\/\/api.w.org\/{rel}","templated":true}]}}