{"id":2336,"date":"2024-07-29T15:59:02","date_gmt":"2024-07-29T12:59:02","guid":{"rendered":"https:\/\/kartaltipmerkezi.com\/es\/?page_id=2336"},"modified":"2025-04-30T16:41:57","modified_gmt":"2025-04-30T13:41:57","slug":"reduccion-mamaria","status":"publish","type":"page","link":"https:\/\/kartaltipmerkezi.com\/es\/salud-y-belleza\/reduccion-mamaria","title":{"rendered":"Reducci\u00f3n mamaria"},"content":{"rendered":"\t\t<div data-elementor-type=\"wp-page\" data-elementor-id=\"2336\" class=\"elementor elementor-2336\" data-elementor-post-type=\"page\">\n\t\t\t\t<div class=\"elementor-element elementor-element-2f443ef4 e-flex e-con-boxed e-con e-parent\" data-id=\"2f443ef4\" data-element_type=\"container\" data-settings=\"{&quot;background_background&quot;:&quot;classic&quot;,&quot;content_width&quot;:&quot;boxed&quot;}\" data-core-v316-plus=\"true\">\n\t\t\t\t\t<div class=\"e-con-inner\">\n\t\t<div class=\"elementor-element elementor-element-463e7f0b e-con-full e-flex e-con e-child\" data-id=\"463e7f0b\" data-element_type=\"container\" data-settings=\"{&quot;content_width&quot;:&quot;full&quot;}\">\n\t\t\t\t<div class=\"elementor-element elementor-element-2c5f91b0 elementor-icon-list--layout-inline elementor-align-center elementor-mobile-align-left elementor-list-item-link-full_width elementor-invisible elementor-widget elementor-widget-icon-list\" data-id=\"2c5f91b0\" data-element_type=\"widget\" data-settings=\"{&quot;_animation&quot;:&quot;fadeInDown&quot;}\" data-widget_type=\"icon-list.default\">\n\t\t\t\t<div class=\"elementor-widget-container\">\n\t\t\t<link rel=\"stylesheet\" href=\"https:\/\/kartaltipmerkezi.com\/en\/wp-content\/plugins\/elementor\/assets\/css\/widget-icon-list.min.css\">\t\t<ul class=\"elementor-icon-list-items elementor-inline-items\">\n\t\t\t\t\t\t\t<li class=\"elementor-icon-list-item elementor-inline-item\">\n\t\t\t\t\t\t\t\t\t\t\t<a href=\"https:\/\/kartaltipmerkezi.com\/es\">\n\n\t\t\t\t\t\t\t\t\t\t\t\t<span class=\"elementor-icon-list-icon\">\n\t\t\t\t\t\t\t<i aria-hidden=\"true\" class=\"icon icon-home2\"><\/i>\t\t\t\t\t\t<\/span>\n\t\t\t\t\t\t\t\t\t\t<span class=\"elementor-icon-list-text\">Home<\/span>\n\t\t\t\t\t\t\t\t\t\t\t<\/a>\n\t\t\t\t\t\t\t\t\t<\/li>\n\t\t\t\t\t\t\t\t<li class=\"elementor-icon-list-item elementor-inline-item\">\n\t\t\t\t\t\t\t\t\t\t\t<a href=\"https:\/\/kartaltipmerkezi.com\/es\/salud-y-belleza\">\n\n\t\t\t\t\t\t\t\t\t\t\t\t<span class=\"elementor-icon-list-icon\">\n\t\t\t\t\t\t\t<i aria-hidden=\"true\" class=\" arrow_carrot-right\"><\/i>\t\t\t\t\t\t<\/span>\n\t\t\t\t\t\t\t\t\t\t<span class=\"elementor-icon-list-text\">Health & Beauty<\/span>\n\t\t\t\t\t\t\t\t\t\t\t<\/a>\n\t\t\t\t\t\t\t\t\t<\/li>\n\t\t\t\t\t\t\t\t<li class=\"elementor-icon-list-item elementor-inline-item\">\n\t\t\t\t\t\t\t\t\t\t\t<a href=\"https:\/\/kartaltipmerkezi.com\/es\/salud-y-belleza\/reduccion-mamaria\">\n\n\t\t\t\t\t\t\t\t\t\t\t\t<span class=\"elementor-icon-list-icon\">\n\t\t\t\t\t\t\t<i aria-hidden=\"true\" class=\" arrow_carrot-right\"><\/i>\t\t\t\t\t\t<\/span>\n\t\t\t\t\t\t\t\t\t\t<span class=\"elementor-icon-list-text\">Reducci\u00f3n mamaria<\/span>\n\t\t\t\t\t\t\t\t\t\t\t<\/a>\n\t\t\t\t\t\t\t\t\t<\/li>\n\t\t\t\t\t\t<\/ul>\n\t\t\t\t<\/div>\n\t\t\t\t<\/div>\n\t\t\t\t<div class=\"elementor-element elementor-element-f8e4876 elementor-invisible elementor-widget elementor-widget-heading\" data-id=\"f8e4876\" data-element_type=\"widget\" data-settings=\"{&quot;_animation&quot;:&quot;fadeInDown&quot;,&quot;_animation_delay&quot;:100}\" data-widget_type=\"heading.default\">\n\t\t\t\t<div class=\"elementor-widget-container\">\n\t\t\t<style>\/*! elementor - v3.19.0 - 07-02-2024 *\/\n.elementor-heading-title{padding:0;margin:0;line-height:1}.elementor-widget-heading .elementor-heading-title[class*=elementor-size-]>a{color:inherit;font-size:inherit;line-height:inherit}.elementor-widget-heading .elementor-heading-title.elementor-size-small{font-size:15px}.elementor-widget-heading .elementor-heading-title.elementor-size-medium{font-size:19px}.elementor-widget-heading .elementor-heading-title.elementor-size-large{font-size:29px}.elementor-widget-heading .elementor-heading-title.elementor-size-xl{font-size:39px}.elementor-widget-heading .elementor-heading-title.elementor-size-xxl{font-size:59px}<\/style><h1 class=\"elementor-heading-title elementor-size-default\">Reducci\u00f3n mamaria\n<\/h1>\t\t<\/div>\n\t\t\t\t<\/div>\n\t\t\t\t<div class=\"elementor-element elementor-element-4907608 elementor-invisible elementor-widget elementor-widget-heading\" data-id=\"4907608\" data-element_type=\"widget\" data-settings=\"{&quot;_animation&quot;:&quot;fadeInDown&quot;,&quot;_animation_delay&quot;:100}\" data-widget_type=\"heading.default\">\n\t\t\t\t<div class=\"elementor-widget-container\">\n\t\t\t<p class=\"elementor-heading-title elementor-size-default\">La cirug\u00eda de reducci\u00f3n mamaria es necesaria en el embarazo, cuando los pechos son m\u00e1s grandes de lo normal, y en casos relacionados con el exceso de peso y la lactancia. El tama\u00f1o de los senos no es s\u00f3lo una cirug\u00eda est\u00e9tica, sino tambi\u00e9n un grave problema de salud. Porque los pechos grandes causan problemas como dolor de espalda, dolor de cuello, dolor de hombros, limitaci\u00f3n de las actividades f\u00edsicas, cicatrices bajo el pecho, imposibilidad de llevar la ropa deseada y tirantes del sujetador que cortan los hombros.<\/p>\t\t<\/div>\n\t\t\t\t<\/div>\n\t\t\t\t<\/div>\n\t\t\t\t\t<\/div>\n\t\t\t\t<\/div>\n\t\t<div class=\"elementor-element elementor-element-4815fea4 e-flex e-con-boxed e-con e-parent\" data-id=\"4815fea4\" data-element_type=\"container\" data-settings=\"{&quot;content_width&quot;:&quot;boxed&quot;}\" data-core-v316-plus=\"true\">\n\t\t\t\t\t<div class=\"e-con-inner\">\n\t\t<div class=\"elementor-element elementor-element-5c597a4b e-con-full e-flex e-con e-child\" data-id=\"5c597a4b\" data-element_type=\"container\" data-settings=\"{&quot;content_width&quot;:&quot;full&quot;}\">\n\t\t\t\t<div class=\"elementor-element elementor-element-6bd7f454 elementor-widget elementor-widget-text-editor\" data-id=\"6bd7f454\" data-element_type=\"widget\" data-widget_type=\"text-editor.default\">\n\t\t\t\t<div class=\"elementor-widget-container\">\n\t\t\t<style>\/*! elementor - v3.19.0 - 07-02-2024 *\/\n.elementor-widget-text-editor.elementor-drop-cap-view-stacked .elementor-drop-cap{background-color:#69727d;color:#fff}.elementor-widget-text-editor.elementor-drop-cap-view-framed .elementor-drop-cap{color:#69727d;border:3px solid;background-color:transparent}.elementor-widget-text-editor:not(.elementor-drop-cap-view-default) .elementor-drop-cap{margin-top:8px}.elementor-widget-text-editor:not(.elementor-drop-cap-view-default) .elementor-drop-cap-letter{width:1em;height:1em}.elementor-widget-text-editor .elementor-drop-cap{float:left;text-align:center;line-height:1;font-size:50px}.elementor-widget-text-editor .elementor-drop-cap-letter{display:inline-block}<\/style>\t\t\t\t<p>Para eliminar estas molestias de las personas a las que molesta esta situaci\u00f3n, se extirpa parte del tejido, la grasa y la piel que dan plenitud a los senos. Entonces se proporciona la proporci\u00f3n de los senos con el cuerpo. Es posible que los dos pechos no tengan el mismo tama\u00f1o. Para garantizar la simetr\u00eda en las cirug\u00edas de reducci\u00f3n mamaria, pueden aplicarse diferentes t\u00e9cnicas de operaci\u00f3n a ambos pechos. Antes de iniciar la cirug\u00eda de reducci\u00f3n mamaria, se calcula la estatura y el peso de las mamas de la paciente y se dibujan las nuevas mamas en consecuencia. Despu\u00e9s, se extirpa el tejido mamario y el exceso de piel aplicando anestesia general a la paciente. La cirug\u00eda de reducci\u00f3n mamaria dura aproximadamente de dos a cuatro horas. Aunque durante los primeros d\u00edas despu\u00e9s de la operaci\u00f3n haya un ligero dolor al mover los brazos, se trata de dolores temporales. Dos semanas despu\u00e9s de la operaci\u00f3n, se retiran los puntos de sutura y al final de este periodo, las pacientes podr\u00e1n volver a su trabajo f\u00e1cilmente.<\/p><p><strong>\u00bfA qu\u00e9 debo prestar atenci\u00f3n antes de someterme a una operaci\u00f3n de reducci\u00f3n mamaria?<\/strong><\/p><p>Lo primero que debe hacer antes de la cirug\u00eda de reducci\u00f3n mamaria es, sin duda, una ecograf\u00eda mamaria. Despu\u00e9s, dos semanas antes de la intervenci\u00f3n, debe dejar de tomar aspirina, anticoagulantes y algunos analg\u00e9sicos. Es importante no utilizar anticoagulantes como la vitamina E, el t\u00e9 verde, el ginseng, los extractos de hierbas y la linaza. Tambi\u00e9n se recomienda dejar de fumar una semana antes de la intervenci\u00f3n. De lo contrario, las heridas tardar\u00e1n en cicatrizar.<\/p><p><strong>\u00bfQuedar\u00e1n cicatrices en mi cuerpo despu\u00e9s de la cirug\u00eda de reducci\u00f3n mamaria?<\/strong><\/p><p>Como en muchas cirug\u00edas pl\u00e1sticas, en la cirug\u00eda de reducci\u00f3n mamaria quedar\u00e1n peque\u00f1as cicatrices. En la cirug\u00eda de reducci\u00f3n mamaria, queda una cicatriz en forma de T invertida. Como esta cicatriz queda alrededor del anillo del pez\u00f3n, no ser\u00e1 obvia, ya que coincide con la zona decolorada. Las cicatrices bajo el pecho se convertir\u00e1n con el tiempo en l\u00edneas finas e indistintas.<\/p><p><strong>Estoy pensando en someterme a una cirug\u00eda de reducci\u00f3n mamaria. \u00bfMe impedir\u00e1 dar el pecho?<\/strong><\/p><p>La posibilidad de que una mujer lactante vuelva a dar el pecho despu\u00e9s de una cirug\u00eda de reducci\u00f3n mamaria ha aumentado a\u00fan m\u00e1s con las t\u00e9cnicas actuales. En la cirug\u00eda de reducci\u00f3n mamaria, se extirpan algunas de las gl\u00e1ndulas mamarias de las mujeres, especialmente las que tienen pechos grandes. Sin embargo, la extirpaci\u00f3n de algunas de las gl\u00e1ndulas mamarias no provoca ning\u00fan cambio en las funciones de lactancia. Si est\u00e1 pensando en someterse a una cirug\u00eda de reducci\u00f3n mamaria para el periodo posparto, puede plantearse f\u00e1cilmente someterse a la cirug\u00eda al menos 6 meses despu\u00e9s de que finalice su periodo de lactancia.<\/p><p><strong>\u00bfQu\u00e9 experimentar\u00e9 en el periodo posterior a la cirug\u00eda de reducci\u00f3n mamaria?<\/strong><\/p><p>La cirug\u00eda de reducci\u00f3n mamaria no ser\u00e1 una operaci\u00f3n en la que sienta mucho dolor. La paciente puede irse a casa al d\u00eda siguiente despu\u00e9s de permanecer una noche en el hospital para control tras la cirug\u00eda de reducci\u00f3n mamaria. Como la paciente no sentir\u00e1 ning\u00fan dolor despu\u00e9s de la cirug\u00eda de reducci\u00f3n de mamas, este proceso ser\u00e1 extremadamente confortable. Como en todas las cirug\u00edas de mamas, en la reducci\u00f3n mamaria se utilizan drenajes, que se retiran a las 24 horas. Aunque a la paciente se le puede colocar una banda despu\u00e9s de la operaci\u00f3n, tambi\u00e9n se le puede pedir que lleve un sujetador deportivo, normalmente durante un mes. Dado que las suturas de la operaci\u00f3n estar\u00e1n bajo la piel y se disolver\u00e1n solas, no ser\u00e1 necesario retirarlas. Los pacientes pueden volver f\u00e1cilmente al trabajo tras descansar una semana. Despu\u00e9s de la operaci\u00f3n, se debe prestar atenci\u00f3n a los movimientos de los brazos durante cierto tiempo y se recomienda no levantar cosas demasiado pesadas.<\/p><p><strong>\u00bfSer\u00e1n permanentes los resultados tras la cirug\u00eda de reducci\u00f3n mamaria?<\/strong><\/p><p>Despu\u00e9s de la cirug\u00eda de reducci\u00f3n de mamas, los resultados durar\u00e1n toda la vida. Esta nueva imagen proporcionada al cuerpo tambi\u00e9n aumentar\u00e1 su confianza en s\u00ed misma. Tambi\u00e9n se librar\u00e1 del dolor que sent\u00eda antes de la intervenci\u00f3n. Sin embargo, ser\u00e1 efectivo siempre y cuando preste atenci\u00f3n a su h\u00e1bito de fumar, la calidad de la piel, los factores gen\u00e9ticos, el ejercicio, el consumo de agua y alcohol despu\u00e9s de la cirug\u00eda.<\/p>\t\t\t\t\t\t<\/div>\n\t\t\t\t<\/div>\n\t\t\t\t<\/div>\n\t\t<div class=\"elementor-element elementor-element-1f8f862b e-con-full e-flex e-con e-child\" data-id=\"1f8f862b\" data-element_type=\"container\" data-settings=\"{&quot;content_width&quot;:&quot;full&quot;,&quot;background_background&quot;:&quot;classic&quot;}\">\n\t\t<div class=\"elementor-element elementor-element-d4639b8 e-con-full e-flex elementor-invisible e-con e-child\" data-id=\"d4639b8\" data-element_type=\"container\" data-settings=\"{&quot;background_background&quot;:&quot;classic&quot;,&quot;content_width&quot;:&quot;full&quot;,&quot;animation&quot;:&quot;fadeInDown&quot;,&quot;sticky&quot;:&quot;top&quot;,&quot;sticky_parent&quot;:&quot;yes&quot;,&quot;sticky_on&quot;:[&quot;desktop&quot;,&quot;tablet&quot;,&quot;mobile&quot;],&quot;sticky_offset&quot;:0,&quot;sticky_effects_offset&quot;:0}\">\n\t\t\t\t<div class=\"elementor-element elementor-element-08167e1 elementor-invisible elementor-widget elementor-widget-heading\" data-id=\"08167e1\" data-element_type=\"widget\" data-settings=\"{&quot;_animation&quot;:&quot;fadeInDown&quot;,&quot;_animation_delay&quot;:100}\" data-widget_type=\"heading.default\">\n\t\t\t\t<div class=\"elementor-widget-container\">\n\t\t\t<div class=\"elementor-heading-title elementor-size-default\">Consulta gratuita<\/div>\t\t<\/div>\n\t\t\t\t<\/div>\n\t\t\t\t<div class=\"elementor-element elementor-element-b94c2a8 elementor-widget elementor-widget-elementskit-contact-form7\" data-id=\"b94c2a8\" data-element_type=\"widget\" data-widget_type=\"elementskit-contact-form7.default\">\n\t\t\t\t<div class=\"elementor-widget-container\">\n\t\t\t<div class=\"ekit-wid-con\" ><div class=\"ekit-form\">\n<div class=\"wpcf7 no-js\" id=\"wpcf7-f414-o1\" lang=\"tr-TR\" dir=\"ltr\">\n<div class=\"screen-reader-response\"><p role=\"status\" aria-live=\"polite\" aria-atomic=\"true\"><\/p> <ul><\/ul><\/div>\n<form action=\"\/es\/wp-json\/wp\/v2\/pages\/2336#wpcf7-f414-o1\" method=\"post\" class=\"wpcf7-form init\" aria-label=\"Contact form\" novalidate=\"novalidate\" data-status=\"init\">\n<div style=\"display: none;\">\n<input type=\"hidden\" name=\"_wpcf7\" value=\"414\" \/>\n<input type=\"hidden\" name=\"_wpcf7_version\" value=\"5.9.3\" \/>\n<input type=\"hidden\" name=\"_wpcf7_locale\" value=\"tr_TR\" \/>\n<input type=\"hidden\" name=\"_wpcf7_unit_tag\" value=\"wpcf7-f414-o1\" \/>\n<input type=\"hidden\" name=\"_wpcf7_container_post\" value=\"0\" \/>\n<input type=\"hidden\" name=\"_wpcf7_posted_data_hash\" value=\"\" \/>\n<\/div>\n<p><span class=\"wpcf7-form-control-wrap\" data-name=\"adi\"><input size=\"40\" class=\"wpcf7-form-control wpcf7-text wpcf7-validates-as-required\" aria-required=\"true\" aria-invalid=\"false\" placeholder=\"Su nombre\" value=\"\" type=\"text\" name=\"adi\" \/><\/span><br \/>\n<span class=\"wpcf7-form-control-wrap\" data-name=\"tel\"><input size=\"40\" class=\"wpcf7-form-control wpcf7-tel wpcf7-validates-as-required wpcf7-text wpcf7-validates-as-tel\" aria-required=\"true\" aria-invalid=\"false\" placeholder=\"Tu tel\u00e9fono\" value=\"\" type=\"tel\" name=\"tel\" \/><\/span><br \/>\n<span class=\"wpcf7-form-control-wrap\" data-name=\"mail\"><input size=\"40\" class=\"wpcf7-form-control wpcf7-email wpcf7-text wpcf7-validates-as-email\" aria-invalid=\"false\" placeholder=\"E-Mail\" value=\"\" type=\"email\" name=\"mail\" \/><\/span><br \/>\n<span class=\"wpcf7-form-control-wrap\" data-name=\"mesaj\"><textarea cols=\"40\" rows=\"10\" class=\"wpcf7-form-control wpcf7-textarea\" aria-invalid=\"false\" placeholder=\"Su mensaje\" name=\"mesaj\"><\/textarea><\/span><br \/>\n<span class=\"wpcf7-form-control-wrap\" data-name=\"guvenlik\"><label><span class=\"wpcf7-quiz-label\">2 + 2= ?<\/span> <input size=\"40\" class=\"wpcf7-form-control wpcf7-quiz\" autocomplete=\"off\" aria-required=\"true\" aria-invalid=\"false\" type=\"text\" name=\"guvenlik\" \/><\/label><input type=\"hidden\" name=\"_wpcf7_quiz_answer_guvenlik\" value=\"7c415c6b6889823efac7ef851a2cd710\" \/><\/span><br \/>\n<input class=\"wpcf7-form-control wpcf7-submit has-spinner\" type=\"submit\" value=\"Enviar formulario\" \/>\n<\/p><div class=\"wpcf7-response-output\" aria-hidden=\"true\"><\/div>\n<\/form>\n<\/div>\n<\/div><\/div>\t\t<\/div>\n\t\t\t\t<\/div>\n\t\t\t\t<\/div>\n\t\t\t\t<\/div>\n\t\t\t\t\t<\/div>\n\t\t\t\t<\/div>\n\t\t\t\t<\/div>\n\t\t","protected":false},"excerpt":{"rendered":"<p>Home Health &#038; Beauty Reducci\u00f3n mamaria La cirug\u00eda de reducci\u00f3n mamaria es necesaria en el embarazo, cuando los pechos son m\u00e1s grandes de lo normal, y en casos relacionados con el exceso de peso y la lactancia. El tama\u00f1o de los senos no es s\u00f3lo una cirug\u00eda est\u00e9tica, sino tambi\u00e9n un grave problema de salud. [&hellip;]<\/p>\n","protected":false},"author":1,"featured_media":0,"parent":2270,"menu_order":0,"comment_status":"closed","ping_status":"closed","template":"elementor_header_footer","meta":{"om_disable_all_campaigns":false,"_monsterinsights_skip_tracking":false,"_monsterinsights_sitenote_active":false,"_monsterinsights_sitenote_note":"","_monsterinsights_sitenote_category":0,"footnotes":""},"class_list":["post-2336","page","type-page","status-publish","hentry"],"aioseo_notices":[],"_links":{"self":[{"href":"https:\/\/kartaltipmerkezi.com\/es\/wp-json\/wp\/v2\/pages\/2336","targetHints":{"allow":["GET"]}}],"collection":[{"href":"https:\/\/kartaltipmerkezi.com\/es\/wp-json\/wp\/v2\/pages"}],"about":[{"href":"https:\/\/kartaltipmerkezi.com\/es\/wp-json\/wp\/v2\/types\/page"}],"author":[{"embeddable":true,"href":"https:\/\/kartaltipmerkezi.com\/es\/wp-json\/wp\/v2\/users\/1"}],"replies":[{"embeddable":true,"href":"https:\/\/kartaltipmerkezi.com\/es\/wp-json\/wp\/v2\/comments?post=2336"}],"version-history":[{"count":8,"href":"https:\/\/kartaltipmerkezi.com\/es\/wp-json\/wp\/v2\/pages\/2336\/revisions"}],"predecessor-version":[{"id":3228,"href":"https:\/\/kartaltipmerkezi.com\/es\/wp-json\/wp\/v2\/pages\/2336\/revisions\/3228"}],"up":[{"embeddable":true,"href":"https:\/\/kartaltipmerkezi.com\/es\/wp-json\/wp\/v2\/pages\/2270"}],"wp:attachment":[{"href":"https:\/\/kartaltipmerkezi.com\/es\/wp-json\/wp\/v2\/media?parent=2336"}],"curies":[{"name":"wp","href":"https:\/\/api.w.org\/{rel}","templated":true}]}}