{"id":3153,"date":"2025-01-27T18:58:26","date_gmt":"2025-01-27T15:58:26","guid":{"rendered":"https:\/\/kartaltipmerkezi.com\/en\/?page_id=3153"},"modified":"2025-02-03T10:58:04","modified_gmt":"2025-02-03T07:58:04","slug":"ahmet-kahraman-md","status":"publish","type":"page","link":"https:\/\/kartaltipmerkezi.com\/en\/ahmet-kahraman-md","title":{"rendered":"Ahmet KAHRAMAN, MD"},"content":{"rendered":"\t\t<div data-elementor-type=\"wp-page\" data-elementor-id=\"3153\" class=\"elementor elementor-3153\" data-elementor-post-type=\"page\">\n\t\t\t\t<div class=\"elementor-element elementor-element-2f443ef4 e-flex e-con-boxed e-con e-parent\" data-id=\"2f443ef4\" data-element_type=\"container\" data-settings=\"{&quot;background_background&quot;:&quot;classic&quot;,&quot;content_width&quot;:&quot;boxed&quot;}\" data-core-v316-plus=\"true\">\n\t\t\t\t\t<div class=\"e-con-inner\">\n\t\t<div class=\"elementor-element elementor-element-463e7f0b e-con-full e-flex e-con e-child\" data-id=\"463e7f0b\" data-element_type=\"container\" data-settings=\"{&quot;content_width&quot;:&quot;full&quot;}\">\n\t\t\t\t<div class=\"elementor-element elementor-element-f8e4876 elementor-invisible elementor-widget elementor-widget-heading\" data-id=\"f8e4876\" data-element_type=\"widget\" data-settings=\"{&quot;_animation&quot;:&quot;fadeInDown&quot;,&quot;_animation_delay&quot;:100}\" data-widget_type=\"heading.default\">\n\t\t\t\t<div class=\"elementor-widget-container\">\n\t\t\t<style>\/*! elementor - v3.19.0 - 07-02-2024 *\/\n.elementor-heading-title{padding:0;margin:0;line-height:1}.elementor-widget-heading .elementor-heading-title[class*=elementor-size-]>a{color:inherit;font-size:inherit;line-height:inherit}.elementor-widget-heading .elementor-heading-title.elementor-size-small{font-size:15px}.elementor-widget-heading .elementor-heading-title.elementor-size-medium{font-size:19px}.elementor-widget-heading .elementor-heading-title.elementor-size-large{font-size:29px}.elementor-widget-heading .elementor-heading-title.elementor-size-xl{font-size:39px}.elementor-widget-heading .elementor-heading-title.elementor-size-xxl{font-size:59px}<\/style><h1 class=\"elementor-heading-title elementor-size-default\">Ahmet KAHRAMAN, MD<\/h1>\t\t<\/div>\n\t\t\t\t<\/div>\n\t\t\t\t<\/div>\n\t\t<div class=\"elementor-element elementor-element-dff9554 e-con-full e-flex e-con e-child\" data-id=\"dff9554\" data-element_type=\"container\" data-settings=\"{&quot;content_width&quot;:&quot;full&quot;}\">\n\t\t\t\t<div class=\"elementor-element elementor-element-c0b0636 elementor-icon-list--layout-inline elementor-align-center elementor-mobile-align-left elementor-list-item-link-full_width elementor-invisible elementor-widget elementor-widget-icon-list\" data-id=\"c0b0636\" data-element_type=\"widget\" data-settings=\"{&quot;_animation&quot;:&quot;fadeInDown&quot;}\" data-widget_type=\"icon-list.default\">\n\t\t\t\t<div class=\"elementor-widget-container\">\n\t\t\t<link rel=\"stylesheet\" href=\"https:\/\/kartaltipmerkezi.com\/en\/wp-content\/plugins\/elementor\/assets\/css\/widget-icon-list.min.css\">\t\t<ul class=\"elementor-icon-list-items elementor-inline-items\">\n\t\t\t\t\t\t\t<li class=\"elementor-icon-list-item elementor-inline-item\">\n\t\t\t\t\t\t\t\t\t\t\t<a href=\"https:\/\/kartaltipmerkezi.com\/en\">\n\n\t\t\t\t\t\t\t\t\t\t\t\t<span class=\"elementor-icon-list-icon\">\n\t\t\t\t\t\t\t<i aria-hidden=\"true\" class=\"icon icon-home2\"><\/i>\t\t\t\t\t\t<\/span>\n\t\t\t\t\t\t\t\t\t\t<span class=\"elementor-icon-list-text\">Home<\/span>\n\t\t\t\t\t\t\t\t\t\t\t<\/a>\n\t\t\t\t\t\t\t\t\t<\/li>\n\t\t\t\t\t\t\t\t<li class=\"elementor-icon-list-item elementor-inline-item\">\n\t\t\t\t\t\t\t\t\t\t\t<a href=\"https:\/\/kartaltipmerkezi.com\/en\/ahmet-kahraman-md\">\n\n\t\t\t\t\t\t\t\t\t\t\t\t<span class=\"elementor-icon-list-icon\">\n\t\t\t\t\t\t\t<i aria-hidden=\"true\" class=\" arrow_carrot-right\"><\/i>\t\t\t\t\t\t<\/span>\n\t\t\t\t\t\t\t\t\t\t<span class=\"elementor-icon-list-text\">Ahmet KAHRAMAN, MD<\/span>\n\t\t\t\t\t\t\t\t\t\t\t<\/a>\n\t\t\t\t\t\t\t\t\t<\/li>\n\t\t\t\t\t\t<\/ul>\n\t\t\t\t<\/div>\n\t\t\t\t<\/div>\n\t\t\t\t<\/div>\n\t\t\t\t\t<\/div>\n\t\t\t\t<\/div>\n\t\t<div class=\"elementor-element elementor-element-9cca655 e-flex e-con-boxed e-con e-parent\" data-id=\"9cca655\" data-element_type=\"container\" data-settings=\"{&quot;content_width&quot;:&quot;boxed&quot;}\" data-core-v316-plus=\"true\">\n\t\t\t\t\t<div class=\"e-con-inner\">\n\t\t<div class=\"elementor-element elementor-element-73f9209 e-con-full e-flex e-con e-child\" data-id=\"73f9209\" data-element_type=\"container\" data-settings=\"{&quot;content_width&quot;:&quot;full&quot;,&quot;background_background&quot;:&quot;classic&quot;}\">\n\t\t\t\t<div class=\"elementor-element elementor-element-8bd5c2c elementor-widget elementor-widget-image\" data-id=\"8bd5c2c\" data-element_type=\"widget\" data-widget_type=\"image.default\">\n\t\t\t\t<div class=\"elementor-widget-container\">\n\t\t\t<style>\/*! elementor - v3.19.0 - 07-02-2024 *\/\n.elementor-widget-image{text-align:center}.elementor-widget-image a{display:inline-block}.elementor-widget-image a img[src$=\".svg\"]{width:48px}.elementor-widget-image img{vertical-align:middle;display:inline-block}<\/style>\t\t\t\t\t\t\t\t\t\t<img fetchpriority=\"high\" decoding=\"async\" width=\"700\" height=\"800\" src=\"https:\/\/kartaltipmerkezi.com\/en\/wp-content\/uploads\/2025\/01\/op-dr-ahmet-kahraman-1.jpg\" class=\"attachment-full size-full wp-image-3154\" alt=\"\" srcset=\"https:\/\/kartaltipmerkezi.com\/en\/wp-content\/uploads\/2025\/01\/op-dr-ahmet-kahraman-1.jpg 700w, https:\/\/kartaltipmerkezi.com\/en\/wp-content\/uploads\/2025\/01\/op-dr-ahmet-kahraman-1-263x300.jpg 263w\" sizes=\"(max-width: 700px) 100vw, 700px\" \/>\t\t\t\t\t\t\t\t\t\t\t\t\t<\/div>\n\t\t\t\t<\/div>\n\t\t\t\t<div class=\"elementor-element elementor-element-1c6147c elementor-widget elementor-widget-page-title\" data-id=\"1c6147c\" data-element_type=\"widget\" data-settings=\"{&quot;align&quot;:&quot;center&quot;}\" data-widget_type=\"page-title.default\">\n\t\t\t\t<div class=\"elementor-widget-container\">\n\t\t\t\t\t\n\t\t<div class=\"hfe-page-title hfe-page-title-wrapper elementor-widget-heading\">\n\n\t\t\t\t\t\t\t\t<h2 class=\"elementor-heading-title elementor-size-default\">\n\t\t\t\t\t\t\t\t\n\t\t\t\tAhmet KAHRAMAN, MD  \n\t\t\t<\/h2 > \n\t\t\t\t\t<\/div>\n\t\t\t\t<\/div>\n\t\t\t\t<\/div>\n\t\t\t\t<\/div>\n\t\t<div class=\"elementor-element elementor-element-94aef80 e-con-full e-flex elementor-invisible e-con e-child\" data-id=\"94aef80\" data-element_type=\"container\" data-settings=\"{&quot;content_width&quot;:&quot;full&quot;,&quot;animation&quot;:&quot;fadeInDown&quot;}\">\n\t\t\t\t<div class=\"elementor-element elementor-element-ff7028e elementor-widget elementor-widget-text-editor\" data-id=\"ff7028e\" data-element_type=\"widget\" data-widget_type=\"text-editor.default\">\n\t\t\t\t<div class=\"elementor-widget-container\">\n\t\t\t<style>\/*! elementor - v3.19.0 - 07-02-2024 *\/\n.elementor-widget-text-editor.elementor-drop-cap-view-stacked .elementor-drop-cap{background-color:#69727d;color:#fff}.elementor-widget-text-editor.elementor-drop-cap-view-framed .elementor-drop-cap{color:#69727d;border:3px solid;background-color:transparent}.elementor-widget-text-editor:not(.elementor-drop-cap-view-default) .elementor-drop-cap{margin-top:8px}.elementor-widget-text-editor:not(.elementor-drop-cap-view-default) .elementor-drop-cap-letter{width:1em;height:1em}.elementor-widget-text-editor .elementor-drop-cap{float:left;text-align:center;line-height:1;font-size:50px}.elementor-widget-text-editor .elementor-drop-cap-letter{display:inline-block}<\/style>\t\t\t\t<p>I graduated from Istanbul Kabata\u015f Boys High School. I completed my Faculty of Medicine at Karadeniz Technical University and my specialty education at Uluda\u011f University Faculty of Medicine. I performed numerous surgeries in the field of hand surgery, burns, cancer surgery, congenital anomalies, microsurgery, aesthetics and reconstructive for 6 years at Uluda\u011f University. I worked in a private hospital and my own private practice in K\u00fctahya, where I went for compulsory service. I was a faculty member at the University for a while.<\/p><p>During my academic life, I gave theoretical and practical lectures in many assistant and student trainings. I have done scientific studies published in many national and international journals. I have made many presentations in many national and international congresses and I have been a manager in scientific meetings. I am currently accepting my patients in my own office in Kad\u0131k\u00f6y Ba\u011fdat Street. I also work in the field of Plastic and Reconstructive surgery such as cleft palate-lip surgeries, congenital anomalies, cancer surgery, mostly aesthetic surgeries. One of my areas of interest in reconstruction is breast reconstruction surgeries after breast cancer.<\/p><p>As an understanding, I believe that &#8220;natural is the most beautiful&#8221;. For this reason, I aim to bring it closer to natural beauty in all my surgical and non-surgical applications.<\/p><p><strong>Areas of Interest<\/strong><\/p><ul><li>Reconstructive Surgery<\/li><li>Deep Plan Facelift<\/li><li>Facial Aesthetics<\/li><li>Rhinoplasty<\/li><li>Body Contouring \/ Body Aesthetics<\/li><li>Breast Aesthetics<br \/><br \/><\/li><\/ul><p><strong>Artifacts<\/strong><\/p><div class=\"wpb_text_column wpb_content_element \"><div class=\"wpb_wrapper\"><p><strong>1.\u00a0<u>Kahraman Ahmet<\/u><\/strong>, Y\u00fcce Serdar, Ko\u00e7ak \u00d6mer Faruk, Canbaz Yas\u0131n, G\u00dcNER S\u00fckr\u0131ye Ilkay, At\u0131k Bek\u0131r, Is\u0131k Daghan (2015). Comparison of the fistula risk associated with rotation palatoplasty and conventional palatoplasty for cleft palate repair. Journal of craniofacial surgery, 25(5), 1728-1733.<\/p><p><strong>2.\u00a0<u>Kahraman Ahmet<\/u><\/strong><u>,<\/u>\u00a0Kahvec\u0131 Ramazan (2015). Evaluating the effect of polytetrafluoroethylene and extractum cepae-heparin-allantoin gel in peripheral nerve injuries in a rat model. Plastic surgery, 23(1), 9-14.<\/p><p><strong>3.\u00a0<u>Kahraman Ahmet<\/u><\/strong><u>,<\/u>\u00a0Y\u00fcce Serdar, Ko\u00e7ak \u00d6mer Faruk, Canbaz Yas\u0131n, Is\u0131k Daghan (2015). Congenital Lateral Cleft Palate of Unknown Etiology. Journal of Craniofacial Surgery, 26(4), 1332- 1333.<\/p><p><strong>4.\u00a0<u>Kahraman Ahmet<\/u><\/strong>, Kahvec\u0131 Ramazan, Et\u00f6z Abdullah (2013). A Giant Neuroglial Heterotopia. Journal of Craniofacial Surgery, 24(5), 1861-1862.<\/p><p><strong>5.\u00a0<u>Kahraman Ahmet<\/u><\/strong>, Et\u00f6z Abdullah, \u00d6zcan Mesut (2006). Using a Fine Forceps for Rasping Small Bones. Techniques in Hand and Upper Extremity Surgery, 10(1), 57-57.<\/p><p><strong><u>6.<\/u><\/strong>\u00a0Y\u00fcce Serdar,\u00a0<strong><u>Kahraman Ahmet<\/u><\/strong>, Ho\u015fnuter M\u00fcmin,Is\u0131k Daghan (2014). Technical Details Concerning Myomucosal Advancement Method in the Repair of Large Lower Lip Defects. Journal of Craniofacial Surgery, 25(4), 318-320.<\/p><p><strong>7.\u00a0<u>Kahraman Ahmet<\/u><\/strong><u>,<\/u>\u00a0Kahvec\u0131 Ramazan (2008). A Giant Dermoid Cyst. Dermatologic Surgery, 34 (9), 1273-1275<\/p><p><strong>8.<\/strong>\u00a0B\u0131can Dem\u0131r Ayl\u0131n,\u00a0<strong><u>Kahraman Ahmet<\/u><\/strong>, Bora Ibrah\u0131m Hakk\u0131, Kahvec\u0131 Ramazan, Hakyemez Bahatt\u0131n (2010). What Is the Efficacy of Nasal Surgery in Patients With Obstructive Sleep Apnea Syndrome? Journal of Craniofacial Surgery, 21(6), 1801-1806.<\/p><p><strong>9.<\/strong>\u00a0Gar\u00e7a Mehmet Fat\u0131h, Kazanc\u0131 Fat\u0131h,\u00a0<strong><u>Kahraman Ahmet<\/u><\/strong>, Erdem Zek\u0131, \u00c7ankaya Hakan (2013). Endoscopic excision of a maxillary sinus rudimentary giant nasolabial cyst in a child: Case report. HealthMED, 7(5), 1680-1683.<\/p><p><strong>10.<\/strong>\u00a0Y\u00fcce Serdar, Ers\u00f6z Muhammet Eren, \u00d6ks\u00fcz Mustafa,\u00a0<strong><u>Kahraman Ahmet<\/u><\/strong>, At\u0131k Bek\u0131r, Is\u0131k Daghan (2014). Invest\u0131gat\u0131on Of Sk\u0131n Cancer In The Ger\u0131atr\u0131c Age Group. Turkish Journal of Geriatrics, 17(3), 228-233.<\/p><p><strong>11.<\/strong>\u00a0Bekar Ahmet, Kahvec\u0131 Ramazan,Tolunay \u015eahsene,\u00a0<strong><u>Kahraman Ahmet<\/u><\/strong>, Kuytu Turgut (2010). Metastatic Gliosarcoma Mass Extension to a Donor Fascia Lata Graft Harvest Site by Tumor Cell Contamination. World Neurosurgery, 73(6), 719-721.<\/p><p><strong>12.<\/strong>Y\u00fcce Serdar,\u00a0<strong><u>Kahraman Ahmet<\/u><\/strong>, Is\u0131k Daghan (2014). Technical Details of Rotation Palatoplasty in Patients With Veau 1 Cleft Palate. The Journal of Craniofacial Surgery, 25(5), 1862-1863.<\/p><p><strong>13.<\/strong>\u00a0Et\u00f6z Abdullah,\u00a0<strong><u>Kahraman Ahmet<\/u><\/strong>, \u00d6zgenel G\u00fcz\u0131n Yes\u0131m (2006). Nail bed secured with a syringe splint. Plastic and Reconstructive Surgery, 114(6), 1682-1683.<\/p><p><strong>14.<\/strong>\u00a0Y\u00fcce Serdar, \u00d6ks\u00fcz Mustafa, Ers\u00f6z Muhammet Eren,\u00a0<strong><u>Kahraman Ahmet<\/u><\/strong>, Is\u0131k Daghan, At\u0131k Bek\u0131r (2015). Use with Tissue Expander Face, Scalp and Neck Reconstruction Y\u00fcz, bas ve boyun rekonstruksiyonunda doku genisletici kullan\u0131m\u0131. European journal of general medicine, 12(3), 217-221.<\/p><p><strong>15.<\/strong>\u00a0<u><strong>Kahraman Ahmet<\/strong><\/u>, Karaca Kemal , Et\u00f6z Abdullah, \u00d6zcan Mesut (2004). Perianal burn as a complication of hemorrhoid treatment caused by hot water sitz bath. Burns, 30(8), 868-870.<\/p><p><strong>16.\u00a0<\/strong>\u015eahan Mustafa, Duru Mehmet,Karakus Al\u0131,\u00d6zcan Oguzhan,\u00a0<strong><u>Kahraman Ahmet\u00a0<\/u><\/strong>(2015). Snake Envenomation to the Face of a Child \u2013 Rare Case. Prague Medical Report, 116(4), 314-320.<\/p><p><strong>17.<\/strong>\u00a0\u00c7ev\u0131k Ceng\u0131z, Aycan Kaya \u00d6zlem, Akbay Ercan, \u00d6zkan Mustafa,<strong><u>\u00a0Kahraman Ahmet<\/u><\/strong>, U\u00e7ak Murat (2014). An Unusual Wohlfahrtia magnifica Myiasis Case Localized in Cutaneous and Subcutaneous Tissues in a Patient with Head-Neck Cancer. Turkish Journal of Parasitology, 38(2), 135-137.<\/p><\/div><\/div><div class=\"wpb_text_column wpb_content_element \"><div class=\"wpb_wrapper\"><h4>My International Papers<\/h4><p><strong>1.\u00a0<u>Kahraman Ahmet<\/u><\/strong>, Kahvec\u0131 Ramazan (2013). The Effect of \u201cExtractum Cepae-Heparin-Allantoin Jel\u201d in Peripheral Injuries. 8th BAPRAS Congress 5-8 September 2013, Budva, MONTENEGRO, 23 (1), 9-14.<\/p><p><strong>2.\u00a0<\/strong>\u00d6zkan Mustafa,\u00a0<strong><u>Kahraman Ahmet<\/u><\/strong>, Kap\u0131 Em\u0131n, U\u00e7ak Murat (2013). Surgical Tretman of a Makromasty Case with Severe Lateralization and Pitosis. 8th BAPRAS Congress, Budva, MONTENEGRO<\/p><p><strong>3.<\/strong>\u00a0Y\u00fcce Serdar,\u00a0<u><strong>Kahraman Ahmet<\/strong><\/u>, Is\u0131k Daghan (2013). Technical Detail of Rotation Palatoplasty in Patient with Veau 1 Cleft Palate (Kernehan Cleft No:11). 8th BAPRAS Congress, Budva, MONTENEGRO.<\/p><p><strong>4.<\/strong>\u00a0<u><strong>Kahraman Ahmet<\/strong><\/u>, Y\u00fcce Serdar, Ko\u00e7ak \u00d6mer Faruk, Canbaz Yas\u0131n, G\u00fcner S\u00fckr\u0131ye Ilkay, At\u0131k Bek\u0131r, Is\u0131k Daghan (2013). Comparison of the Fistula Risk Associated with Rotation Palatoplasty and Conventional Palatoplasty for Cleft Palate Repair. 8th BAPRAS Congress, Budva, MONTENEGRO<\/p><p><strong>5.\u00a0<u>Kahraman Ahmet<\/u><\/strong>, Y\u00fcce Serdar, Ko\u00e7ak \u00d6mer Faruk, Canbaz Yas\u0131n, Is\u0131k Daghan (2013). Kongenital Lateral Cleft Palate. 8th BAPRAS Congress, Budva, MONTENEGRO<\/p><p><strong>6.<\/strong>\u00a0Y\u00fcce Serdar,\u00a0<strong><u>Kahraman Ahmet<\/u><\/strong>, Ko\u00e7ak \u00d6mer Faruk, Canbaz Yas\u0131n, Is\u0131k Daghan (2013). Giant Molloscum Contagiosum in Scalp: A Case Report. 8th BAPRAS Congress, Budva, MONTENEGRO<\/p><p><strong>7.<u>Kahraman Ahmet<\/u><\/strong>, Y\u00fcce Serdar, Tek\u0131n Hakan, Canbaz Yas\u0131n, Sultanoglu Y\u0131lmaz (2013). Reconstruction of the Tibia with Bipedicle Fibular Flap. 8th BAPRAS Congress 5-8 September 2013, Budva, MONTENEGRO<\/p><p><strong>8.<\/strong>\u00a0<strong><u>Kahraman Ahmet,<\/u><\/strong>\u00a0Y\u00fcce Serdar, Ko\u00e7ak \u00d6mer Faruk, Canbaz Yas\u0131n, Is\u0131k Daghan (2013). \u00c7ok Nadir Bir Olgu: Konjenital Lateral Cleft. TPRECD 35. Ulusal Kurultay\u0131. 28-31 Ekim-2013. ISTANBUL, 26(4), 1332-1333.<\/p><p><strong>9.\u00a0<\/strong>Y\u00fcce Serdar,\u00a0<u><strong>Kahraman Ahmet<\/strong><\/u>, Hosnuter M\u00fcm\u0131n, Is\u0131k Daghan (2013). Genis Alt Dudak Defektlerinin Onar\u0131m\u0131nda Myomukozal Ilerletme Y\u00f6nteminin Teknik Ayr\u0131nt\u0131lar\u0131. TPRECD 35. Ulusal Kurultay\u0131. 28-31 Ekim- 2013. ISTANBUL, 25(4), 318-320.<\/p><p><strong>10.<\/strong>\u00a0<strong><u>Kahraman Ahmet<\/u><\/strong>, Y\u00fcce Serdar, Ko\u00e7ak \u00d6mer Faruk, Canbaz Yas\u0131n, At\u0131k Bek\u0131r, Is\u0131k Daghan (2013). Yar\u0131k Damak Onar\u0131mda Rotasyon Palatoplasti Ile Konvansiyonel Palatoplasti Tekniklerinin Fist\u00fcl Riski Y\u00f6n\u00fcnden Kars\u0131last\u0131r\u0131lmas\u0131.. TPRECD 35. Ulusal Kurultay\u0131. 28-31 Ekim- 2013. ISTANBUL, 25(5), 1728-1733.<\/p><p><strong>11.<\/strong>\u00a0<strong><u>Kahraman Ahmet,<\/u><\/strong>\u00a0Bekar Ahmet, Kahvec\u0131 Ramazan, Kuytu Turgut, Tolunay Sahsene (2009). Glioblastoma Multiforme in Fascia Lata.. The 3rd Quadrennial Meeting of the World Federation of Neuro-Oncology, Yokohama, JAPAN., 73(6), 719-721.<\/p><p><strong>12.<\/strong>\u00a0<strong><u>Kahraman Ahmet<\/u><\/strong>, Kahvec\u0131 Ramazan, Saraydaroglu \u00d6zlem (2007). Temporal B\u00f6lge N\u00f6roglial Heterotopia. 29. T\u00fcrk Plastik Rekonstr\u00fcktif ve Estetik Cerrahi Kongresi.17-20 Ekim 2007. ESKISEHIR, 24(5), 1861-1862.<\/p><p><strong>13.\u00a0<u>Kahraman Ahmet<\/u><\/strong>, Kahvec\u0131 Ramazan (2007). Dilalt\u0131nda Dermoit Kist. 30. T\u00fcrk Plastik Rekonstr\u00fcktif ve Estetik Cerrahi Kongresi.15-19 Ekim 2007. ANTALYA, 34(9), 1273-1275.<\/p><\/div><\/div><div class=\"wpb_text_column wpb_content_element \"><div class=\"wpb_wrapper\"><h4>National Articles<\/h4><p>1.<u>\u00a0<strong>Ahmet Kahraman<\/strong><\/u>, Serdar Y\u00fcce, Hakan Tekin, Yasin Canbaz, Y\u0131lmaz Sultano\u011flu. Bipedik\u00fcll\u00fc fibular flep ile tibia rekonstr\u00fcksiyonu.Turk J Plast Surg 2016; 24(1): 39-42<\/p><p><strong>2.<\/strong>\u00a0<strong><u>Kahraman Ahmet<\/u><\/strong>, Ko\u00e7ak \u00d6mer Faruk, K\u00f6sem Mustafa, Y\u0131lmaz Eng\u0131n Den\u0131z, G\u00fcnes B\u0131lg\u0131l\u0131 Serap (2013). Parmakta Nadir Bir Olgu: Kutan\u00f6z S\u00fcperfisyal Anjiyomiksoma. Dermatoz, 4(2), 57-59.<\/p><p><strong>3.<\/strong>\u00a0Sar\u0131c\u0131 Murat, Is\u0131k Daghan,\u00a0<strong><u>Kahraman Ahmet<\/u><\/strong>, Ko\u00e7ak \u00d6mer Faruk, At\u0131k Bek\u0131r (2012). Rekonstr\u00fcksiyonda \u00c7ok Ama\u00e7l\u0131 Kullan\u0131lan Bir Se\u00e7enek : Latissimus Dorsi Kas\u0131 ortadogu t\u0131p dergisi, 4(1), 10-14.<\/p><p><strong>4.\u00a0<\/strong>Y\u00fcce Serdar, Ko\u00e7ak \u00d6mer Faruk, Bulut G\u00fclay, Tek\u0131n Hakan,\u00a0<strong><u>Kahraman Ahmet<\/u><\/strong>\u00a0(2014). Atipik Yerlesimli Kist Hidatik. Yen\u0131 T\u0131p Derg\u0131s\u0131, 31, 131-132.<\/p><p><strong>5.<\/strong>\u00a0Y\u00fcce Serdar, \u00d6ks\u00fcz Mustafa, Ers\u00f6z Muhammet Eren,\u00a0<strong><u>Kahraman Ahmet<\/u><\/strong>, Is\u0131k Daghan, At\u0131k Bek\u0131r (2015). Investigation of Geriatric Age Group Trauma Cases Applying to Plastic Surgery Clinic Plastik Cerrahi Klinigine Basvuran Geriatrik Yas Grubu Travma Olgular\u0131n\u0131n Irdelenmesi. Van T\u0131p Derg\u0131s\u0131, 22(3), 149-154.<\/p><p><strong>6.<\/strong>\u00a0Gar\u00e7a Mehmet Fat\u0131h,<u><strong>\u00a0Kahraman Ahmet<\/strong><\/u>, \u00c7eg\u0131n Muhammed B\u0131lal, Turan Mahfuz, \u00c7ankaya Hakan (2013). Oral Kavitenin Konjenital Anomalileri. Van T\u0131p Derg\u0131s\u0131, 20(2), 109-115.<\/p><p><strong>7.\u00a0<\/strong>Serdar Y\u00fcce, Mustafa \u00d6ks\u00fcz, Muhammet Eren Ers\u00f6z, \u00d6mer Faruk Ko\u00e7ak,\u00a0<u><strong>Ahmet Kahraman<\/strong><\/u>, Da\u011fhan I\u015f\u0131k, Bekir Atik. Groin Flap Experience in the Reconstruction of Soft Tissue Defects of the Hand. Turk J Plast Surg 2016; 24(1): 22-6<\/p><p><strong>8.\u00a0<\/strong>Ahmet Kahraman,Mustafa \u00d6zkan, Muzaffer Durmus. Surgical Treatment of Childhood Injuries in the Syrian Civil War. Turk J Plast Surg 2019 27(3): 123-126<\/p><\/div><\/div><div class=\"wpb_text_column wpb_content_element \"><h4 class=\"wpb_wrapper\">National Proceedings<\/h4><p><strong>1.\u00a0<\/strong>\u00d6zkan Mustafa,<strong><u>\u00a0Kahraman Ahmet<\/u><\/strong>, Temel Met\u0131n, U\u00e7ak Murat, Karakas Ali \u00d6. (2014). Suriye I\u00e7 Savas\u0131nda Yaralanarak Klinigimizde Tedavi G\u00f6ren Hastalar\u0131n Retrospektif Degerlendirilmesi. TPCD 36. Ulusal kurultay\u0131<\/p><p><strong>2.\u00a0<u>Kahraman Ahmet<\/u><\/strong>, Temel Met\u0131n, \u00d6zkan Mustafa, Karakas Al\u0131 \u00d6, U\u00e7ak Murat (2014). Serbest Doku Nakillerinde Damar Anastomozunda Coupler Kullan\u0131m\u0131n\u0131n Dikis Anastomoz Uygulamas\u0131yla Kars\u0131last\u0131r\u0131lmas\u0131. TPCD 36. ulusal kurultay\u0131<\/p><p><strong>3.<\/strong>\u00a0\u00d6zkan Mustafa,\u00a0<strong><u>Kahraman Ahmet<\/u><\/strong>, Kap\u0131 Em\u0131n, U\u00e7ak Murat (2013). Makromamma Ile Birlikte S\u0131ra D\u0131s\u0131 Yerlesimli Nipple Areola Kompleksi Rekonstr\u00fcksiyonu. TPRECD 35. Ulusal Kurultay\u0131. 28-31 Ekim-2013. ISTANBUL<\/p><p><strong>4.<\/strong>\u00a0Y\u00fcce Serdar,\u00a0<strong><u>Kahraman Ahmet<\/u><\/strong>, Is\u0131k Daghan (2013). Veau-1 Damak Yar\u0131kl\u0131 Hastada Rotasyon Palatoplastinin Teknik Detaylar\u0131. TPRECD 35. Ulusal Kurultay\u0131. 28-31 Ekim 2013. ISTANBUL<\/p><p><strong><u>5. Kahraman Ahmet<\/u><\/strong>, Y\u00fcce Serdar, Tek\u0131n Hakan, Canbaz Yas\u0131n, Sultanoglu Y\u0131lmaz (2013). Bipedik\u00fcll\u00fc Fibular Flep ile Tibia Rekonstr\u00fcksiyonu. TPRECD 35. Ulusal Kurultay\u0131. 28-31 Ekim- 2013. ISTANBUL<\/p><p><strong>6.<\/strong>\u00a0\u00d6zkan Mustafa,\u00a0<u><strong>Kahraman Ahmet<\/strong><\/u>, R\u0131fa\u0131oglu Em\u0131ne Nur, \u00d6zg\u00fcr T\u00fcmay (2013). Kongenital Dev Melanositik Nev\u00fcs Zemininde \u00c7ok Nadir Gelisen Pediatrik Malign Melanom Olgusu. TPRECD 35. Ulusal Kurultay\u0131. 28-31 Ekim 2013. ISTANBUL<\/p><p><strong>7.<\/strong>\u00a0Y\u00fcce Serdar, Ko\u00e7ak \u00d6mer Faruk, Bulut G\u00fclay, Tek\u0131n Hakan,\u00a0<strong><u>Kahraman Ahmet\u00a0<\/u><\/strong>(2013). Atipik Yerlesimli Kist Hidatik. TPRECD 35. Ulusal Kurultay\u0131. 28-31 Ekim -2013. ISTANBUL, 31(2), 131-132.<\/p><p><strong>8.\u00a0<u>Kahraman Ahmet<\/u><\/strong>, Kahvec\u0131 Ramazan (2013). S\u0131\u00e7anlarda Periferik Sinir Yaralanmalar\u0131nda Perin\u00f6ral Skar Dokusunun \u00d6nlenmesinde Politetrafloroetilen ve \u201cExtractum Cepae-Heparin- Allantoin Jel\u201d in Etkisinin Arast\u0131r\u0131lmas\u0131. TPRECD 35. Ulusal Kurultay\u0131. 28-31 Ekim -2013. ISTANBUL, 23(1), 9-14.<\/p><p><strong>9.<\/strong>\u00a0B\u0131can Dem\u0131r Ayl\u0131n,\u00a0<strong><u>Kahraman Ahmet<\/u><\/strong>, Bora Ibrah\u0131m Hakk\u0131, Kahvec\u0131 Ramazan, Hakyemez Bahatt\u0131n (2009). Nazal Cerrahi Uygulanan OSAS Hastalar\u0131n\u0131n Operasyon \u00d6ncesi ve Sonras\u0131 CPAP Tedavisinin ve Burun Vol\u00fcmetrik \u00d6l\u00e7\u00fcmlerinin Kars\u0131last\u0131r\u0131lmas\u0131. 10. Ulusal Uyku T\u0131bbi Kongresi, 8-12 Aral\u0131k 2009. ANTALYA, 21(6), 1801-1806.<\/p><p><strong>10.<\/strong>\u00a0Kahvec\u0131 Ramazan,<u><strong>\u00a0Kahraman Ahmet<\/strong><\/u>, Ayd\u0131n Ufuk (2007). S\u0131rtta Dev Malign Melanom. 29. T\u00fcrk Plastik Rekonstr\u00fcktif ve Estetik Cerrahi Kongresi. 17-20 Ekim 2007. ESKISEHIR<\/p><\/div>\t\t\t\t\t\t<\/div>\n\t\t\t\t<\/div>\n\t\t\t\t<\/div>\n\t\t\t\t\t<\/div>\n\t\t\t\t<\/div>\n\t\t\t\t<\/div>\n\t\t","protected":false},"excerpt":{"rendered":"<p>Ahmet KAHRAMAN, MD Home Ahmet KAHRAMAN, MD I graduated from Istanbul Kabata\u015f Boys High School. I completed my Faculty of Medicine at Karadeniz Technical University and my specialty education at Uluda\u011f University Faculty of Medicine. I performed numerous surgeries in the field of hand surgery, burns, cancer surgery, congenital anomalies, microsurgery, aesthetics and reconstructive for [&hellip;]<\/p>\n","protected":false},"author":1,"featured_media":0,"parent":0,"menu_order":0,"comment_status":"closed","ping_status":"closed","template":"elementor_header_footer","meta":{"om_disable_all_campaigns":false,"_monsterinsights_skip_tracking":false,"_monsterinsights_sitenote_active":false,"_monsterinsights_sitenote_note":"","_monsterinsights_sitenote_category":0,"footnotes":""},"class_list":["post-3153","page","type-page","status-publish","hentry"],"aioseo_notices":[],"_links":{"self":[{"href":"https:\/\/kartaltipmerkezi.com\/en\/wp-json\/wp\/v2\/pages\/3153","targetHints":{"allow":["GET"]}}],"collection":[{"href":"https:\/\/kartaltipmerkezi.com\/en\/wp-json\/wp\/v2\/pages"}],"about":[{"href":"https:\/\/kartaltipmerkezi.com\/en\/wp-json\/wp\/v2\/types\/page"}],"author":[{"embeddable":true,"href":"https:\/\/kartaltipmerkezi.com\/en\/wp-json\/wp\/v2\/users\/1"}],"replies":[{"embeddable":true,"href":"https:\/\/kartaltipmerkezi.com\/en\/wp-json\/wp\/v2\/comments?post=3153"}],"version-history":[{"count":10,"href":"https:\/\/kartaltipmerkezi.com\/en\/wp-json\/wp\/v2\/pages\/3153\/revisions"}],"predecessor-version":[{"id":3171,"href":"https:\/\/kartaltipmerkezi.com\/en\/wp-json\/wp\/v2\/pages\/3153\/revisions\/3171"}],"wp:attachment":[{"href":"https:\/\/kartaltipmerkezi.com\/en\/wp-json\/wp\/v2\/media?parent=3153"}],"curies":[{"name":"wp","href":"https:\/\/api.w.org\/{rel}","templated":true}]}}